{"id":17800,"date":"2021-08-25T17:50:03","date_gmt":"2021-08-25T15:50:03","guid":{"rendered":"https:\/\/www.spraycolor.com\/spraygun\/?page_id=17800"},"modified":"2025-11-14T12:31:26","modified_gmt":"2025-11-14T11:31:26","slug":"pistole-automatiche-componenti-elettronici","status":"publish","type":"page","link":"https:\/\/www.spraycolor.com\/spraygun\/verniciatura-industriale\/pistole-automatiche-componenti-elettronici\/","title":{"rendered":"Pistole automatiche componenti elettronici"},"content":{"rendered":"<div class=\"wpb-content-wrapper\"><p>[vc_row css_animation=&#8221;&#8221; row_type=&#8221;row&#8221; use_row_as_full_screen_section=&#8221;no&#8221; type=&#8221;full_width&#8221; angled_section=&#8221;no&#8221; text_align=&#8221;center&#8221; background_image_as_pattern=&#8221;without_pattern&#8221; z_index=&#8221;&#8221; padding_top=&#8221;30&#8243; padding_bottom=&#8221;30&#8243;][vc_column][vc_empty_space height=&#8221;80&#8243;][vc_column_text css=&#8221;&#8221; el_class=&#8221;testointerno&#8221;]<\/p>\n<h1 style=\"text-align: center;\">Pistole automatiche componenti elettronici<\/h1>\n<p>[\/vc_column_text][\/vc_column][\/vc_row][vc_row css_animation=&#8221;&#8221; row_type=&#8221;row&#8221; use_row_as_full_screen_section=&#8221;no&#8221; type=&#8221;grid&#8221; angled_section=&#8221;no&#8221; text_align=&#8221;left&#8221; background_image_as_pattern=&#8221;without_pattern&#8221; z_index=&#8221;&#8221; css=&#8221;.vc_custom_1651073953415{padding-top: 40px !important;padding-bottom: 40px !important;}&#8221;][vc_column width=&#8221;1\/4&#8243;][vc_column_text]<\/p>\n<h3 style=\"text-align: center;\"><a href=\"https:\/\/www.spraycolor.com\/spraygun\/verniciatura-industriale\/pistole-automatiche-verniciatura-farmaceutica\/\">Settore Farmaceutico<\/a><\/h3>\n<p>[\/vc_column_text][\/vc_column][vc_column width=&#8221;1\/4&#8243;][vc_column_text]<\/p>\n<h3 style=\"text-align: center;\"><a href=\"https:\/\/www.spraycolor.com\/spraygun\/verniciatura-industriale\/settore-alimentare\/\">Settore Alimentare<\/a><\/h3>\n<p>[\/vc_column_text][\/vc_column][vc_column width=&#8221;1\/4&#8243;][vc_column_text]<\/p>\n<h3 style=\"text-align: center;\"><a href=\"https:\/\/www.spraycolor.com\/spraygun\/verniciatura-industriale\/pistole-automatiche-componenti-elettronici\/\">Elettronica<\/a><\/h3>\n<p>[\/vc_column_text][\/vc_column][vc_column width=&#8221;1\/4&#8243;][vc_column_text]<\/p>\n<h3 style=\"text-align: center;\"><a href=\"https:\/\/www.spraycolor.com\/spraygun\/verniciatura-industriale\/settore-moda-concerie\/\">Settore Moda Concerie<\/a><\/h3>\n<p>[\/vc_column_text][\/vc_column][\/vc_row][vc_row css_animation=&#8221;&#8221; row_type=&#8221;row&#8221; use_row_as_full_screen_section=&#8221;no&#8221; type=&#8221;full_width&#8221; angled_section=&#8221;no&#8221; text_align=&#8221;left&#8221; background_image_as_pattern=&#8221;without_pattern&#8221;][vc_column][vc_empty_space][\/vc_column][\/vc_row][vc_row css_animation=&#8221;&#8221; row_type=&#8221;row&#8221; use_row_as_full_screen_section=&#8221;no&#8221; type=&#8221;grid&#8221; angled_section=&#8221;no&#8221; text_align=&#8221;left&#8221; background_image_as_pattern=&#8221;without_pattern&#8221; z_index=&#8221;&#8221; padding_top=&#8221;50&#8243; padding_bottom=&#8221;50&#8243;][vc_column width=&#8221;1\/2&#8243;][vc_column_text css=&#8221;&#8221; el_class=&#8221;testointerno&#8221;]<\/p>\n<h2>Pistole automatiche per componenti elettronici<\/h2>\n<p>Per garantire affidabilit\u00e0 e durata ai dispositivi prodotti, la <a href=\"https:\/\/www.spraycolor.com\/spraygun\/verniciatura-industriale\/\">verniciatura industriale<\/a> nell\u2019 elettronica richiede specifiche <strong>pistole automatiche per componenti elettronici<\/strong> per l&#8217;applicazione di rivestimenti protettivi.<\/p>\n<p>Spraycolor offre <a href=\"https:\/\/www.spraycolor.com\/spraygun\/aerografi-automatici\/\">aerografi automatici<\/a> precisi, resistenti, progettati per <a href=\"https:\/\/www.spraycolor.com\/spraygun\/risparmio-energetico-pistole-verniciatura-industriale\/\">risparmiare energia<\/a> e integrarsi in ogni sistema esistente. I ricambi e accessori disponibili assicurano prestazioni e durabilit\u00e0.<\/p>\n<p><a href=\"https:\/\/www.spraycolor.com\/spraygun\/contatti\/\">Richiedi una consulenza<\/a>[\/vc_column_text][\/vc_column][vc_column width=&#8221;1\/2&#8243;][vc_single_image image=&#8221;17811&#8243; img_size=&#8221;full&#8221; alignment=&#8221;center&#8221; qode_css_animation=&#8221;&#8221;][vc_separator type=&#8221;transparent&#8221;][\/vc_column][\/vc_row][vc_row css_animation=&#8221;&#8221; row_type=&#8221;row&#8221; use_row_as_full_screen_section=&#8221;no&#8221; type=&#8221;full_width&#8221; angled_section=&#8221;no&#8221; text_align=&#8221;left&#8221; background_image_as_pattern=&#8221;without_pattern&#8221;][vc_column width=&#8221;1\/2&#8243;][vc_column_text css=&#8221;&#8221; el_class=&#8221;testointerno&#8221;]<\/p>\n<h3>Prodotti duraturi con la verniciatura per componenti elettronici<\/h3>\n<p>I circuiti stampati (PCB) e i componenti elettronici sono vulnerabili a una serie di fattori ambientali che possono comprometterne il funzionamento.<br \/>\n<strong>Umidit\u00e0 e condensa<\/strong> possono causare cortocircuiti, corrosione e degrado dei materiali. Allo stesso modo di <strong>polveri, contaminanti e agenti chimici<\/strong> che, depositandosi, danneggiano le connessioni. A seconda dell\u2019installazione, poi, i componenti possono subire <strong>stress meccanici e vibrazioni.<\/strong><br \/>\nL&#8217;applicazione di un <strong>film protettivo<\/strong> tramite specifici <strong>aerografi automatici per componenti elettronici<\/strong>, detta <strong>conformal coating<\/strong>, \u00e8 la soluzione pi\u00f9 diffusa. Stendere uno strato sottile e uniforme di materiale dielettrico isola gli elementi, prevenendo l&#8217;ossidazione e proteggendoli dagli agenti esterni, garantendo cos\u00ec la <strong>protezione dei circuiti stampati<\/strong>.<\/p>\n<h3>Requisiti ideali delle pistole automatiche per componenti elettronici<\/h3>\n<p>L&#8217;applicazione del conformal coating richiede <strong>pistole automatiche<\/strong> con caratteristiche molto specifiche, che sono alla base delle sprayguns realizzate da Spraycolor.<br \/>\nLe aziende che si occupano della realizzazione di schede elettroniche, usualmente lavorano con cicli produttivi molto serrati. L&#8217;importanza di utilizzare una <strong>pistola affidabile al 100%<\/strong> permette di evitare fermi di produzione improvvisi.<\/p>\n<h4>Precisione millimetrica e applicazione selettiva<\/h4>\n<p>Il <strong>rivestimento<\/strong> deve essere applicato solo dove necessario, con uno <strong>spessore estremamente controllato e uniforme<\/strong>, spesso nell&#8217;ordine dei micron. Bisogna evitare connettori, contatti e aree specifiche. Ci\u00f2 richiede un <strong>controllo finissimo del ventaglio di spruzzatura e della portata del fluido<\/strong>.<\/p>\n<h4>Minimizzazione dell&#8217;overspray<\/h4>\n<p>L&#8217;overspray \u00e8 particolarmente critico: la contaminazione di aree non designate pu\u00f2 compromettere la funzionalit\u00e0 del circuito. \u00c8 necessaria un&#8217;<strong>atomizzazione controllata<\/strong> che minimizzi la dispersione e la formazione di nebbia, contribuendo anche a <strong>ridurre gli sprechi<\/strong> di costosi materiali di coating e al <strong>risparmio energetico<\/strong>.<\/p>\n<h4>Compatibilit\u00e0 chimica con i materiali di coating<\/h4>\n<p>Pistole, accessori e ricambi devono essere costruiti con <strong>materiali resistenti ai diversi tipi di resine e solventi<\/strong> utilizzati per i conformal coating, senza rischio di corrosione o contaminazione.<\/p>\n<h4>Affidabilit\u00e0 e ripetibilit\u00e0 di processo<\/h4>\n<p>Nell&#8217;assemblaggio elettronico ad alti volumi, l&#8217;affidabilit\u00e0 \u00e8 essenziale. Le pistole devono garantire <strong>prestazioni costanti e ripetibili nel tempo<\/strong>, assicurando <strong>uniformit\u00e0 tra i lotti<\/strong> e minimizzando i fermi linea per manutenzione.[\/vc_column_text][\/vc_column][vc_column width=&#8221;1\/2&#8243;][vc_column_text css=&#8221;&#8221; el_class=&#8221;testointerno&#8221;]<\/p>\n<h3>Gli aerografi per componenti elettronici Spraycolor<\/h3>\n<p>Spraycolor risponde alle esigenze del settore elettronico con <strong>pistole automatiche per componenti elettronici<\/strong> che offrono tecnologie all\u2019avanguardia, migliore efficienza nell\u2019uso di energia e materiali, e perfetta integrazione nei sistemi automatizzati.<\/p>\n<h4>Tecnologie per la massima precisione di applicazione<\/h4>\n<p>I nostri <strong>aerografi automatici<\/strong> sono progettati per un controllo accurato del ventaglio e dell&#8217;atomizzazione. Tecnologie come la <strong>micro spruzzatura<\/strong> dei nostri modelli permettono di ottenere la nebulizzazione fine e controllata richiesta <strong>per applicare strati sottili e uniformi, anche in aree difficili da raggiungere.<\/strong><\/p>\n<h4>Efficienza e controllo dell&#8217;overspray<\/h4>\n<p>Grazie a un design ottimizzato e all&#8217;<strong>alta efficienza di trasferimento<\/strong>, le nostre pistole <strong>minimizzano l&#8217;overspray<\/strong>, riducendo sprechi e contaminazioni, fattori critici nella produzione elettronica. La <strong>facilit\u00e0 di pulizia e manutenzione<\/strong> contribuisce a mantenere alte le prestazioni.<\/p>\n<h4>Compatibilit\u00e0 e facilit\u00e0 di integrazione<\/h4>\n<p>Offriamo modelli caratterizzati da un design particolarmente compatto e leggero, <strong>ideali per<\/strong> <strong>l&#8217;<\/strong><a href=\"https:\/\/www.spraycolor.com\/spraygun\/sistemi-di-verniciatura-a-spruzzo\/sistemi-di-verniciatura-a-spruzzo-robot-industriali\/\">installazione su robot<\/a> <strong>o linee automatizzate<\/strong> dove lo spazio \u00e8 limitato. La standardizzazione delle connessioni facilita l&#8217;integrazione.<\/p>\n<h4>Affidabilit\u00e0 per produzioni intensive<\/h4>\n<p>La <strong>robustezza costruttiva<\/strong> e l&#8217;<strong>utilizzo di materiali di alta qualit\u00e0<\/strong>, come le parti INOX, assicurano l&#8217;<strong>affidabilit\u00e0<\/strong> necessaria per i cicli produttivi continui tipici dell&#8217;industria elettronica.<\/p>\n<h2>Spraycolor: affidabilit\u00e0 e precisione nella verniciatura elettronica<\/h2>\n<p>La protezione dei componenti \u00e8 essenziale per garantire la qualit\u00e0 e la durata dei dispositivi elettronici. <a href=\"https:\/\/www.spraycolor.com\">Spraycolor<\/a> progetta e realizza <strong>pistole automatiche per componenti elettronici precise, affidabili e facilmente integrabili<\/strong>, contribuendo a migliorare l&#8217;efficienza dei processi di coating e l&#8217;affidabilit\u00e0 del prodotto finale.<\/p>\n<p><a href=\"https:\/\/www.spraycolor.com\/spraygun\/contatti\/\">Contattaci per una consulenza sulla verniciatura<\/a>[\/vc_column_text][\/vc_column][\/vc_row][vc_row css_animation=&#8221;&#8221; row_type=&#8221;row&#8221; use_row_as_full_screen_section=&#8221;no&#8221; type=&#8221;full_width&#8221; angled_section=&#8221;no&#8221; text_align=&#8221;left&#8221; background_image_as_pattern=&#8221;without_pattern&#8221;][vc_column][vc_empty_space][\/vc_column][\/vc_row]<\/p>\n<\/div>","protected":false},"excerpt":{"rendered":"<p>[vc_row css_animation=&#8221;&#8221; row_type=&#8221;row&#8221; use_row_as_full_screen_section=&#8221;no&#8221; type=&#8221;full_width&#8221; angled_section=&#8221;no&#8221; text_align=&#8221;center&#8221; background_image_as_pattern=&#8221;without_pattern&#8221; z_index=&#8221;&#8221; padding_top=&#8221;30&#8243; padding_bottom=&#8221;30&#8243;][vc_column][vc_empty_space height=&#8221;80&#8243;][vc_column_text css=&#8221;&#8221; el_class=&#8221;testointerno&#8221;] Pistole automatiche componenti elettronici [\/vc_column_text][\/vc_column][\/vc_row][vc_row css_animation=&#8221;&#8221; row_type=&#8221;row&#8221; use_row_as_full_screen_section=&#8221;no&#8221; type=&#8221;grid&#8221; angled_section=&#8221;no&#8221; text_align=&#8221;left&#8221; background_image_as_pattern=&#8221;without_pattern&#8221; z_index=&#8221;&#8221; css=&#8221;.vc_custom_1651073953415{padding-top: 40px !important;padding-bottom: 40px !important;}&#8221;][vc_column width=&#8221;1\/4&#8243;][vc_column_text] Settore Farmaceutico [\/vc_column_text][\/vc_column][vc_column width=&#8221;1\/4&#8243;][vc_column_text] Settore Alimentare [\/vc_column_text][\/vc_column][vc_column width=&#8221;1\/4&#8243;][vc_column_text] Elettronica [\/vc_column_text][\/vc_column][vc_column width=&#8221;1\/4&#8243;][vc_column_text] Settore&#8230;<\/p>\n","protected":false},"author":1,"featured_media":17811,"parent":17759,"menu_order":137,"comment_status":"closed","ping_status":"closed","template":"","meta":{"footnotes":""},"class_list":["post-17800","page","type-page","status-publish","has-post-thumbnail","hentry"],"yoast_head":"<!-- This site is optimized with the Yoast SEO plugin v26.5 - https:\/\/yoast.com\/wordpress\/plugins\/seo\/ -->\n<title>Pistole automatiche componenti elettronici Spraycolor<\/title>\n<meta name=\"description\" content=\"Pistole automatiche componenti elettronici per conformal coating e protezione circuiti stampati. Scopri le soluzioni precise e affidabili di Spraycolor.\" \/>\n<meta name=\"robots\" content=\"index, follow, max-snippet:-1, max-image-preview:large, max-video-preview:-1\" \/>\n<link rel=\"canonical\" href=\"https:\/\/www.spraycolor.com\/spraygun\/verniciatura-industriale\/pistole-automatiche-componenti-elettronici\/\" \/>\n<meta property=\"og:locale\" content=\"it_IT\" \/>\n<meta property=\"og:type\" content=\"article\" \/>\n<meta property=\"og:title\" content=\"Pistole automatiche componenti elettronici Spraycolor\" \/>\n<meta property=\"og:description\" content=\"Pistole automatiche componenti elettronici per conformal coating e protezione circuiti stampati. Scopri le soluzioni precise e affidabili di Spraycolor.\" \/>\n<meta property=\"og:url\" content=\"https:\/\/www.spraycolor.com\/spraygun\/verniciatura-industriale\/pistole-automatiche-componenti-elettronici\/\" \/>\n<meta property=\"og:site_name\" content=\"Automatic Spraygun - spraycolor\" \/>\n<meta property=\"article:modified_time\" content=\"2025-11-14T11:31:26+00:00\" \/>\n<meta property=\"og:image\" content=\"https:\/\/www.spraycolor.com\/spraygun\/wp-content\/uploads\/elettronica.jpg\" \/>\n\t<meta property=\"og:image:width\" content=\"1920\" \/>\n\t<meta property=\"og:image:height\" content=\"1079\" \/>\n\t<meta property=\"og:image:type\" content=\"image\/jpeg\" \/>\n<meta name=\"twitter:card\" content=\"summary_large_image\" \/>\n<meta name=\"twitter:label1\" content=\"Tempo di lettura stimato\" \/>\n\t<meta name=\"twitter:data1\" content=\"5 minuti\" \/>\n<script type=\"application\/ld+json\" class=\"yoast-schema-graph\">{\"@context\":\"https:\/\/schema.org\",\"@graph\":[{\"@type\":\"WebPage\",\"@id\":\"https:\/\/www.spraycolor.com\/spraygun\/verniciatura-industriale\/pistole-automatiche-componenti-elettronici\/\",\"url\":\"https:\/\/www.spraycolor.com\/spraygun\/verniciatura-industriale\/pistole-automatiche-componenti-elettronici\/\",\"name\":\"Pistole automatiche componenti elettronici Spraycolor\",\"isPartOf\":{\"@id\":\"https:\/\/www.spraycolor.com\/spraygun\/#website\"},\"primaryImageOfPage\":{\"@id\":\"https:\/\/www.spraycolor.com\/spraygun\/verniciatura-industriale\/pistole-automatiche-componenti-elettronici\/#primaryimage\"},\"image\":{\"@id\":\"https:\/\/www.spraycolor.com\/spraygun\/verniciatura-industriale\/pistole-automatiche-componenti-elettronici\/#primaryimage\"},\"thumbnailUrl\":\"https:\/\/www.spraycolor.com\/spraygun\/wp-content\/uploads\/elettronica.jpg\",\"datePublished\":\"2021-08-25T15:50:03+00:00\",\"dateModified\":\"2025-11-14T11:31:26+00:00\",\"description\":\"Pistole automatiche componenti elettronici per conformal coating e protezione circuiti stampati. Scopri le soluzioni precise e affidabili di Spraycolor.\",\"breadcrumb\":{\"@id\":\"https:\/\/www.spraycolor.com\/spraygun\/verniciatura-industriale\/pistole-automatiche-componenti-elettronici\/#breadcrumb\"},\"inLanguage\":\"it-IT\",\"potentialAction\":[{\"@type\":\"ReadAction\",\"target\":[\"https:\/\/www.spraycolor.com\/spraygun\/verniciatura-industriale\/pistole-automatiche-componenti-elettronici\/\"]}]},{\"@type\":\"ImageObject\",\"inLanguage\":\"it-IT\",\"@id\":\"https:\/\/www.spraycolor.com\/spraygun\/verniciatura-industriale\/pistole-automatiche-componenti-elettronici\/#primaryimage\",\"url\":\"https:\/\/www.spraycolor.com\/spraygun\/wp-content\/uploads\/elettronica.jpg\",\"contentUrl\":\"https:\/\/www.spraycolor.com\/spraygun\/wp-content\/uploads\/elettronica.jpg\",\"width\":1920,\"height\":1079},{\"@type\":\"BreadcrumbList\",\"@id\":\"https:\/\/www.spraycolor.com\/spraygun\/verniciatura-industriale\/pistole-automatiche-componenti-elettronici\/#breadcrumb\",\"itemListElement\":[{\"@type\":\"ListItem\",\"position\":1,\"name\":\"Home\",\"item\":\"https:\/\/www.spraycolor.com\/spraygun\/\"},{\"@type\":\"ListItem\",\"position\":2,\"name\":\"Verniciatura industriale\",\"item\":\"https:\/\/www.spraycolor.com\/spraygun\/verniciatura-industriale\/\"},{\"@type\":\"ListItem\",\"position\":3,\"name\":\"Pistole automatiche componenti elettronici\"}]},{\"@type\":\"WebSite\",\"@id\":\"https:\/\/www.spraycolor.com\/spraygun\/#website\",\"url\":\"https:\/\/www.spraycolor.com\/spraygun\/\",\"name\":\"Automatic Spraygun - spraycolor\",\"description\":\"Pistole per verniciatura industriale\",\"publisher\":{\"@id\":\"https:\/\/www.spraycolor.com\/spraygun\/#organization\"},\"potentialAction\":[{\"@type\":\"SearchAction\",\"target\":{\"@type\":\"EntryPoint\",\"urlTemplate\":\"https:\/\/www.spraycolor.com\/spraygun\/?s={search_term_string}\"},\"query-input\":{\"@type\":\"PropertyValueSpecification\",\"valueRequired\":true,\"valueName\":\"search_term_string\"}}],\"inLanguage\":\"it-IT\"},{\"@type\":\"Organization\",\"@id\":\"https:\/\/www.spraycolor.com\/spraygun\/#organization\",\"name\":\"Spraycolor\",\"url\":\"https:\/\/www.spraycolor.com\/spraygun\/\",\"logo\":{\"@type\":\"ImageObject\",\"inLanguage\":\"it-IT\",\"@id\":\"https:\/\/www.spraycolor.com\/spraygun\/#\/schema\/logo\/image\/\",\"url\":\"https:\/\/www.spraycolor.com\/spraygun\/wp-content\/uploads\/2020\/10\/Logo_bianco400.png\",\"contentUrl\":\"https:\/\/www.spraycolor.com\/spraygun\/wp-content\/uploads\/2020\/10\/Logo_bianco400.png\",\"width\":400,\"height\":67,\"caption\":\"Spraycolor\"},\"image\":{\"@id\":\"https:\/\/www.spraycolor.com\/spraygun\/#\/schema\/logo\/image\/\"},\"sameAs\":[\"https:\/\/www.linkedin.com\/company\/spraycolor\/\"]}]}<\/script>\n<!-- \/ Yoast SEO plugin. -->","yoast_head_json":{"title":"Pistole automatiche componenti elettronici Spraycolor","description":"Pistole automatiche componenti elettronici per conformal coating e protezione circuiti stampati. Scopri le soluzioni precise e affidabili di Spraycolor.","robots":{"index":"index","follow":"follow","max-snippet":"max-snippet:-1","max-image-preview":"max-image-preview:large","max-video-preview":"max-video-preview:-1"},"canonical":"https:\/\/www.spraycolor.com\/spraygun\/verniciatura-industriale\/pistole-automatiche-componenti-elettronici\/","og_locale":"it_IT","og_type":"article","og_title":"Pistole automatiche componenti elettronici Spraycolor","og_description":"Pistole automatiche componenti elettronici per conformal coating e protezione circuiti stampati. Scopri le soluzioni precise e affidabili di Spraycolor.","og_url":"https:\/\/www.spraycolor.com\/spraygun\/verniciatura-industriale\/pistole-automatiche-componenti-elettronici\/","og_site_name":"Automatic Spraygun - spraycolor","article_modified_time":"2025-11-14T11:31:26+00:00","og_image":[{"width":1920,"height":1079,"url":"https:\/\/www.spraycolor.com\/spraygun\/wp-content\/uploads\/elettronica.jpg","type":"image\/jpeg"}],"twitter_card":"summary_large_image","twitter_misc":{"Tempo di lettura stimato":"5 minuti"},"schema":{"@context":"https:\/\/schema.org","@graph":[{"@type":"WebPage","@id":"https:\/\/www.spraycolor.com\/spraygun\/verniciatura-industriale\/pistole-automatiche-componenti-elettronici\/","url":"https:\/\/www.spraycolor.com\/spraygun\/verniciatura-industriale\/pistole-automatiche-componenti-elettronici\/","name":"Pistole automatiche componenti elettronici Spraycolor","isPartOf":{"@id":"https:\/\/www.spraycolor.com\/spraygun\/#website"},"primaryImageOfPage":{"@id":"https:\/\/www.spraycolor.com\/spraygun\/verniciatura-industriale\/pistole-automatiche-componenti-elettronici\/#primaryimage"},"image":{"@id":"https:\/\/www.spraycolor.com\/spraygun\/verniciatura-industriale\/pistole-automatiche-componenti-elettronici\/#primaryimage"},"thumbnailUrl":"https:\/\/www.spraycolor.com\/spraygun\/wp-content\/uploads\/elettronica.jpg","datePublished":"2021-08-25T15:50:03+00:00","dateModified":"2025-11-14T11:31:26+00:00","description":"Pistole automatiche componenti elettronici per conformal coating e protezione circuiti stampati. Scopri le soluzioni precise e affidabili di Spraycolor.","breadcrumb":{"@id":"https:\/\/www.spraycolor.com\/spraygun\/verniciatura-industriale\/pistole-automatiche-componenti-elettronici\/#breadcrumb"},"inLanguage":"it-IT","potentialAction":[{"@type":"ReadAction","target":["https:\/\/www.spraycolor.com\/spraygun\/verniciatura-industriale\/pistole-automatiche-componenti-elettronici\/"]}]},{"@type":"ImageObject","inLanguage":"it-IT","@id":"https:\/\/www.spraycolor.com\/spraygun\/verniciatura-industriale\/pistole-automatiche-componenti-elettronici\/#primaryimage","url":"https:\/\/www.spraycolor.com\/spraygun\/wp-content\/uploads\/elettronica.jpg","contentUrl":"https:\/\/www.spraycolor.com\/spraygun\/wp-content\/uploads\/elettronica.jpg","width":1920,"height":1079},{"@type":"BreadcrumbList","@id":"https:\/\/www.spraycolor.com\/spraygun\/verniciatura-industriale\/pistole-automatiche-componenti-elettronici\/#breadcrumb","itemListElement":[{"@type":"ListItem","position":1,"name":"Home","item":"https:\/\/www.spraycolor.com\/spraygun\/"},{"@type":"ListItem","position":2,"name":"Verniciatura industriale","item":"https:\/\/www.spraycolor.com\/spraygun\/verniciatura-industriale\/"},{"@type":"ListItem","position":3,"name":"Pistole automatiche componenti elettronici"}]},{"@type":"WebSite","@id":"https:\/\/www.spraycolor.com\/spraygun\/#website","url":"https:\/\/www.spraycolor.com\/spraygun\/","name":"Automatic Spraygun - spraycolor","description":"Pistole per verniciatura industriale","publisher":{"@id":"https:\/\/www.spraycolor.com\/spraygun\/#organization"},"potentialAction":[{"@type":"SearchAction","target":{"@type":"EntryPoint","urlTemplate":"https:\/\/www.spraycolor.com\/spraygun\/?s={search_term_string}"},"query-input":{"@type":"PropertyValueSpecification","valueRequired":true,"valueName":"search_term_string"}}],"inLanguage":"it-IT"},{"@type":"Organization","@id":"https:\/\/www.spraycolor.com\/spraygun\/#organization","name":"Spraycolor","url":"https:\/\/www.spraycolor.com\/spraygun\/","logo":{"@type":"ImageObject","inLanguage":"it-IT","@id":"https:\/\/www.spraycolor.com\/spraygun\/#\/schema\/logo\/image\/","url":"https:\/\/www.spraycolor.com\/spraygun\/wp-content\/uploads\/2020\/10\/Logo_bianco400.png","contentUrl":"https:\/\/www.spraycolor.com\/spraygun\/wp-content\/uploads\/2020\/10\/Logo_bianco400.png","width":400,"height":67,"caption":"Spraycolor"},"image":{"@id":"https:\/\/www.spraycolor.com\/spraygun\/#\/schema\/logo\/image\/"},"sameAs":["https:\/\/www.linkedin.com\/company\/spraycolor\/"]}]}},"_links":{"self":[{"href":"https:\/\/www.spraycolor.com\/spraygun\/wp-json\/wp\/v2\/pages\/17800","targetHints":{"allow":["GET"]}}],"collection":[{"href":"https:\/\/www.spraycolor.com\/spraygun\/wp-json\/wp\/v2\/pages"}],"about":[{"href":"https:\/\/www.spraycolor.com\/spraygun\/wp-json\/wp\/v2\/types\/page"}],"author":[{"embeddable":true,"href":"https:\/\/www.spraycolor.com\/spraygun\/wp-json\/wp\/v2\/users\/1"}],"replies":[{"embeddable":true,"href":"https:\/\/www.spraycolor.com\/spraygun\/wp-json\/wp\/v2\/comments?post=17800"}],"version-history":[{"count":14,"href":"https:\/\/www.spraycolor.com\/spraygun\/wp-json\/wp\/v2\/pages\/17800\/revisions"}],"predecessor-version":[{"id":18845,"href":"https:\/\/www.spraycolor.com\/spraygun\/wp-json\/wp\/v2\/pages\/17800\/revisions\/18845"}],"up":[{"embeddable":true,"href":"https:\/\/www.spraycolor.com\/spraygun\/wp-json\/wp\/v2\/pages\/17759"}],"wp:featuredmedia":[{"embeddable":true,"href":"https:\/\/www.spraycolor.com\/spraygun\/wp-json\/wp\/v2\/media\/17811"}],"wp:attachment":[{"href":"https:\/\/www.spraycolor.com\/spraygun\/wp-json\/wp\/v2\/media?parent=17800"}],"curies":[{"name":"wp","href":"https:\/\/api.w.org\/{rel}","templated":true}]}}