{"id":16233,"date":"2020-11-02T12:35:12","date_gmt":"2020-11-02T11:35:12","guid":{"rendered":"https:\/\/www.spraycolor.com\/spraygun\/?page_id=16233"},"modified":"2025-11-04T14:23:54","modified_gmt":"2025-11-04T13:23:54","slug":"regolatori-di-portata-pistole-spruzzo","status":"publish","type":"page","link":"https:\/\/www.spraycolor.com\/spraygun\/ricambi-per-pistole-a-spruzzo-automatiche\/regolatori-di-portata-pistole-spruzzo\/","title":{"rendered":"Regolatori di portata pistole a spruzzo"},"content":{"rendered":"<div class=\"wpb-content-wrapper\"><p>[vc_row css_animation=&#8221;&#8221; row_type=&#8221;row&#8221; use_row_as_full_screen_section=&#8221;no&#8221; type=&#8221;full_width&#8221; angled_section=&#8221;no&#8221; text_align=&#8221;left&#8221; background_image_as_pattern=&#8221;without_pattern&#8221;][vc_column][vc_single_image image=&#8221;16236&#8243; img_size=&#8221;full&#8221; alignment=&#8221;center&#8221; qode_css_animation=&#8221;&#8221;][\/vc_column][\/vc_row][vc_row css_animation=&#8221;&#8221; row_type=&#8221;row&#8221; use_row_as_full_screen_section=&#8221;no&#8221; type=&#8221;grid&#8221; angled_section=&#8221;no&#8221; text_align=&#8221;left&#8221; background_image_as_pattern=&#8221;without_pattern&#8221; z_index=&#8221;&#8221; padding_top=&#8221;50&#8243; padding_bottom=&#8221;50&#8243;][vc_column width=&#8221;2\/3&#8243;][vc_column_text]<\/p>\n<h4>Il regolatore di portata per pistole a spruzzo<strong><em>\u00a0spraycolor\u00ae<\/em>\u00a0<\/strong>RP100 semplifica le operazioni di dosaggio del prodotto in uscita sulle pistole.<\/h4>\n<p><strong>In che cosa consiste?<\/strong><\/p>\n<p>Supponiamo di avere una cabina di verniciatura rotativa con installate n. 12 pistole e di dover modificare la quantit\u00e0 di vernice in uscita su ogni pistola, la prima operazione da eseguire sar\u00e0 l\u2019arresto del macchinario (quindi fermo di produzione), poi si passer\u00e0 alla regolazione di quantit\u00e0 di vernice su ogni singola pistola.<br \/>\nUn tecnico esperto richiede mediamente un tempo di circa 5 minuti, ammesso che ad operazione ultimata la quantit\u00e0 di prodotto sia quella ottimale e che non siano richieste ulteriori manovre di aggiustamento.<\/p>\n<p><strong>L\u2019operazione sopra descritta viene ad essere ripetuta decine di volte in un giorno sugli impianti di verniciatura.<\/strong><\/p>\n<p>Ora supponiamo di installare il nostro regolatore di portata vernice RP100 sulla cabina di verniciatura presa in esame: l\u2019unico accorgimento che adotteremo sar\u00e0 quello di aprire solo per la prima volta tutti gli scatti di ogni singola pistola, quindi inizieremo a produrre ed ogni qualvolta sar\u00e0 richiesto un aumento o una diminuzione della quantit\u00e0 di vernice sar\u00e0 sufficiente agire sulla manopola del regolatore ed osservare le indicazioni sul manometro.<br \/>\nAd operazione ultimata avremo dedicato 5 secondi contro i 5 minuti spesi in precedenza<strong> senza mai aver interrotto la produzione.<\/strong>[\/vc_column_text][vc_separator type=&#8221;transparent&#8221;][\/vc_column][vc_column width=&#8221;1\/3&#8243;][vc_column_text]<\/p>\n<h2 class=\"headInModule\">Vantaggi<\/h2>\n<ul class=\"list_type1\">\n<li>Azzeramento del tempo (fermo macchina) richiesto per la regolazione singola di ogni pistola.<\/li>\n<li>Regolazione simultanea del prodotto fino ad un massimo di 14 pistole con diametro 1.2 mm<\/li>\n<li>Stabilizzazione della pressione vernice in uscita diretta alle pistole<\/li>\n<li>Precisione della quantit\u00e0 di prodotto in uscita ad ogni singola pistola<\/li>\n<li>Rapidit\u00e0 di installazione dell\u2019 RP100 su ogni tipo di impianto senza dover effettuare modifiche allo stesso<\/li>\n<li>Perfezionamento del ventaglio (rosa) delle pistole in quanto la potenza dell\u2019aria di polverizzazione \u00e8 sempre uguale anche nel caso si debba polverizzare poca quantit\u00e0 di prodotto.<\/li>\n<\/ul>\n<p>[\/vc_column_text][vc_separator type=&#8221;transparent&#8221;]<a  itemprop=\"url\" href=\"https:\/\/www.spraycolor.com\/spraygun\/wp-content\/uploads\/schemaRP100.pdf\" target=\"_blank\"  class=\"qbutton  big_large_full_width default\" style=\"\">Scheda tecnica e ricambi<\/a>[\/vc_column][\/vc_row][vc_row css_animation=&#8221;&#8221; row_type=&#8221;row&#8221; use_row_as_full_screen_section=&#8221;no&#8221; type=&#8221;full_width&#8221; angled_section=&#8221;no&#8221; text_align=&#8221;left&#8221; background_image_as_pattern=&#8221;without_pattern&#8221;][vc_column][vc_empty_space][\/vc_column][\/vc_row]<\/p>\n<\/div>","protected":false},"excerpt":{"rendered":"<p>[vc_row css_animation=&#8221;&#8221; row_type=&#8221;row&#8221; use_row_as_full_screen_section=&#8221;no&#8221; type=&#8221;full_width&#8221; angled_section=&#8221;no&#8221; text_align=&#8221;left&#8221; background_image_as_pattern=&#8221;without_pattern&#8221;][vc_column][vc_single_image image=&#8221;16236&#8243; img_size=&#8221;full&#8221; alignment=&#8221;center&#8221; qode_css_animation=&#8221;&#8221;][\/vc_column][\/vc_row][vc_row css_animation=&#8221;&#8221; row_type=&#8221;row&#8221; use_row_as_full_screen_section=&#8221;no&#8221; type=&#8221;grid&#8221; angled_section=&#8221;no&#8221; text_align=&#8221;left&#8221; background_image_as_pattern=&#8221;without_pattern&#8221; z_index=&#8221;&#8221; padding_top=&#8221;50&#8243; padding_bottom=&#8221;50&#8243;][vc_column width=&#8221;2\/3&#8243;][vc_column_text] Il regolatore di portata per pistole a spruzzo\u00a0spraycolor\u00ae\u00a0RP100 semplifica le operazioni di dosaggio del prodotto in uscita sulle pistole. In che cosa&#8230;<\/p>\n","protected":false},"author":1,"featured_media":16236,"parent":18513,"menu_order":174,"comment_status":"closed","ping_status":"closed","template":"full_width.php","meta":{"footnotes":""},"class_list":["post-16233","page","type-page","status-publish","has-post-thumbnail","hentry"],"yoast_head":"<!-- This site is optimized with the Yoast SEO plugin v26.5 - https:\/\/yoast.com\/wordpress\/plugins\/seo\/ -->\n<title>Regolatori di portata pistole a spruzzo - Automatic Spraygun - spraycolor<\/title>\n<meta name=\"description\" content=\"Il regolatore di portata per pistole a spruzzo\u00a0spraycolor\u00ae\u00a0RP100 semplifica le operazioni di dosaggio del prodotto in uscita sulle pistole\" \/>\n<meta name=\"robots\" content=\"index, follow, max-snippet:-1, max-image-preview:large, max-video-preview:-1\" \/>\n<link rel=\"canonical\" href=\"https:\/\/www.spraycolor.com\/spraygun\/ricambi-per-pistole-a-spruzzo-automatiche\/regolatori-di-portata-pistole-spruzzo\/\" \/>\n<meta property=\"og:locale\" content=\"it_IT\" \/>\n<meta property=\"og:type\" content=\"article\" \/>\n<meta property=\"og:title\" content=\"Regolatori di portata pistole a spruzzo - Automatic Spraygun - spraycolor\" \/>\n<meta property=\"og:description\" content=\"Il regolatore di portata per pistole a spruzzo\u00a0spraycolor\u00ae\u00a0RP100 semplifica le operazioni di dosaggio del prodotto in uscita sulle pistole\" \/>\n<meta property=\"og:url\" content=\"https:\/\/www.spraycolor.com\/spraygun\/ricambi-per-pistole-a-spruzzo-automatiche\/regolatori-di-portata-pistole-spruzzo\/\" \/>\n<meta property=\"og:site_name\" content=\"Automatic Spraygun - spraycolor\" \/>\n<meta property=\"article:modified_time\" content=\"2025-11-04T13:23:54+00:00\" \/>\n<meta property=\"og:image\" content=\"https:\/\/www.spraycolor.com\/spraygun\/wp-content\/uploads\/2020\/11\/kit.jpg\" \/>\n\t<meta property=\"og:image:width\" content=\"802\" \/>\n\t<meta property=\"og:image:height\" content=\"533\" \/>\n\t<meta property=\"og:image:type\" content=\"image\/jpeg\" \/>\n<meta name=\"twitter:card\" content=\"summary_large_image\" \/>\n<meta name=\"twitter:label1\" content=\"Tempo di lettura stimato\" \/>\n\t<meta name=\"twitter:data1\" content=\"3 minuti\" \/>\n<script type=\"application\/ld+json\" class=\"yoast-schema-graph\">{\"@context\":\"https:\/\/schema.org\",\"@graph\":[{\"@type\":\"WebPage\",\"@id\":\"https:\/\/www.spraycolor.com\/spraygun\/ricambi-per-pistole-a-spruzzo-automatiche\/regolatori-di-portata-pistole-spruzzo\/\",\"url\":\"https:\/\/www.spraycolor.com\/spraygun\/ricambi-per-pistole-a-spruzzo-automatiche\/regolatori-di-portata-pistole-spruzzo\/\",\"name\":\"Regolatori di portata pistole a spruzzo - Automatic Spraygun - spraycolor\",\"isPartOf\":{\"@id\":\"https:\/\/www.spraycolor.com\/spraygun\/#website\"},\"primaryImageOfPage\":{\"@id\":\"https:\/\/www.spraycolor.com\/spraygun\/ricambi-per-pistole-a-spruzzo-automatiche\/regolatori-di-portata-pistole-spruzzo\/#primaryimage\"},\"image\":{\"@id\":\"https:\/\/www.spraycolor.com\/spraygun\/ricambi-per-pistole-a-spruzzo-automatiche\/regolatori-di-portata-pistole-spruzzo\/#primaryimage\"},\"thumbnailUrl\":\"https:\/\/www.spraycolor.com\/spraygun\/wp-content\/uploads\/2020\/11\/kit.jpg\",\"datePublished\":\"2020-11-02T11:35:12+00:00\",\"dateModified\":\"2025-11-04T13:23:54+00:00\",\"description\":\"Il regolatore di portata per pistole a spruzzo\u00a0spraycolor\u00ae\u00a0RP100 semplifica le operazioni di dosaggio del prodotto in uscita sulle pistole\",\"breadcrumb\":{\"@id\":\"https:\/\/www.spraycolor.com\/spraygun\/ricambi-per-pistole-a-spruzzo-automatiche\/regolatori-di-portata-pistole-spruzzo\/#breadcrumb\"},\"inLanguage\":\"it-IT\",\"potentialAction\":[{\"@type\":\"ReadAction\",\"target\":[\"https:\/\/www.spraycolor.com\/spraygun\/ricambi-per-pistole-a-spruzzo-automatiche\/regolatori-di-portata-pistole-spruzzo\/\"]}]},{\"@type\":\"ImageObject\",\"inLanguage\":\"it-IT\",\"@id\":\"https:\/\/www.spraycolor.com\/spraygun\/ricambi-per-pistole-a-spruzzo-automatiche\/regolatori-di-portata-pistole-spruzzo\/#primaryimage\",\"url\":\"https:\/\/www.spraycolor.com\/spraygun\/wp-content\/uploads\/2020\/11\/kit.jpg\",\"contentUrl\":\"https:\/\/www.spraycolor.com\/spraygun\/wp-content\/uploads\/2020\/11\/kit.jpg\",\"width\":802,\"height\":533},{\"@type\":\"BreadcrumbList\",\"@id\":\"https:\/\/www.spraycolor.com\/spraygun\/ricambi-per-pistole-a-spruzzo-automatiche\/regolatori-di-portata-pistole-spruzzo\/#breadcrumb\",\"itemListElement\":[{\"@type\":\"ListItem\",\"position\":1,\"name\":\"Home\",\"item\":\"https:\/\/www.spraycolor.com\/spraygun\/\"},{\"@type\":\"ListItem\",\"position\":2,\"name\":\"Ricambi per pistole a spruzzo automatiche\",\"item\":\"https:\/\/www.spraycolor.com\/spraygun\/ricambi-per-pistole-a-spruzzo-automatiche\/\"},{\"@type\":\"ListItem\",\"position\":3,\"name\":\"Regolatori di portata pistole a spruzzo\"}]},{\"@type\":\"WebSite\",\"@id\":\"https:\/\/www.spraycolor.com\/spraygun\/#website\",\"url\":\"https:\/\/www.spraycolor.com\/spraygun\/\",\"name\":\"Automatic Spraygun - spraycolor\",\"description\":\"Pistole per verniciatura industriale\",\"publisher\":{\"@id\":\"https:\/\/www.spraycolor.com\/spraygun\/#organization\"},\"potentialAction\":[{\"@type\":\"SearchAction\",\"target\":{\"@type\":\"EntryPoint\",\"urlTemplate\":\"https:\/\/www.spraycolor.com\/spraygun\/?s={search_term_string}\"},\"query-input\":{\"@type\":\"PropertyValueSpecification\",\"valueRequired\":true,\"valueName\":\"search_term_string\"}}],\"inLanguage\":\"it-IT\"},{\"@type\":\"Organization\",\"@id\":\"https:\/\/www.spraycolor.com\/spraygun\/#organization\",\"name\":\"Spraycolor\",\"url\":\"https:\/\/www.spraycolor.com\/spraygun\/\",\"logo\":{\"@type\":\"ImageObject\",\"inLanguage\":\"it-IT\",\"@id\":\"https:\/\/www.spraycolor.com\/spraygun\/#\/schema\/logo\/image\/\",\"url\":\"https:\/\/www.spraycolor.com\/spraygun\/wp-content\/uploads\/2020\/10\/Logo_bianco400.png\",\"contentUrl\":\"https:\/\/www.spraycolor.com\/spraygun\/wp-content\/uploads\/2020\/10\/Logo_bianco400.png\",\"width\":400,\"height\":67,\"caption\":\"Spraycolor\"},\"image\":{\"@id\":\"https:\/\/www.spraycolor.com\/spraygun\/#\/schema\/logo\/image\/\"},\"sameAs\":[\"https:\/\/www.linkedin.com\/company\/spraycolor\/\"]}]}<\/script>\n<!-- \/ Yoast SEO plugin. -->","yoast_head_json":{"title":"Regolatori di portata pistole a spruzzo - Automatic Spraygun - spraycolor","description":"Il regolatore di portata per pistole a spruzzo\u00a0spraycolor\u00ae\u00a0RP100 semplifica le operazioni di dosaggio del prodotto in uscita sulle pistole","robots":{"index":"index","follow":"follow","max-snippet":"max-snippet:-1","max-image-preview":"max-image-preview:large","max-video-preview":"max-video-preview:-1"},"canonical":"https:\/\/www.spraycolor.com\/spraygun\/ricambi-per-pistole-a-spruzzo-automatiche\/regolatori-di-portata-pistole-spruzzo\/","og_locale":"it_IT","og_type":"article","og_title":"Regolatori di portata pistole a spruzzo - Automatic Spraygun - spraycolor","og_description":"Il regolatore di portata per pistole a spruzzo\u00a0spraycolor\u00ae\u00a0RP100 semplifica le operazioni di dosaggio del prodotto in uscita sulle pistole","og_url":"https:\/\/www.spraycolor.com\/spraygun\/ricambi-per-pistole-a-spruzzo-automatiche\/regolatori-di-portata-pistole-spruzzo\/","og_site_name":"Automatic Spraygun - spraycolor","article_modified_time":"2025-11-04T13:23:54+00:00","og_image":[{"width":802,"height":533,"url":"https:\/\/www.spraycolor.com\/spraygun\/wp-content\/uploads\/2020\/11\/kit.jpg","type":"image\/jpeg"}],"twitter_card":"summary_large_image","twitter_misc":{"Tempo di lettura stimato":"3 minuti"},"schema":{"@context":"https:\/\/schema.org","@graph":[{"@type":"WebPage","@id":"https:\/\/www.spraycolor.com\/spraygun\/ricambi-per-pistole-a-spruzzo-automatiche\/regolatori-di-portata-pistole-spruzzo\/","url":"https:\/\/www.spraycolor.com\/spraygun\/ricambi-per-pistole-a-spruzzo-automatiche\/regolatori-di-portata-pistole-spruzzo\/","name":"Regolatori di portata pistole a spruzzo - Automatic Spraygun - spraycolor","isPartOf":{"@id":"https:\/\/www.spraycolor.com\/spraygun\/#website"},"primaryImageOfPage":{"@id":"https:\/\/www.spraycolor.com\/spraygun\/ricambi-per-pistole-a-spruzzo-automatiche\/regolatori-di-portata-pistole-spruzzo\/#primaryimage"},"image":{"@id":"https:\/\/www.spraycolor.com\/spraygun\/ricambi-per-pistole-a-spruzzo-automatiche\/regolatori-di-portata-pistole-spruzzo\/#primaryimage"},"thumbnailUrl":"https:\/\/www.spraycolor.com\/spraygun\/wp-content\/uploads\/2020\/11\/kit.jpg","datePublished":"2020-11-02T11:35:12+00:00","dateModified":"2025-11-04T13:23:54+00:00","description":"Il regolatore di portata per pistole a spruzzo\u00a0spraycolor\u00ae\u00a0RP100 semplifica le operazioni di dosaggio del prodotto in uscita sulle pistole","breadcrumb":{"@id":"https:\/\/www.spraycolor.com\/spraygun\/ricambi-per-pistole-a-spruzzo-automatiche\/regolatori-di-portata-pistole-spruzzo\/#breadcrumb"},"inLanguage":"it-IT","potentialAction":[{"@type":"ReadAction","target":["https:\/\/www.spraycolor.com\/spraygun\/ricambi-per-pistole-a-spruzzo-automatiche\/regolatori-di-portata-pistole-spruzzo\/"]}]},{"@type":"ImageObject","inLanguage":"it-IT","@id":"https:\/\/www.spraycolor.com\/spraygun\/ricambi-per-pistole-a-spruzzo-automatiche\/regolatori-di-portata-pistole-spruzzo\/#primaryimage","url":"https:\/\/www.spraycolor.com\/spraygun\/wp-content\/uploads\/2020\/11\/kit.jpg","contentUrl":"https:\/\/www.spraycolor.com\/spraygun\/wp-content\/uploads\/2020\/11\/kit.jpg","width":802,"height":533},{"@type":"BreadcrumbList","@id":"https:\/\/www.spraycolor.com\/spraygun\/ricambi-per-pistole-a-spruzzo-automatiche\/regolatori-di-portata-pistole-spruzzo\/#breadcrumb","itemListElement":[{"@type":"ListItem","position":1,"name":"Home","item":"https:\/\/www.spraycolor.com\/spraygun\/"},{"@type":"ListItem","position":2,"name":"Ricambi per pistole a spruzzo automatiche","item":"https:\/\/www.spraycolor.com\/spraygun\/ricambi-per-pistole-a-spruzzo-automatiche\/"},{"@type":"ListItem","position":3,"name":"Regolatori di portata pistole a spruzzo"}]},{"@type":"WebSite","@id":"https:\/\/www.spraycolor.com\/spraygun\/#website","url":"https:\/\/www.spraycolor.com\/spraygun\/","name":"Automatic Spraygun - spraycolor","description":"Pistole per verniciatura industriale","publisher":{"@id":"https:\/\/www.spraycolor.com\/spraygun\/#organization"},"potentialAction":[{"@type":"SearchAction","target":{"@type":"EntryPoint","urlTemplate":"https:\/\/www.spraycolor.com\/spraygun\/?s={search_term_string}"},"query-input":{"@type":"PropertyValueSpecification","valueRequired":true,"valueName":"search_term_string"}}],"inLanguage":"it-IT"},{"@type":"Organization","@id":"https:\/\/www.spraycolor.com\/spraygun\/#organization","name":"Spraycolor","url":"https:\/\/www.spraycolor.com\/spraygun\/","logo":{"@type":"ImageObject","inLanguage":"it-IT","@id":"https:\/\/www.spraycolor.com\/spraygun\/#\/schema\/logo\/image\/","url":"https:\/\/www.spraycolor.com\/spraygun\/wp-content\/uploads\/2020\/10\/Logo_bianco400.png","contentUrl":"https:\/\/www.spraycolor.com\/spraygun\/wp-content\/uploads\/2020\/10\/Logo_bianco400.png","width":400,"height":67,"caption":"Spraycolor"},"image":{"@id":"https:\/\/www.spraycolor.com\/spraygun\/#\/schema\/logo\/image\/"},"sameAs":["https:\/\/www.linkedin.com\/company\/spraycolor\/"]}]}},"_links":{"self":[{"href":"https:\/\/www.spraycolor.com\/spraygun\/wp-json\/wp\/v2\/pages\/16233","targetHints":{"allow":["GET"]}}],"collection":[{"href":"https:\/\/www.spraycolor.com\/spraygun\/wp-json\/wp\/v2\/pages"}],"about":[{"href":"https:\/\/www.spraycolor.com\/spraygun\/wp-json\/wp\/v2\/types\/page"}],"author":[{"embeddable":true,"href":"https:\/\/www.spraycolor.com\/spraygun\/wp-json\/wp\/v2\/users\/1"}],"replies":[{"embeddable":true,"href":"https:\/\/www.spraycolor.com\/spraygun\/wp-json\/wp\/v2\/comments?post=16233"}],"version-history":[{"count":9,"href":"https:\/\/www.spraycolor.com\/spraygun\/wp-json\/wp\/v2\/pages\/16233\/revisions"}],"predecessor-version":[{"id":17752,"href":"https:\/\/www.spraycolor.com\/spraygun\/wp-json\/wp\/v2\/pages\/16233\/revisions\/17752"}],"up":[{"embeddable":true,"href":"https:\/\/www.spraycolor.com\/spraygun\/wp-json\/wp\/v2\/pages\/18513"}],"wp:featuredmedia":[{"embeddable":true,"href":"https:\/\/www.spraycolor.com\/spraygun\/wp-json\/wp\/v2\/media\/16236"}],"wp:attachment":[{"href":"https:\/\/www.spraycolor.com\/spraygun\/wp-json\/wp\/v2\/media?parent=16233"}],"curies":[{"name":"wp","href":"https:\/\/api.w.org\/{rel}","templated":true}]}}