{"id":16219,"date":"2020-11-02T11:47:06","date_gmt":"2020-11-02T10:47:06","guid":{"rendered":"https:\/\/www.spraycolor.com\/spraygun\/?page_id=16219"},"modified":"2025-11-14T14:42:24","modified_gmt":"2025-11-14T13:42:24","slug":"pistole-hvlp","status":"publish","type":"page","link":"https:\/\/www.spraycolor.com\/spraygun\/pistole-hvlp\/","title":{"rendered":"VS03 Low pressure"},"content":{"rendered":"<div class=\"wpb-content-wrapper\"><p>[vc_row css_animation=&#8221;&#8221; row_type=&#8221;row&#8221; use_row_as_full_screen_section=&#8221;no&#8221; type=&#8221;grid&#8221; angled_section=&#8221;no&#8221; text_align=&#8221;left&#8221; background_image_as_pattern=&#8221;without_pattern&#8221; z_index=&#8221;&#8221; padding_top=&#8221;50&#8243; padding_bottom=&#8221;50&#8243;][vc_column width=&#8221;1\/2&#8243;][vc_column_text css=&#8221;&#8221; el_class=&#8221;testointerno&#8221;]<\/p>\n<h1>Pistole HVLP<\/h1>\n<h2>VS03 Low Pressure: la nuova generazione di pistole HVLP<\/h2>\n<p>VS03 Low Pressure ridefinisce lo standard delle <strong>pistole HVLP<\/strong> (High Volume Low Pressure) per la <a href=\"https:\/\/www.spraycolor.com\/spraygun\/sistemi-di-verniciatura-a-spruzzo\/linee-di-verniciatura-industriale\/\">verniciatura industriale<\/a>. <a href=\"https:\/\/www.spraycolor.com\/spraygun\/aerografi-automatici\/\">Aerografi automatici<\/a> progettati per offrire alta produttivit\u00e0 <a href=\"https:\/\/www.spraycolor.com\/spraygun\/risparmio-energetico-pistole-verniciatura-industriale\/\">senza sprechi<\/a> o compromessi sulla qualit\u00e0 della finitura, combina un <strong>ventaglio Extra Large<\/strong>, un <strong>design estremamente compatto<\/strong> ideale per ogni <strong>utilizzo<\/strong> e sistema di verniciatura a spruzzo.<\/p>\n<h3>La pistola per la verniciatura HVLP compatta e con ventaglio XL<\/h3>\n<p>La VS03 supera i limiti dei sistemi HVLP tradizionali, che obbligavano a scegliere tra produttivit\u00e0 e qualit\u00e0 della lavorazione. Questa innovativa <strong>pistola a spruzzo HVLP<\/strong> offre un&#8217;<strong>applicazione rapida<\/strong>, grazie ad un <strong>ventaglio di spruzzatura di grande ampiezza<\/strong>. Allo stesso tempo, garantisce una finitura di altissimo livello e una percentuale record di efficienza di trasferimento (come da <strong>certificazione UNI EN 13966-1<\/strong>).<\/p>\n<p>L&#8217;efficacia della VS03 si unisce a un design estremamente pratico. La sua <strong>compattezza e leggerezza<\/strong> (solo 780g) semplificano l&#8217;installazione su qualsiasi impianto, anche su <a href=\"https:\/\/www.spraycolor.com\/spraygun\/sistemi-di-verniciatura-a-spruzzo\/robot-industriali\/\">robot industriali<\/a> o <a href=\"https:\/\/www.spraycolor.com\/spraygun\/sistemi-di-verniciatura-a-spruzzo\/linee-di-verniciatura-industriale\/\">linee complesse di verniciatura<\/a>, senza richiedere modifiche. Inoltre, come tutti i prodotti Spraycolor, \u00e8 di facile manutenzione e dispone di <a href=\"https:\/\/www.spraycolor.com\/spraygun\/ricambi-per-pistole-a-spruzzo-automatiche\/\">ricambi originali<\/a>.<\/p>\n<p><a href=\"https:\/\/www.spraycolor.com\/spraygun\/contatti\/\">Richiedi una consulenza per l\u2019acquisto<\/a><\/p>\n<h3>Vantaggi della pistola ad alto trasferimento VS03 HVLP<\/h3>\n<p>La VS03 Low Pressure \u00e8 la risposta <strong>per chi cerca il massimo dalla verniciatura HVLP<\/strong>. Progettata per soddisfare le esigenze produttive pi\u00f9 elevate, combina sapientemente alta velocit\u00e0 di applicazione, una qualit\u00e0 di finitura elevata, e un\u2019efficienza di trasferimento certificata.<\/p>\n<h4>Certificata UNI EN 13966-1: massimo trasferimento, minimo spreco<\/h4>\n<p>La certificazione UNI EN 13966-1 attesta l&#8217;<strong>altissima efficienza di trasferimento<\/strong> del prodotto, la pistola massimizza la quantit\u00e0 di vernice sul pezzo e minimizza gli sprechi nella verniciatura. Inoltre, conferma la capacit\u00e0 della VS03 di ottenere un <strong>grado di finitura superiore<\/strong>, irraggiungibile con la tecnologia HVLP standard.[\/vc_column_text][vc_separator type=&#8221;normal&#8221;][vc_single_image image=&#8221;16094&#8243; img_size=&#8221;full&#8221; qode_css_animation=&#8221;&#8221;][\/vc_column][vc_column width=&#8221;1\/2&#8243;][vc_column_text css=&#8221;&#8221; el_class=&#8221;testointerno&#8221;]<\/p>\n<h4>Ventaglio di spruzzatura Extra Large per una produttivit\u00e0 elevata<\/h4>\n<p>Una delle caratteristiche distintive della VS03 \u00e8 il suo <strong>ventaglio di spruzzatura Extra Large<\/strong>. Questo <strong>permette di coprire un&#8217;area maggiore ad ogni passata in modo uniforme<\/strong>, e di incrementare significativamente la <strong>velocit\u00e0 di applicazione<\/strong> e la produttivit\u00e0 complessiva della linea di verniciatura.<\/p>\n<h4>Design compatto: installazione facile e veloce<\/h4>\n<p>Con un peso di <strong>soli 780 grammi e dimensioni ridotte<\/strong>, la VS03 \u00e8 eccezionalmente compatta. Questo design intelligente ne semplifica l&#8217;<strong>installazione su<\/strong> <a href=\"https:\/\/www.spraycolor.com\/spraygun\/sistemi-di-verniciatura-a-spruzzo\/robot-industriali\/\">robot di verniciatura<\/a>, bracci meccanici e all&#8217;interno di <strong>impianti con spazi limitati<\/strong>. L\u2019<strong>integrazione<\/strong> su sistemi esistenti diventa <strong>rapida e meno costosa<\/strong>.<\/p>\n<h4>Altissimo trasferimento di prodotto: efficienza e sostenibilit\u00e0<\/h4>\n<p>Fedele ai principi <strong>High Volume Low Pressure<\/strong> e validata dalla certificazione, la VS03 garantisce un <strong>trasferimento di prodotto chimico estremamente elevato<\/strong> sulla superficie da verniciare. Questo si traduce in un notevole risparmio di vernice e minori emissioni di VOC, per un <strong>processo pi\u00f9 efficiente, economico e<\/strong> <a href=\"https:\/\/www.spraycolor.com\/spraygun\/risparmio-energetico-pistole-verniciatura-industriale\/\">sostenibile<\/a>.<\/p>\n<h4>Verniciare in HVLP senza compromessi sulla finitura<\/h4>\n<p>La VS03 sfata il mito della <strong>verniciatura HVLP<\/strong> a bassa qualit\u00e0. Grazie alla tecnologia avanzata Spraycolor, \u00e8 possibile beneficiare sia dell&#8217;<strong>alto indice di trasferimento<\/strong> dell\u2019HVLP, sia di una <strong>qualit\u00e0 di lavorazione<\/strong> paragonabile a quella dei sistemi a pressione standard. <strong>Alta produttivit\u00e0 e finitura eccellente<\/strong> ora sono possibili insieme.<\/p>\n<h3>Pi\u00f9 produttivit\u00e0 e flessibilit\u00e0 con le pistole HVLP Spraycolor<\/h3>\n<p>Il vero potenziale innovativo della VS03 Low Pressure nasce dalla sinergia tra il suo potere di polverizzazione e il design compatto. Questi elementi sono stati progettati per lavorare insieme e massimizzare l&#8217;efficienza operativa del vostro impianto di <strong>verniciatura HVLP<\/strong>.<\/p>\n<ul>\n<li><strong>Aumenta notevolmente la produttivit\u00e0<\/strong> &#8211; \u00c8 possibile verniciare superfici ampie o pezzi complessi in meno passate, riducendo i tempi ciclo.<\/li>\n<li><strong>Semplifica l&#8217;automazione<\/strong> &#8211; La programmazione dei robot pu\u00f2 diventare pi\u00f9 semplice richiedendo meno traiettorie.<\/li>\n<li><strong>Ottimizza la configurazione dell&#8217;impianto<\/strong> &#8211; Si pu\u00f2 ottenere una copertura elevata anche con un design compatto.<\/li>\n<\/ul>\n<p>Questa sinergia tra ampia copertura e facilit\u00e0 di integrazione si traduce in un&#8217;efficienza operativa superiore, un pi\u00f9 <strong>rapido ritorno dell&#8217;investimento<\/strong> e una <strong>maggiore flessibilit\u00e0 produttiva<\/strong>.<\/p>\n<p><a href=\"https:\/\/www.spraycolor.com\/spraygun\/contatti\/\">Contattaci per un preventivo<\/a>[\/vc_column_text][\/vc_column][\/vc_row][vc_row css_animation=&#8221;&#8221; row_type=&#8221;row&#8221; use_row_as_full_screen_section=&#8221;no&#8221; type=&#8221;full_width&#8221; angled_section=&#8221;no&#8221; text_align=&#8221;left&#8221; background_image_as_pattern=&#8221;without_pattern&#8221;][vc_column][vc_gallery type=&#8221;image_grid&#8221; images=&#8221;16227,18269,16230,16229&#8243; img_size=&#8221;700&#215;500&#8243; onclick=&#8221;&#8221; css_animation=&#8221;fadeIn&#8221; column_number=&#8221;4&#8243; grayscale=&#8221;no&#8221; images_space=&#8221;gallery_without_space&#8221;][\/vc_column][\/vc_row][vc_row css_animation=&#8221;&#8221; row_type=&#8221;row&#8221; use_row_as_full_screen_section=&#8221;no&#8221; type=&#8221;grid&#8221; angled_section=&#8221;no&#8221; text_align=&#8221;left&#8221; background_image_as_pattern=&#8221;without_pattern&#8221; z_index=&#8221;&#8221; padding_top=&#8221;50&#8243; padding_bottom=&#8221;50&#8243;][vc_column width=&#8221;1\/3&#8243;][vc_column_text css=&#8221;&#8221; el_class=&#8221;caratteristiche&#8221;]<\/p>\n<h3 class=\"headInModule\">Caratteristiche tecniche della spraygun<\/h3>\n<ul class=\"list_type1\">\n<li>Pressione aria comando (CYL): 3.5 bar (max 4.0 bar)<\/li>\n<li>Pressione ingresso vernice: max 6 bar<\/li>\n<li>Pressione atomizzazione (ATO): 1.6 \u2013 2.2 bar<\/li>\n<li>Peso: 780 gr<\/li>\n<li>Consumo aria: 220 l\/min<\/li>\n<li>Viscosit\u00e0 prodotto ideale: Bassa, Media, Alta<\/li>\n<li>Connessioni aria\/vernice: G \u00bc\u201d<\/li>\n<li>Fissaggio alla macchina: 3 fori \u00d8 10 mm o 2 fori \u00d8 12 mm<\/li>\n<li>Diametri ugello disponibili: \u00d8 0.8 \u2013 1.0 \u2013 1.2 \u2013 1.5 (altri a richiesta)<\/li>\n<li>Testine disponibili: VX &#8211; S<\/li>\n<\/ul>\n<p>[\/vc_column_text][vc_separator type=&#8221;transparent&#8221;][\/vc_column][vc_column width=&#8221;1\/3&#8243;][vc_column_text css=&#8221;&#8221; el_class=&#8221;confezione&#8221;]<\/p>\n<h3 class=\"headInModule\">Contenuto della confezione<\/h3>\n<ul class=\"\">\n<li>Pistola HVLP VS03 Low Pressure<\/li>\n<li>Supporto per fissaggio macchina<\/li>\n<li>Scheda di collaudo con numero di serie (utile per supporto tecnico)<\/li>\n<li>Manuale di uso e manutenzione<\/li>\n<\/ul>\n<p>[\/vc_column_text][vc_separator type=&#8221;transparent&#8221; up=&#8221;5&#8243; down=&#8221;5&#8243;][\/vc_column][vc_column width=&#8221;1\/3&#8243;][vc_column_text css=&#8221;&#8221;]<\/p>\n<h3 class=\"headInModule\">Documentazione e risorse<\/h3>\n<p class=\"headInModule\">Per garantire la massima efficienza, una corretta manutenzione e una lunga durata delle tue <strong>pistole HVLP VS03 Low Pressure<\/strong>, mettiamo a disposizione tutta la documentazione tecnica dettagliata e la certificazione di efficienza di trasferimento.<\/p>\n<p>[\/vc_column_text][vc_empty_space]<a  itemprop=\"url\" href=\"https:\/\/www.spraycolor.com\/spraygun\/wp-content\/uploads\/VS03-ita.pdf\" target=\"_blank\"  class=\"qbutton  big_large_full_width default\" style=\"\">Scheda tecnica e ricambi<\/a>[vc_separator type=&#8221;transparent&#8221; up=&#8221;5&#8243; down=&#8221;5&#8243;]<a  itemprop=\"url\" href=\"https:\/\/www.spraycolor.com\/spraygun\/wp-content\/uploads\/Manuale-uso_VS03.pdf\" target=\"_blank\"  class=\"qbutton  big_large_full_width default\" style=\"\">Manuale di istruzioni<\/a>[vc_separator type=&#8221;transparent&#8221; up=&#8221;5&#8243; down=&#8221;5&#8243;]<a  itemprop=\"url\" href=\"https:\/\/www.spraycolor.com\/spraygun\/wp-content\/uploads\/7-certificate-small-VS03-20-bar.pdf\" target=\"_blank\"  class=\"qbutton  big_large_full_width default\" style=\"\">Certificazione<\/a>[\/vc_column][\/vc_row][vc_row css_animation=&#8221;&#8221; row_type=&#8221;row&#8221; use_row_as_full_screen_section=&#8221;no&#8221; type=&#8221;grid&#8221; angled_section=&#8221;no&#8221; text_align=&#8221;left&#8221; background_image_as_pattern=&#8221;without_pattern&#8221; z_index=&#8221;&#8221; padding_top=&#8221;50&#8243; padding_bottom=&#8221;50&#8243;][vc_column width=&#8221;1\/2&#8243;][vc_column_text css=&#8221;&#8221; el_class=&#8221;testointerno&#8221;]<\/p>\n<h2>Perch\u00e9 scegliere Spraycolor per la verniciatura industriale<\/h2>\n<p>Affidarsi a Spraycolor significa scegliere un partner con oltre 50 anni di esperienza nella <a href=\"https:\/\/www.spraycolor.com\/spraygun\/verniciatura-industriale\/\">verniciatura industriale<\/a>. Non offriamo solo prodotti, ma soluzioni complete basate su qualit\u00e0, affidabilit\u00e0 e innovazione.<\/p>\n<h3>Qualit\u00e0 della verniciatura<\/h3>\n<p>La nostra lunga esperienza ci permette di offrire <a href=\"https:\/\/www.spraycolor.com\/spraygun\/aerografi-automatici\/\">aerografi automatici<\/a> che garantiscono risultati eccellenti su ogni tipo di impianto o <a href=\"https:\/\/www.spraycolor.com\/spraygun\/sistemi-di-verniciatura-a-spruzzo\/cabine-di-verniciatura\/\">cabina di verniciatura<\/a> a spruzzo.<\/p>\n<h3>Durata della componentistica<\/h3>\n<p>Grazie a <strong>materiali di alta qualit\u00e0 e design innovativi<\/strong>, come i rivestimenti protettivi al titanio su alcuni componenti, le pistole Spraycolor assicurano <strong>affidabilit\u00e0 e risparmio a lungo termine<\/strong>.[\/vc_column_text][\/vc_column][vc_column width=&#8221;1\/2&#8243;][vc_column_text css=&#8221;&#8221; el_class=&#8221;testointerno&#8221;]<\/p>\n<h3>Risparmio di energia e vernice<\/h3>\n<p>L&#8217;<strong>efficienza energetica<\/strong> e il <strong>rispetto ambientale<\/strong> sono al centro della nostra ricerca. Sviluppiamo tecnologie che riducono l&#8217;overspray e i consumi nella verniciatura automatica.<\/p>\n<h3>Cura per il dettaglio<\/h3>\n<p>Spraycolor \u00e8 sinonimo di innovazione e attenzione ai dettagli. Forniamo manuali, schede tecniche e ricambi per ogni prodotto, per <strong>facilitare l\u2019uso e manutenzione<\/strong>.<br \/>\nRigorosamente <strong>100% made in Italy<\/strong>.<\/p>\n<p>Vuoi ricevere un preventivo o consulenza sulla <strong>pistola a spruzzo VSE Volumetric?<\/strong><br \/>\n<a href=\"https:\/\/www.spraycolor.com\/spraygun\/contatti\/\">Contattaci<\/a>[\/vc_column_text][\/vc_column][\/vc_row][vc_row css_animation=&#8221;&#8221; row_type=&#8221;row&#8221; use_row_as_full_screen_section=&#8221;no&#8221; type=&#8221;full_width&#8221; angled_section=&#8221;no&#8221; text_align=&#8221;left&#8221; background_image_as_pattern=&#8221;without_pattern&#8221;][vc_column][vc_empty_space][\/vc_column][\/vc_row][vc_row css_animation=&#8221;&#8221; row_type=&#8221;row&#8221; use_row_as_full_screen_section=&#8221;no&#8221; type=&#8221;grid&#8221; angled_section=&#8221;no&#8221; text_align=&#8221;left&#8221; background_image_as_pattern=&#8221;without_pattern&#8221; z_index=&#8221;&#8221;][vc_column][vc_video link=&#8221;https:\/\/vimeo.com\/213369576&#8243;][\/vc_column][\/vc_row][vc_row css_animation=&#8221;&#8221; row_type=&#8221;row&#8221; use_row_as_full_screen_section=&#8221;no&#8221; type=&#8221;full_width&#8221; angled_section=&#8221;no&#8221; text_align=&#8221;left&#8221; background_image_as_pattern=&#8221;without_pattern&#8221;][vc_column][vc_empty_space][\/vc_column][\/vc_row]<\/p>\n<\/div>","protected":false},"excerpt":{"rendered":"<p>[vc_row css_animation=&#8221;&#8221; row_type=&#8221;row&#8221; use_row_as_full_screen_section=&#8221;no&#8221; type=&#8221;grid&#8221; angled_section=&#8221;no&#8221; text_align=&#8221;left&#8221; background_image_as_pattern=&#8221;without_pattern&#8221; z_index=&#8221;&#8221; padding_top=&#8221;50&#8243; padding_bottom=&#8221;50&#8243;][vc_column width=&#8221;1\/2&#8243;][vc_column_text css=&#8221;&#8221; el_class=&#8221;testointerno&#8221;] Pistole HVLP VS03 Low Pressure: la nuova generazione di pistole HVLP VS03 Low Pressure ridefinisce lo standard delle pistole HVLP (High Volume Low Pressure) per la verniciatura industriale. Aerografi automatici progettati&#8230;<\/p>\n","protected":false},"author":1,"featured_media":16227,"parent":0,"menu_order":224,"comment_status":"closed","ping_status":"closed","template":"full_width.php","meta":{"footnotes":""},"class_list":["post-16219","page","type-page","status-publish","has-post-thumbnail","hentry"],"yoast_head":"<!-- This site is optimized with the Yoast SEO plugin v26.5 - https:\/\/yoast.com\/wordpress\/plugins\/seo\/ -->\n<title>Pistole HVLP VS03 Low Pressure Spraycolor<\/title>\n<meta name=\"description\" content=\"Le pistole HVLP VS03, con Ventaglio XL e design compatto, assicurano alta efficienza certificata e qualit\u00e0 di finitura superiore nella verniciatura.\" \/>\n<meta name=\"robots\" content=\"index, follow, max-snippet:-1, max-image-preview:large, max-video-preview:-1\" \/>\n<link rel=\"canonical\" href=\"https:\/\/www.spraycolor.com\/spraygun\/pistole-hvlp\/\" \/>\n<meta property=\"og:locale\" content=\"it_IT\" \/>\n<meta property=\"og:type\" content=\"article\" \/>\n<meta property=\"og:title\" content=\"Pistole HVLP VS03 Low Pressure Spraycolor\" \/>\n<meta property=\"og:description\" content=\"Le pistole HVLP VS03, con Ventaglio XL e design compatto, assicurano alta efficienza certificata e qualit\u00e0 di finitura superiore nella verniciatura.\" \/>\n<meta property=\"og:url\" content=\"https:\/\/www.spraycolor.com\/spraygun\/pistole-hvlp\/\" \/>\n<meta property=\"og:site_name\" content=\"Automatic Spraygun - spraycolor\" \/>\n<meta property=\"article:modified_time\" content=\"2025-11-14T13:42:24+00:00\" \/>\n<meta property=\"og:image\" content=\"https:\/\/www.spraycolor.com\/spraygun\/wp-content\/uploads\/2020\/11\/flyer-VS03.jpg\" \/>\n\t<meta property=\"og:image:width\" content=\"2000\" \/>\n\t<meta property=\"og:image:height\" content=\"1335\" \/>\n\t<meta property=\"og:image:type\" content=\"image\/jpeg\" \/>\n<meta name=\"twitter:card\" content=\"summary_large_image\" \/>\n<meta name=\"twitter:label1\" content=\"Tempo di lettura stimato\" \/>\n\t<meta name=\"twitter:data1\" content=\"7 minuti\" \/>\n<script type=\"application\/ld+json\" class=\"yoast-schema-graph\">{\"@context\":\"https:\/\/schema.org\",\"@graph\":[{\"@type\":\"WebPage\",\"@id\":\"https:\/\/www.spraycolor.com\/spraygun\/pistole-hvlp\/\",\"url\":\"https:\/\/www.spraycolor.com\/spraygun\/pistole-hvlp\/\",\"name\":\"Pistole HVLP VS03 Low Pressure Spraycolor\",\"isPartOf\":{\"@id\":\"https:\/\/www.spraycolor.com\/spraygun\/#website\"},\"primaryImageOfPage\":{\"@id\":\"https:\/\/www.spraycolor.com\/spraygun\/pistole-hvlp\/#primaryimage\"},\"image\":{\"@id\":\"https:\/\/www.spraycolor.com\/spraygun\/pistole-hvlp\/#primaryimage\"},\"thumbnailUrl\":\"https:\/\/www.spraycolor.com\/spraygun\/wp-content\/uploads\/2020\/11\/flyer-VS03.jpg\",\"datePublished\":\"2020-11-02T10:47:06+00:00\",\"dateModified\":\"2025-11-14T13:42:24+00:00\",\"description\":\"Le pistole HVLP VS03, con Ventaglio XL e design compatto, assicurano alta efficienza certificata e qualit\u00e0 di finitura superiore nella verniciatura.\",\"breadcrumb\":{\"@id\":\"https:\/\/www.spraycolor.com\/spraygun\/pistole-hvlp\/#breadcrumb\"},\"inLanguage\":\"it-IT\",\"potentialAction\":[{\"@type\":\"ReadAction\",\"target\":[\"https:\/\/www.spraycolor.com\/spraygun\/pistole-hvlp\/\"]}]},{\"@type\":\"ImageObject\",\"inLanguage\":\"it-IT\",\"@id\":\"https:\/\/www.spraycolor.com\/spraygun\/pistole-hvlp\/#primaryimage\",\"url\":\"https:\/\/www.spraycolor.com\/spraygun\/wp-content\/uploads\/2020\/11\/flyer-VS03.jpg\",\"contentUrl\":\"https:\/\/www.spraycolor.com\/spraygun\/wp-content\/uploads\/2020\/11\/flyer-VS03.jpg\",\"width\":2000,\"height\":1335},{\"@type\":\"BreadcrumbList\",\"@id\":\"https:\/\/www.spraycolor.com\/spraygun\/pistole-hvlp\/#breadcrumb\",\"itemListElement\":[{\"@type\":\"ListItem\",\"position\":1,\"name\":\"Home\",\"item\":\"https:\/\/www.spraycolor.com\/spraygun\/\"},{\"@type\":\"ListItem\",\"position\":2,\"name\":\"VS03 Low pressure\"}]},{\"@type\":\"WebSite\",\"@id\":\"https:\/\/www.spraycolor.com\/spraygun\/#website\",\"url\":\"https:\/\/www.spraycolor.com\/spraygun\/\",\"name\":\"Automatic Spraygun - spraycolor\",\"description\":\"Pistole per verniciatura industriale\",\"publisher\":{\"@id\":\"https:\/\/www.spraycolor.com\/spraygun\/#organization\"},\"potentialAction\":[{\"@type\":\"SearchAction\",\"target\":{\"@type\":\"EntryPoint\",\"urlTemplate\":\"https:\/\/www.spraycolor.com\/spraygun\/?s={search_term_string}\"},\"query-input\":{\"@type\":\"PropertyValueSpecification\",\"valueRequired\":true,\"valueName\":\"search_term_string\"}}],\"inLanguage\":\"it-IT\"},{\"@type\":\"Organization\",\"@id\":\"https:\/\/www.spraycolor.com\/spraygun\/#organization\",\"name\":\"Spraycolor\",\"url\":\"https:\/\/www.spraycolor.com\/spraygun\/\",\"logo\":{\"@type\":\"ImageObject\",\"inLanguage\":\"it-IT\",\"@id\":\"https:\/\/www.spraycolor.com\/spraygun\/#\/schema\/logo\/image\/\",\"url\":\"https:\/\/www.spraycolor.com\/spraygun\/wp-content\/uploads\/2020\/10\/Logo_bianco400.png\",\"contentUrl\":\"https:\/\/www.spraycolor.com\/spraygun\/wp-content\/uploads\/2020\/10\/Logo_bianco400.png\",\"width\":400,\"height\":67,\"caption\":\"Spraycolor\"},\"image\":{\"@id\":\"https:\/\/www.spraycolor.com\/spraygun\/#\/schema\/logo\/image\/\"},\"sameAs\":[\"https:\/\/www.linkedin.com\/company\/spraycolor\/\"]}]}<\/script>\n<!-- \/ Yoast SEO plugin. -->","yoast_head_json":{"title":"Pistole HVLP VS03 Low Pressure Spraycolor","description":"Le pistole HVLP VS03, con Ventaglio XL e design compatto, assicurano alta efficienza certificata e qualit\u00e0 di finitura superiore nella verniciatura.","robots":{"index":"index","follow":"follow","max-snippet":"max-snippet:-1","max-image-preview":"max-image-preview:large","max-video-preview":"max-video-preview:-1"},"canonical":"https:\/\/www.spraycolor.com\/spraygun\/pistole-hvlp\/","og_locale":"it_IT","og_type":"article","og_title":"Pistole HVLP VS03 Low Pressure Spraycolor","og_description":"Le pistole HVLP VS03, con Ventaglio XL e design compatto, assicurano alta efficienza certificata e qualit\u00e0 di finitura superiore nella verniciatura.","og_url":"https:\/\/www.spraycolor.com\/spraygun\/pistole-hvlp\/","og_site_name":"Automatic Spraygun - spraycolor","article_modified_time":"2025-11-14T13:42:24+00:00","og_image":[{"width":2000,"height":1335,"url":"https:\/\/www.spraycolor.com\/spraygun\/wp-content\/uploads\/2020\/11\/flyer-VS03.jpg","type":"image\/jpeg"}],"twitter_card":"summary_large_image","twitter_misc":{"Tempo di lettura stimato":"7 minuti"},"schema":{"@context":"https:\/\/schema.org","@graph":[{"@type":"WebPage","@id":"https:\/\/www.spraycolor.com\/spraygun\/pistole-hvlp\/","url":"https:\/\/www.spraycolor.com\/spraygun\/pistole-hvlp\/","name":"Pistole HVLP VS03 Low Pressure Spraycolor","isPartOf":{"@id":"https:\/\/www.spraycolor.com\/spraygun\/#website"},"primaryImageOfPage":{"@id":"https:\/\/www.spraycolor.com\/spraygun\/pistole-hvlp\/#primaryimage"},"image":{"@id":"https:\/\/www.spraycolor.com\/spraygun\/pistole-hvlp\/#primaryimage"},"thumbnailUrl":"https:\/\/www.spraycolor.com\/spraygun\/wp-content\/uploads\/2020\/11\/flyer-VS03.jpg","datePublished":"2020-11-02T10:47:06+00:00","dateModified":"2025-11-14T13:42:24+00:00","description":"Le pistole HVLP VS03, con Ventaglio XL e design compatto, assicurano alta efficienza certificata e qualit\u00e0 di finitura superiore nella verniciatura.","breadcrumb":{"@id":"https:\/\/www.spraycolor.com\/spraygun\/pistole-hvlp\/#breadcrumb"},"inLanguage":"it-IT","potentialAction":[{"@type":"ReadAction","target":["https:\/\/www.spraycolor.com\/spraygun\/pistole-hvlp\/"]}]},{"@type":"ImageObject","inLanguage":"it-IT","@id":"https:\/\/www.spraycolor.com\/spraygun\/pistole-hvlp\/#primaryimage","url":"https:\/\/www.spraycolor.com\/spraygun\/wp-content\/uploads\/2020\/11\/flyer-VS03.jpg","contentUrl":"https:\/\/www.spraycolor.com\/spraygun\/wp-content\/uploads\/2020\/11\/flyer-VS03.jpg","width":2000,"height":1335},{"@type":"BreadcrumbList","@id":"https:\/\/www.spraycolor.com\/spraygun\/pistole-hvlp\/#breadcrumb","itemListElement":[{"@type":"ListItem","position":1,"name":"Home","item":"https:\/\/www.spraycolor.com\/spraygun\/"},{"@type":"ListItem","position":2,"name":"VS03 Low pressure"}]},{"@type":"WebSite","@id":"https:\/\/www.spraycolor.com\/spraygun\/#website","url":"https:\/\/www.spraycolor.com\/spraygun\/","name":"Automatic Spraygun - spraycolor","description":"Pistole per verniciatura industriale","publisher":{"@id":"https:\/\/www.spraycolor.com\/spraygun\/#organization"},"potentialAction":[{"@type":"SearchAction","target":{"@type":"EntryPoint","urlTemplate":"https:\/\/www.spraycolor.com\/spraygun\/?s={search_term_string}"},"query-input":{"@type":"PropertyValueSpecification","valueRequired":true,"valueName":"search_term_string"}}],"inLanguage":"it-IT"},{"@type":"Organization","@id":"https:\/\/www.spraycolor.com\/spraygun\/#organization","name":"Spraycolor","url":"https:\/\/www.spraycolor.com\/spraygun\/","logo":{"@type":"ImageObject","inLanguage":"it-IT","@id":"https:\/\/www.spraycolor.com\/spraygun\/#\/schema\/logo\/image\/","url":"https:\/\/www.spraycolor.com\/spraygun\/wp-content\/uploads\/2020\/10\/Logo_bianco400.png","contentUrl":"https:\/\/www.spraycolor.com\/spraygun\/wp-content\/uploads\/2020\/10\/Logo_bianco400.png","width":400,"height":67,"caption":"Spraycolor"},"image":{"@id":"https:\/\/www.spraycolor.com\/spraygun\/#\/schema\/logo\/image\/"},"sameAs":["https:\/\/www.linkedin.com\/company\/spraycolor\/"]}]}},"_links":{"self":[{"href":"https:\/\/www.spraycolor.com\/spraygun\/wp-json\/wp\/v2\/pages\/16219","targetHints":{"allow":["GET"]}}],"collection":[{"href":"https:\/\/www.spraycolor.com\/spraygun\/wp-json\/wp\/v2\/pages"}],"about":[{"href":"https:\/\/www.spraycolor.com\/spraygun\/wp-json\/wp\/v2\/types\/page"}],"author":[{"embeddable":true,"href":"https:\/\/www.spraycolor.com\/spraygun\/wp-json\/wp\/v2\/users\/1"}],"replies":[{"embeddable":true,"href":"https:\/\/www.spraycolor.com\/spraygun\/wp-json\/wp\/v2\/comments?post=16219"}],"version-history":[{"count":67,"href":"https:\/\/www.spraycolor.com\/spraygun\/wp-json\/wp\/v2\/pages\/16219\/revisions"}],"predecessor-version":[{"id":18868,"href":"https:\/\/www.spraycolor.com\/spraygun\/wp-json\/wp\/v2\/pages\/16219\/revisions\/18868"}],"wp:featuredmedia":[{"embeddable":true,"href":"https:\/\/www.spraycolor.com\/spraygun\/wp-json\/wp\/v2\/media\/16227"}],"wp:attachment":[{"href":"https:\/\/www.spraycolor.com\/spraygun\/wp-json\/wp\/v2\/media?parent=16219"}],"curies":[{"name":"wp","href":"https:\/\/api.w.org\/{rel}","templated":true}]}}