{"id":16205,"date":"2020-11-02T11:17:38","date_gmt":"2020-11-02T10:17:38","guid":{"rendered":"https:\/\/www.spraycolor.com\/spraygun\/?page_id=16205"},"modified":"2025-11-14T14:44:03","modified_gmt":"2025-11-14T13:44:03","slug":"pistola-alto-indice-trasferimento","status":"publish","type":"page","link":"https:\/\/www.spraycolor.com\/spraygun\/pistola-alto-indice-trasferimento\/","title":{"rendered":"VSE VOLUMETRIC spray gun"},"content":{"rendered":"<div class=\"wpb-content-wrapper\"><p>[vc_row css_animation=&#8221;&#8221; row_type=&#8221;row&#8221; use_row_as_full_screen_section=&#8221;no&#8221; type=&#8221;grid&#8221; angled_section=&#8221;no&#8221; text_align=&#8221;left&#8221; background_image_as_pattern=&#8221;without_pattern&#8221; z_index=&#8221;&#8221; padding_top=&#8221;50&#8243; padding_bottom=&#8221;50&#8243;][vc_column width=&#8221;1\/2&#8243;][vc_column_text css=&#8221;&#8221; el_class=&#8221;testointerno&#8221;]<\/p>\n<h1>Pistola alto indice trasferimento<\/h1>\n<h2>VSE Volumetric: la pistola ad alto indice di trasferimento da 0,4 bar<\/h2>\n<p><strong>VSE Volumetric<\/strong> di Spraycolor rivoluziona la <a href=\"https:\/\/www.spraycolor.com\/spraygun\/verniciatura-industriale\/\">verniciatura industriale<\/a>. Una <strong>pistola ad alto indice di trasferimento<\/strong> unica al mondo, capace di offrire una qualit\u00e0 di <strong>polverizzazione e finitura ineguagliabile operando a pressioni<\/strong> record da soli 0,4 bar. Senza fumi da depurare, stabilisce un nuovo standard di efficienza e sostenibilit\u00e0 per gli <a href=\"https:\/\/www.spraycolor.com\/spraygun\/aerografi-automatici\/\">aerografi automatici<\/a> nei sistemi di verniciatura a spruzzo.<\/p>\n<h3>La pistola ad alta efficienza di trasferimento senza fumi<\/h3>\n<p>La VSE Volumetric \u00e8 una <strong>pistola ad alto trasferimento<\/strong> che supera i limiti dei sistemi volumetrici tradizionali. Mentre le comuni tecnologie richiedono almeno 0,7 bar per una finitura spesso non ottimale, la VSE <strong>raggiunge l&#8217;eccellenza a soli 0,4 bar<\/strong>.<\/p>\n<p>Questa bassissima pressione di atomizzazione, combinata con la speciale testina Ecology M intercambiabile, permette una polverizzazione molto fine e controllata.<br \/>\nCon la <strong>testina CS<\/strong> invece otteniamo eccellenti finiture con prodotti altamente viscosi e difficili da spruzzare.<\/p>\n<p>Il risultato \u00e8 una finitura di alta qualit\u00e0 senza la necessit\u00e0 di successivi passaggi e, soprattutto, <strong>senza la produzione di fumi<\/strong> da depurare in cabina. Questo rende la VSE un <strong>aerografo automatico ad alto trasferimento<\/strong> tecnologicamente unico nel suo genere.<\/p>\n<p><a href=\"https:\/\/www.spraycolor.com\/spraygun\/contatti\/\">Richiedi una consulenza per l\u2019acquisto<\/a><\/p>\n<h3>Vantaggi della pistola ad alto trasferimento VSE Volumetric<\/h3>\n<p>Il modello VSE Volumetric \u00e8 una <strong>pistola ad alto indice di trasferimento evoluta<\/strong>, progettata per offrire la massima efficienza. La sua capacit\u00e0 di lavorare a 0,4 bar porta vantaggi significativi: migliora la <strong>qualit\u00e0<\/strong> delle lavorazioni, riduce i <strong>costi<\/strong> e aumenta la <strong>sostenibilit\u00e0<\/strong>.<\/p>\n<h4>Altissima finitura: qualit\u00e0 ineguagliabile a bassa pressione<\/h4>\n<p>Nonostante la pressione estremamente bassa, garantisce un grado di polverizzazione finissimo e omogeneo. Questo si traduce in una <strong>qualit\u00e0 di finitura superiore<\/strong>, senza difetti e con una <strong>stesura perfetta del prodotto<\/strong>, eliminando la necessit\u00e0 di ulteriori lavorazioni.[\/vc_column_text][vc_separator type=&#8221;normal&#8221;][vc_single_image image=&#8221;16093&#8243; img_size=&#8221;full&#8221; qode_css_animation=&#8221;&#8221;][\/vc_column][vc_column width=&#8221;1\/2&#8243;][vc_column_text css=&#8221;&#8221; el_class=&#8221;testointerno&#8221;]<\/p>\n<h4>Pressione di lavoro rivoluzionaria: da 0,4 bar<\/h4>\n<p>Alla base dell&#8217;innovazione VSE, c\u2019\u00e8 la sua capacit\u00e0 di operare a una pressione di atomizzazione incredibilmente bassa <strong>da 0,4 bar.<\/strong> Questo livello, irraggiungibile per altre pistole volumetriche con pari qualit\u00e0 di finitura, <strong>minimizza il consumo di aria compressa e l&#8217;energia<\/strong> necessaria per produrla.<\/p>\n<h4>Nessun fumo da depurare: ambiente pulito e costi ridotti<\/h4>\n<p>La combinazione di bassa pressione e nebulizzazione controllata <strong>elimina quasi totalmente la formazione di fumi in cabina<\/strong>. Questo significa un ambiente di lavoro pi\u00f9 salubre, l&#8217;eliminazione dei costi associati ai <strong>sistemi di depurazione fumi e un minore impatto ambientale<\/strong>.<\/p>\n<h4>Pistola ad alto trasferimento: massima efficienza, meno sprechi<\/h4>\n<p>L&#8217;atomizzazione da 0,4 bar massimizza l&#8217;<strong>alta efficienza di trasferimento<\/strong>. Una quantit\u00e0 elevata di prodotto raggiunge la superficie desiderata, <strong>riducendo drasticamente l&#8217;<\/strong>overspray e il consumo di materiale. Meno sprechi si traducono in <strong>minori costi di acquisto e smaltimento<\/strong>.<\/p>\n<h4>Compatibilit\u00e0 universale: installabile su impianti volumetrici esistenti<\/h4>\n<p>Nonostante la sua tecnologia rivoluzionaria, la VSE Volumetric \u00e8 progettata per essere <strong>facilmente integrata<\/strong>. Pu\u00f2 essere installata su qualsiasi impianto preesistente predisposto per <strong>sistemi volumetrici standard<\/strong>, senza richiedere modifiche complesse o costose.<\/p>\n<h3>La rivoluzione dei 0,4 bar: come funziona VSE Volumetric<\/h3>\n<p>Il segreto della VSE \u00e8 la sua capacit\u00e0 unica di generare <strong>un&#8217;atomizzazione estremamente fine<\/strong> utilizzando uno <strong>studio accurato di fluidodinamica<\/strong>.<\/p>\n<p>Questo \u00e8 reso possibile anche dal <strong>design innovativo della testina Ecology M<\/strong> e dei condotti interni. L&#8217;aria e il fluido vengono miscelati in modo altamente efficiente, creando un <strong>getto controllato con particelle finissime e a bassa velocit\u00e0.<\/strong><\/p>\n<p>Questo <strong>minimizza il rimbalzo sulla superficie (bounce-back) e la formazione di fumi<\/strong>, garantendo un&#8217;alta efficienza di trasferimento che ridefinisce gli standard del settore. Un <strong>aerografo automatico<\/strong> di nuova generazione che ripensa il processo di verniciatura.<\/p>\n<p><a href=\"https:\/\/www.spraycolor.com\/spraygun\/contatti\/\">Contattaci per un preventivo<\/a>[\/vc_column_text][\/vc_column][\/vc_row][vc_row css_animation=&#8221;&#8221; row_type=&#8221;row&#8221; use_row_as_full_screen_section=&#8221;no&#8221; type=&#8221;full_width&#8221; angled_section=&#8221;no&#8221; text_align=&#8221;left&#8221; background_image_as_pattern=&#8221;without_pattern&#8221;][vc_column][vc_gallery type=&#8221;image_grid&#8221; images=&#8221;16206,16211,16209,16207&#8243; img_size=&#8221;1100&#215;800&#8243; onclick=&#8221;&#8221; css_animation=&#8221;fadeIn&#8221; column_number=&#8221;4&#8243; grayscale=&#8221;no&#8221; images_space=&#8221;gallery_without_space&#8221;][\/vc_column][\/vc_row][vc_row css_animation=&#8221;&#8221; row_type=&#8221;row&#8221; use_row_as_full_screen_section=&#8221;no&#8221; type=&#8221;grid&#8221; angled_section=&#8221;no&#8221; text_align=&#8221;left&#8221; background_image_as_pattern=&#8221;without_pattern&#8221; z_index=&#8221;&#8221; padding_top=&#8221;50&#8243; padding_bottom=&#8221;50&#8243;][vc_column width=&#8221;1\/3&#8243;][vc_column_text css=&#8221;&#8221; el_class=&#8221;caratteristiche&#8221;]<\/p>\n<h3>Caratteristiche tecniche della spraygun<\/h3>\n<ul>\n<li>Pressione aria comando (CYL): 3.5 bar (max 4.0 bar)<\/li>\n<li>Pressione ingresso vernice: max 6 bar<\/li>\n<li>Pressione atomizzazione (ATO): da 0.4 bar a max 1 bar<\/li>\n<li>Peso: 850 gr<\/li>\n<li>Consumo aria: 280 l\/min<\/li>\n<li>Viscosit\u00e0 prodotto ideale: Bassa, Media, Alta<\/li>\n<li>Connessioni aria\/vernice: Ingresso vernice G \u00bc\u201d, Ingressi atomizzazione G 3\/8\u2033, Aria CYL G 1\/4&#8243;<\/li>\n<li>(o specifica se diversa)<\/li>\n<li>Fissaggio alla macchina: 3 fori \u00d8 10 mm o 2 fori \u00d8 12 mm<\/li>\n<li>Diametri ugello disponibili: \u00d8 0.8 -1.0 \u2013 1.2<\/li>\n<li>Testine disponibili: Ecology M &#8211; CS<\/li>\n<\/ul>\n<p>[\/vc_column_text][vc_separator type=&#8221;transparent&#8221;][\/vc_column][vc_column width=&#8221;1\/3&#8243;][vc_column_text css=&#8221;&#8221; el_class=&#8221;confezione&#8221;]<\/p>\n<h3>Contenuto della confezione<\/h3>\n<ul>\n<li>Pistola alto indice trasferimento VSE Volumetric<\/li>\n<li>Supporto per fissaggio macchina<\/li>\n<li>Scheda di collaudo con numero di serie (utile per supporto tecnico)<\/li>\n<li>Manuale di uso e manutenzione<\/li>\n<li>1 Tappo G \u00bc\u201d<\/li>\n<\/ul>\n<p>[\/vc_column_text][vc_separator type=&#8221;transparent&#8221; up=&#8221;5&#8243; down=&#8221;5&#8243;][\/vc_column][vc_column width=&#8221;1\/3&#8243;][vc_column_text css=&#8221;&#8221; el_class=&#8221;confezione&#8221;]<\/p>\n<h3>Documentazione e risorse<\/h3>\n<p>Per garantire la massima efficienza, una corretta manutenzione e una lunga durata della tua <strong>pistola automatica VSE Volumetric<\/strong>, mettiamo a disposizione tutta la documentazione tecnica dettagliata e la certificazione di efficienza di trasferimento.[\/vc_column_text]<a  itemprop=\"url\" href=\"https:\/\/www.spraycolor.com\/spraygun\/wp-content\/uploads\/VSE-ita.pdf\" target=\"_blank\"  class=\"qbutton  big_large_full_width default\" style=\"\">Scheda tecnica e ricambi<\/a>[vc_separator type=&#8221;transparent&#8221; up=&#8221;5&#8243; down=&#8221;5&#8243;]<a  itemprop=\"url\" href=\"https:\/\/www.spraycolor.com\/spraygun\/wp-content\/uploads\/Manuale-uso_VSE.pdf\" target=\"_blank\"  class=\"qbutton  big_large_full_width default\" style=\"\">Manuale di istruzioni<\/a>[vc_separator type=&#8221;transparent&#8221; up=&#8221;5&#8243; down=&#8221;5&#8243;]<a  itemprop=\"url\" href=\"https:\/\/www.spraycolor.com\/spraygun\/wp-content\/uploads\/spraycolor-VSE-07-bar-certificate.pdf\" target=\"_blank\"  class=\"qbutton  big_large_full_width default\" style=\"\">Certificazione<\/a>[\/vc_column][\/vc_row][vc_row css_animation=&#8221;&#8221; row_type=&#8221;row&#8221; use_row_as_full_screen_section=&#8221;no&#8221; type=&#8221;grid&#8221; angled_section=&#8221;no&#8221; text_align=&#8221;left&#8221; background_image_as_pattern=&#8221;without_pattern&#8221; z_index=&#8221;&#8221; padding_top=&#8221;50&#8243; padding_bottom=&#8221;50&#8243;][vc_column width=&#8221;1\/2&#8243;][vc_column_text css=&#8221;&#8221; el_class=&#8221;testointerno&#8221;]<\/p>\n<h2>Perch\u00e9 scegliere Spraycolor per la verniciatura industriale<\/h2>\n<p>Affidarsi a Spraycolor significa scegliere un partner con oltre 50 anni di esperienza nella <a href=\"https:\/\/www.spraycolor.com\/spraygun\/verniciatura-industriale\/\">verniciatura industriale<\/a>. Non offriamo solo prodotti, ma soluzioni complete basate su qualit\u00e0, affidabilit\u00e0 e innovazione.<\/p>\n<h3>Qualit\u00e0 della verniciatura<\/h3>\n<p>La nostra lunga esperienza ci permette di offrire <a href=\"https:\/\/www.spraycolor.com\/spraygun\/aerografi-automatici\/\">aerografi automatici<\/a> che garantiscono risultati eccellenti su ogni tipo di impianto o <a href=\"https:\/\/www.spraycolor.com\/spraygun\/sistemi-di-verniciatura-a-spruzzo\/cabine-di-verniciatura\/\">cabina di verniciatura<\/a> a spruzzo.<\/p>\n<h3>Durata della componentistica<\/h3>\n<p>Grazie a <strong>materiali di alta qualit\u00e0 e design innovativi<\/strong>, come i rivestimenti protettivi al titanio su alcuni componenti, le pistole Spraycolor assicurano <strong>affidabilit\u00e0 e risparmio a lungo termine<\/strong>.[\/vc_column_text][\/vc_column][vc_column width=&#8221;1\/2&#8243;][vc_column_text css=&#8221;&#8221; el_class=&#8221;testointerno&#8221;]<\/p>\n<h3>Risparmio di energia e vernice<\/h3>\n<p>L&#8217;<strong>efficienza energetica<\/strong> e il <strong>rispetto ambientale<\/strong> sono al centro della nostra ricerca. Sviluppiamo tecnologie che riducono l&#8217;overspray e i consumi nella verniciatura automatica.<\/p>\n<h3>Cura per il dettaglio<\/h3>\n<p>Spraycolor \u00e8 sinonimo di innovazione e attenzione ai dettagli. Forniamo manuali, schede tecniche e ricambi per ogni prodotto, per <strong>facilitare l\u2019uso e manutenzione<\/strong>.<br \/>\nRigorosamente <strong>100% made in Italy<\/strong>.<\/p>\n<p>Vuoi ricevere un preventivo o consulenza sulla <strong>pistola a spruzzo VSE Volumetric?<\/strong><br \/>\n<a href=\"https:\/\/www.spraycolor.com\/spraygun\/contatti\/\">CONTATTACI<\/a>[\/vc_column_text][\/vc_column][\/vc_row][vc_row css_animation=&#8221;&#8221; row_type=&#8221;row&#8221; use_row_as_full_screen_section=&#8221;no&#8221; type=&#8221;grid&#8221; angled_section=&#8221;no&#8221; text_align=&#8221;left&#8221; background_image_as_pattern=&#8221;without_pattern&#8221; z_index=&#8221;&#8221;][vc_column][vc_video link=&#8221;https:\/\/vimeo.com\/213370024&#8243;][\/vc_column][\/vc_row][vc_row css_animation=&#8221;&#8221; row_type=&#8221;row&#8221; use_row_as_full_screen_section=&#8221;no&#8221; type=&#8221;full_width&#8221; angled_section=&#8221;no&#8221; text_align=&#8221;left&#8221; background_image_as_pattern=&#8221;without_pattern&#8221;][vc_column][vc_empty_space][\/vc_column][\/vc_row]<\/p>\n<\/div>","protected":false},"excerpt":{"rendered":"<p>[vc_row css_animation=&#8221;&#8221; row_type=&#8221;row&#8221; use_row_as_full_screen_section=&#8221;no&#8221; type=&#8221;grid&#8221; angled_section=&#8221;no&#8221; text_align=&#8221;left&#8221; background_image_as_pattern=&#8221;without_pattern&#8221; z_index=&#8221;&#8221; padding_top=&#8221;50&#8243; padding_bottom=&#8221;50&#8243;][vc_column width=&#8221;1\/2&#8243;][vc_column_text css=&#8221;&#8221; el_class=&#8221;testointerno&#8221;] Pistola alto indice trasferimento VSE Volumetric: la pistola ad alto indice di trasferimento da 0,4 bar VSE Volumetric di Spraycolor rivoluziona la verniciatura industriale. Una pistola ad alto indice di trasferimento&#8230;<\/p>\n","protected":false},"author":1,"featured_media":16210,"parent":0,"menu_order":28,"comment_status":"closed","ping_status":"closed","template":"full_width.php","meta":{"footnotes":""},"class_list":["post-16205","page","type-page","status-publish","has-post-thumbnail","hentry"],"yoast_head":"<!-- This site is optimized with the Yoast SEO plugin v26.5 - https:\/\/yoast.com\/wordpress\/plugins\/seo\/ -->\n<title>Pistola alto indice trasferimento VSE Volumetric<\/title>\n<meta name=\"description\" content=\"VSE di Spraycolor \u00e8 la pistola alto indice trasferimento rivoluzionaria. Lavora a 0,4 bar senza fumi da depurare. Massima efficienza e qualit\u00e0 superiore.\" \/>\n<meta name=\"robots\" content=\"index, follow, max-snippet:-1, max-image-preview:large, max-video-preview:-1\" \/>\n<link rel=\"canonical\" href=\"https:\/\/www.spraycolor.com\/spraygun\/pistola-alto-indice-trasferimento\/\" \/>\n<meta property=\"og:locale\" content=\"it_IT\" \/>\n<meta property=\"og:type\" content=\"article\" \/>\n<meta property=\"og:title\" content=\"Pistola alto indice trasferimento VSE Volumetric\" \/>\n<meta property=\"og:description\" content=\"VSE di Spraycolor \u00e8 la pistola alto indice trasferimento rivoluzionaria. Lavora a 0,4 bar senza fumi da depurare. Massima efficienza e qualit\u00e0 superiore.\" \/>\n<meta property=\"og:url\" content=\"https:\/\/www.spraycolor.com\/spraygun\/pistola-alto-indice-trasferimento\/\" \/>\n<meta property=\"og:site_name\" content=\"Automatic Spraygun - spraycolor\" \/>\n<meta property=\"article:modified_time\" content=\"2025-11-14T13:44:03+00:00\" \/>\n<meta property=\"og:image\" content=\"https:\/\/www.spraycolor.com\/spraygun\/wp-content\/uploads\/2020\/11\/flyer-VSE.jpg\" \/>\n\t<meta property=\"og:image:width\" content=\"2000\" \/>\n\t<meta property=\"og:image:height\" content=\"1339\" \/>\n\t<meta property=\"og:image:type\" content=\"image\/jpeg\" \/>\n<meta name=\"twitter:card\" content=\"summary_large_image\" \/>\n<meta name=\"twitter:label1\" content=\"Tempo di lettura stimato\" \/>\n\t<meta name=\"twitter:data1\" content=\"7 minuti\" \/>\n<script type=\"application\/ld+json\" class=\"yoast-schema-graph\">{\"@context\":\"https:\/\/schema.org\",\"@graph\":[{\"@type\":\"WebPage\",\"@id\":\"https:\/\/www.spraycolor.com\/spraygun\/pistola-alto-indice-trasferimento\/\",\"url\":\"https:\/\/www.spraycolor.com\/spraygun\/pistola-alto-indice-trasferimento\/\",\"name\":\"Pistola alto indice trasferimento VSE Volumetric\",\"isPartOf\":{\"@id\":\"https:\/\/www.spraycolor.com\/spraygun\/#website\"},\"primaryImageOfPage\":{\"@id\":\"https:\/\/www.spraycolor.com\/spraygun\/pistola-alto-indice-trasferimento\/#primaryimage\"},\"image\":{\"@id\":\"https:\/\/www.spraycolor.com\/spraygun\/pistola-alto-indice-trasferimento\/#primaryimage\"},\"thumbnailUrl\":\"https:\/\/www.spraycolor.com\/spraygun\/wp-content\/uploads\/2020\/11\/flyer-VSE.jpg\",\"datePublished\":\"2020-11-02T10:17:38+00:00\",\"dateModified\":\"2025-11-14T13:44:03+00:00\",\"description\":\"VSE di Spraycolor \u00e8 la pistola alto indice trasferimento rivoluzionaria. Lavora a 0,4 bar senza fumi da depurare. Massima efficienza e qualit\u00e0 superiore.\",\"breadcrumb\":{\"@id\":\"https:\/\/www.spraycolor.com\/spraygun\/pistola-alto-indice-trasferimento\/#breadcrumb\"},\"inLanguage\":\"it-IT\",\"potentialAction\":[{\"@type\":\"ReadAction\",\"target\":[\"https:\/\/www.spraycolor.com\/spraygun\/pistola-alto-indice-trasferimento\/\"]}]},{\"@type\":\"ImageObject\",\"inLanguage\":\"it-IT\",\"@id\":\"https:\/\/www.spraycolor.com\/spraygun\/pistola-alto-indice-trasferimento\/#primaryimage\",\"url\":\"https:\/\/www.spraycolor.com\/spraygun\/wp-content\/uploads\/2020\/11\/flyer-VSE.jpg\",\"contentUrl\":\"https:\/\/www.spraycolor.com\/spraygun\/wp-content\/uploads\/2020\/11\/flyer-VSE.jpg\",\"width\":2000,\"height\":1339},{\"@type\":\"BreadcrumbList\",\"@id\":\"https:\/\/www.spraycolor.com\/spraygun\/pistola-alto-indice-trasferimento\/#breadcrumb\",\"itemListElement\":[{\"@type\":\"ListItem\",\"position\":1,\"name\":\"Home\",\"item\":\"https:\/\/www.spraycolor.com\/spraygun\/\"},{\"@type\":\"ListItem\",\"position\":2,\"name\":\"VSE VOLUMETRIC spray gun\"}]},{\"@type\":\"WebSite\",\"@id\":\"https:\/\/www.spraycolor.com\/spraygun\/#website\",\"url\":\"https:\/\/www.spraycolor.com\/spraygun\/\",\"name\":\"Automatic Spraygun - spraycolor\",\"description\":\"Pistole per verniciatura industriale\",\"publisher\":{\"@id\":\"https:\/\/www.spraycolor.com\/spraygun\/#organization\"},\"potentialAction\":[{\"@type\":\"SearchAction\",\"target\":{\"@type\":\"EntryPoint\",\"urlTemplate\":\"https:\/\/www.spraycolor.com\/spraygun\/?s={search_term_string}\"},\"query-input\":{\"@type\":\"PropertyValueSpecification\",\"valueRequired\":true,\"valueName\":\"search_term_string\"}}],\"inLanguage\":\"it-IT\"},{\"@type\":\"Organization\",\"@id\":\"https:\/\/www.spraycolor.com\/spraygun\/#organization\",\"name\":\"Spraycolor\",\"url\":\"https:\/\/www.spraycolor.com\/spraygun\/\",\"logo\":{\"@type\":\"ImageObject\",\"inLanguage\":\"it-IT\",\"@id\":\"https:\/\/www.spraycolor.com\/spraygun\/#\/schema\/logo\/image\/\",\"url\":\"https:\/\/www.spraycolor.com\/spraygun\/wp-content\/uploads\/2020\/10\/Logo_bianco400.png\",\"contentUrl\":\"https:\/\/www.spraycolor.com\/spraygun\/wp-content\/uploads\/2020\/10\/Logo_bianco400.png\",\"width\":400,\"height\":67,\"caption\":\"Spraycolor\"},\"image\":{\"@id\":\"https:\/\/www.spraycolor.com\/spraygun\/#\/schema\/logo\/image\/\"},\"sameAs\":[\"https:\/\/www.linkedin.com\/company\/spraycolor\/\"]}]}<\/script>\n<!-- \/ Yoast SEO plugin. -->","yoast_head_json":{"title":"Pistola alto indice trasferimento VSE Volumetric","description":"VSE di Spraycolor \u00e8 la pistola alto indice trasferimento rivoluzionaria. Lavora a 0,4 bar senza fumi da depurare. Massima efficienza e qualit\u00e0 superiore.","robots":{"index":"index","follow":"follow","max-snippet":"max-snippet:-1","max-image-preview":"max-image-preview:large","max-video-preview":"max-video-preview:-1"},"canonical":"https:\/\/www.spraycolor.com\/spraygun\/pistola-alto-indice-trasferimento\/","og_locale":"it_IT","og_type":"article","og_title":"Pistola alto indice trasferimento VSE Volumetric","og_description":"VSE di Spraycolor \u00e8 la pistola alto indice trasferimento rivoluzionaria. Lavora a 0,4 bar senza fumi da depurare. Massima efficienza e qualit\u00e0 superiore.","og_url":"https:\/\/www.spraycolor.com\/spraygun\/pistola-alto-indice-trasferimento\/","og_site_name":"Automatic Spraygun - spraycolor","article_modified_time":"2025-11-14T13:44:03+00:00","og_image":[{"width":2000,"height":1339,"url":"https:\/\/www.spraycolor.com\/spraygun\/wp-content\/uploads\/2020\/11\/flyer-VSE.jpg","type":"image\/jpeg"}],"twitter_card":"summary_large_image","twitter_misc":{"Tempo di lettura stimato":"7 minuti"},"schema":{"@context":"https:\/\/schema.org","@graph":[{"@type":"WebPage","@id":"https:\/\/www.spraycolor.com\/spraygun\/pistola-alto-indice-trasferimento\/","url":"https:\/\/www.spraycolor.com\/spraygun\/pistola-alto-indice-trasferimento\/","name":"Pistola alto indice trasferimento VSE Volumetric","isPartOf":{"@id":"https:\/\/www.spraycolor.com\/spraygun\/#website"},"primaryImageOfPage":{"@id":"https:\/\/www.spraycolor.com\/spraygun\/pistola-alto-indice-trasferimento\/#primaryimage"},"image":{"@id":"https:\/\/www.spraycolor.com\/spraygun\/pistola-alto-indice-trasferimento\/#primaryimage"},"thumbnailUrl":"https:\/\/www.spraycolor.com\/spraygun\/wp-content\/uploads\/2020\/11\/flyer-VSE.jpg","datePublished":"2020-11-02T10:17:38+00:00","dateModified":"2025-11-14T13:44:03+00:00","description":"VSE di Spraycolor \u00e8 la pistola alto indice trasferimento rivoluzionaria. Lavora a 0,4 bar senza fumi da depurare. Massima efficienza e qualit\u00e0 superiore.","breadcrumb":{"@id":"https:\/\/www.spraycolor.com\/spraygun\/pistola-alto-indice-trasferimento\/#breadcrumb"},"inLanguage":"it-IT","potentialAction":[{"@type":"ReadAction","target":["https:\/\/www.spraycolor.com\/spraygun\/pistola-alto-indice-trasferimento\/"]}]},{"@type":"ImageObject","inLanguage":"it-IT","@id":"https:\/\/www.spraycolor.com\/spraygun\/pistola-alto-indice-trasferimento\/#primaryimage","url":"https:\/\/www.spraycolor.com\/spraygun\/wp-content\/uploads\/2020\/11\/flyer-VSE.jpg","contentUrl":"https:\/\/www.spraycolor.com\/spraygun\/wp-content\/uploads\/2020\/11\/flyer-VSE.jpg","width":2000,"height":1339},{"@type":"BreadcrumbList","@id":"https:\/\/www.spraycolor.com\/spraygun\/pistola-alto-indice-trasferimento\/#breadcrumb","itemListElement":[{"@type":"ListItem","position":1,"name":"Home","item":"https:\/\/www.spraycolor.com\/spraygun\/"},{"@type":"ListItem","position":2,"name":"VSE VOLUMETRIC spray gun"}]},{"@type":"WebSite","@id":"https:\/\/www.spraycolor.com\/spraygun\/#website","url":"https:\/\/www.spraycolor.com\/spraygun\/","name":"Automatic Spraygun - spraycolor","description":"Pistole per verniciatura industriale","publisher":{"@id":"https:\/\/www.spraycolor.com\/spraygun\/#organization"},"potentialAction":[{"@type":"SearchAction","target":{"@type":"EntryPoint","urlTemplate":"https:\/\/www.spraycolor.com\/spraygun\/?s={search_term_string}"},"query-input":{"@type":"PropertyValueSpecification","valueRequired":true,"valueName":"search_term_string"}}],"inLanguage":"it-IT"},{"@type":"Organization","@id":"https:\/\/www.spraycolor.com\/spraygun\/#organization","name":"Spraycolor","url":"https:\/\/www.spraycolor.com\/spraygun\/","logo":{"@type":"ImageObject","inLanguage":"it-IT","@id":"https:\/\/www.spraycolor.com\/spraygun\/#\/schema\/logo\/image\/","url":"https:\/\/www.spraycolor.com\/spraygun\/wp-content\/uploads\/2020\/10\/Logo_bianco400.png","contentUrl":"https:\/\/www.spraycolor.com\/spraygun\/wp-content\/uploads\/2020\/10\/Logo_bianco400.png","width":400,"height":67,"caption":"Spraycolor"},"image":{"@id":"https:\/\/www.spraycolor.com\/spraygun\/#\/schema\/logo\/image\/"},"sameAs":["https:\/\/www.linkedin.com\/company\/spraycolor\/"]}]}},"_links":{"self":[{"href":"https:\/\/www.spraycolor.com\/spraygun\/wp-json\/wp\/v2\/pages\/16205","targetHints":{"allow":["GET"]}}],"collection":[{"href":"https:\/\/www.spraycolor.com\/spraygun\/wp-json\/wp\/v2\/pages"}],"about":[{"href":"https:\/\/www.spraycolor.com\/spraygun\/wp-json\/wp\/v2\/types\/page"}],"author":[{"embeddable":true,"href":"https:\/\/www.spraycolor.com\/spraygun\/wp-json\/wp\/v2\/users\/1"}],"replies":[{"embeddable":true,"href":"https:\/\/www.spraycolor.com\/spraygun\/wp-json\/wp\/v2\/comments?post=16205"}],"version-history":[{"count":34,"href":"https:\/\/www.spraycolor.com\/spraygun\/wp-json\/wp\/v2\/pages\/16205\/revisions"}],"predecessor-version":[{"id":18869,"href":"https:\/\/www.spraycolor.com\/spraygun\/wp-json\/wp\/v2\/pages\/16205\/revisions\/18869"}],"wp:featuredmedia":[{"embeddable":true,"href":"https:\/\/www.spraycolor.com\/spraygun\/wp-json\/wp\/v2\/media\/16210"}],"wp:attachment":[{"href":"https:\/\/www.spraycolor.com\/spraygun\/wp-json\/wp\/v2\/media?parent=16205"}],"curies":[{"name":"wp","href":"https:\/\/api.w.org\/{rel}","templated":true}]}}