{"id":16950,"date":"2020-11-02T13:22:44","date_gmt":"2020-11-02T12:22:44","guid":{"rendered":"https:\/\/www.spraycolor.com\/spraygun\/testine-intercambiabili\/"},"modified":"2021-01-28T11:02:23","modified_gmt":"2021-01-28T10:02:23","slug":"cabecotes-de-atomizacao-substituiveis","status":"publish","type":"page","link":"https:\/\/www.spraycolor.com\/spraygun\/pt-br\/cabecotes-de-atomizacao-substituiveis\/","title":{"rendered":"Cabe\u00e7otes de atomiza\u00e7\u00e3o substitu\u00edveis"},"content":{"rendered":"<div class=\"wpb-content-wrapper\"><p>[vc_row css_animation=&#8221;&#8221; row_type=&#8221;row&#8221; use_row_as_full_screen_section=&#8221;no&#8221; type=&#8221;grid&#8221; angled_section=&#8221;no&#8221; text_align=&#8221;left&#8221; background_image_as_pattern=&#8221;without_pattern&#8221; z_index=&#8221;&#8221; padding_top=&#8221;50&#8243; padding_bottom=&#8221;50&#8243;][vc_column width=&#8221;1\/2&#8243;][vc_column_text]O amplo leque de cabe\u00e7otes de atomiza\u00e7\u00e3o substitu\u00edveis, adequados para todos os modelos fabricados por n\u00f3s, com exce\u00e7\u00e3o da MT, satisfaz qualquer exig\u00eancia de processamento dos nossos Clientes.<\/p>\n<p>Cada cabe\u00e7ote da marca\u00a0<strong>spraycolor\u00ae\u00a0<\/strong>\u00e9 obtido inteiramente de um \u00fanico bloco, realizado com uma geometria dos furos de elevada precis\u00e3o, o que marca a diferen\u00e7a com os outros cabe\u00e7otes no mercado, realizados por moldagem, e cujo desempenho resulta tecnicamente inferior.<\/p>\n<p>Todos os componentes de nossa produ\u00e7\u00e3o, bem como os acess\u00f3rios, s\u00e3o realizados de um \u00fanico bloco, caracter\u00edstica que os torna \u00fanicos e confi\u00e1veis ao longo do tempo, diferenciando-os pela nobreza dos materiais e pela tecnologia dos processos de produ\u00e7\u00e3o.[\/vc_column_text][vc_separator type=&#8221;transparent&#8221;][\/vc_column][vc_column width=&#8221;1\/2&#8243;][vc_column_text css=&#8221;.vc_custom_1607533332672{margin-right: 5px !important;margin-left: 5px !important;padding-top: 20px !important;padding-right: 20px !important;padding-bottom: 20px !important;padding-left: 20px !important;background-color: #232323 !important;}&#8221;]<\/p>\n<h2 style=\"text-align: center;\">Tipos<\/h2>\n<p>[\/vc_column_text]<div class=\"qode-accordion-holder clearfix qode-toggle qode-initial \">\n\t<h4 class=\"clearfix qode-title-holder\">\n<span class=\"qode-tab-title\">\n\t    <span class=\"qode-tab-title-inner\">\n        S    <\/span>\n<\/span>\n<span class=\"qode-accordion-mark\">\n    <span class=\"qode-accordion-mark-icon\">\n        <span class=\"icon_plus\"><\/span>\n        <span class=\"icon_minus-06\"><\/span>\n    <\/span>\n<\/span>\n<\/h4>\n<div  class=\"qode-accordion-content \" >\n    <div class=\"qode-accordion-content-inner\">\n        [vc_column_text]Modelos de pistolas de pintura compat\u00edveis : XSD, VS03, 3C<br \/>\nTipo de acabamento : <span style=\"color: #99cc00;\"><strong>O O O O O<\/strong><\/span><br \/>\nEfici\u00eancia de transfer\u00eancia : <span style=\"color: #99cc00;\"><strong>O O O<\/strong><\/span><strong> O O<\/strong><br \/>\nForma do leque : Plano[\/vc_column_text][vc_gallery type=&#8221;image_grid&#8221; images=&#8221;16409,17512&#8243; img_size=&#8221;medium&#8221; column_number=&#8221;2&#8243; grayscale=&#8221;no&#8221; images_space=&#8221;gallery_with_space&#8221;]    <\/div>\n<\/div><h4 class=\"clearfix qode-title-holder\">\n<span class=\"qode-tab-title\">\n\t    <span class=\"qode-tab-title-inner\">\n        F    <\/span>\n<\/span>\n<span class=\"qode-accordion-mark\">\n    <span class=\"qode-accordion-mark-icon\">\n        <span class=\"icon_plus\"><\/span>\n        <span class=\"icon_minus-06\"><\/span>\n    <\/span>\n<\/span>\n<\/h4>\n<div  class=\"qode-accordion-content \" >\n    <div class=\"qode-accordion-content-inner\">\n        [vc_column_text]- Modelos de pistolas de pintura compat\u00edveis : SC, XSD,3C<br \/>\n&#8211; Tipo de acabamento : <span style=\"color: #99cc00;\"><strong>O O O O <\/strong><\/span><strong>O<\/strong><br \/>\n&#8211; Efici\u00eancia de transfer\u00eancia : <span style=\"color: #99cc00;\"><strong>O O O<\/strong><\/span><strong> O O<\/strong><br \/>\n&#8211; Forma do leque : Plano[\/vc_column_text][vc_gallery type=&#8221;image_grid&#8221; images=&#8221;16410,17510&#8243; img_size=&#8221;medium&#8221; column_number=&#8221;2&#8243; grayscale=&#8221;no&#8221; images_space=&#8221;gallery_with_space&#8221;]    <\/div>\n<\/div><h4 class=\"clearfix qode-title-holder\">\n<span class=\"qode-tab-title\">\n\t    <span class=\"qode-tab-title-inner\">\n        VX    <\/span>\n<\/span>\n<span class=\"qode-accordion-mark\">\n    <span class=\"qode-accordion-mark-icon\">\n        <span class=\"icon_plus\"><\/span>\n        <span class=\"icon_minus-06\"><\/span>\n    <\/span>\n<\/span>\n<\/h4>\n<div  class=\"qode-accordion-content \" >\n    <div class=\"qode-accordion-content-inner\">\n        [vc_column_text]Modelos de pistolas de pintura compat\u00edveis : VS03, XSD, 3C<br \/>\nTipo de acabamento : <span style=\"color: #99cc00;\"><strong>O O O <\/strong><\/span><strong>O O<\/strong><br \/>\nEfici\u00eancia de transfer\u00eancia : <span style=\"color: #99cc00;\"><strong>O O O O <\/strong><\/span><strong>O<\/strong><br \/>\nForma do leque : Plano[\/vc_column_text][vc_gallery type=&#8221;image_grid&#8221; images=&#8221;16411,17513&#8243; img_size=&#8221;medium&#8221; column_number=&#8221;2&#8243; grayscale=&#8221;no&#8221; images_space=&#8221;gallery_with_space&#8221;]    <\/div>\n<\/div><h4 class=\"clearfix qode-title-holder\">\n<span class=\"qode-tab-title\">\n\t    <span class=\"qode-tab-title-inner\">\n        J    <\/span>\n<\/span>\n<span class=\"qode-accordion-mark\">\n    <span class=\"qode-accordion-mark-icon\">\n        <span class=\"icon_plus\"><\/span>\n        <span class=\"icon_minus-06\"><\/span>\n    <\/span>\n<\/span>\n<\/h4>\n<div  class=\"qode-accordion-content \" >\n    <div class=\"qode-accordion-content-inner\">\n        [vc_column_text]Modelos de pistolas de pintura compat\u00edveis : MT<br \/>\nTipo de acabamento : <span style=\"color: #99cc00;\"><strong>O O O O O<\/strong><\/span><br \/>\nEfici\u00eancia de transfer\u00eancia : <span style=\"color: #99cc00;\"><strong>O O O <\/strong><\/span><strong>O O<\/strong><br \/>\nForma do leque : Plano[\/vc_column_text][vc_gallery type=&#8221;image_grid&#8221; images=&#8221;16412,17511&#8243; img_size=&#8221;medium&#8221; column_number=&#8221;2&#8243; grayscale=&#8221;no&#8221; images_space=&#8221;gallery_with_space&#8221;]    <\/div>\n<\/div><h4 class=\"clearfix qode-title-holder\">\n<span class=\"qode-tab-title\">\n\t    <span class=\"qode-tab-title-inner\">\n        ECOLOGY    <\/span>\n<\/span>\n<span class=\"qode-accordion-mark\">\n    <span class=\"qode-accordion-mark-icon\">\n        <span class=\"icon_plus\"><\/span>\n        <span class=\"icon_minus-06\"><\/span>\n    <\/span>\n<\/span>\n<\/h4>\n<div  class=\"qode-accordion-content \" >\n    <div class=\"qode-accordion-content-inner\">\n        [vc_column_text]Modelos de pistolas de pintura compat\u00edveis : VSE<br \/>\nTipo de acabamento : <span style=\"color: #99cc00;\"><strong>O O O <\/strong><\/span><strong>O O<\/strong><br \/>\nEfici\u00eancia de transfer\u00eancia : <span style=\"color: #99cc00;\"><strong>O O O O O<\/strong><\/span><br \/>\nForma do leque : Plano[\/vc_column_text][vc_gallery type=&#8221;image_grid&#8221; images=&#8221;16413,17514&#8243; img_size=&#8221;medium&#8221; column_number=&#8221;2&#8243; grayscale=&#8221;no&#8221; images_space=&#8221;gallery_with_space&#8221;]    <\/div>\n<\/div><h4 class=\"clearfix qode-title-holder\">\n<span class=\"qode-tab-title\">\n\t    <span class=\"qode-tab-title-inner\">\n        ECOLOGY M    <\/span>\n<\/span>\n<span class=\"qode-accordion-mark\">\n    <span class=\"qode-accordion-mark-icon\">\n        <span class=\"icon_plus\"><\/span>\n        <span class=\"icon_minus-06\"><\/span>\n    <\/span>\n<\/span>\n<\/h4>\n<div  class=\"qode-accordion-content \" >\n    <div class=\"qode-accordion-content-inner\">\n        [vc_column_text]Modelos de pistolas de pintura compat\u00edveis : VSE<br \/>\nTipo de acabamento : <span style=\"color: #99cc00;\"><strong>O O O O <\/strong><\/span><strong>O<\/strong><br \/>\nEfici\u00eancia de transfer\u00eancia : <span style=\"color: #99cc00;\"><strong>O O O O O<\/strong><\/span><br \/>\nForma do leque : Plano[\/vc_column_text][vc_gallery type=&#8221;image_grid&#8221; images=&#8221;16414,17515&#8243; img_size=&#8221;medium&#8221; column_number=&#8221;2&#8243; grayscale=&#8221;no&#8221; images_space=&#8221;gallery_with_space&#8221;]    <\/div>\n<\/div><h4 class=\"clearfix qode-title-holder\">\n<span class=\"qode-tab-title\">\n\t    <span class=\"qode-tab-title-inner\">\n        FF    <\/span>\n<\/span>\n<span class=\"qode-accordion-mark\">\n    <span class=\"qode-accordion-mark-icon\">\n        <span class=\"icon_plus\"><\/span>\n        <span class=\"icon_minus-06\"><\/span>\n    <\/span>\n<\/span>\n<\/h4>\n<div  class=\"qode-accordion-content \" >\n    <div class=\"qode-accordion-content-inner\">\n        [vc_column_text]Modelos de pistolas de pintura compat\u00edveis : VSE<br \/>\nTipo de acabamento : <span style=\"color: #99cc00;\"><strong>O O O O O<\/strong><\/span><br \/>\nEfici\u00eancia de transfer\u00eancia : <span style=\"color: #99cc00;\"><strong>O O O O <\/strong><\/span><strong>O<\/strong><br \/>\nForma do leque : Plano[\/vc_column_text][vc_gallery type=&#8221;image_grid&#8221; images=&#8221;16415,17516&#8243; img_size=&#8221;medium&#8221; column_number=&#8221;2&#8243; grayscale=&#8221;no&#8221; images_space=&#8221;gallery_with_space&#8221;]    <\/div>\n<\/div><h4 class=\"clearfix qode-title-holder\">\n<span class=\"qode-tab-title\">\n\t    <span class=\"qode-tab-title-inner\">\n        P - Di\u00e2metros &gt;1.5mm    <\/span>\n<\/span>\n<span class=\"qode-accordion-mark\">\n    <span class=\"qode-accordion-mark-icon\">\n        <span class=\"icon_plus\"><\/span>\n        <span class=\"icon_minus-06\"><\/span>\n    <\/span>\n<\/span>\n<\/h4>\n<div  class=\"qode-accordion-content \" >\n    <div class=\"qode-accordion-content-inner\">\n        [vc_column_text]Modelos de pistolas de pintura compat\u00edveis : SC, XSD, 3C, VS03<br \/>\nTipo de acabamento : <span style=\"color: #99cc00;\"><strong>O O <\/strong><\/span><strong>O O O<\/strong><br \/>\nEfici\u00eancia de transfer\u00eancia : <span style=\"color: #99cc00;\"><strong>O O O O O<\/strong><\/span><br \/>\nForma do leque : Plano[\/vc_column_text][vc_gallery type=&#8221;image_grid&#8221; images=&#8221;16421,17517&#8243; img_size=&#8221;medium&#8221; column_number=&#8221;2&#8243; grayscale=&#8221;no&#8221; images_space=&#8221;gallery_with_space&#8221;]    <\/div>\n<\/div><h4 class=\"clearfix qode-title-holder\">\n<span class=\"qode-tab-title\">\n\t    <span class=\"qode-tab-title-inner\">\n        A    <\/span>\n<\/span>\n<span class=\"qode-accordion-mark\">\n    <span class=\"qode-accordion-mark-icon\">\n        <span class=\"icon_plus\"><\/span>\n        <span class=\"icon_minus-06\"><\/span>\n    <\/span>\n<\/span>\n<\/h4>\n<div  class=\"qode-accordion-content \" >\n    <div class=\"qode-accordion-content-inner\">\n        [vc_column_text]Modelos de pistolas de pintura compat\u00edveis : SC,XSD,3C<br \/>\nTipo de acabamento :<span style=\"color: #99cc00;\"><strong>O O O <\/strong><\/span><strong>O O<\/strong><br \/>\nEfici\u00eancia de transfer\u00eancia :<span style=\"color: #99cc00;\"><strong>O O O O <\/strong><\/span><strong>O<\/strong><br \/>\nForma do leque : Plano[\/vc_column_text][vc_single_image image=&#8221;16951&#8243; img_size=&#8221;medium&#8221; qode_css_animation=&#8221;&#8221;]    <\/div>\n<\/div><h4 class=\"clearfix qode-title-holder\">\n<span class=\"qode-tab-title\">\n\t    <span class=\"qode-tab-title-inner\">\n        GC    <\/span>\n<\/span>\n<span class=\"qode-accordion-mark\">\n    <span class=\"qode-accordion-mark-icon\">\n        <span class=\"icon_plus\"><\/span>\n        <span class=\"icon_minus-06\"><\/span>\n    <\/span>\n<\/span>\n<\/h4>\n<div  class=\"qode-accordion-content \" >\n    <div class=\"qode-accordion-content-inner\">\n        [vc_column_text]Modelos de pistolas de pintura compat\u00edveis : SC, XSD, 3C, VS03<br \/>\nTipo de acabamento : <span style=\"color: #99cc00;\"><strong>O O <\/strong><\/span><strong>O O O<\/strong><br \/>\nEfici\u00eancia de transfer\u00eancia : <span style=\"color: #99cc00;\"><strong>O O O O O<\/strong><\/span><br \/>\nForma do leque : Volta[\/vc_column_text][vc_single_image image=&#8221;16416&#8243; img_size=&#8221;medium&#8221; qode_css_animation=&#8221;&#8221;]    <\/div>\n<\/div><\/div>[\/vc_column][\/vc_row][vc_row css_animation=&#8221;&#8221; row_type=&#8221;row&#8221; use_row_as_full_screen_section=&#8221;no&#8221; type=&#8221;full_width&#8221; angled_section=&#8221;no&#8221; text_align=&#8221;left&#8221; background_image_as_pattern=&#8221;without_pattern&#8221;][vc_column][vc_empty_space][\/vc_column][\/vc_row]<\/p>\n<\/div>","protected":false},"excerpt":{"rendered":"<p>[vc_row css_animation=&#8221;&#8221; row_type=&#8221;row&#8221; use_row_as_full_screen_section=&#8221;no&#8221; type=&#8221;grid&#8221; angled_section=&#8221;no&#8221; text_align=&#8221;left&#8221; background_image_as_pattern=&#8221;without_pattern&#8221; z_index=&#8221;&#8221; padding_top=&#8221;50&#8243; padding_bottom=&#8221;50&#8243;][vc_column width=&#8221;1\/2&#8243;][vc_column_text]O amplo leque de cabe\u00e7otes de atomiza\u00e7\u00e3o substitu\u00edveis, adequados para todos os modelos fabricados por n\u00f3s, com exce\u00e7\u00e3o da MT, satisfaz qualquer exig\u00eancia de processamento dos nossos Clientes. Cada cabe\u00e7ote da marca\u00a0spraycolor\u00ae\u00a0\u00e9 obtido inteiramente&#8230;<\/p>\n","protected":false},"author":1,"featured_media":16952,"parent":0,"menu_order":213,"comment_status":"closed","ping_status":"closed","template":"","meta":{"footnotes":""},"class_list":["post-16950","page","type-page","status-publish","has-post-thumbnail","hentry"],"yoast_head":"<!-- This site is optimized with the Yoast SEO plugin v26.5 - https:\/\/yoast.com\/wordpress\/plugins\/seo\/ -->\n<title>Cabe\u00e7otes de atomiza\u00e7\u00e3o substitu\u00edveis - Automatic Spraygun - spraycolor<\/title>\n<meta name=\"robots\" content=\"index, follow, max-snippet:-1, max-image-preview:large, max-video-preview:-1\" \/>\n<link rel=\"canonical\" href=\"https:\/\/www.spraycolor.com\/spraygun\/pt-br\/cabecotes-de-atomizacao-substituiveis\/\" \/>\n<meta property=\"og:locale\" content=\"pt_BR\" \/>\n<meta property=\"og:type\" content=\"article\" \/>\n<meta property=\"og:title\" content=\"Cabe\u00e7otes de atomiza\u00e7\u00e3o substitu\u00edveis - Automatic Spraygun - spraycolor\" \/>\n<meta property=\"og:description\" content=\"[vc_row css_animation=&#8221;&#8221; row_type=&#8221;row&#8221; use_row_as_full_screen_section=&#8221;no&#8221; type=&#8221;grid&#8221; angled_section=&#8221;no&#8221; text_align=&#8221;left&#8221; background_image_as_pattern=&#8221;without_pattern&#8221; z_index=&#8221;&#8221; padding_top=&#8221;50&#8243; padding_bottom=&#8221;50&#8243;][vc_column width=&#8221;1\/2&#8243;][vc_column_text]O amplo leque de cabe\u00e7otes de atomiza\u00e7\u00e3o substitu\u00edveis, adequados para todos os modelos fabricados por n\u00f3s, com exce\u00e7\u00e3o da MT, satisfaz qualquer exig\u00eancia de processamento dos nossos Clientes. Cada cabe\u00e7ote da marca\u00a0spraycolor\u00ae\u00a0\u00e9 obtido inteiramente...\" \/>\n<meta property=\"og:url\" content=\"https:\/\/www.spraycolor.com\/spraygun\/pt-br\/cabecotes-de-atomizacao-substituiveis\/\" \/>\n<meta property=\"og:site_name\" content=\"Automatic Spraygun - spraycolor\" \/>\n<meta property=\"article:modified_time\" content=\"2021-01-28T10:02:23+00:00\" \/>\n<meta property=\"og:image\" content=\"https:\/\/www.spraycolor.com\/spraygun\/wp-content\/uploads\/testine-ok-2000.jpg\" \/>\n\t<meta property=\"og:image:width\" content=\"2100\" \/>\n\t<meta property=\"og:image:height\" content=\"1402\" \/>\n\t<meta property=\"og:image:type\" content=\"image\/jpeg\" \/>\n<meta name=\"twitter:card\" content=\"summary_large_image\" \/>\n<meta name=\"twitter:label1\" content=\"Est. tempo de leitura\" \/>\n\t<meta name=\"twitter:data1\" content=\"3 minutos\" \/>\n<script type=\"application\/ld+json\" class=\"yoast-schema-graph\">{\"@context\":\"https:\/\/schema.org\",\"@graph\":[{\"@type\":\"WebPage\",\"@id\":\"https:\/\/www.spraycolor.com\/spraygun\/pt-br\/cabecotes-de-atomizacao-substituiveis\/\",\"url\":\"https:\/\/www.spraycolor.com\/spraygun\/pt-br\/cabecotes-de-atomizacao-substituiveis\/\",\"name\":\"Cabe\u00e7otes de atomiza\u00e7\u00e3o substitu\u00edveis - Automatic Spraygun - spraycolor\",\"isPartOf\":{\"@id\":\"https:\/\/www.spraycolor.com\/spraygun\/#website\"},\"primaryImageOfPage\":{\"@id\":\"https:\/\/www.spraycolor.com\/spraygun\/pt-br\/cabecotes-de-atomizacao-substituiveis\/#primaryimage\"},\"image\":{\"@id\":\"https:\/\/www.spraycolor.com\/spraygun\/pt-br\/cabecotes-de-atomizacao-substituiveis\/#primaryimage\"},\"thumbnailUrl\":\"https:\/\/www.spraycolor.com\/spraygun\/wp-content\/uploads\/testine-ok-2000.jpg\",\"datePublished\":\"2020-11-02T12:22:44+00:00\",\"dateModified\":\"2021-01-28T10:02:23+00:00\",\"breadcrumb\":{\"@id\":\"https:\/\/www.spraycolor.com\/spraygun\/pt-br\/cabecotes-de-atomizacao-substituiveis\/#breadcrumb\"},\"inLanguage\":\"pt-BR\",\"potentialAction\":[{\"@type\":\"ReadAction\",\"target\":[\"https:\/\/www.spraycolor.com\/spraygun\/pt-br\/cabecotes-de-atomizacao-substituiveis\/\"]}]},{\"@type\":\"ImageObject\",\"inLanguage\":\"pt-BR\",\"@id\":\"https:\/\/www.spraycolor.com\/spraygun\/pt-br\/cabecotes-de-atomizacao-substituiveis\/#primaryimage\",\"url\":\"https:\/\/www.spraycolor.com\/spraygun\/wp-content\/uploads\/testine-ok-2000.jpg\",\"contentUrl\":\"https:\/\/www.spraycolor.com\/spraygun\/wp-content\/uploads\/testine-ok-2000.jpg\",\"width\":2100,\"height\":1402},{\"@type\":\"BreadcrumbList\",\"@id\":\"https:\/\/www.spraycolor.com\/spraygun\/pt-br\/cabecotes-de-atomizacao-substituiveis\/#breadcrumb\",\"itemListElement\":[{\"@type\":\"ListItem\",\"position\":1,\"name\":\"Home\",\"item\":\"https:\/\/www.spraycolor.com\/spraygun\/pt-br\/\"},{\"@type\":\"ListItem\",\"position\":2,\"name\":\"Cabe\u00e7otes de atomiza\u00e7\u00e3o substitu\u00edveis\"}]},{\"@type\":\"WebSite\",\"@id\":\"https:\/\/www.spraycolor.com\/spraygun\/#website\",\"url\":\"https:\/\/www.spraycolor.com\/spraygun\/\",\"name\":\"Automatic Spraygun - spraycolor\",\"description\":\"Pistole per verniciatura industriale\",\"publisher\":{\"@id\":\"https:\/\/www.spraycolor.com\/spraygun\/#organization\"},\"potentialAction\":[{\"@type\":\"SearchAction\",\"target\":{\"@type\":\"EntryPoint\",\"urlTemplate\":\"https:\/\/www.spraycolor.com\/spraygun\/?s={search_term_string}\"},\"query-input\":{\"@type\":\"PropertyValueSpecification\",\"valueRequired\":true,\"valueName\":\"search_term_string\"}}],\"inLanguage\":\"pt-BR\"},{\"@type\":\"Organization\",\"@id\":\"https:\/\/www.spraycolor.com\/spraygun\/#organization\",\"name\":\"Spraycolor\",\"url\":\"https:\/\/www.spraycolor.com\/spraygun\/\",\"logo\":{\"@type\":\"ImageObject\",\"inLanguage\":\"pt-BR\",\"@id\":\"https:\/\/www.spraycolor.com\/spraygun\/#\/schema\/logo\/image\/\",\"url\":\"https:\/\/www.spraycolor.com\/spraygun\/wp-content\/uploads\/2020\/10\/Logo_bianco400.png\",\"contentUrl\":\"https:\/\/www.spraycolor.com\/spraygun\/wp-content\/uploads\/2020\/10\/Logo_bianco400.png\",\"width\":400,\"height\":67,\"caption\":\"Spraycolor\"},\"image\":{\"@id\":\"https:\/\/www.spraycolor.com\/spraygun\/#\/schema\/logo\/image\/\"},\"sameAs\":[\"https:\/\/www.linkedin.com\/company\/spraycolor\/\"]}]}<\/script>\n<!-- \/ Yoast SEO plugin. -->","yoast_head_json":{"title":"Cabe\u00e7otes de atomiza\u00e7\u00e3o substitu\u00edveis - Automatic Spraygun - spraycolor","robots":{"index":"index","follow":"follow","max-snippet":"max-snippet:-1","max-image-preview":"max-image-preview:large","max-video-preview":"max-video-preview:-1"},"canonical":"https:\/\/www.spraycolor.com\/spraygun\/pt-br\/cabecotes-de-atomizacao-substituiveis\/","og_locale":"pt_BR","og_type":"article","og_title":"Cabe\u00e7otes de atomiza\u00e7\u00e3o substitu\u00edveis - Automatic Spraygun - spraycolor","og_description":"[vc_row css_animation=&#8221;&#8221; row_type=&#8221;row&#8221; use_row_as_full_screen_section=&#8221;no&#8221; type=&#8221;grid&#8221; angled_section=&#8221;no&#8221; text_align=&#8221;left&#8221; background_image_as_pattern=&#8221;without_pattern&#8221; z_index=&#8221;&#8221; padding_top=&#8221;50&#8243; padding_bottom=&#8221;50&#8243;][vc_column width=&#8221;1\/2&#8243;][vc_column_text]O amplo leque de cabe\u00e7otes de atomiza\u00e7\u00e3o substitu\u00edveis, adequados para todos os modelos fabricados por n\u00f3s, com exce\u00e7\u00e3o da MT, satisfaz qualquer exig\u00eancia de processamento dos nossos Clientes. Cada cabe\u00e7ote da marca\u00a0spraycolor\u00ae\u00a0\u00e9 obtido inteiramente...","og_url":"https:\/\/www.spraycolor.com\/spraygun\/pt-br\/cabecotes-de-atomizacao-substituiveis\/","og_site_name":"Automatic Spraygun - spraycolor","article_modified_time":"2021-01-28T10:02:23+00:00","og_image":[{"width":2100,"height":1402,"url":"https:\/\/www.spraycolor.com\/spraygun\/wp-content\/uploads\/testine-ok-2000.jpg","type":"image\/jpeg"}],"twitter_card":"summary_large_image","twitter_misc":{"Est. tempo de leitura":"3 minutos"},"schema":{"@context":"https:\/\/schema.org","@graph":[{"@type":"WebPage","@id":"https:\/\/www.spraycolor.com\/spraygun\/pt-br\/cabecotes-de-atomizacao-substituiveis\/","url":"https:\/\/www.spraycolor.com\/spraygun\/pt-br\/cabecotes-de-atomizacao-substituiveis\/","name":"Cabe\u00e7otes de atomiza\u00e7\u00e3o substitu\u00edveis - Automatic Spraygun - spraycolor","isPartOf":{"@id":"https:\/\/www.spraycolor.com\/spraygun\/#website"},"primaryImageOfPage":{"@id":"https:\/\/www.spraycolor.com\/spraygun\/pt-br\/cabecotes-de-atomizacao-substituiveis\/#primaryimage"},"image":{"@id":"https:\/\/www.spraycolor.com\/spraygun\/pt-br\/cabecotes-de-atomizacao-substituiveis\/#primaryimage"},"thumbnailUrl":"https:\/\/www.spraycolor.com\/spraygun\/wp-content\/uploads\/testine-ok-2000.jpg","datePublished":"2020-11-02T12:22:44+00:00","dateModified":"2021-01-28T10:02:23+00:00","breadcrumb":{"@id":"https:\/\/www.spraycolor.com\/spraygun\/pt-br\/cabecotes-de-atomizacao-substituiveis\/#breadcrumb"},"inLanguage":"pt-BR","potentialAction":[{"@type":"ReadAction","target":["https:\/\/www.spraycolor.com\/spraygun\/pt-br\/cabecotes-de-atomizacao-substituiveis\/"]}]},{"@type":"ImageObject","inLanguage":"pt-BR","@id":"https:\/\/www.spraycolor.com\/spraygun\/pt-br\/cabecotes-de-atomizacao-substituiveis\/#primaryimage","url":"https:\/\/www.spraycolor.com\/spraygun\/wp-content\/uploads\/testine-ok-2000.jpg","contentUrl":"https:\/\/www.spraycolor.com\/spraygun\/wp-content\/uploads\/testine-ok-2000.jpg","width":2100,"height":1402},{"@type":"BreadcrumbList","@id":"https:\/\/www.spraycolor.com\/spraygun\/pt-br\/cabecotes-de-atomizacao-substituiveis\/#breadcrumb","itemListElement":[{"@type":"ListItem","position":1,"name":"Home","item":"https:\/\/www.spraycolor.com\/spraygun\/pt-br\/"},{"@type":"ListItem","position":2,"name":"Cabe\u00e7otes de atomiza\u00e7\u00e3o substitu\u00edveis"}]},{"@type":"WebSite","@id":"https:\/\/www.spraycolor.com\/spraygun\/#website","url":"https:\/\/www.spraycolor.com\/spraygun\/","name":"Automatic Spraygun - spraycolor","description":"Pistole per verniciatura industriale","publisher":{"@id":"https:\/\/www.spraycolor.com\/spraygun\/#organization"},"potentialAction":[{"@type":"SearchAction","target":{"@type":"EntryPoint","urlTemplate":"https:\/\/www.spraycolor.com\/spraygun\/?s={search_term_string}"},"query-input":{"@type":"PropertyValueSpecification","valueRequired":true,"valueName":"search_term_string"}}],"inLanguage":"pt-BR"},{"@type":"Organization","@id":"https:\/\/www.spraycolor.com\/spraygun\/#organization","name":"Spraycolor","url":"https:\/\/www.spraycolor.com\/spraygun\/","logo":{"@type":"ImageObject","inLanguage":"pt-BR","@id":"https:\/\/www.spraycolor.com\/spraygun\/#\/schema\/logo\/image\/","url":"https:\/\/www.spraycolor.com\/spraygun\/wp-content\/uploads\/2020\/10\/Logo_bianco400.png","contentUrl":"https:\/\/www.spraycolor.com\/spraygun\/wp-content\/uploads\/2020\/10\/Logo_bianco400.png","width":400,"height":67,"caption":"Spraycolor"},"image":{"@id":"https:\/\/www.spraycolor.com\/spraygun\/#\/schema\/logo\/image\/"},"sameAs":["https:\/\/www.linkedin.com\/company\/spraycolor\/"]}]}},"_links":{"self":[{"href":"https:\/\/www.spraycolor.com\/spraygun\/pt-br\/wp-json\/wp\/v2\/pages\/16950","targetHints":{"allow":["GET"]}}],"collection":[{"href":"https:\/\/www.spraycolor.com\/spraygun\/pt-br\/wp-json\/wp\/v2\/pages"}],"about":[{"href":"https:\/\/www.spraycolor.com\/spraygun\/pt-br\/wp-json\/wp\/v2\/types\/page"}],"author":[{"embeddable":true,"href":"https:\/\/www.spraycolor.com\/spraygun\/pt-br\/wp-json\/wp\/v2\/users\/1"}],"replies":[{"embeddable":true,"href":"https:\/\/www.spraycolor.com\/spraygun\/pt-br\/wp-json\/wp\/v2\/comments?post=16950"}],"version-history":[{"count":5,"href":"https:\/\/www.spraycolor.com\/spraygun\/pt-br\/wp-json\/wp\/v2\/pages\/16950\/revisions"}],"predecessor-version":[{"id":17523,"href":"https:\/\/www.spraycolor.com\/spraygun\/pt-br\/wp-json\/wp\/v2\/pages\/16950\/revisions\/17523"}],"wp:featuredmedia":[{"embeddable":true,"href":"https:\/\/www.spraycolor.com\/spraygun\/pt-br\/wp-json\/wp\/v2\/media\/16952"}],"wp:attachment":[{"href":"https:\/\/www.spraycolor.com\/spraygun\/pt-br\/wp-json\/wp\/v2\/media?parent=16950"}],"curies":[{"name":"wp","href":"https:\/\/api.w.org\/{rel}","templated":true}]}}