{"id":16928,"date":"2020-11-02T13:13:44","date_gmt":"2020-11-02T12:13:44","guid":{"rendered":"https:\/\/www.spraycolor.com\/spraygun\/kit-ago-ugello-plus-brevettato\/"},"modified":"2020-12-09T17:49:50","modified_gmt":"2020-12-09T16:49:50","slug":"conjunto-agulha-bico-plus-patenteado","status":"publish","type":"page","link":"https:\/\/www.spraycolor.com\/spraygun\/pt-br\/conjunto-agulha-bico-plus-patenteado\/","title":{"rendered":"Conjunto agulha-bico PLUS (patenteado)"},"content":{"rendered":"<div class=\"wpb-content-wrapper\"><p>[vc_row css_animation=&#8221;&#8221; row_type=&#8221;row&#8221; use_row_as_full_screen_section=&#8221;no&#8221; type=&#8221;full_width&#8221; angled_section=&#8221;no&#8221; text_align=&#8221;left&#8221; background_image_as_pattern=&#8221;without_pattern&#8221;][vc_column][vc_single_image image=&#8221;16930&#8243; img_size=&#8221;full&#8221; alignment=&#8221;center&#8221; qode_css_animation=&#8221;&#8221;][\/vc_column][\/vc_row][vc_row css_animation=&#8221;&#8221; row_type=&#8221;row&#8221; use_row_as_full_screen_section=&#8221;no&#8221; type=&#8221;grid&#8221; angled_section=&#8221;no&#8221; text_align=&#8221;left&#8221; background_image_as_pattern=&#8221;without_pattern&#8221; z_index=&#8221;&#8221; padding_top=&#8221;50&#8243; padding_bottom=&#8221;50&#8243;][vc_column width=&#8221;1\/2&#8243;][vc_column_text]<\/p>\n<h3>Conjunto PLUS: revestido de nitreto de tit\u00e2nio.<\/h3>\n<p>Capaz de garantir uma resist\u00eancia ao desgaste significativamente superior em rela\u00e7\u00e3o a qualquer pistola tradicional, limitando assim a substitui\u00e7\u00e3o dos componentes e as manuten\u00e7\u00f5es frequentes.[\/vc_column_text][vc_separator type=&#8221;transparent&#8221;][\/vc_column][vc_column width=&#8221;1\/2&#8243;][vc_single_image image=&#8221;16270&#8243; img_size=&#8221;full&#8221; alignment=&#8221;center&#8221; qode_css_animation=&#8221;&#8221;][vc_separator type=&#8221;transparent&#8221;][\/vc_column][\/vc_row][vc_row css_animation=&#8221;&#8221; row_type=&#8221;row&#8221; use_row_as_full_screen_section=&#8221;no&#8221; type=&#8221;full_width&#8221; angled_section=&#8221;no&#8221; text_align=&#8221;left&#8221; background_image_as_pattern=&#8221;without_pattern&#8221;][vc_column][vc_empty_space][\/vc_column][\/vc_row]<\/p>\n<\/div>","protected":false},"excerpt":{"rendered":"<p>[vc_row css_animation=&#8221;&#8221; row_type=&#8221;row&#8221; use_row_as_full_screen_section=&#8221;no&#8221; type=&#8221;full_width&#8221; angled_section=&#8221;no&#8221; text_align=&#8221;left&#8221; background_image_as_pattern=&#8221;without_pattern&#8221;][vc_column][vc_single_image image=&#8221;16930&#8243; img_size=&#8221;full&#8221; alignment=&#8221;center&#8221; qode_css_animation=&#8221;&#8221;][\/vc_column][\/vc_row][vc_row css_animation=&#8221;&#8221; row_type=&#8221;row&#8221; use_row_as_full_screen_section=&#8221;no&#8221; type=&#8221;grid&#8221; angled_section=&#8221;no&#8221; text_align=&#8221;left&#8221; background_image_as_pattern=&#8221;without_pattern&#8221; z_index=&#8221;&#8221; padding_top=&#8221;50&#8243; padding_bottom=&#8221;50&#8243;][vc_column width=&#8221;1\/2&#8243;][vc_column_text] Conjunto PLUS: revestido de nitreto de tit\u00e2nio. Capaz de garantir uma resist\u00eancia ao desgaste significativamente superior em rela\u00e7\u00e3o a qualquer pistola tradicional,&#8230;<\/p>\n","protected":false},"author":1,"featured_media":16930,"parent":0,"menu_order":162,"comment_status":"closed","ping_status":"closed","template":"","meta":{"footnotes":""},"class_list":["post-16928","page","type-page","status-publish","has-post-thumbnail","hentry"],"yoast_head":"<!-- This site is optimized with the Yoast SEO plugin v26.5 - https:\/\/yoast.com\/wordpress\/plugins\/seo\/ -->\n<title>Conjunto agulha-bico PLUS (patenteado) - Automatic Spraygun - spraycolor<\/title>\n<meta name=\"robots\" content=\"index, follow, max-snippet:-1, max-image-preview:large, max-video-preview:-1\" \/>\n<link rel=\"canonical\" href=\"https:\/\/www.spraycolor.com\/spraygun\/pt-br\/conjunto-agulha-bico-plus-patenteado\/\" \/>\n<meta property=\"og:locale\" content=\"pt_BR\" \/>\n<meta property=\"og:type\" content=\"article\" \/>\n<meta property=\"og:title\" content=\"Conjunto agulha-bico PLUS (patenteado) - Automatic Spraygun - spraycolor\" \/>\n<meta property=\"og:description\" content=\"[vc_row css_animation=&#8221;&#8221; row_type=&#8221;row&#8221; use_row_as_full_screen_section=&#8221;no&#8221; type=&#8221;full_width&#8221; angled_section=&#8221;no&#8221; text_align=&#8221;left&#8221; background_image_as_pattern=&#8221;without_pattern&#8221;][vc_column][vc_single_image image=&#8221;16930&#8243; img_size=&#8221;full&#8221; alignment=&#8221;center&#8221; qode_css_animation=&#8221;&#8221;][\/vc_column][\/vc_row][vc_row css_animation=&#8221;&#8221; row_type=&#8221;row&#8221; use_row_as_full_screen_section=&#8221;no&#8221; type=&#8221;grid&#8221; angled_section=&#8221;no&#8221; text_align=&#8221;left&#8221; background_image_as_pattern=&#8221;without_pattern&#8221; z_index=&#8221;&#8221; padding_top=&#8221;50&#8243; padding_bottom=&#8221;50&#8243;][vc_column width=&#8221;1\/2&#8243;][vc_column_text] Conjunto PLUS: revestido de nitreto de tit\u00e2nio. Capaz de garantir uma resist\u00eancia ao desgaste significativamente superior em rela\u00e7\u00e3o a qualquer pistola tradicional,...\" \/>\n<meta property=\"og:url\" content=\"https:\/\/www.spraycolor.com\/spraygun\/pt-br\/conjunto-agulha-bico-plus-patenteado\/\" \/>\n<meta property=\"og:site_name\" content=\"Automatic Spraygun - spraycolor\" \/>\n<meta property=\"article:modified_time\" content=\"2020-12-09T16:49:50+00:00\" \/>\n<meta property=\"og:image\" content=\"https:\/\/www.spraycolor.com\/spraygun\/wp-content\/uploads\/Magnetika_04-1-scaled.jpg\" \/>\n\t<meta property=\"og:image:width\" content=\"2560\" \/>\n\t<meta property=\"og:image:height\" content=\"1599\" \/>\n\t<meta property=\"og:image:type\" content=\"image\/jpeg\" \/>\n<meta name=\"twitter:card\" content=\"summary_large_image\" \/>\n<meta name=\"twitter:label1\" content=\"Est. tempo de leitura\" \/>\n\t<meta name=\"twitter:data1\" content=\"1 minuto\" \/>\n<script type=\"application\/ld+json\" class=\"yoast-schema-graph\">{\"@context\":\"https:\/\/schema.org\",\"@graph\":[{\"@type\":\"WebPage\",\"@id\":\"https:\/\/www.spraycolor.com\/spraygun\/pt-br\/conjunto-agulha-bico-plus-patenteado\/\",\"url\":\"https:\/\/www.spraycolor.com\/spraygun\/pt-br\/conjunto-agulha-bico-plus-patenteado\/\",\"name\":\"Conjunto agulha-bico PLUS (patenteado) - Automatic Spraygun - spraycolor\",\"isPartOf\":{\"@id\":\"https:\/\/www.spraycolor.com\/spraygun\/#website\"},\"primaryImageOfPage\":{\"@id\":\"https:\/\/www.spraycolor.com\/spraygun\/pt-br\/conjunto-agulha-bico-plus-patenteado\/#primaryimage\"},\"image\":{\"@id\":\"https:\/\/www.spraycolor.com\/spraygun\/pt-br\/conjunto-agulha-bico-plus-patenteado\/#primaryimage\"},\"thumbnailUrl\":\"https:\/\/www.spraycolor.com\/spraygun\/wp-content\/uploads\/Magnetika_04-1-scaled.jpg\",\"datePublished\":\"2020-11-02T12:13:44+00:00\",\"dateModified\":\"2020-12-09T16:49:50+00:00\",\"breadcrumb\":{\"@id\":\"https:\/\/www.spraycolor.com\/spraygun\/pt-br\/conjunto-agulha-bico-plus-patenteado\/#breadcrumb\"},\"inLanguage\":\"pt-BR\",\"potentialAction\":[{\"@type\":\"ReadAction\",\"target\":[\"https:\/\/www.spraycolor.com\/spraygun\/pt-br\/conjunto-agulha-bico-plus-patenteado\/\"]}]},{\"@type\":\"ImageObject\",\"inLanguage\":\"pt-BR\",\"@id\":\"https:\/\/www.spraycolor.com\/spraygun\/pt-br\/conjunto-agulha-bico-plus-patenteado\/#primaryimage\",\"url\":\"https:\/\/www.spraycolor.com\/spraygun\/wp-content\/uploads\/Magnetika_04-1-scaled.jpg\",\"contentUrl\":\"https:\/\/www.spraycolor.com\/spraygun\/wp-content\/uploads\/Magnetika_04-1-scaled.jpg\",\"width\":2560,\"height\":1599},{\"@type\":\"BreadcrumbList\",\"@id\":\"https:\/\/www.spraycolor.com\/spraygun\/pt-br\/conjunto-agulha-bico-plus-patenteado\/#breadcrumb\",\"itemListElement\":[{\"@type\":\"ListItem\",\"position\":1,\"name\":\"Home\",\"item\":\"https:\/\/www.spraycolor.com\/spraygun\/pt-br\/\"},{\"@type\":\"ListItem\",\"position\":2,\"name\":\"Conjunto agulha-bico PLUS (patenteado)\"}]},{\"@type\":\"WebSite\",\"@id\":\"https:\/\/www.spraycolor.com\/spraygun\/#website\",\"url\":\"https:\/\/www.spraycolor.com\/spraygun\/\",\"name\":\"Automatic Spraygun - spraycolor\",\"description\":\"Pistole per verniciatura industriale\",\"publisher\":{\"@id\":\"https:\/\/www.spraycolor.com\/spraygun\/#organization\"},\"potentialAction\":[{\"@type\":\"SearchAction\",\"target\":{\"@type\":\"EntryPoint\",\"urlTemplate\":\"https:\/\/www.spraycolor.com\/spraygun\/?s={search_term_string}\"},\"query-input\":{\"@type\":\"PropertyValueSpecification\",\"valueRequired\":true,\"valueName\":\"search_term_string\"}}],\"inLanguage\":\"pt-BR\"},{\"@type\":\"Organization\",\"@id\":\"https:\/\/www.spraycolor.com\/spraygun\/#organization\",\"name\":\"Spraycolor\",\"url\":\"https:\/\/www.spraycolor.com\/spraygun\/\",\"logo\":{\"@type\":\"ImageObject\",\"inLanguage\":\"pt-BR\",\"@id\":\"https:\/\/www.spraycolor.com\/spraygun\/#\/schema\/logo\/image\/\",\"url\":\"https:\/\/www.spraycolor.com\/spraygun\/wp-content\/uploads\/2020\/10\/Logo_bianco400.png\",\"contentUrl\":\"https:\/\/www.spraycolor.com\/spraygun\/wp-content\/uploads\/2020\/10\/Logo_bianco400.png\",\"width\":400,\"height\":67,\"caption\":\"Spraycolor\"},\"image\":{\"@id\":\"https:\/\/www.spraycolor.com\/spraygun\/#\/schema\/logo\/image\/\"},\"sameAs\":[\"https:\/\/www.linkedin.com\/company\/spraycolor\/\"]}]}<\/script>\n<!-- \/ Yoast SEO plugin. -->","yoast_head_json":{"title":"Conjunto agulha-bico PLUS (patenteado) - Automatic Spraygun - spraycolor","robots":{"index":"index","follow":"follow","max-snippet":"max-snippet:-1","max-image-preview":"max-image-preview:large","max-video-preview":"max-video-preview:-1"},"canonical":"https:\/\/www.spraycolor.com\/spraygun\/pt-br\/conjunto-agulha-bico-plus-patenteado\/","og_locale":"pt_BR","og_type":"article","og_title":"Conjunto agulha-bico PLUS (patenteado) - Automatic Spraygun - spraycolor","og_description":"[vc_row css_animation=&#8221;&#8221; row_type=&#8221;row&#8221; use_row_as_full_screen_section=&#8221;no&#8221; type=&#8221;full_width&#8221; angled_section=&#8221;no&#8221; text_align=&#8221;left&#8221; background_image_as_pattern=&#8221;without_pattern&#8221;][vc_column][vc_single_image image=&#8221;16930&#8243; img_size=&#8221;full&#8221; alignment=&#8221;center&#8221; qode_css_animation=&#8221;&#8221;][\/vc_column][\/vc_row][vc_row css_animation=&#8221;&#8221; row_type=&#8221;row&#8221; use_row_as_full_screen_section=&#8221;no&#8221; type=&#8221;grid&#8221; angled_section=&#8221;no&#8221; text_align=&#8221;left&#8221; background_image_as_pattern=&#8221;without_pattern&#8221; z_index=&#8221;&#8221; padding_top=&#8221;50&#8243; padding_bottom=&#8221;50&#8243;][vc_column width=&#8221;1\/2&#8243;][vc_column_text] Conjunto PLUS: revestido de nitreto de tit\u00e2nio. Capaz de garantir uma resist\u00eancia ao desgaste significativamente superior em rela\u00e7\u00e3o a qualquer pistola tradicional,...","og_url":"https:\/\/www.spraycolor.com\/spraygun\/pt-br\/conjunto-agulha-bico-plus-patenteado\/","og_site_name":"Automatic Spraygun - spraycolor","article_modified_time":"2020-12-09T16:49:50+00:00","og_image":[{"width":2560,"height":1599,"url":"https:\/\/www.spraycolor.com\/spraygun\/wp-content\/uploads\/Magnetika_04-1-scaled.jpg","type":"image\/jpeg"}],"twitter_card":"summary_large_image","twitter_misc":{"Est. tempo de leitura":"1 minuto"},"schema":{"@context":"https:\/\/schema.org","@graph":[{"@type":"WebPage","@id":"https:\/\/www.spraycolor.com\/spraygun\/pt-br\/conjunto-agulha-bico-plus-patenteado\/","url":"https:\/\/www.spraycolor.com\/spraygun\/pt-br\/conjunto-agulha-bico-plus-patenteado\/","name":"Conjunto agulha-bico PLUS (patenteado) - Automatic Spraygun - spraycolor","isPartOf":{"@id":"https:\/\/www.spraycolor.com\/spraygun\/#website"},"primaryImageOfPage":{"@id":"https:\/\/www.spraycolor.com\/spraygun\/pt-br\/conjunto-agulha-bico-plus-patenteado\/#primaryimage"},"image":{"@id":"https:\/\/www.spraycolor.com\/spraygun\/pt-br\/conjunto-agulha-bico-plus-patenteado\/#primaryimage"},"thumbnailUrl":"https:\/\/www.spraycolor.com\/spraygun\/wp-content\/uploads\/Magnetika_04-1-scaled.jpg","datePublished":"2020-11-02T12:13:44+00:00","dateModified":"2020-12-09T16:49:50+00:00","breadcrumb":{"@id":"https:\/\/www.spraycolor.com\/spraygun\/pt-br\/conjunto-agulha-bico-plus-patenteado\/#breadcrumb"},"inLanguage":"pt-BR","potentialAction":[{"@type":"ReadAction","target":["https:\/\/www.spraycolor.com\/spraygun\/pt-br\/conjunto-agulha-bico-plus-patenteado\/"]}]},{"@type":"ImageObject","inLanguage":"pt-BR","@id":"https:\/\/www.spraycolor.com\/spraygun\/pt-br\/conjunto-agulha-bico-plus-patenteado\/#primaryimage","url":"https:\/\/www.spraycolor.com\/spraygun\/wp-content\/uploads\/Magnetika_04-1-scaled.jpg","contentUrl":"https:\/\/www.spraycolor.com\/spraygun\/wp-content\/uploads\/Magnetika_04-1-scaled.jpg","width":2560,"height":1599},{"@type":"BreadcrumbList","@id":"https:\/\/www.spraycolor.com\/spraygun\/pt-br\/conjunto-agulha-bico-plus-patenteado\/#breadcrumb","itemListElement":[{"@type":"ListItem","position":1,"name":"Home","item":"https:\/\/www.spraycolor.com\/spraygun\/pt-br\/"},{"@type":"ListItem","position":2,"name":"Conjunto agulha-bico PLUS (patenteado)"}]},{"@type":"WebSite","@id":"https:\/\/www.spraycolor.com\/spraygun\/#website","url":"https:\/\/www.spraycolor.com\/spraygun\/","name":"Automatic Spraygun - spraycolor","description":"Pistole per verniciatura industriale","publisher":{"@id":"https:\/\/www.spraycolor.com\/spraygun\/#organization"},"potentialAction":[{"@type":"SearchAction","target":{"@type":"EntryPoint","urlTemplate":"https:\/\/www.spraycolor.com\/spraygun\/?s={search_term_string}"},"query-input":{"@type":"PropertyValueSpecification","valueRequired":true,"valueName":"search_term_string"}}],"inLanguage":"pt-BR"},{"@type":"Organization","@id":"https:\/\/www.spraycolor.com\/spraygun\/#organization","name":"Spraycolor","url":"https:\/\/www.spraycolor.com\/spraygun\/","logo":{"@type":"ImageObject","inLanguage":"pt-BR","@id":"https:\/\/www.spraycolor.com\/spraygun\/#\/schema\/logo\/image\/","url":"https:\/\/www.spraycolor.com\/spraygun\/wp-content\/uploads\/2020\/10\/Logo_bianco400.png","contentUrl":"https:\/\/www.spraycolor.com\/spraygun\/wp-content\/uploads\/2020\/10\/Logo_bianco400.png","width":400,"height":67,"caption":"Spraycolor"},"image":{"@id":"https:\/\/www.spraycolor.com\/spraygun\/#\/schema\/logo\/image\/"},"sameAs":["https:\/\/www.linkedin.com\/company\/spraycolor\/"]}]}},"_links":{"self":[{"href":"https:\/\/www.spraycolor.com\/spraygun\/pt-br\/wp-json\/wp\/v2\/pages\/16928","targetHints":{"allow":["GET"]}}],"collection":[{"href":"https:\/\/www.spraycolor.com\/spraygun\/pt-br\/wp-json\/wp\/v2\/pages"}],"about":[{"href":"https:\/\/www.spraycolor.com\/spraygun\/pt-br\/wp-json\/wp\/v2\/types\/page"}],"author":[{"embeddable":true,"href":"https:\/\/www.spraycolor.com\/spraygun\/pt-br\/wp-json\/wp\/v2\/users\/1"}],"replies":[{"embeddable":true,"href":"https:\/\/www.spraycolor.com\/spraygun\/pt-br\/wp-json\/wp\/v2\/comments?post=16928"}],"version-history":[{"count":3,"href":"https:\/\/www.spraycolor.com\/spraygun\/pt-br\/wp-json\/wp\/v2\/pages\/16928\/revisions"}],"predecessor-version":[{"id":17348,"href":"https:\/\/www.spraycolor.com\/spraygun\/pt-br\/wp-json\/wp\/v2\/pages\/16928\/revisions\/17348"}],"wp:featuredmedia":[{"embeddable":true,"href":"https:\/\/www.spraycolor.com\/spraygun\/pt-br\/wp-json\/wp\/v2\/media\/16930"}],"wp:attachment":[{"href":"https:\/\/www.spraycolor.com\/spraygun\/pt-br\/wp-json\/wp\/v2\/media?parent=16928"}],"curies":[{"name":"wp","href":"https:\/\/api.w.org\/{rel}","templated":true}]}}