{"id":16898,"date":"2020-11-02T12:35:12","date_gmt":"2020-11-02T11:35:12","guid":{"rendered":"https:\/\/www.spraycolor.com\/spraygun\/regolatore-di-portata\/"},"modified":"2020-12-09T17:29:56","modified_gmt":"2020-12-09T16:29:56","slug":"regolatore-di-portata","status":"publish","type":"page","link":"https:\/\/www.spraycolor.com\/spraygun\/pt-br\/regolatore-di-portata\/","title":{"rendered":"Regulador de caudal RP100"},"content":{"rendered":"<div class=\"wpb-content-wrapper\"><p>[vc_row css_animation=&#8221;&#8221; row_type=&#8221;row&#8221; use_row_as_full_screen_section=&#8221;no&#8221; type=&#8221;full_width&#8221; angled_section=&#8221;no&#8221; text_align=&#8221;left&#8221; background_image_as_pattern=&#8221;without_pattern&#8221;][vc_column][vc_single_image image=&#8221;16899&#8243; img_size=&#8221;full&#8221; alignment=&#8221;center&#8221; qode_css_animation=&#8221;&#8221;][\/vc_column][\/vc_row][vc_row css_animation=&#8221;&#8221; row_type=&#8221;row&#8221; use_row_as_full_screen_section=&#8221;no&#8221; type=&#8221;grid&#8221; angled_section=&#8221;no&#8221; text_align=&#8221;left&#8221; background_image_as_pattern=&#8221;without_pattern&#8221; z_index=&#8221;&#8221; padding_top=&#8221;50&#8243; padding_bottom=&#8221;50&#8243;][vc_column width=&#8221;2\/3&#8243;][vc_column_text]<\/p>\n<div class=\"span_full module_cont module_nor.mal_padding module_text_area\">\n<div class=\"module_content\">\n<h4>O regulador de caudal\u00a0<strong><em>spraycolor\u00ae<\/em>\u00a0<\/strong>RP100\u00a0foi projetado para simplificar as opera\u00e7\u00f5es de dosagem do produto pulverizado pelas pistolas.<\/h4>\n<p><strong>O que \u00e9, exatamente?<\/strong><\/p>\n<p>Imaginemos de ter uma cabine de envernizamento rotativa, com 12 pistolas instaladas, e de ter que alterar a quantidade de verniz projetada por cada pistola; a primeira opera\u00e7\u00e3o a ser realizada, ser\u00e1 a parada das m\u00e1quinas (portanto interrup\u00e7\u00e3o da produ\u00e7\u00e3o), para, em seguida, passar \u00e0 regulagem da quantidade de verniz para cada pistola.<br \/>\nUm t\u00e9cnico experiente necessita, em m\u00e9dia, de cerca de 5 minutos, admitindo que, terminada a opera\u00e7\u00e3o, a quantidade de produto seja a ideal e que n\u00e3o sejam necess\u00e1rias ulteriores manobras de ajuste.<\/p>\n<p><strong>A opera\u00e7\u00e3o descrita acima \u00e9 repetida por dezenas de vezes ao dia nos sistemas de envernizamento.<\/strong><\/p>\n<p>Agora, imaginemos de instalar o RP100 na cabine de envernizamento em quest\u00e3o: o \u00fanico cuidado que deveremos tomar, ser\u00e1 o de abrir somente pela primeira vez todos os disparos de cada pistola, em seguida come\u00e7aremos a produ\u00e7\u00e3o e, toda vez que for necess\u00e1rio um aumento ou uma diminui\u00e7\u00e3o da quantidade de verniz, ser\u00e1 suficiente agir no punho do regulador e observar as indica\u00e7\u00f5es no man\u00f4metro.<br \/>\nTerminada a opera\u00e7\u00e3o, ter\u00e3o sido apenas 5 segundos dedicados ao ajuste, contra os 5 minutos necess\u00e1rios na modalidade anterior, e ainda,\u00a0<strong>sem interromper a produ\u00e7\u00e3o.<\/strong><\/p>\n<\/div>\n<\/div>\n<p>[\/vc_column_text][vc_separator type=&#8221;transparent&#8221;][\/vc_column][vc_column width=&#8221;1\/3&#8243;][vc_column_text]<\/p>\n<h2 class=\"headInModule\">Vantagens<\/h2>\n<ul class=\"list_type2\">\n<li>Tempo de parada (m\u00e1quina parada) para o ajuste individual de cada pistola igual a zero.<\/li>\n<li>Ajuste simult\u00e2neo do produto at\u00e9 o m\u00e1ximo de 14 pistolas, com di\u00e2metro 1,2 mm.<\/li>\n<li>Estabiliza\u00e7\u00e3o da press\u00e3o do verniz em sa\u00edda direta \u00e0s pistolas.<\/li>\n<li>Exatid\u00e3o da quantidade de produto em sa\u00edda, para cada pistola.<\/li>\n<li>Rapidez de instala\u00e7\u00e3o do RP100 em qualquer tipo de sistema, sem ter que realizar altera\u00e7\u00f5es ao mesmo.<\/li>\n<li>Aperfei\u00e7oamento do diagrama de proje\u00e7\u00e3o das pistolas, j\u00e1 que a pot\u00eancia do ar de pulveriza\u00e7\u00e3o \u00e9 sempre igual, inclusive caso seja necess\u00e1rio pulverizar uma quantidade limitada de produto.<\/li>\n<\/ul>\n<p>[\/vc_column_text][vc_separator type=&#8221;transparent&#8221;]<a  itemprop=\"url\" href=\"https:\/\/www.spraycolor.com\/spraygun\/wp-content\/uploads\/schemaRP100.pdf\" target=\"_blank\"  class=\"qbutton  big_large_full_width default\" style=\"\">Ficha t\u00e9cnica<\/a>[\/vc_column][\/vc_row][vc_row css_animation=&#8221;&#8221; row_type=&#8221;row&#8221; use_row_as_full_screen_section=&#8221;no&#8221; type=&#8221;full_width&#8221; angled_section=&#8221;no&#8221; text_align=&#8221;left&#8221; background_image_as_pattern=&#8221;without_pattern&#8221;][vc_column][vc_empty_space][\/vc_column][\/vc_row]<\/p>\n<\/div>","protected":false},"excerpt":{"rendered":"<p>[vc_row css_animation=&#8221;&#8221; row_type=&#8221;row&#8221; use_row_as_full_screen_section=&#8221;no&#8221; type=&#8221;full_width&#8221; angled_section=&#8221;no&#8221; text_align=&#8221;left&#8221; background_image_as_pattern=&#8221;without_pattern&#8221;][vc_column][vc_single_image image=&#8221;16899&#8243; img_size=&#8221;full&#8221; alignment=&#8221;center&#8221; qode_css_animation=&#8221;&#8221;][\/vc_column][\/vc_row][vc_row css_animation=&#8221;&#8221; row_type=&#8221;row&#8221; use_row_as_full_screen_section=&#8221;no&#8221; type=&#8221;grid&#8221; angled_section=&#8221;no&#8221; text_align=&#8221;left&#8221; background_image_as_pattern=&#8221;without_pattern&#8221; z_index=&#8221;&#8221; padding_top=&#8221;50&#8243; padding_bottom=&#8221;50&#8243;][vc_column width=&#8221;2\/3&#8243;][vc_column_text] O regulador de caudal\u00a0spraycolor\u00ae\u00a0RP100\u00a0foi projetado para simplificar as opera\u00e7\u00f5es de dosagem do produto pulverizado pelas pistolas. O que \u00e9, exatamente? Imaginemos de&#8230;<\/p>\n","protected":false},"author":1,"featured_media":16899,"parent":0,"menu_order":178,"comment_status":"closed","ping_status":"closed","template":"full_width.php","meta":{"footnotes":""},"class_list":["post-16898","page","type-page","status-publish","has-post-thumbnail","hentry"],"yoast_head":"<!-- This site is optimized with the Yoast SEO plugin v26.5 - https:\/\/yoast.com\/wordpress\/plugins\/seo\/ -->\n<title>Regulador de caudal RP100 - Automatic Spraygun - spraycolor<\/title>\n<meta name=\"robots\" content=\"index, follow, max-snippet:-1, max-image-preview:large, max-video-preview:-1\" \/>\n<link rel=\"canonical\" href=\"https:\/\/www.spraycolor.com\/spraygun\/pt-br\/regolatore-di-portata\/\" \/>\n<meta property=\"og:locale\" content=\"pt_BR\" \/>\n<meta property=\"og:type\" content=\"article\" \/>\n<meta property=\"og:title\" content=\"Regulador de caudal RP100 - Automatic Spraygun - spraycolor\" \/>\n<meta property=\"og:description\" content=\"[vc_row css_animation=&#8221;&#8221; row_type=&#8221;row&#8221; use_row_as_full_screen_section=&#8221;no&#8221; type=&#8221;full_width&#8221; angled_section=&#8221;no&#8221; text_align=&#8221;left&#8221; background_image_as_pattern=&#8221;without_pattern&#8221;][vc_column][vc_single_image image=&#8221;16899&#8243; img_size=&#8221;full&#8221; alignment=&#8221;center&#8221; qode_css_animation=&#8221;&#8221;][\/vc_column][\/vc_row][vc_row css_animation=&#8221;&#8221; row_type=&#8221;row&#8221; use_row_as_full_screen_section=&#8221;no&#8221; type=&#8221;grid&#8221; angled_section=&#8221;no&#8221; text_align=&#8221;left&#8221; background_image_as_pattern=&#8221;without_pattern&#8221; z_index=&#8221;&#8221; padding_top=&#8221;50&#8243; padding_bottom=&#8221;50&#8243;][vc_column width=&#8221;2\/3&#8243;][vc_column_text] O regulador de caudal\u00a0spraycolor\u00ae\u00a0RP100\u00a0foi projetado para simplificar as opera\u00e7\u00f5es de dosagem do produto pulverizado pelas pistolas. O que \u00e9, exatamente? Imaginemos de...\" \/>\n<meta property=\"og:url\" content=\"https:\/\/www.spraycolor.com\/spraygun\/pt-br\/regolatore-di-portata\/\" \/>\n<meta property=\"og:site_name\" content=\"Automatic Spraygun - spraycolor\" \/>\n<meta property=\"article:modified_time\" content=\"2020-12-09T16:29:56+00:00\" \/>\n<meta property=\"og:image\" content=\"https:\/\/www.spraycolor.com\/spraygun\/wp-content\/uploads\/2020\/11\/kit.jpg\" \/>\n\t<meta property=\"og:image:width\" content=\"802\" \/>\n\t<meta property=\"og:image:height\" content=\"533\" \/>\n\t<meta property=\"og:image:type\" content=\"image\/jpeg\" \/>\n<meta name=\"twitter:card\" content=\"summary_large_image\" \/>\n<meta name=\"twitter:label1\" content=\"Est. tempo de leitura\" \/>\n\t<meta name=\"twitter:data1\" content=\"3 minutos\" \/>\n<script type=\"application\/ld+json\" class=\"yoast-schema-graph\">{\"@context\":\"https:\/\/schema.org\",\"@graph\":[{\"@type\":\"WebPage\",\"@id\":\"https:\/\/www.spraycolor.com\/spraygun\/pt-br\/regolatore-di-portata\/\",\"url\":\"https:\/\/www.spraycolor.com\/spraygun\/pt-br\/regolatore-di-portata\/\",\"name\":\"Regulador de caudal RP100 - Automatic Spraygun - spraycolor\",\"isPartOf\":{\"@id\":\"https:\/\/www.spraycolor.com\/spraygun\/#website\"},\"primaryImageOfPage\":{\"@id\":\"https:\/\/www.spraycolor.com\/spraygun\/pt-br\/regolatore-di-portata\/#primaryimage\"},\"image\":{\"@id\":\"https:\/\/www.spraycolor.com\/spraygun\/pt-br\/regolatore-di-portata\/#primaryimage\"},\"thumbnailUrl\":\"https:\/\/www.spraycolor.com\/spraygun\/wp-content\/uploads\/2020\/11\/kit.jpg\",\"datePublished\":\"2020-11-02T11:35:12+00:00\",\"dateModified\":\"2020-12-09T16:29:56+00:00\",\"breadcrumb\":{\"@id\":\"https:\/\/www.spraycolor.com\/spraygun\/pt-br\/regolatore-di-portata\/#breadcrumb\"},\"inLanguage\":\"pt-BR\",\"potentialAction\":[{\"@type\":\"ReadAction\",\"target\":[\"https:\/\/www.spraycolor.com\/spraygun\/pt-br\/regolatore-di-portata\/\"]}]},{\"@type\":\"ImageObject\",\"inLanguage\":\"pt-BR\",\"@id\":\"https:\/\/www.spraycolor.com\/spraygun\/pt-br\/regolatore-di-portata\/#primaryimage\",\"url\":\"https:\/\/www.spraycolor.com\/spraygun\/wp-content\/uploads\/2020\/11\/kit.jpg\",\"contentUrl\":\"https:\/\/www.spraycolor.com\/spraygun\/wp-content\/uploads\/2020\/11\/kit.jpg\",\"width\":802,\"height\":533},{\"@type\":\"BreadcrumbList\",\"@id\":\"https:\/\/www.spraycolor.com\/spraygun\/pt-br\/regolatore-di-portata\/#breadcrumb\",\"itemListElement\":[{\"@type\":\"ListItem\",\"position\":1,\"name\":\"Home\",\"item\":\"https:\/\/www.spraycolor.com\/spraygun\/pt-br\/\"},{\"@type\":\"ListItem\",\"position\":2,\"name\":\"Regulador de caudal RP100\"}]},{\"@type\":\"WebSite\",\"@id\":\"https:\/\/www.spraycolor.com\/spraygun\/#website\",\"url\":\"https:\/\/www.spraycolor.com\/spraygun\/\",\"name\":\"Automatic Spraygun - spraycolor\",\"description\":\"Pistole per verniciatura industriale\",\"publisher\":{\"@id\":\"https:\/\/www.spraycolor.com\/spraygun\/#organization\"},\"potentialAction\":[{\"@type\":\"SearchAction\",\"target\":{\"@type\":\"EntryPoint\",\"urlTemplate\":\"https:\/\/www.spraycolor.com\/spraygun\/?s={search_term_string}\"},\"query-input\":{\"@type\":\"PropertyValueSpecification\",\"valueRequired\":true,\"valueName\":\"search_term_string\"}}],\"inLanguage\":\"pt-BR\"},{\"@type\":\"Organization\",\"@id\":\"https:\/\/www.spraycolor.com\/spraygun\/#organization\",\"name\":\"Spraycolor\",\"url\":\"https:\/\/www.spraycolor.com\/spraygun\/\",\"logo\":{\"@type\":\"ImageObject\",\"inLanguage\":\"pt-BR\",\"@id\":\"https:\/\/www.spraycolor.com\/spraygun\/#\/schema\/logo\/image\/\",\"url\":\"https:\/\/www.spraycolor.com\/spraygun\/wp-content\/uploads\/2020\/10\/Logo_bianco400.png\",\"contentUrl\":\"https:\/\/www.spraycolor.com\/spraygun\/wp-content\/uploads\/2020\/10\/Logo_bianco400.png\",\"width\":400,\"height\":67,\"caption\":\"Spraycolor\"},\"image\":{\"@id\":\"https:\/\/www.spraycolor.com\/spraygun\/#\/schema\/logo\/image\/\"},\"sameAs\":[\"https:\/\/www.linkedin.com\/company\/spraycolor\/\"]}]}<\/script>\n<!-- \/ Yoast SEO plugin. -->","yoast_head_json":{"title":"Regulador de caudal RP100 - Automatic Spraygun - spraycolor","robots":{"index":"index","follow":"follow","max-snippet":"max-snippet:-1","max-image-preview":"max-image-preview:large","max-video-preview":"max-video-preview:-1"},"canonical":"https:\/\/www.spraycolor.com\/spraygun\/pt-br\/regolatore-di-portata\/","og_locale":"pt_BR","og_type":"article","og_title":"Regulador de caudal RP100 - Automatic Spraygun - spraycolor","og_description":"[vc_row css_animation=&#8221;&#8221; row_type=&#8221;row&#8221; use_row_as_full_screen_section=&#8221;no&#8221; type=&#8221;full_width&#8221; angled_section=&#8221;no&#8221; text_align=&#8221;left&#8221; background_image_as_pattern=&#8221;without_pattern&#8221;][vc_column][vc_single_image image=&#8221;16899&#8243; img_size=&#8221;full&#8221; alignment=&#8221;center&#8221; qode_css_animation=&#8221;&#8221;][\/vc_column][\/vc_row][vc_row css_animation=&#8221;&#8221; row_type=&#8221;row&#8221; use_row_as_full_screen_section=&#8221;no&#8221; type=&#8221;grid&#8221; angled_section=&#8221;no&#8221; text_align=&#8221;left&#8221; background_image_as_pattern=&#8221;without_pattern&#8221; z_index=&#8221;&#8221; padding_top=&#8221;50&#8243; padding_bottom=&#8221;50&#8243;][vc_column width=&#8221;2\/3&#8243;][vc_column_text] O regulador de caudal\u00a0spraycolor\u00ae\u00a0RP100\u00a0foi projetado para simplificar as opera\u00e7\u00f5es de dosagem do produto pulverizado pelas pistolas. O que \u00e9, exatamente? Imaginemos de...","og_url":"https:\/\/www.spraycolor.com\/spraygun\/pt-br\/regolatore-di-portata\/","og_site_name":"Automatic Spraygun - spraycolor","article_modified_time":"2020-12-09T16:29:56+00:00","og_image":[{"width":802,"height":533,"url":"https:\/\/www.spraycolor.com\/spraygun\/wp-content\/uploads\/2020\/11\/kit.jpg","type":"image\/jpeg"}],"twitter_card":"summary_large_image","twitter_misc":{"Est. tempo de leitura":"3 minutos"},"schema":{"@context":"https:\/\/schema.org","@graph":[{"@type":"WebPage","@id":"https:\/\/www.spraycolor.com\/spraygun\/pt-br\/regolatore-di-portata\/","url":"https:\/\/www.spraycolor.com\/spraygun\/pt-br\/regolatore-di-portata\/","name":"Regulador de caudal RP100 - Automatic Spraygun - spraycolor","isPartOf":{"@id":"https:\/\/www.spraycolor.com\/spraygun\/#website"},"primaryImageOfPage":{"@id":"https:\/\/www.spraycolor.com\/spraygun\/pt-br\/regolatore-di-portata\/#primaryimage"},"image":{"@id":"https:\/\/www.spraycolor.com\/spraygun\/pt-br\/regolatore-di-portata\/#primaryimage"},"thumbnailUrl":"https:\/\/www.spraycolor.com\/spraygun\/wp-content\/uploads\/2020\/11\/kit.jpg","datePublished":"2020-11-02T11:35:12+00:00","dateModified":"2020-12-09T16:29:56+00:00","breadcrumb":{"@id":"https:\/\/www.spraycolor.com\/spraygun\/pt-br\/regolatore-di-portata\/#breadcrumb"},"inLanguage":"pt-BR","potentialAction":[{"@type":"ReadAction","target":["https:\/\/www.spraycolor.com\/spraygun\/pt-br\/regolatore-di-portata\/"]}]},{"@type":"ImageObject","inLanguage":"pt-BR","@id":"https:\/\/www.spraycolor.com\/spraygun\/pt-br\/regolatore-di-portata\/#primaryimage","url":"https:\/\/www.spraycolor.com\/spraygun\/wp-content\/uploads\/2020\/11\/kit.jpg","contentUrl":"https:\/\/www.spraycolor.com\/spraygun\/wp-content\/uploads\/2020\/11\/kit.jpg","width":802,"height":533},{"@type":"BreadcrumbList","@id":"https:\/\/www.spraycolor.com\/spraygun\/pt-br\/regolatore-di-portata\/#breadcrumb","itemListElement":[{"@type":"ListItem","position":1,"name":"Home","item":"https:\/\/www.spraycolor.com\/spraygun\/pt-br\/"},{"@type":"ListItem","position":2,"name":"Regulador de caudal RP100"}]},{"@type":"WebSite","@id":"https:\/\/www.spraycolor.com\/spraygun\/#website","url":"https:\/\/www.spraycolor.com\/spraygun\/","name":"Automatic Spraygun - spraycolor","description":"Pistole per verniciatura industriale","publisher":{"@id":"https:\/\/www.spraycolor.com\/spraygun\/#organization"},"potentialAction":[{"@type":"SearchAction","target":{"@type":"EntryPoint","urlTemplate":"https:\/\/www.spraycolor.com\/spraygun\/?s={search_term_string}"},"query-input":{"@type":"PropertyValueSpecification","valueRequired":true,"valueName":"search_term_string"}}],"inLanguage":"pt-BR"},{"@type":"Organization","@id":"https:\/\/www.spraycolor.com\/spraygun\/#organization","name":"Spraycolor","url":"https:\/\/www.spraycolor.com\/spraygun\/","logo":{"@type":"ImageObject","inLanguage":"pt-BR","@id":"https:\/\/www.spraycolor.com\/spraygun\/#\/schema\/logo\/image\/","url":"https:\/\/www.spraycolor.com\/spraygun\/wp-content\/uploads\/2020\/10\/Logo_bianco400.png","contentUrl":"https:\/\/www.spraycolor.com\/spraygun\/wp-content\/uploads\/2020\/10\/Logo_bianco400.png","width":400,"height":67,"caption":"Spraycolor"},"image":{"@id":"https:\/\/www.spraycolor.com\/spraygun\/#\/schema\/logo\/image\/"},"sameAs":["https:\/\/www.linkedin.com\/company\/spraycolor\/"]}]}},"_links":{"self":[{"href":"https:\/\/www.spraycolor.com\/spraygun\/pt-br\/wp-json\/wp\/v2\/pages\/16898","targetHints":{"allow":["GET"]}}],"collection":[{"href":"https:\/\/www.spraycolor.com\/spraygun\/pt-br\/wp-json\/wp\/v2\/pages"}],"about":[{"href":"https:\/\/www.spraycolor.com\/spraygun\/pt-br\/wp-json\/wp\/v2\/types\/page"}],"author":[{"embeddable":true,"href":"https:\/\/www.spraycolor.com\/spraygun\/pt-br\/wp-json\/wp\/v2\/users\/1"}],"replies":[{"embeddable":true,"href":"https:\/\/www.spraycolor.com\/spraygun\/pt-br\/wp-json\/wp\/v2\/comments?post=16898"}],"version-history":[{"count":5,"href":"https:\/\/www.spraycolor.com\/spraygun\/pt-br\/wp-json\/wp\/v2\/pages\/16898\/revisions"}],"predecessor-version":[{"id":17346,"href":"https:\/\/www.spraycolor.com\/spraygun\/pt-br\/wp-json\/wp\/v2\/pages\/16898\/revisions\/17346"}],"wp:featuredmedia":[{"embeddable":true,"href":"https:\/\/www.spraycolor.com\/spraygun\/pt-br\/wp-json\/wp\/v2\/media\/16899"}],"wp:attachment":[{"href":"https:\/\/www.spraycolor.com\/spraygun\/pt-br\/wp-json\/wp\/v2\/media?parent=16898"}],"curies":[{"name":"wp","href":"https:\/\/api.w.org\/{rel}","templated":true}]}}