{"id":16779,"date":"2020-11-02T11:47:06","date_gmt":"2020-11-02T10:47:06","guid":{"rendered":"https:\/\/www.spraycolor.com\/spraygun\/hvlp-vs03\/"},"modified":"2023-05-11T21:42:50","modified_gmt":"2023-05-11T19:42:50","slug":"hvlp-vs03","status":"publish","type":"page","link":"https:\/\/www.spraycolor.com\/spraygun\/pt-br\/hvlp-vs03\/","title":{"rendered":"VS03 HVLP spray gun"},"content":{"rendered":"<div class=\"wpb-content-wrapper\"><p>[vc_row css_animation=&#8221;&#8221; row_type=&#8221;row&#8221; use_row_as_full_screen_section=&#8221;no&#8221; type=&#8221;grid&#8221; angled_section=&#8221;no&#8221; text_align=&#8221;left&#8221; background_image_as_pattern=&#8221;without_pattern&#8221; z_index=&#8221;&#8221; padding_top=&#8221;50&#8243; padding_bottom=&#8221;50&#8243;][vc_column width=&#8221;2\/3&#8243;][vc_column_text]Esta nova tipologia de pistola pulverizadora nasce para responder \u00e0s exig\u00eancias daqueles Clientes que necessitam de elevada produtividade, mas n\u00e3o querem abrir m\u00e3o de excelente desempenho na fase de acabamento.<\/p>\n<p>Recentemente, de fato, os velhos sistemas HVLP nunca conseguiram oferecer o mesmo grau de desempenho em acabamento, quando comparados aos modelos que utilizavam valores padr\u00e3o de press\u00e3o.<\/p>\n<p>Agora, com VS03, tudo \u00e9 poss\u00edvel. A pistola combina uma pulveriza\u00e7\u00e3o de baixa press\u00e3o tipo EXTRA LARGE com um design e dimens\u00f5es sem iguais, facilitando a instala\u00e7\u00e3o do produto em qualquer sistema, sem ter que realizar altera\u00e7\u00f5es.<\/p>\n<p>&nbsp;<\/p>\n<p>A certifica\u00e7\u00e3o DIN EN-UNI 13966 atesta que a VS03 possibilita a MAXIMIZA\u00c7\u00c3O da TRANSFER\u00caNCIA de produto qu\u00edmico sem gerar desperd\u00edcio ou libera\u00e7\u00e3o no ambiente, obtendo um grau de acabamento nunca alcan\u00e7ado antes.<\/p>\n<p>Simplesmente, VS03 representa um ulterior grande avan\u00e7o para o futuro da pintura por pulveriza\u00e7\u00e3o moderna.<\/p>\n<p><strong>Di\u00e2metros dispon\u00edveis: \u00d8 0.8 \u2013 1.0 \u2013 1.2 \u2013 1.5 (outros di\u00e2metros sob pedido)<\/strong><br \/>\n<strong>Cabe\u00e7otes dispon\u00edveis: V \u2013 VX \u2013 S<\/strong>[\/vc_column_text][vc_separator type=&#8221;normal&#8221;][vc_single_image image=&#8221;16871&#8243; img_size=&#8221;full&#8221; qode_css_animation=&#8221;&#8221;][\/vc_column][vc_column width=&#8221;1\/3&#8243;][vc_column_text]<\/p>\n<h3 class=\"headInModule\">5 pontos fundamentais<\/h3>\n<div class=\"module_content\">1 &#8211; certificada segundo a norma UNI<br \/>\n2 &#8211; leque de pulveriza\u00e7\u00e3o de dimens\u00f5es XL<br \/>\n3 &#8211; design compacto<br \/>\n4 &#8211; alt\u00edssima transfer\u00eancia de produto qu\u00edmico<br \/>\n5 &#8211; melhor acabamento poss\u00edvel para uma HVLP<\/div>\n<p>[\/vc_column_text][\/vc_column][\/vc_row][vc_row css_animation=&#8221;&#8221; row_type=&#8221;row&#8221; use_row_as_full_screen_section=&#8221;no&#8221; type=&#8221;full_width&#8221; angled_section=&#8221;no&#8221; text_align=&#8221;left&#8221; background_image_as_pattern=&#8221;without_pattern&#8221;][vc_column][vc_gallery type=&#8221;image_grid&#8221; images=&#8221;16780,18269,16798,16797&#8243; img_size=&#8221;700&#215;500&#8243; onclick=&#8221;&#8221; css_animation=&#8221;fadeIn&#8221; column_number=&#8221;4&#8243; grayscale=&#8221;no&#8221; images_space=&#8221;gallery_without_space&#8221;][\/vc_column][\/vc_row][vc_row css_animation=&#8221;&#8221; row_type=&#8221;row&#8221; use_row_as_full_screen_section=&#8221;no&#8221; type=&#8221;grid&#8221; angled_section=&#8221;no&#8221; text_align=&#8221;left&#8221; background_image_as_pattern=&#8221;without_pattern&#8221; z_index=&#8221;&#8221; padding_top=&#8221;50&#8243; padding_bottom=&#8221;50&#8243;][vc_column width=&#8221;1\/3&#8243;][vc_column_text el_class=&#8221;caratteristiche&#8221;]<\/p>\n<h2 class=\"headInModule\">Caracter\u00edsticas T\u00e9cnicas<\/h2>\n<ul class=\"list_type1\">\n<li>press\u00e3o ar comando: CYL 3.5 bar m\u00e1x. 4.0 bar<\/li>\n<li>press\u00e3o entrada pintura: 1 bar<\/li>\n<li>Press\u00e3o atomiza\u00e7\u00e3o: ATO 1,8 &#8211; 2.4 bar<\/li>\n<li>Peso: 780 gr<\/li>\n<li>Consumos: 220 l\/min<\/li>\n<li>Ideal para produtos com densidade: baixa, m\u00e9dia, alta<\/li>\n<li>conex\u00f5es para ar e pintura: G \u00bc\u201d<\/li>\n<li>fixa\u00e7\u00e3o \u00e0 m\u00e1quina: 3 furos \u00d8 10<\/li>\n<\/ul>\n<p>[\/vc_column_text][vc_separator type=&#8221;transparent&#8221;][\/vc_column][vc_column width=&#8221;1\/3&#8243;][vc_column_text el_class=&#8221;confezione&#8221;]<\/p>\n<h2 class=\"headInModule\">A embalagem inclui<\/h2>\n<ul class=\"\">\n<li>Suporte de fixa\u00e7\u00e3o \u00e0 m\u00e1quina<\/li>\n<li>ficha de teste de ensaio, com o n\u00famero de matr\u00edcula (\u00fatil para o suporte t\u00e9cnico)<\/li>\n<li>manual de uso e manuten\u00e7\u00e3o<\/li>\n<\/ul>\n<p>[\/vc_column_text][vc_separator type=&#8221;transparent&#8221; up=&#8221;5&#8243; down=&#8221;5&#8243;][\/vc_column][vc_column width=&#8221;1\/3&#8243;]<a  itemprop=\"url\" href=\"https:\/\/www.spraycolor.com\/spraygun\/wp-content\/uploads\/VS03-eng.pdf\" target=\"_blank\"  class=\"qbutton  big_large_full_width default\" style=\"\">Ficha t\u00e9cnica<\/a>[vc_separator type=&#8221;transparent&#8221; up=&#8221;5&#8243; down=&#8221;5&#8243;]<a  itemprop=\"url\" href=\"https:\/\/www.spraycolor.com\/spraygun\/wp-content\/uploads\/Manuale-uso_VS03.pdf\" target=\"_blank\"  class=\"qbutton  big_large_full_width default\" style=\"\">Manual de instru\u00e7\u00f5es para o uso<\/a>[vc_separator type=&#8221;transparent&#8221; up=&#8221;5&#8243; down=&#8221;5&#8243;]<a  itemprop=\"url\" href=\"https:\/\/www.spraycolor.com\/spraygun\/wp-content\/uploads\/7-certificate-small-VS03-20-bar.pdf\" target=\"_blank\"  class=\"qbutton  big_large_full_width default\" style=\"\">Certificado<\/a>[\/vc_column][\/vc_row][vc_row css_animation=&#8221;&#8221; row_type=&#8221;row&#8221; use_row_as_full_screen_section=&#8221;no&#8221; type=&#8221;grid&#8221; angled_section=&#8221;no&#8221; text_align=&#8221;left&#8221; background_image_as_pattern=&#8221;without_pattern&#8221; z_index=&#8221;&#8221;][vc_column][vc_video link=&#8221;https:\/\/vimeo.com\/213369576&#8243;][\/vc_column][\/vc_row][vc_row css_animation=&#8221;&#8221; row_type=&#8221;row&#8221; use_row_as_full_screen_section=&#8221;no&#8221; type=&#8221;full_width&#8221; angled_section=&#8221;no&#8221; text_align=&#8221;left&#8221; background_image_as_pattern=&#8221;without_pattern&#8221;][vc_column][vc_empty_space][\/vc_column][\/vc_row]<\/p>\n<\/div>","protected":false},"excerpt":{"rendered":"<p>[vc_row css_animation=&#8221;&#8221; row_type=&#8221;row&#8221; use_row_as_full_screen_section=&#8221;no&#8221; type=&#8221;grid&#8221; angled_section=&#8221;no&#8221; text_align=&#8221;left&#8221; background_image_as_pattern=&#8221;without_pattern&#8221; z_index=&#8221;&#8221; padding_top=&#8221;50&#8243; padding_bottom=&#8221;50&#8243;][vc_column width=&#8221;2\/3&#8243;][vc_column_text]Esta nova tipologia de pistola pulverizadora nasce para responder \u00e0s exig\u00eancias daqueles Clientes que necessitam de elevada produtividade, mas n\u00e3o querem abrir m\u00e3o de excelente desempenho na fase de acabamento. Recentemente, de fato, os&#8230;<\/p>\n","protected":false},"author":1,"featured_media":16780,"parent":0,"menu_order":224,"comment_status":"closed","ping_status":"closed","template":"full_width.php","meta":{"footnotes":""},"class_list":["post-16779","page","type-page","status-publish","has-post-thumbnail","hentry"],"yoast_head":"<!-- This site is optimized with the Yoast SEO plugin v26.5 - https:\/\/yoast.com\/wordpress\/plugins\/seo\/ -->\n<title>VS03 HVLP spray gun - Automatic Spraygun - spraycolor<\/title>\n<meta name=\"robots\" content=\"index, follow, max-snippet:-1, max-image-preview:large, max-video-preview:-1\" \/>\n<link rel=\"canonical\" href=\"https:\/\/www.spraycolor.com\/spraygun\/pt-br\/hvlp-vs03\/\" \/>\n<meta property=\"og:locale\" content=\"pt_BR\" \/>\n<meta property=\"og:type\" content=\"article\" \/>\n<meta property=\"og:title\" content=\"VS03 HVLP spray gun - Automatic Spraygun - spraycolor\" \/>\n<meta property=\"og:description\" content=\"[vc_row css_animation=&#8221;&#8221; row_type=&#8221;row&#8221; use_row_as_full_screen_section=&#8221;no&#8221; type=&#8221;grid&#8221; angled_section=&#8221;no&#8221; text_align=&#8221;left&#8221; background_image_as_pattern=&#8221;without_pattern&#8221; z_index=&#8221;&#8221; padding_top=&#8221;50&#8243; padding_bottom=&#8221;50&#8243;][vc_column width=&#8221;2\/3&#8243;][vc_column_text]Esta nova tipologia de pistola pulverizadora nasce para responder \u00e0s exig\u00eancias daqueles Clientes que necessitam de elevada produtividade, mas n\u00e3o querem abrir m\u00e3o de excelente desempenho na fase de acabamento. Recentemente, de fato, os...\" \/>\n<meta property=\"og:url\" content=\"https:\/\/www.spraycolor.com\/spraygun\/pt-br\/hvlp-vs03\/\" \/>\n<meta property=\"og:site_name\" content=\"Automatic Spraygun - spraycolor\" \/>\n<meta property=\"article:modified_time\" content=\"2023-05-11T19:42:50+00:00\" \/>\n<meta property=\"og:image\" content=\"https:\/\/www.spraycolor.com\/spraygun\/wp-content\/uploads\/2020\/11\/flyer-VS03.jpg\" \/>\n\t<meta property=\"og:image:width\" content=\"2048\" \/>\n\t<meta property=\"og:image:height\" content=\"1366\" \/>\n\t<meta property=\"og:image:type\" content=\"image\/jpeg\" \/>\n<meta name=\"twitter:card\" content=\"summary_large_image\" \/>\n<meta name=\"twitter:label1\" content=\"Est. tempo de leitura\" \/>\n\t<meta name=\"twitter:data1\" content=\"2 minutos\" \/>\n<script type=\"application\/ld+json\" class=\"yoast-schema-graph\">{\"@context\":\"https:\/\/schema.org\",\"@graph\":[{\"@type\":\"WebPage\",\"@id\":\"https:\/\/www.spraycolor.com\/spraygun\/pt-br\/hvlp-vs03\/\",\"url\":\"https:\/\/www.spraycolor.com\/spraygun\/pt-br\/hvlp-vs03\/\",\"name\":\"VS03 HVLP spray gun - Automatic Spraygun - spraycolor\",\"isPartOf\":{\"@id\":\"https:\/\/www.spraycolor.com\/spraygun\/#website\"},\"primaryImageOfPage\":{\"@id\":\"https:\/\/www.spraycolor.com\/spraygun\/pt-br\/hvlp-vs03\/#primaryimage\"},\"image\":{\"@id\":\"https:\/\/www.spraycolor.com\/spraygun\/pt-br\/hvlp-vs03\/#primaryimage\"},\"thumbnailUrl\":\"https:\/\/www.spraycolor.com\/spraygun\/wp-content\/uploads\/2020\/11\/flyer-VS03.jpg\",\"datePublished\":\"2020-11-02T10:47:06+00:00\",\"dateModified\":\"2023-05-11T19:42:50+00:00\",\"breadcrumb\":{\"@id\":\"https:\/\/www.spraycolor.com\/spraygun\/pt-br\/hvlp-vs03\/#breadcrumb\"},\"inLanguage\":\"pt-BR\",\"potentialAction\":[{\"@type\":\"ReadAction\",\"target\":[\"https:\/\/www.spraycolor.com\/spraygun\/pt-br\/hvlp-vs03\/\"]}]},{\"@type\":\"ImageObject\",\"inLanguage\":\"pt-BR\",\"@id\":\"https:\/\/www.spraycolor.com\/spraygun\/pt-br\/hvlp-vs03\/#primaryimage\",\"url\":\"https:\/\/www.spraycolor.com\/spraygun\/wp-content\/uploads\/2020\/11\/flyer-VS03.jpg\",\"contentUrl\":\"https:\/\/www.spraycolor.com\/spraygun\/wp-content\/uploads\/2020\/11\/flyer-VS03.jpg\",\"width\":2048,\"height\":1366},{\"@type\":\"BreadcrumbList\",\"@id\":\"https:\/\/www.spraycolor.com\/spraygun\/pt-br\/hvlp-vs03\/#breadcrumb\",\"itemListElement\":[{\"@type\":\"ListItem\",\"position\":1,\"name\":\"Home\",\"item\":\"https:\/\/www.spraycolor.com\/spraygun\/pt-br\/\"},{\"@type\":\"ListItem\",\"position\":2,\"name\":\"VS03 HVLP spray gun\"}]},{\"@type\":\"WebSite\",\"@id\":\"https:\/\/www.spraycolor.com\/spraygun\/#website\",\"url\":\"https:\/\/www.spraycolor.com\/spraygun\/\",\"name\":\"Automatic Spraygun - spraycolor\",\"description\":\"Pistole per verniciatura industriale\",\"publisher\":{\"@id\":\"https:\/\/www.spraycolor.com\/spraygun\/#organization\"},\"potentialAction\":[{\"@type\":\"SearchAction\",\"target\":{\"@type\":\"EntryPoint\",\"urlTemplate\":\"https:\/\/www.spraycolor.com\/spraygun\/?s={search_term_string}\"},\"query-input\":{\"@type\":\"PropertyValueSpecification\",\"valueRequired\":true,\"valueName\":\"search_term_string\"}}],\"inLanguage\":\"pt-BR\"},{\"@type\":\"Organization\",\"@id\":\"https:\/\/www.spraycolor.com\/spraygun\/#organization\",\"name\":\"Spraycolor\",\"url\":\"https:\/\/www.spraycolor.com\/spraygun\/\",\"logo\":{\"@type\":\"ImageObject\",\"inLanguage\":\"pt-BR\",\"@id\":\"https:\/\/www.spraycolor.com\/spraygun\/#\/schema\/logo\/image\/\",\"url\":\"https:\/\/www.spraycolor.com\/spraygun\/wp-content\/uploads\/2020\/10\/Logo_bianco400.png\",\"contentUrl\":\"https:\/\/www.spraycolor.com\/spraygun\/wp-content\/uploads\/2020\/10\/Logo_bianco400.png\",\"width\":400,\"height\":67,\"caption\":\"Spraycolor\"},\"image\":{\"@id\":\"https:\/\/www.spraycolor.com\/spraygun\/#\/schema\/logo\/image\/\"},\"sameAs\":[\"https:\/\/www.linkedin.com\/company\/spraycolor\/\"]}]}<\/script>\n<!-- \/ Yoast SEO plugin. -->","yoast_head_json":{"title":"VS03 HVLP spray gun - Automatic Spraygun - spraycolor","robots":{"index":"index","follow":"follow","max-snippet":"max-snippet:-1","max-image-preview":"max-image-preview:large","max-video-preview":"max-video-preview:-1"},"canonical":"https:\/\/www.spraycolor.com\/spraygun\/pt-br\/hvlp-vs03\/","og_locale":"pt_BR","og_type":"article","og_title":"VS03 HVLP spray gun - Automatic Spraygun - spraycolor","og_description":"[vc_row css_animation=&#8221;&#8221; row_type=&#8221;row&#8221; use_row_as_full_screen_section=&#8221;no&#8221; type=&#8221;grid&#8221; angled_section=&#8221;no&#8221; text_align=&#8221;left&#8221; background_image_as_pattern=&#8221;without_pattern&#8221; z_index=&#8221;&#8221; padding_top=&#8221;50&#8243; padding_bottom=&#8221;50&#8243;][vc_column width=&#8221;2\/3&#8243;][vc_column_text]Esta nova tipologia de pistola pulverizadora nasce para responder \u00e0s exig\u00eancias daqueles Clientes que necessitam de elevada produtividade, mas n\u00e3o querem abrir m\u00e3o de excelente desempenho na fase de acabamento. Recentemente, de fato, os...","og_url":"https:\/\/www.spraycolor.com\/spraygun\/pt-br\/hvlp-vs03\/","og_site_name":"Automatic Spraygun - spraycolor","article_modified_time":"2023-05-11T19:42:50+00:00","og_image":[{"width":2048,"height":1366,"url":"https:\/\/www.spraycolor.com\/spraygun\/wp-content\/uploads\/2020\/11\/flyer-VS03.jpg","type":"image\/jpeg"}],"twitter_card":"summary_large_image","twitter_misc":{"Est. tempo de leitura":"2 minutos"},"schema":{"@context":"https:\/\/schema.org","@graph":[{"@type":"WebPage","@id":"https:\/\/www.spraycolor.com\/spraygun\/pt-br\/hvlp-vs03\/","url":"https:\/\/www.spraycolor.com\/spraygun\/pt-br\/hvlp-vs03\/","name":"VS03 HVLP spray gun - Automatic Spraygun - spraycolor","isPartOf":{"@id":"https:\/\/www.spraycolor.com\/spraygun\/#website"},"primaryImageOfPage":{"@id":"https:\/\/www.spraycolor.com\/spraygun\/pt-br\/hvlp-vs03\/#primaryimage"},"image":{"@id":"https:\/\/www.spraycolor.com\/spraygun\/pt-br\/hvlp-vs03\/#primaryimage"},"thumbnailUrl":"https:\/\/www.spraycolor.com\/spraygun\/wp-content\/uploads\/2020\/11\/flyer-VS03.jpg","datePublished":"2020-11-02T10:47:06+00:00","dateModified":"2023-05-11T19:42:50+00:00","breadcrumb":{"@id":"https:\/\/www.spraycolor.com\/spraygun\/pt-br\/hvlp-vs03\/#breadcrumb"},"inLanguage":"pt-BR","potentialAction":[{"@type":"ReadAction","target":["https:\/\/www.spraycolor.com\/spraygun\/pt-br\/hvlp-vs03\/"]}]},{"@type":"ImageObject","inLanguage":"pt-BR","@id":"https:\/\/www.spraycolor.com\/spraygun\/pt-br\/hvlp-vs03\/#primaryimage","url":"https:\/\/www.spraycolor.com\/spraygun\/wp-content\/uploads\/2020\/11\/flyer-VS03.jpg","contentUrl":"https:\/\/www.spraycolor.com\/spraygun\/wp-content\/uploads\/2020\/11\/flyer-VS03.jpg","width":2048,"height":1366},{"@type":"BreadcrumbList","@id":"https:\/\/www.spraycolor.com\/spraygun\/pt-br\/hvlp-vs03\/#breadcrumb","itemListElement":[{"@type":"ListItem","position":1,"name":"Home","item":"https:\/\/www.spraycolor.com\/spraygun\/pt-br\/"},{"@type":"ListItem","position":2,"name":"VS03 HVLP spray gun"}]},{"@type":"WebSite","@id":"https:\/\/www.spraycolor.com\/spraygun\/#website","url":"https:\/\/www.spraycolor.com\/spraygun\/","name":"Automatic Spraygun - spraycolor","description":"Pistole per verniciatura industriale","publisher":{"@id":"https:\/\/www.spraycolor.com\/spraygun\/#organization"},"potentialAction":[{"@type":"SearchAction","target":{"@type":"EntryPoint","urlTemplate":"https:\/\/www.spraycolor.com\/spraygun\/?s={search_term_string}"},"query-input":{"@type":"PropertyValueSpecification","valueRequired":true,"valueName":"search_term_string"}}],"inLanguage":"pt-BR"},{"@type":"Organization","@id":"https:\/\/www.spraycolor.com\/spraygun\/#organization","name":"Spraycolor","url":"https:\/\/www.spraycolor.com\/spraygun\/","logo":{"@type":"ImageObject","inLanguage":"pt-BR","@id":"https:\/\/www.spraycolor.com\/spraygun\/#\/schema\/logo\/image\/","url":"https:\/\/www.spraycolor.com\/spraygun\/wp-content\/uploads\/2020\/10\/Logo_bianco400.png","contentUrl":"https:\/\/www.spraycolor.com\/spraygun\/wp-content\/uploads\/2020\/10\/Logo_bianco400.png","width":400,"height":67,"caption":"Spraycolor"},"image":{"@id":"https:\/\/www.spraycolor.com\/spraygun\/#\/schema\/logo\/image\/"},"sameAs":["https:\/\/www.linkedin.com\/company\/spraycolor\/"]}]}},"_links":{"self":[{"href":"https:\/\/www.spraycolor.com\/spraygun\/pt-br\/wp-json\/wp\/v2\/pages\/16779","targetHints":{"allow":["GET"]}}],"collection":[{"href":"https:\/\/www.spraycolor.com\/spraygun\/pt-br\/wp-json\/wp\/v2\/pages"}],"about":[{"href":"https:\/\/www.spraycolor.com\/spraygun\/pt-br\/wp-json\/wp\/v2\/types\/page"}],"author":[{"embeddable":true,"href":"https:\/\/www.spraycolor.com\/spraygun\/pt-br\/wp-json\/wp\/v2\/users\/1"}],"replies":[{"embeddable":true,"href":"https:\/\/www.spraycolor.com\/spraygun\/pt-br\/wp-json\/wp\/v2\/comments?post=16779"}],"version-history":[{"count":7,"href":"https:\/\/www.spraycolor.com\/spraygun\/pt-br\/wp-json\/wp\/v2\/pages\/16779\/revisions"}],"predecessor-version":[{"id":18300,"href":"https:\/\/www.spraycolor.com\/spraygun\/pt-br\/wp-json\/wp\/v2\/pages\/16779\/revisions\/18300"}],"wp:featuredmedia":[{"embeddable":true,"href":"https:\/\/www.spraycolor.com\/spraygun\/pt-br\/wp-json\/wp\/v2\/media\/16780"}],"wp:attachment":[{"href":"https:\/\/www.spraycolor.com\/spraygun\/pt-br\/wp-json\/wp\/v2\/media?parent=16779"}],"curies":[{"name":"wp","href":"https:\/\/api.w.org\/{rel}","templated":true}]}}