{"id":16671,"date":"2020-11-02T10:59:08","date_gmt":"2020-11-02T09:59:08","guid":{"rendered":"https:\/\/www.spraycolor.com\/spraygun\/lvlp-3c\/"},"modified":"2020-12-09T16:41:03","modified_gmt":"2020-12-09T15:41:03","slug":"lvlp-3c","status":"publish","type":"page","link":"https:\/\/www.spraycolor.com\/spraygun\/pt-br\/lvlp-3c\/","title":{"rendered":"3C LVLP Spray gun"},"content":{"rendered":"<div class=\"wpb-content-wrapper\"><p>[vc_row css_animation=&#8221;&#8221; row_type=&#8221;row&#8221; use_row_as_full_screen_section=&#8221;no&#8221; type=&#8221;grid&#8221; angled_section=&#8221;no&#8221; text_align=&#8221;left&#8221; background_image_as_pattern=&#8221;without_pattern&#8221; z_index=&#8221;&#8221; padding_top=&#8221;50&#8243; padding_bottom=&#8221;50&#8243;][vc_column width=&#8221;2\/3&#8243;][vc_column_text]Concebida para os Clientes que necessitarem de grande versatilidade na fase de pulveriza\u00e7\u00e3o, alternando produtos qu\u00edmicos muito l\u00edquidos a resinas com alta densidade.<br \/>\nA \u00fanica pistola ao mundo PATENTEADA com 3 reguladores de fluxo.<br \/>\nEsta extraordin\u00e1ria inova\u00e7\u00e3o oferece a possibilidade de gerar, mediante o regulador BOOST, um jato de ar suplementar capaz de pulverizar com excelentes resultados at\u00e9 as resinas mais densas.<br \/>\nA CERTIFICA\u00c7\u00c3O UNI EN 13966 atesta que, gra\u00e7as \u00e0 3C, ser\u00e1 poss\u00edvel pulverizar desde \u00e1gua at\u00e9 cola sempre com uma transfer\u00eancia nunca igualada.<br \/>\nSimplesmente, a 3C nasceu dos sonhos dos mais exigentes Clientes.<\/p>\n<p><strong>Di\u00e2metros dispon\u00edveis: \u00d8 0.8 \u2013 1.0 \u2013 1.2 \u2013 1.5 \u2013 1.7 \u2013 1.9 \u2013 2.2 \u2013 2.5<\/strong><br \/>\n<strong>Cabe\u00e7otes dispon\u00edveis: L \u2013 S \u2013 (P \u2013 para di\u00e2metros maiores de 1.5)<\/strong>[\/vc_column_text][vc_separator type=&#8221;normal&#8221;][vc_single_image image=&#8221;16869&#8243; img_size=&#8221;full&#8221; qode_css_animation=&#8221;&#8221;][\/vc_column][vc_column width=&#8221;1\/3&#8243;][vc_column_text]<\/p>\n<h3 class=\"headInModule\">5 pontos fundamentais<\/h3>\n<p class=\"headInModule\">1. Certificada UNI EN 13966<br \/>\n2. PATENTEADA 3 reguladores<br \/>\n3. \u00danica ao mundo com fun\u00e7\u00e3o BOOST<br \/>\n4. Alt\u00edssima transfer\u00eancia na superf\u00edcie a ser pintada<br \/>\n5. Vers\u00e1til, indicada para qualquer produto qu\u00edmico<\/p>\n<p>[\/vc_column_text][\/vc_column][\/vc_row][vc_row css_animation=&#8221;&#8221; row_type=&#8221;row&#8221; use_row_as_full_screen_section=&#8221;no&#8221; type=&#8221;full_width&#8221; angled_section=&#8221;no&#8221; text_align=&#8221;left&#8221; background_image_as_pattern=&#8221;without_pattern&#8221;][vc_column][vc_gallery type=&#8221;image_grid&#8221; images=&#8221;16672,16685,16686&#8243; img_size=&#8221;800&#215;800&#8243; onclick=&#8221;&#8221; css_animation=&#8221;fadeIn&#8221; column_number=&#8221;3&#8243; grayscale=&#8221;no&#8221; images_space=&#8221;gallery_without_space&#8221;][\/vc_column][\/vc_row][vc_row css_animation=&#8221;&#8221; row_type=&#8221;row&#8221; use_row_as_full_screen_section=&#8221;no&#8221; type=&#8221;grid&#8221; angled_section=&#8221;no&#8221; text_align=&#8221;left&#8221; background_image_as_pattern=&#8221;without_pattern&#8221; z_index=&#8221;&#8221; padding_top=&#8221;50&#8243; padding_bottom=&#8221;50&#8243;][vc_column width=&#8221;1\/3&#8243;][vc_column_text el_class=&#8221;caratteristiche&#8221;]<\/p>\n<h2 class=\"headInModule\">Caracter\u00edsticas T\u00e9cnicas<\/h2>\n<ul class=\"list_type1\">\n<li>Press\u00e3o ar comando: CYL 3.5 bar m\u00e1x. 4.0 bar<\/li>\n<li>Press\u00e3o entrada pintura: 1 bar<\/li>\n<li>Press\u00e3o atomiza\u00e7\u00e3o: ATO 2 bar m\u00e1x. 2.2 bar<\/li>\n<li>Peso: 1050 gr<\/li>\n<li>Consumos: 160 l\/min<\/li>\n<li>Ideal para produtos com densidade: baixa, m\u00e9dia, alta<\/li>\n<li>Conex\u00f5es para ar e pintura: G \u00bc\u201d<\/li>\n<li>Fixa\u00e7\u00e3o \u00e0 m\u00e1quina: 2 furos \u00d8 10<\/li>\n<\/ul>\n<p>[\/vc_column_text][vc_separator type=&#8221;transparent&#8221;][\/vc_column][vc_column width=&#8221;1\/3&#8243;][vc_column_text el_class=&#8221;confezione&#8221;]<\/p>\n<h2 class=\"headInModule\">A embalagem inclui<\/h2>\n<ul class=\"\">\n<li>Tampa 1\/4&#8243;<\/li>\n<li>ficha de teste de ensaio, com o n\u00famero de matr\u00edcula (\u00fatil para o suporte t\u00e9cnico)<\/li>\n<li>manual de uso e manuten\u00e7\u00e3o<\/li>\n<\/ul>\n<p>[\/vc_column_text][vc_separator type=&#8221;transparent&#8221; up=&#8221;5&#8243; down=&#8221;5&#8243;][\/vc_column][vc_column width=&#8221;1\/3&#8243;]<a  itemprop=\"url\" href=\"https:\/\/www.spraycolor.com\/spraygun\/wp-content\/uploads\/3c-data-sheet.pdf\" target=\"_blank\"  class=\"qbutton  big_large_full_width default\" style=\"\">Ficha t\u00e9cnica<\/a>[vc_separator type=&#8221;transparent&#8221; up=&#8221;5&#8243; down=&#8221;5&#8243;]<a  itemprop=\"url\" href=\"https:\/\/www.spraycolor.com\/spraygun\/wp-content\/uploads\/Manuale-uso3C_ita_ing-bassa.pdf\" target=\"_blank\"  class=\"qbutton  big_large_full_width default\" style=\"\">Manual de instru\u00e7\u00f5es para o uso<\/a>[vc_separator type=&#8221;transparent&#8221; up=&#8221;5&#8243; down=&#8221;5&#8243;]<a  itemprop=\"url\" href=\"https:\/\/www.spraycolor.com\/spraygun\/wp-content\/uploads\/2-certificate-small-3C-18-bar-different-settings.pdf\" target=\"_blank\"  class=\"qbutton  big_large_full_width default\" style=\"\">Certificado<\/a>[\/vc_column][\/vc_row][vc_row css_animation=&#8221;&#8221; row_type=&#8221;row&#8221; use_row_as_full_screen_section=&#8221;no&#8221; type=&#8221;grid&#8221; angled_section=&#8221;no&#8221; text_align=&#8221;left&#8221; background_image_as_pattern=&#8221;without_pattern&#8221; z_index=&#8221;&#8221;][vc_column][vc_video link=&#8221;https:\/\/vimeo.com\/213369144&#8243;][\/vc_column][\/vc_row][vc_row css_animation=&#8221;&#8221; row_type=&#8221;row&#8221; use_row_as_full_screen_section=&#8221;no&#8221; type=&#8221;full_width&#8221; angled_section=&#8221;no&#8221; text_align=&#8221;left&#8221; background_image_as_pattern=&#8221;without_pattern&#8221;][vc_column][vc_empty_space][\/vc_column][\/vc_row]<\/p>\n<\/div>","protected":false},"excerpt":{"rendered":"<p>[vc_row css_animation=&#8221;&#8221; row_type=&#8221;row&#8221; use_row_as_full_screen_section=&#8221;no&#8221; type=&#8221;grid&#8221; angled_section=&#8221;no&#8221; text_align=&#8221;left&#8221; background_image_as_pattern=&#8221;without_pattern&#8221; z_index=&#8221;&#8221; padding_top=&#8221;50&#8243; padding_bottom=&#8221;50&#8243;][vc_column width=&#8221;2\/3&#8243;][vc_column_text]Concebida para os Clientes que necessitarem de grande versatilidade na fase de pulveriza\u00e7\u00e3o, alternando produtos qu\u00edmicos muito l\u00edquidos a resinas com alta densidade. A \u00fanica pistola ao mundo PATENTEADA com 3 reguladores de fluxo&#8230;.<\/p>\n","protected":false},"author":1,"featured_media":16672,"parent":0,"menu_order":33,"comment_status":"closed","ping_status":"closed","template":"full_width.php","meta":{"footnotes":""},"class_list":["post-16671","page","type-page","status-publish","has-post-thumbnail","hentry"],"yoast_head":"<!-- This site is optimized with the Yoast SEO plugin v26.5 - https:\/\/yoast.com\/wordpress\/plugins\/seo\/ -->\n<title>3C LVLP Spray gun - Automatic Spraygun - spraycolor<\/title>\n<meta name=\"robots\" content=\"index, follow, max-snippet:-1, max-image-preview:large, max-video-preview:-1\" \/>\n<link rel=\"canonical\" href=\"https:\/\/www.spraycolor.com\/spraygun\/pt-br\/lvlp-3c\/\" \/>\n<meta property=\"og:locale\" content=\"pt_BR\" \/>\n<meta property=\"og:type\" content=\"article\" \/>\n<meta property=\"og:title\" content=\"3C LVLP Spray gun - Automatic Spraygun - spraycolor\" \/>\n<meta property=\"og:description\" content=\"[vc_row css_animation=&#8221;&#8221; row_type=&#8221;row&#8221; use_row_as_full_screen_section=&#8221;no&#8221; type=&#8221;grid&#8221; angled_section=&#8221;no&#8221; text_align=&#8221;left&#8221; background_image_as_pattern=&#8221;without_pattern&#8221; z_index=&#8221;&#8221; padding_top=&#8221;50&#8243; padding_bottom=&#8221;50&#8243;][vc_column width=&#8221;2\/3&#8243;][vc_column_text]Concebida para os Clientes que necessitarem de grande versatilidade na fase de pulveriza\u00e7\u00e3o, alternando produtos qu\u00edmicos muito l\u00edquidos a resinas com alta densidade. A \u00fanica pistola ao mundo PATENTEADA com 3 reguladores de fluxo....\" \/>\n<meta property=\"og:url\" content=\"https:\/\/www.spraycolor.com\/spraygun\/pt-br\/lvlp-3c\/\" \/>\n<meta property=\"og:site_name\" content=\"Automatic Spraygun - spraycolor\" \/>\n<meta property=\"article:modified_time\" content=\"2020-12-09T15:41:03+00:00\" \/>\n<meta property=\"og:image\" content=\"https:\/\/www.spraycolor.com\/spraygun\/wp-content\/uploads\/2020\/11\/IMG_6026.jpg\" \/>\n\t<meta property=\"og:image:width\" content=\"1200\" \/>\n\t<meta property=\"og:image:height\" content=\"800\" \/>\n\t<meta property=\"og:image:type\" content=\"image\/jpeg\" \/>\n<meta name=\"twitter:card\" content=\"summary_large_image\" \/>\n<meta name=\"twitter:label1\" content=\"Est. tempo de leitura\" \/>\n\t<meta name=\"twitter:data1\" content=\"3 minutos\" \/>\n<script type=\"application\/ld+json\" class=\"yoast-schema-graph\">{\"@context\":\"https:\/\/schema.org\",\"@graph\":[{\"@type\":\"WebPage\",\"@id\":\"https:\/\/www.spraycolor.com\/spraygun\/pt-br\/lvlp-3c\/\",\"url\":\"https:\/\/www.spraycolor.com\/spraygun\/pt-br\/lvlp-3c\/\",\"name\":\"3C LVLP Spray gun - Automatic Spraygun - spraycolor\",\"isPartOf\":{\"@id\":\"https:\/\/www.spraycolor.com\/spraygun\/#website\"},\"primaryImageOfPage\":{\"@id\":\"https:\/\/www.spraycolor.com\/spraygun\/pt-br\/lvlp-3c\/#primaryimage\"},\"image\":{\"@id\":\"https:\/\/www.spraycolor.com\/spraygun\/pt-br\/lvlp-3c\/#primaryimage\"},\"thumbnailUrl\":\"https:\/\/www.spraycolor.com\/spraygun\/wp-content\/uploads\/2020\/11\/IMG_6026.jpg\",\"datePublished\":\"2020-11-02T09:59:08+00:00\",\"dateModified\":\"2020-12-09T15:41:03+00:00\",\"breadcrumb\":{\"@id\":\"https:\/\/www.spraycolor.com\/spraygun\/pt-br\/lvlp-3c\/#breadcrumb\"},\"inLanguage\":\"pt-BR\",\"potentialAction\":[{\"@type\":\"ReadAction\",\"target\":[\"https:\/\/www.spraycolor.com\/spraygun\/pt-br\/lvlp-3c\/\"]}]},{\"@type\":\"ImageObject\",\"inLanguage\":\"pt-BR\",\"@id\":\"https:\/\/www.spraycolor.com\/spraygun\/pt-br\/lvlp-3c\/#primaryimage\",\"url\":\"https:\/\/www.spraycolor.com\/spraygun\/wp-content\/uploads\/2020\/11\/IMG_6026.jpg\",\"contentUrl\":\"https:\/\/www.spraycolor.com\/spraygun\/wp-content\/uploads\/2020\/11\/IMG_6026.jpg\",\"width\":1200,\"height\":800},{\"@type\":\"BreadcrumbList\",\"@id\":\"https:\/\/www.spraycolor.com\/spraygun\/pt-br\/lvlp-3c\/#breadcrumb\",\"itemListElement\":[{\"@type\":\"ListItem\",\"position\":1,\"name\":\"Home\",\"item\":\"https:\/\/www.spraycolor.com\/spraygun\/pt-br\/\"},{\"@type\":\"ListItem\",\"position\":2,\"name\":\"3C LVLP Spray gun\"}]},{\"@type\":\"WebSite\",\"@id\":\"https:\/\/www.spraycolor.com\/spraygun\/#website\",\"url\":\"https:\/\/www.spraycolor.com\/spraygun\/\",\"name\":\"Automatic Spraygun - spraycolor\",\"description\":\"Pistole per verniciatura industriale\",\"publisher\":{\"@id\":\"https:\/\/www.spraycolor.com\/spraygun\/#organization\"},\"potentialAction\":[{\"@type\":\"SearchAction\",\"target\":{\"@type\":\"EntryPoint\",\"urlTemplate\":\"https:\/\/www.spraycolor.com\/spraygun\/?s={search_term_string}\"},\"query-input\":{\"@type\":\"PropertyValueSpecification\",\"valueRequired\":true,\"valueName\":\"search_term_string\"}}],\"inLanguage\":\"pt-BR\"},{\"@type\":\"Organization\",\"@id\":\"https:\/\/www.spraycolor.com\/spraygun\/#organization\",\"name\":\"Spraycolor\",\"url\":\"https:\/\/www.spraycolor.com\/spraygun\/\",\"logo\":{\"@type\":\"ImageObject\",\"inLanguage\":\"pt-BR\",\"@id\":\"https:\/\/www.spraycolor.com\/spraygun\/#\/schema\/logo\/image\/\",\"url\":\"https:\/\/www.spraycolor.com\/spraygun\/wp-content\/uploads\/2020\/10\/Logo_bianco400.png\",\"contentUrl\":\"https:\/\/www.spraycolor.com\/spraygun\/wp-content\/uploads\/2020\/10\/Logo_bianco400.png\",\"width\":400,\"height\":67,\"caption\":\"Spraycolor\"},\"image\":{\"@id\":\"https:\/\/www.spraycolor.com\/spraygun\/#\/schema\/logo\/image\/\"},\"sameAs\":[\"https:\/\/www.linkedin.com\/company\/spraycolor\/\"]}]}<\/script>\n<!-- \/ Yoast SEO plugin. -->","yoast_head_json":{"title":"3C LVLP Spray gun - Automatic Spraygun - spraycolor","robots":{"index":"index","follow":"follow","max-snippet":"max-snippet:-1","max-image-preview":"max-image-preview:large","max-video-preview":"max-video-preview:-1"},"canonical":"https:\/\/www.spraycolor.com\/spraygun\/pt-br\/lvlp-3c\/","og_locale":"pt_BR","og_type":"article","og_title":"3C LVLP Spray gun - Automatic Spraygun - spraycolor","og_description":"[vc_row css_animation=&#8221;&#8221; row_type=&#8221;row&#8221; use_row_as_full_screen_section=&#8221;no&#8221; type=&#8221;grid&#8221; angled_section=&#8221;no&#8221; text_align=&#8221;left&#8221; background_image_as_pattern=&#8221;without_pattern&#8221; z_index=&#8221;&#8221; padding_top=&#8221;50&#8243; padding_bottom=&#8221;50&#8243;][vc_column width=&#8221;2\/3&#8243;][vc_column_text]Concebida para os Clientes que necessitarem de grande versatilidade na fase de pulveriza\u00e7\u00e3o, alternando produtos qu\u00edmicos muito l\u00edquidos a resinas com alta densidade. A \u00fanica pistola ao mundo PATENTEADA com 3 reguladores de fluxo....","og_url":"https:\/\/www.spraycolor.com\/spraygun\/pt-br\/lvlp-3c\/","og_site_name":"Automatic Spraygun - spraycolor","article_modified_time":"2020-12-09T15:41:03+00:00","og_image":[{"width":1200,"height":800,"url":"https:\/\/www.spraycolor.com\/spraygun\/wp-content\/uploads\/2020\/11\/IMG_6026.jpg","type":"image\/jpeg"}],"twitter_card":"summary_large_image","twitter_misc":{"Est. tempo de leitura":"3 minutos"},"schema":{"@context":"https:\/\/schema.org","@graph":[{"@type":"WebPage","@id":"https:\/\/www.spraycolor.com\/spraygun\/pt-br\/lvlp-3c\/","url":"https:\/\/www.spraycolor.com\/spraygun\/pt-br\/lvlp-3c\/","name":"3C LVLP Spray gun - Automatic Spraygun - spraycolor","isPartOf":{"@id":"https:\/\/www.spraycolor.com\/spraygun\/#website"},"primaryImageOfPage":{"@id":"https:\/\/www.spraycolor.com\/spraygun\/pt-br\/lvlp-3c\/#primaryimage"},"image":{"@id":"https:\/\/www.spraycolor.com\/spraygun\/pt-br\/lvlp-3c\/#primaryimage"},"thumbnailUrl":"https:\/\/www.spraycolor.com\/spraygun\/wp-content\/uploads\/2020\/11\/IMG_6026.jpg","datePublished":"2020-11-02T09:59:08+00:00","dateModified":"2020-12-09T15:41:03+00:00","breadcrumb":{"@id":"https:\/\/www.spraycolor.com\/spraygun\/pt-br\/lvlp-3c\/#breadcrumb"},"inLanguage":"pt-BR","potentialAction":[{"@type":"ReadAction","target":["https:\/\/www.spraycolor.com\/spraygun\/pt-br\/lvlp-3c\/"]}]},{"@type":"ImageObject","inLanguage":"pt-BR","@id":"https:\/\/www.spraycolor.com\/spraygun\/pt-br\/lvlp-3c\/#primaryimage","url":"https:\/\/www.spraycolor.com\/spraygun\/wp-content\/uploads\/2020\/11\/IMG_6026.jpg","contentUrl":"https:\/\/www.spraycolor.com\/spraygun\/wp-content\/uploads\/2020\/11\/IMG_6026.jpg","width":1200,"height":800},{"@type":"BreadcrumbList","@id":"https:\/\/www.spraycolor.com\/spraygun\/pt-br\/lvlp-3c\/#breadcrumb","itemListElement":[{"@type":"ListItem","position":1,"name":"Home","item":"https:\/\/www.spraycolor.com\/spraygun\/pt-br\/"},{"@type":"ListItem","position":2,"name":"3C LVLP Spray gun"}]},{"@type":"WebSite","@id":"https:\/\/www.spraycolor.com\/spraygun\/#website","url":"https:\/\/www.spraycolor.com\/spraygun\/","name":"Automatic Spraygun - spraycolor","description":"Pistole per verniciatura industriale","publisher":{"@id":"https:\/\/www.spraycolor.com\/spraygun\/#organization"},"potentialAction":[{"@type":"SearchAction","target":{"@type":"EntryPoint","urlTemplate":"https:\/\/www.spraycolor.com\/spraygun\/?s={search_term_string}"},"query-input":{"@type":"PropertyValueSpecification","valueRequired":true,"valueName":"search_term_string"}}],"inLanguage":"pt-BR"},{"@type":"Organization","@id":"https:\/\/www.spraycolor.com\/spraygun\/#organization","name":"Spraycolor","url":"https:\/\/www.spraycolor.com\/spraygun\/","logo":{"@type":"ImageObject","inLanguage":"pt-BR","@id":"https:\/\/www.spraycolor.com\/spraygun\/#\/schema\/logo\/image\/","url":"https:\/\/www.spraycolor.com\/spraygun\/wp-content\/uploads\/2020\/10\/Logo_bianco400.png","contentUrl":"https:\/\/www.spraycolor.com\/spraygun\/wp-content\/uploads\/2020\/10\/Logo_bianco400.png","width":400,"height":67,"caption":"Spraycolor"},"image":{"@id":"https:\/\/www.spraycolor.com\/spraygun\/#\/schema\/logo\/image\/"},"sameAs":["https:\/\/www.linkedin.com\/company\/spraycolor\/"]}]}},"_links":{"self":[{"href":"https:\/\/www.spraycolor.com\/spraygun\/pt-br\/wp-json\/wp\/v2\/pages\/16671","targetHints":{"allow":["GET"]}}],"collection":[{"href":"https:\/\/www.spraycolor.com\/spraygun\/pt-br\/wp-json\/wp\/v2\/pages"}],"about":[{"href":"https:\/\/www.spraycolor.com\/spraygun\/pt-br\/wp-json\/wp\/v2\/types\/page"}],"author":[{"embeddable":true,"href":"https:\/\/www.spraycolor.com\/spraygun\/pt-br\/wp-json\/wp\/v2\/users\/1"}],"replies":[{"embeddable":true,"href":"https:\/\/www.spraycolor.com\/spraygun\/pt-br\/wp-json\/wp\/v2\/comments?post=16671"}],"version-history":[{"count":4,"href":"https:\/\/www.spraycolor.com\/spraygun\/pt-br\/wp-json\/wp\/v2\/pages\/16671\/revisions"}],"predecessor-version":[{"id":17339,"href":"https:\/\/www.spraycolor.com\/spraygun\/pt-br\/wp-json\/wp\/v2\/pages\/16671\/revisions\/17339"}],"wp:featuredmedia":[{"embeddable":true,"href":"https:\/\/www.spraycolor.com\/spraygun\/pt-br\/wp-json\/wp\/v2\/media\/16672"}],"wp:attachment":[{"href":"https:\/\/www.spraycolor.com\/spraygun\/pt-br\/wp-json\/wp\/v2\/media?parent=16671"}],"curies":[{"name":"wp","href":"https:\/\/api.w.org\/{rel}","templated":true}]}}