{"id":16461,"date":"2014-04-30T15:47:48","date_gmt":"2014-04-30T15:47:48","guid":{"rendered":"https:\/\/www.spraycolor.com\/spraygun\/home\/"},"modified":"2020-12-09T12:05:01","modified_gmt":"2020-12-09T11:05:01","slug":"home","status":"publish","type":"page","link":"https:\/\/www.spraycolor.com\/spraygun\/pt-br\/","title":{"rendered":"spraycolor\u00ae: pistolas aerogr\u00e1ficas autom\u00e1ticas para verniz"},"content":{"rendered":"<div class=\"wpb-content-wrapper\"><p>[vc_row css_animation=&#8221;&#8221; row_type=&#8221;row&#8221; use_row_as_full_screen_section=&#8221;no&#8221; type=&#8221;full_width&#8221; angled_section=&#8221;no&#8221; text_align=&#8221;left&#8221; background_image_as_pattern=&#8221;without_pattern&#8221; z_index=&#8221;&#8221; padding_top=&#8221;50&#8243; padding_bottom=&#8221;50&#8243;][vc_column width=&#8221;2\/3&#8243;][vc_column_text]<span class=\"dropcap colored\">S<\/span>omos especializados no projeto e na fabrica\u00e7\u00e3o de pistolas aerogr\u00e1ficas autom\u00e1ticas para verniz, com v\u00e1rias tecnologias, entre as quais, baixa press\u00e3o (HVLP), SOFTPRESSURE\u00ae , patenteada por n\u00f3s.<\/p>\n<p>O leque dos nossos produtos inclui tamb\u00e9m todos os acess\u00f3rios e os detalhes dedicados \u00e0 pistola, como agulhas, bicos, cabe\u00e7otes substitu\u00edveis de v\u00e1rios modelos, reguladores de caudal, reguladores de verniz e todas as pe\u00e7as de reposi\u00e7\u00e3o, de forma a garantir ao Cliente qualquer tipo de processamento.<\/p>\n<p><strong>A longa experi\u00eancia que amadurecemos faz com que a nossa produ\u00e7\u00e3o possa se adaptar a qualquer tipo de instala\u00e7\u00e3o ou cabine de envernizamento spray, garantindo os melhores resultados e uma excelente confiabilidade gra\u00e7as a detalhes de nova concep\u00e7\u00e3o, como agulha, haste, bico e cabe\u00e7ote com revestimentos de prote\u00e7\u00e3o anti-desgaste a base de tit\u00e2nio.<\/strong><\/p>\n<p>Pistolas aerogr\u00e1ficas como XSD, a mais recente MT ou os conjuntos plus PVD fizeram e est\u00e3o fazendo hist\u00f3ria no ramo do acabamento de peles, colocando os seus modelos nos mais altos n\u00edveis de desempenho. Os pontos cardeais da empresa s\u00e3o e sempre ser\u00e3o a confiabilidade, o desempenho e a simplicidade de manuten\u00e7\u00e3o. N\u00e3o \u00e9 por acaso que um dos nossos folhetos de apresenta\u00e7\u00e3o diz:<\/p>\n<h3>&#8220;we invent the future&#8221;, n\u00f3s inventamos o futuro.<\/h3>\n<p>[\/vc_column_text][vc_single_image image=&#8221;16043&#8243; img_size=&#8221;full&#8221; alignment=&#8221;center&#8221; qode_css_animation=&#8221;&#8221;][\/vc_column][vc_column width=&#8221;1\/3&#8243;][vc_column_text]<\/p>\n<h2 class=\"headInModule\">Por que escolher SPRAYCOLOR<\/h2>\n<div class=\"shortcode_accordion_shortcode accordion\">\n<h3 class=\"shortcode_accordion_item_title expanded_no\" data-count=\"1\">Qualidade do revestimento<\/h3>\n<div class=\"shortcode_accordion_item_body\">\n<div class=\"ip\">A longa experi\u00eancia tem visto a nossa produ\u00e7\u00e3o se adaptar a qualquer tipo de instala\u00e7\u00e3o ou cabine de envernizamento spray, garantindo os melhores resultados<\/div>\n<\/div>\n<h3 class=\"shortcode_accordion_item_title expanded_no\" data-count=\"2\">Componentes de longa dura\u00e7\u00e3o<\/h3>\n<div class=\"shortcode_accordion_item_body\">\n<div class=\"ip\">excelente confiabilidade gra\u00e7as a detalhes de nova concep\u00e7\u00e3o, como agulha, haste, bico e cabe\u00e7ote com revestimentos de prote\u00e7\u00e3o anti-desgaste a base de tit\u00e2nio.<\/div>\n<\/div>\n<h3 class=\"shortcode_accordion_item_title expanded_no\" data-count=\"3\">Reduz o consumo de verniz<\/h3>\n<div class=\"shortcode_accordion_item_body\">\n<div class=\"ip\">A necessidade de conserva\u00e7\u00e3o de energia e conformidade ambiental t\u00eam sido o foco da empresa de pesquisa.<\/div>\n<\/div>\n<\/div>\n<p>[\/vc_column_text][\/vc_column][\/vc_row]<\/p>\n<\/div>","protected":false},"excerpt":{"rendered":"<p>[vc_row css_animation=&#8221;&#8221; row_type=&#8221;row&#8221; use_row_as_full_screen_section=&#8221;no&#8221; type=&#8221;full_width&#8221; angled_section=&#8221;no&#8221; text_align=&#8221;left&#8221; background_image_as_pattern=&#8221;without_pattern&#8221; z_index=&#8221;&#8221; padding_top=&#8221;50&#8243; padding_bottom=&#8221;50&#8243;][vc_column width=&#8221;2\/3&#8243;][vc_column_text]Somos especializados no projeto e na fabrica\u00e7\u00e3o de pistolas aerogr\u00e1ficas autom\u00e1ticas para verniz, com v\u00e1rias tecnologias, entre as quais, baixa press\u00e3o (HVLP), SOFTPRESSURE\u00ae , patenteada por n\u00f3s. O leque dos nossos produtos inclui tamb\u00e9m&#8230;<\/p>\n","protected":false},"author":1,"featured_media":17039,"parent":0,"menu_order":239,"comment_status":"closed","ping_status":"closed","template":"full_width.php","meta":{"footnotes":""},"class_list":["post-16461","page","type-page","status-publish","has-post-thumbnail","hentry"],"yoast_head":"<!-- This site is optimized with the Yoast SEO plugin v26.5 - https:\/\/yoast.com\/wordpress\/plugins\/seo\/ -->\n<title>spraycolor\u00ae: pistolas aerogr\u00e1ficas autom\u00e1ticas para verniz - Automatic Spraygun - spraycolor<\/title>\n<meta name=\"robots\" content=\"index, follow, max-snippet:-1, max-image-preview:large, max-video-preview:-1\" \/>\n<link rel=\"canonical\" href=\"https:\/\/www.spraycolor.com\/spraygun\/pt-br\/\" \/>\n<meta property=\"og:locale\" content=\"pt_BR\" \/>\n<meta property=\"og:type\" content=\"article\" \/>\n<meta property=\"og:title\" content=\"spraycolor\u00ae: pistolas aerogr\u00e1ficas autom\u00e1ticas para verniz - Automatic Spraygun - spraycolor\" \/>\n<meta property=\"og:description\" content=\"[vc_row css_animation=&#8221;&#8221; row_type=&#8221;row&#8221; use_row_as_full_screen_section=&#8221;no&#8221; type=&#8221;full_width&#8221; angled_section=&#8221;no&#8221; text_align=&#8221;left&#8221; background_image_as_pattern=&#8221;without_pattern&#8221; z_index=&#8221;&#8221; padding_top=&#8221;50&#8243; padding_bottom=&#8221;50&#8243;][vc_column width=&#8221;2\/3&#8243;][vc_column_text]Somos especializados no projeto e na fabrica\u00e7\u00e3o de pistolas aerogr\u00e1ficas autom\u00e1ticas para verniz, com v\u00e1rias tecnologias, entre as quais, baixa press\u00e3o (HVLP), SOFTPRESSURE\u00ae , patenteada por n\u00f3s. O leque dos nossos produtos inclui tamb\u00e9m...\" \/>\n<meta property=\"og:url\" content=\"https:\/\/www.spraycolor.com\/spraygun\/pt-br\/\" \/>\n<meta property=\"og:site_name\" content=\"Automatic Spraygun - spraycolor\" \/>\n<meta property=\"article:modified_time\" content=\"2020-12-09T11:05:01+00:00\" \/>\n<meta property=\"og:image\" content=\"https:\/\/www.spraycolor.com\/spraygun\/wp-content\/uploads\/2020\/10\/IMG_6039.jpg\" \/>\n\t<meta property=\"og:image:width\" content=\"801\" \/>\n\t<meta property=\"og:image:height\" content=\"1200\" \/>\n\t<meta property=\"og:image:type\" content=\"image\/jpeg\" \/>\n<meta name=\"twitter:card\" content=\"summary_large_image\" \/>\n<meta name=\"twitter:label1\" content=\"Est. tempo de leitura\" \/>\n\t<meta name=\"twitter:data1\" content=\"2 minutos\" \/>\n<script type=\"application\/ld+json\" class=\"yoast-schema-graph\">{\"@context\":\"https:\/\/schema.org\",\"@graph\":[{\"@type\":\"WebPage\",\"@id\":\"https:\/\/www.spraycolor.com\/spraygun\/pt-br\/\",\"url\":\"https:\/\/www.spraycolor.com\/spraygun\/pt-br\/\",\"name\":\"spraycolor\u00ae: pistolas aerogr\u00e1ficas autom\u00e1ticas para verniz - Automatic Spraygun - spraycolor\",\"isPartOf\":{\"@id\":\"https:\/\/www.spraycolor.com\/spraygun\/#website\"},\"primaryImageOfPage\":{\"@id\":\"https:\/\/www.spraycolor.com\/spraygun\/pt-br\/#primaryimage\"},\"image\":{\"@id\":\"https:\/\/www.spraycolor.com\/spraygun\/pt-br\/#primaryimage\"},\"thumbnailUrl\":\"https:\/\/www.spraycolor.com\/spraygun\/wp-content\/uploads\/2020\/10\/IMG_6039.jpg\",\"datePublished\":\"2014-04-30T15:47:48+00:00\",\"dateModified\":\"2020-12-09T11:05:01+00:00\",\"breadcrumb\":{\"@id\":\"https:\/\/www.spraycolor.com\/spraygun\/pt-br\/#breadcrumb\"},\"inLanguage\":\"pt-BR\",\"potentialAction\":[{\"@type\":\"ReadAction\",\"target\":[\"https:\/\/www.spraycolor.com\/spraygun\/pt-br\/\"]}]},{\"@type\":\"ImageObject\",\"inLanguage\":\"pt-BR\",\"@id\":\"https:\/\/www.spraycolor.com\/spraygun\/pt-br\/#primaryimage\",\"url\":\"https:\/\/www.spraycolor.com\/spraygun\/wp-content\/uploads\/2020\/10\/IMG_6039.jpg\",\"contentUrl\":\"https:\/\/www.spraycolor.com\/spraygun\/wp-content\/uploads\/2020\/10\/IMG_6039.jpg\",\"width\":801,\"height\":1200},{\"@type\":\"BreadcrumbList\",\"@id\":\"https:\/\/www.spraycolor.com\/spraygun\/pt-br\/#breadcrumb\",\"itemListElement\":[{\"@type\":\"ListItem\",\"position\":1,\"name\":\"Home\",\"item\":\"https:\/\/www.spraycolor.com\/spraygun\/pt-br\/\"},{\"@type\":\"ListItem\",\"position\":2,\"name\":\"spraycolor\u00ae: pistolas aerogr\u00e1ficas autom\u00e1ticas para verniz\"}]},{\"@type\":\"WebSite\",\"@id\":\"https:\/\/www.spraycolor.com\/spraygun\/#website\",\"url\":\"https:\/\/www.spraycolor.com\/spraygun\/\",\"name\":\"Automatic Spraygun - spraycolor\",\"description\":\"Pistole per verniciatura industriale\",\"publisher\":{\"@id\":\"https:\/\/www.spraycolor.com\/spraygun\/#organization\"},\"potentialAction\":[{\"@type\":\"SearchAction\",\"target\":{\"@type\":\"EntryPoint\",\"urlTemplate\":\"https:\/\/www.spraycolor.com\/spraygun\/?s={search_term_string}\"},\"query-input\":{\"@type\":\"PropertyValueSpecification\",\"valueRequired\":true,\"valueName\":\"search_term_string\"}}],\"inLanguage\":\"pt-BR\"},{\"@type\":\"Organization\",\"@id\":\"https:\/\/www.spraycolor.com\/spraygun\/#organization\",\"name\":\"Spraycolor\",\"url\":\"https:\/\/www.spraycolor.com\/spraygun\/\",\"logo\":{\"@type\":\"ImageObject\",\"inLanguage\":\"pt-BR\",\"@id\":\"https:\/\/www.spraycolor.com\/spraygun\/#\/schema\/logo\/image\/\",\"url\":\"https:\/\/www.spraycolor.com\/spraygun\/wp-content\/uploads\/2020\/10\/Logo_bianco400.png\",\"contentUrl\":\"https:\/\/www.spraycolor.com\/spraygun\/wp-content\/uploads\/2020\/10\/Logo_bianco400.png\",\"width\":400,\"height\":67,\"caption\":\"Spraycolor\"},\"image\":{\"@id\":\"https:\/\/www.spraycolor.com\/spraygun\/#\/schema\/logo\/image\/\"},\"sameAs\":[\"https:\/\/www.linkedin.com\/company\/spraycolor\/\"]}]}<\/script>\n<!-- \/ Yoast SEO plugin. -->","yoast_head_json":{"title":"spraycolor\u00ae: pistolas aerogr\u00e1ficas autom\u00e1ticas para verniz - Automatic Spraygun - spraycolor","robots":{"index":"index","follow":"follow","max-snippet":"max-snippet:-1","max-image-preview":"max-image-preview:large","max-video-preview":"max-video-preview:-1"},"canonical":"https:\/\/www.spraycolor.com\/spraygun\/pt-br\/","og_locale":"pt_BR","og_type":"article","og_title":"spraycolor\u00ae: pistolas aerogr\u00e1ficas autom\u00e1ticas para verniz - Automatic Spraygun - spraycolor","og_description":"[vc_row css_animation=&#8221;&#8221; row_type=&#8221;row&#8221; use_row_as_full_screen_section=&#8221;no&#8221; type=&#8221;full_width&#8221; angled_section=&#8221;no&#8221; text_align=&#8221;left&#8221; background_image_as_pattern=&#8221;without_pattern&#8221; z_index=&#8221;&#8221; padding_top=&#8221;50&#8243; padding_bottom=&#8221;50&#8243;][vc_column width=&#8221;2\/3&#8243;][vc_column_text]Somos especializados no projeto e na fabrica\u00e7\u00e3o de pistolas aerogr\u00e1ficas autom\u00e1ticas para verniz, com v\u00e1rias tecnologias, entre as quais, baixa press\u00e3o (HVLP), SOFTPRESSURE\u00ae , patenteada por n\u00f3s. O leque dos nossos produtos inclui tamb\u00e9m...","og_url":"https:\/\/www.spraycolor.com\/spraygun\/pt-br\/","og_site_name":"Automatic Spraygun - spraycolor","article_modified_time":"2020-12-09T11:05:01+00:00","og_image":[{"width":801,"height":1200,"url":"https:\/\/www.spraycolor.com\/spraygun\/wp-content\/uploads\/2020\/10\/IMG_6039.jpg","type":"image\/jpeg"}],"twitter_card":"summary_large_image","twitter_misc":{"Est. tempo de leitura":"2 minutos"},"schema":{"@context":"https:\/\/schema.org","@graph":[{"@type":"WebPage","@id":"https:\/\/www.spraycolor.com\/spraygun\/pt-br\/","url":"https:\/\/www.spraycolor.com\/spraygun\/pt-br\/","name":"spraycolor\u00ae: pistolas aerogr\u00e1ficas autom\u00e1ticas para verniz - Automatic Spraygun - spraycolor","isPartOf":{"@id":"https:\/\/www.spraycolor.com\/spraygun\/#website"},"primaryImageOfPage":{"@id":"https:\/\/www.spraycolor.com\/spraygun\/pt-br\/#primaryimage"},"image":{"@id":"https:\/\/www.spraycolor.com\/spraygun\/pt-br\/#primaryimage"},"thumbnailUrl":"https:\/\/www.spraycolor.com\/spraygun\/wp-content\/uploads\/2020\/10\/IMG_6039.jpg","datePublished":"2014-04-30T15:47:48+00:00","dateModified":"2020-12-09T11:05:01+00:00","breadcrumb":{"@id":"https:\/\/www.spraycolor.com\/spraygun\/pt-br\/#breadcrumb"},"inLanguage":"pt-BR","potentialAction":[{"@type":"ReadAction","target":["https:\/\/www.spraycolor.com\/spraygun\/pt-br\/"]}]},{"@type":"ImageObject","inLanguage":"pt-BR","@id":"https:\/\/www.spraycolor.com\/spraygun\/pt-br\/#primaryimage","url":"https:\/\/www.spraycolor.com\/spraygun\/wp-content\/uploads\/2020\/10\/IMG_6039.jpg","contentUrl":"https:\/\/www.spraycolor.com\/spraygun\/wp-content\/uploads\/2020\/10\/IMG_6039.jpg","width":801,"height":1200},{"@type":"BreadcrumbList","@id":"https:\/\/www.spraycolor.com\/spraygun\/pt-br\/#breadcrumb","itemListElement":[{"@type":"ListItem","position":1,"name":"Home","item":"https:\/\/www.spraycolor.com\/spraygun\/pt-br\/"},{"@type":"ListItem","position":2,"name":"spraycolor\u00ae: pistolas aerogr\u00e1ficas autom\u00e1ticas para verniz"}]},{"@type":"WebSite","@id":"https:\/\/www.spraycolor.com\/spraygun\/#website","url":"https:\/\/www.spraycolor.com\/spraygun\/","name":"Automatic Spraygun - spraycolor","description":"Pistole per verniciatura industriale","publisher":{"@id":"https:\/\/www.spraycolor.com\/spraygun\/#organization"},"potentialAction":[{"@type":"SearchAction","target":{"@type":"EntryPoint","urlTemplate":"https:\/\/www.spraycolor.com\/spraygun\/?s={search_term_string}"},"query-input":{"@type":"PropertyValueSpecification","valueRequired":true,"valueName":"search_term_string"}}],"inLanguage":"pt-BR"},{"@type":"Organization","@id":"https:\/\/www.spraycolor.com\/spraygun\/#organization","name":"Spraycolor","url":"https:\/\/www.spraycolor.com\/spraygun\/","logo":{"@type":"ImageObject","inLanguage":"pt-BR","@id":"https:\/\/www.spraycolor.com\/spraygun\/#\/schema\/logo\/image\/","url":"https:\/\/www.spraycolor.com\/spraygun\/wp-content\/uploads\/2020\/10\/Logo_bianco400.png","contentUrl":"https:\/\/www.spraycolor.com\/spraygun\/wp-content\/uploads\/2020\/10\/Logo_bianco400.png","width":400,"height":67,"caption":"Spraycolor"},"image":{"@id":"https:\/\/www.spraycolor.com\/spraygun\/#\/schema\/logo\/image\/"},"sameAs":["https:\/\/www.linkedin.com\/company\/spraycolor\/"]}]}},"_links":{"self":[{"href":"https:\/\/www.spraycolor.com\/spraygun\/pt-br\/wp-json\/wp\/v2\/pages\/16461","targetHints":{"allow":["GET"]}}],"collection":[{"href":"https:\/\/www.spraycolor.com\/spraygun\/pt-br\/wp-json\/wp\/v2\/pages"}],"about":[{"href":"https:\/\/www.spraycolor.com\/spraygun\/pt-br\/wp-json\/wp\/v2\/types\/page"}],"author":[{"embeddable":true,"href":"https:\/\/www.spraycolor.com\/spraygun\/pt-br\/wp-json\/wp\/v2\/users\/1"}],"replies":[{"embeddable":true,"href":"https:\/\/www.spraycolor.com\/spraygun\/pt-br\/wp-json\/wp\/v2\/comments?post=16461"}],"version-history":[{"count":4,"href":"https:\/\/www.spraycolor.com\/spraygun\/pt-br\/wp-json\/wp\/v2\/pages\/16461\/revisions"}],"predecessor-version":[{"id":17318,"href":"https:\/\/www.spraycolor.com\/spraygun\/pt-br\/wp-json\/wp\/v2\/pages\/16461\/revisions\/17318"}],"wp:featuredmedia":[{"embeddable":true,"href":"https:\/\/www.spraycolor.com\/spraygun\/pt-br\/wp-json\/wp\/v2\/media\/17039"}],"wp:attachment":[{"href":"https:\/\/www.spraycolor.com\/spraygun\/pt-br\/wp-json\/wp\/v2\/media?parent=16461"}],"curies":[{"name":"wp","href":"https:\/\/api.w.org\/{rel}","templated":true}]}}