{"id":16947,"date":"2020-11-02T13:22:44","date_gmt":"2020-11-02T12:22:44","guid":{"rendered":"https:\/\/www.spraycolor.com\/spraygun\/testine-intercambiabili\/"},"modified":"2021-01-28T11:02:19","modified_gmt":"2021-01-28T10:02:19","slug":"testine-intercambiabili","status":"publish","type":"page","link":"https:\/\/www.spraycolor.com\/spraygun\/fr\/testine-intercambiabili\/","title":{"rendered":"T\u00eates interchangeables"},"content":{"rendered":"<div class=\"wpb-content-wrapper\"><p>[vc_row css_animation=\u00a0\u00bb\u00a0\u00bb row_type=\u00a0\u00bbrow\u00a0\u00bb use_row_as_full_screen_section=\u00a0\u00bbno\u00a0\u00bb type=\u00a0\u00bbgrid\u00a0\u00bb angled_section=\u00a0\u00bbno\u00a0\u00bb text_align=\u00a0\u00bbleft\u00a0\u00bb background_image_as_pattern=\u00a0\u00bbwithout_pattern\u00a0\u00bb z_index=\u00a0\u00bb\u00a0\u00bb padding_top=\u00a0\u00bb50&Prime; padding_bottom=\u00a0\u00bb50&Prime;][vc_column width=\u00a0\u00bb1\/2&Prime;][vc_column_text]La vaste gamme de t\u00eates d\u2019atomisation interchangeables avec tous les mod\u00e8les de notre production, \u00e0 l\u2019exception de MT, est \u00e0 m\u00eame de satisfaire toute demande d\u2019usinage de la Client\u00e8le. Chaque t\u00eate de la marque\u00a0<em><strong>spraycolor\u00ae\u00a0<\/strong><\/em>peut vanter d\u2019\u00eatre enti\u00e8rement obtenue du plein, r\u00e9alis\u00e9e avec une g\u00e9om\u00e9trie des trous \u00e0 haute pr\u00e9cision, et diff\u00e8re donc des autres t\u00eates qui sont en commerce r\u00e9alis\u00e9es par moule, dont les prestations r\u00e9sultent techniquement inf\u00e9rieures.[\/vc_column_text][vc_separator type=\u00a0\u00bbtransparent\u00a0\u00bb][\/vc_column][vc_column width=\u00a0\u00bb1\/2&Prime;][vc_column_text css=\u00a0\u00bb.vc_custom_1605565074330{margin-right: 5px !important;margin-left: 5px !important;padding-top: 20px !important;padding-right: 20px !important;padding-bottom: 20px !important;padding-left: 20px !important;background-color: #232323 !important;}\u00a0\u00bb]<\/p>\n<h2 style=\"text-align: center;\">Les types<\/h2>\n<p>[\/vc_column_text]<div class=\"qode-accordion-holder clearfix qode-toggle qode-initial \">\n\t<h4 class=\"clearfix qode-title-holder\">\n<span class=\"qode-tab-title\">\n\t    <span class=\"qode-tab-title-inner\">\n        S    <\/span>\n<\/span>\n<span class=\"qode-accordion-mark\">\n    <span class=\"qode-accordion-mark-icon\">\n        <span class=\"icon_plus\"><\/span>\n        <span class=\"icon_minus-06\"><\/span>\n    <\/span>\n<\/span>\n<\/h4>\n<div  class=\"qode-accordion-content \" >\n    <div class=\"qode-accordion-content-inner\">\n        [vc_column_text]Mod\u00e8les de pistolets compatibles: XSD, VS03, 3C<br \/>\nTypologie de finissage : <span style=\"color: #99cc00;\"><strong>O O O O O<\/strong><\/span><br \/>\nEfficacit\u00e9 de transfert: <span style=\"color: #99cc00;\"><strong>O O O<\/strong><\/span><strong> O O<\/strong><br \/>\nForme de l\u2019\u00e9ventail de pulv\u00e9risation: Plat[\/vc_column_text][vc_gallery type=\u00a0\u00bbimage_grid\u00a0\u00bb images=\u00a0\u00bb16409,17512&Prime; img_size=\u00a0\u00bbmedium\u00a0\u00bb column_number=\u00a0\u00bb2&Prime; grayscale=\u00a0\u00bbno\u00a0\u00bb images_space=\u00a0\u00bbgallery_with_space\u00a0\u00bb]    <\/div>\n<\/div><h4 class=\"clearfix qode-title-holder\">\n<span class=\"qode-tab-title\">\n\t    <span class=\"qode-tab-title-inner\">\n        F    <\/span>\n<\/span>\n<span class=\"qode-accordion-mark\">\n    <span class=\"qode-accordion-mark-icon\">\n        <span class=\"icon_plus\"><\/span>\n        <span class=\"icon_minus-06\"><\/span>\n    <\/span>\n<\/span>\n<\/h4>\n<div  class=\"qode-accordion-content \" >\n    <div class=\"qode-accordion-content-inner\">\n        [vc_column_text]- Mod\u00e8les de pistolets compatibles: SC, XSD,3C<br \/>\n&#8211; Typologie de finissage : <span style=\"color: #99cc00;\"><strong>O O O O <\/strong><\/span><strong>O<\/strong><br \/>\n&#8211; Efficacit\u00e9 de transfert: <span style=\"color: #99cc00;\"><strong>O O O<\/strong><\/span><strong> O O<\/strong><br \/>\n&#8211; Forme de l\u2019\u00e9ventail de pulv\u00e9risation: Plat[\/vc_column_text][vc_gallery type=\u00a0\u00bbimage_grid\u00a0\u00bb images=\u00a0\u00bb16410,17510&Prime; img_size=\u00a0\u00bbmedium\u00a0\u00bb column_number=\u00a0\u00bb2&Prime; grayscale=\u00a0\u00bbno\u00a0\u00bb images_space=\u00a0\u00bbgallery_with_space\u00a0\u00bb]    <\/div>\n<\/div><h4 class=\"clearfix qode-title-holder\">\n<span class=\"qode-tab-title\">\n\t    <span class=\"qode-tab-title-inner\">\n        VX    <\/span>\n<\/span>\n<span class=\"qode-accordion-mark\">\n    <span class=\"qode-accordion-mark-icon\">\n        <span class=\"icon_plus\"><\/span>\n        <span class=\"icon_minus-06\"><\/span>\n    <\/span>\n<\/span>\n<\/h4>\n<div  class=\"qode-accordion-content \" >\n    <div class=\"qode-accordion-content-inner\">\n        [vc_column_text]Mod\u00e8les de pistolets compatibles: VS03, XSD, 3C<br \/>\nTypologie de finissage : <span style=\"color: #99cc00;\"><strong>O O O <\/strong><\/span><strong>O O<\/strong><br \/>\nEfficacit\u00e9 de transfert: <span style=\"color: #99cc00;\"><strong>O O O O <\/strong><\/span><strong>O<\/strong><br \/>\nForme de l\u2019\u00e9ventail de pulv\u00e9risation: Plat[\/vc_column_text][vc_gallery type=\u00a0\u00bbimage_grid\u00a0\u00bb images=\u00a0\u00bb16411,17513&Prime; img_size=\u00a0\u00bbmedium\u00a0\u00bb column_number=\u00a0\u00bb2&Prime; grayscale=\u00a0\u00bbno\u00a0\u00bb images_space=\u00a0\u00bbgallery_with_space\u00a0\u00bb]    <\/div>\n<\/div><h4 class=\"clearfix qode-title-holder\">\n<span class=\"qode-tab-title\">\n\t    <span class=\"qode-tab-title-inner\">\n        J    <\/span>\n<\/span>\n<span class=\"qode-accordion-mark\">\n    <span class=\"qode-accordion-mark-icon\">\n        <span class=\"icon_plus\"><\/span>\n        <span class=\"icon_minus-06\"><\/span>\n    <\/span>\n<\/span>\n<\/h4>\n<div  class=\"qode-accordion-content \" >\n    <div class=\"qode-accordion-content-inner\">\n        [vc_column_text]Mod\u00e8les de pistolets compatibles: MT<br \/>\nTypologie de finissage : <span style=\"color: #99cc00;\"><strong>O O O O O<\/strong><\/span><br \/>\nEfficacit\u00e9 de transfert: <span style=\"color: #99cc00;\"><strong>O O O <\/strong><\/span><strong>O O<\/strong><br \/>\nForme de l\u2019\u00e9ventail de pulv\u00e9risation: Plat[\/vc_column_text][vc_gallery type=\u00a0\u00bbimage_grid\u00a0\u00bb images=\u00a0\u00bb16412,17511&Prime; img_size=\u00a0\u00bbmedium\u00a0\u00bb column_number=\u00a0\u00bb2&Prime; grayscale=\u00a0\u00bbno\u00a0\u00bb images_space=\u00a0\u00bbgallery_with_space\u00a0\u00bb]    <\/div>\n<\/div><h4 class=\"clearfix qode-title-holder\">\n<span class=\"qode-tab-title\">\n\t    <span class=\"qode-tab-title-inner\">\n        ECOLOGY    <\/span>\n<\/span>\n<span class=\"qode-accordion-mark\">\n    <span class=\"qode-accordion-mark-icon\">\n        <span class=\"icon_plus\"><\/span>\n        <span class=\"icon_minus-06\"><\/span>\n    <\/span>\n<\/span>\n<\/h4>\n<div  class=\"qode-accordion-content \" >\n    <div class=\"qode-accordion-content-inner\">\n        [vc_column_text]Mod\u00e8les de pistolets compatibles: VSE<br \/>\nTypologie de finissage : <span style=\"color: #99cc00;\"><strong>O O O <\/strong><\/span><strong>O O<\/strong><br \/>\nEfficacit\u00e9 de transfert: <span style=\"color: #99cc00;\"><strong>O O O O O<\/strong><\/span><br \/>\nForme de l\u2019\u00e9ventail de pulv\u00e9risation: Plat[\/vc_column_text][vc_gallery type=\u00a0\u00bbimage_grid\u00a0\u00bb images=\u00a0\u00bb16413,17514&Prime; img_size=\u00a0\u00bbmedium\u00a0\u00bb column_number=\u00a0\u00bb2&Prime; grayscale=\u00a0\u00bbno\u00a0\u00bb images_space=\u00a0\u00bbgallery_with_space\u00a0\u00bb]    <\/div>\n<\/div><h4 class=\"clearfix qode-title-holder\">\n<span class=\"qode-tab-title\">\n\t    <span class=\"qode-tab-title-inner\">\n        ECOLOGY M    <\/span>\n<\/span>\n<span class=\"qode-accordion-mark\">\n    <span class=\"qode-accordion-mark-icon\">\n        <span class=\"icon_plus\"><\/span>\n        <span class=\"icon_minus-06\"><\/span>\n    <\/span>\n<\/span>\n<\/h4>\n<div  class=\"qode-accordion-content \" >\n    <div class=\"qode-accordion-content-inner\">\n        [vc_column_text]Mod\u00e8les de pistolets compatibles: VSE<br \/>\nTypologie de finissage : <span style=\"color: #99cc00;\"><strong>O O O O <\/strong><\/span><strong>O<\/strong><br \/>\nEfficacit\u00e9 de transfert: <span style=\"color: #99cc00;\"><strong>O O O O O<\/strong><\/span><br \/>\nForme de l\u2019\u00e9ventail de pulv\u00e9risation: Plat[\/vc_column_text][vc_gallery type=\u00a0\u00bbimage_grid\u00a0\u00bb images=\u00a0\u00bb16414,17515&Prime; img_size=\u00a0\u00bbmedium\u00a0\u00bb column_number=\u00a0\u00bb2&Prime; grayscale=\u00a0\u00bbno\u00a0\u00bb images_space=\u00a0\u00bbgallery_with_space\u00a0\u00bb]    <\/div>\n<\/div><h4 class=\"clearfix qode-title-holder\">\n<span class=\"qode-tab-title\">\n\t    <span class=\"qode-tab-title-inner\">\n        FF    <\/span>\n<\/span>\n<span class=\"qode-accordion-mark\">\n    <span class=\"qode-accordion-mark-icon\">\n        <span class=\"icon_plus\"><\/span>\n        <span class=\"icon_minus-06\"><\/span>\n    <\/span>\n<\/span>\n<\/h4>\n<div  class=\"qode-accordion-content \" >\n    <div class=\"qode-accordion-content-inner\">\n        [vc_column_text]Mod\u00e8les de pistolets compatibles: VSE<br \/>\nTypologie de finissage : <span style=\"color: #99cc00;\"><strong>O O O O O<\/strong><\/span><br \/>\nEfficacit\u00e9 de transfert: <span style=\"color: #99cc00;\"><strong>O O O O <\/strong><\/span><strong>O<\/strong><br \/>\nForme de l\u2019\u00e9ventail de pulv\u00e9risation: Plat[\/vc_column_text][vc_gallery type=\u00a0\u00bbimage_grid\u00a0\u00bb images=\u00a0\u00bb16415,17516&Prime; img_size=\u00a0\u00bbmedium\u00a0\u00bb column_number=\u00a0\u00bb2&Prime; grayscale=\u00a0\u00bbno\u00a0\u00bb images_space=\u00a0\u00bbgallery_with_space\u00a0\u00bb]    <\/div>\n<\/div><h4 class=\"clearfix qode-title-holder\">\n<span class=\"qode-tab-title\">\n\t    <span class=\"qode-tab-title-inner\">\n        P - diam\u00e8tres &gt;1.5mm    <\/span>\n<\/span>\n<span class=\"qode-accordion-mark\">\n    <span class=\"qode-accordion-mark-icon\">\n        <span class=\"icon_plus\"><\/span>\n        <span class=\"icon_minus-06\"><\/span>\n    <\/span>\n<\/span>\n<\/h4>\n<div  class=\"qode-accordion-content \" >\n    <div class=\"qode-accordion-content-inner\">\n        [vc_column_text]Mod\u00e8les de pistolets compatibles: SC, XSD, 3C, VS03<br \/>\nTypologie de finissage : <span style=\"color: #99cc00;\"><strong>O O <\/strong><\/span><strong>O O O<\/strong><br \/>\nEfficacit\u00e9 de transfert: <span style=\"color: #99cc00;\"><strong>O O O O O<\/strong><\/span><br \/>\nForme de l\u2019\u00e9ventail de pulv\u00e9risation: Plat[\/vc_column_text][vc_gallery type=\u00a0\u00bbimage_grid\u00a0\u00bb images=\u00a0\u00bb16421,17517&Prime; img_size=\u00a0\u00bbmedium\u00a0\u00bb column_number=\u00a0\u00bb2&Prime; grayscale=\u00a0\u00bbno\u00a0\u00bb images_space=\u00a0\u00bbgallery_with_space\u00a0\u00bb]    <\/div>\n<\/div><h4 class=\"clearfix qode-title-holder\">\n<span class=\"qode-tab-title\">\n\t    <span class=\"qode-tab-title-inner\">\n        A    <\/span>\n<\/span>\n<span class=\"qode-accordion-mark\">\n    <span class=\"qode-accordion-mark-icon\">\n        <span class=\"icon_plus\"><\/span>\n        <span class=\"icon_minus-06\"><\/span>\n    <\/span>\n<\/span>\n<\/h4>\n<div  class=\"qode-accordion-content \" >\n    <div class=\"qode-accordion-content-inner\">\n        [vc_column_text]Mod\u00e8les de pistolets compatibles: SC,XSD,3C<br \/>\nTypologie de finissage :<span style=\"color: #99cc00;\"><strong>O O O <\/strong><\/span><strong>O O<\/strong><br \/>\nEfficacit\u00e9 de transfert:<span style=\"color: #99cc00;\"><strong>O O O O <\/strong><\/span><strong>O<\/strong><br \/>\nForme de l\u2019\u00e9ventail de pulv\u00e9risation: Plat[\/vc_column_text][vc_single_image image=\u00a0\u00bb16948&Prime; img_size=\u00a0\u00bbmedium\u00a0\u00bb qode_css_animation=\u00a0\u00bb\u00a0\u00bb]    <\/div>\n<\/div><h4 class=\"clearfix qode-title-holder\">\n<span class=\"qode-tab-title\">\n\t    <span class=\"qode-tab-title-inner\">\n        GC    <\/span>\n<\/span>\n<span class=\"qode-accordion-mark\">\n    <span class=\"qode-accordion-mark-icon\">\n        <span class=\"icon_plus\"><\/span>\n        <span class=\"icon_minus-06\"><\/span>\n    <\/span>\n<\/span>\n<\/h4>\n<div  class=\"qode-accordion-content \" >\n    <div class=\"qode-accordion-content-inner\">\n        [vc_column_text]Mod\u00e8les de pistolets compatibles: SC, XSD, 3C, VS03<br \/>\nTypologie de finissage : <span style=\"color: #99cc00;\"><strong>O O <\/strong><\/span><strong>O O O<\/strong><br \/>\nEfficacit\u00e9 de transfert: <span style=\"color: #99cc00;\"><strong>O O O O O<\/strong><\/span><br \/>\nForme de l\u2019\u00e9ventail de pulv\u00e9risation: Rond point[\/vc_column_text][vc_single_image image=\u00a0\u00bb16416&Prime; img_size=\u00a0\u00bbmedium\u00a0\u00bb qode_css_animation=\u00a0\u00bb\u00a0\u00bb]    <\/div>\n<\/div><\/div>[\/vc_column][\/vc_row][vc_row css_animation=\u00a0\u00bb\u00a0\u00bb row_type=\u00a0\u00bbrow\u00a0\u00bb use_row_as_full_screen_section=\u00a0\u00bbno\u00a0\u00bb type=\u00a0\u00bbfull_width\u00a0\u00bb angled_section=\u00a0\u00bbno\u00a0\u00bb text_align=\u00a0\u00bbleft\u00a0\u00bb background_image_as_pattern=\u00a0\u00bbwithout_pattern\u00a0\u00bb][vc_column][vc_empty_space][\/vc_column][\/vc_row]<\/p>\n<\/div>","protected":false},"excerpt":{"rendered":"<p>[vc_row css_animation=\u00a0\u00bb\u00a0\u00bb row_type=\u00a0\u00bbrow\u00a0\u00bb use_row_as_full_screen_section=\u00a0\u00bbno\u00a0\u00bb type=\u00a0\u00bbgrid\u00a0\u00bb angled_section=\u00a0\u00bbno\u00a0\u00bb text_align=\u00a0\u00bbleft\u00a0\u00bb background_image_as_pattern=\u00a0\u00bbwithout_pattern\u00a0\u00bb z_index=\u00a0\u00bb\u00a0\u00bb padding_top=\u00a0\u00bb50&Prime; padding_bottom=\u00a0\u00bb50&Prime;][vc_column width=\u00a0\u00bb1\/2&Prime;][vc_column_text]La vaste gamme de t\u00eates d\u2019atomisation interchangeables avec tous les mod\u00e8les de notre production, \u00e0 l\u2019exception de MT, est \u00e0 m\u00eame de satisfaire toute demande d\u2019usinage de la Client\u00e8le. Chaque t\u00eate de la marque\u00a0spraycolor\u00ae\u00a0peut&#8230;<\/p>\n","protected":false},"author":1,"featured_media":16949,"parent":0,"menu_order":213,"comment_status":"closed","ping_status":"closed","template":"","meta":{"footnotes":""},"class_list":["post-16947","page","type-page","status-publish","has-post-thumbnail","hentry"],"yoast_head":"<!-- This site is optimized with the Yoast SEO plugin v26.5 - https:\/\/yoast.com\/wordpress\/plugins\/seo\/ -->\n<title>T\u00eates interchangeables - Automatic Spraygun - spraycolor<\/title>\n<meta name=\"robots\" content=\"index, follow, max-snippet:-1, max-image-preview:large, max-video-preview:-1\" \/>\n<link rel=\"canonical\" href=\"https:\/\/www.spraycolor.com\/spraygun\/fr\/testine-intercambiabili\/\" \/>\n<meta property=\"og:locale\" content=\"fr_FR\" \/>\n<meta property=\"og:type\" content=\"article\" \/>\n<meta property=\"og:title\" content=\"T\u00eates interchangeables - Automatic Spraygun - spraycolor\" \/>\n<meta property=\"og:description\" content=\"[vc_row css_animation=\u00a0\u00bb\u00a0\u00bb row_type=\u00a0\u00bbrow\u00a0\u00bb use_row_as_full_screen_section=\u00a0\u00bbno\u00a0\u00bb type=\u00a0\u00bbgrid\u00a0\u00bb angled_section=\u00a0\u00bbno\u00a0\u00bb text_align=\u00a0\u00bbleft\u00a0\u00bb background_image_as_pattern=\u00a0\u00bbwithout_pattern\u00a0\u00bb z_index=\u00a0\u00bb\u00a0\u00bb padding_top=\u00a0\u00bb50&Prime; padding_bottom=\u00a0\u00bb50&Prime;][vc_column width=\u00a0\u00bb1\/2&Prime;][vc_column_text]La vaste gamme de t\u00eates d\u2019atomisation interchangeables avec tous les mod\u00e8les de notre production, \u00e0 l\u2019exception de MT, est \u00e0 m\u00eame de satisfaire toute demande d\u2019usinage de la Client\u00e8le. Chaque t\u00eate de la marque\u00a0spraycolor\u00ae\u00a0peut...\" \/>\n<meta property=\"og:url\" content=\"https:\/\/www.spraycolor.com\/spraygun\/fr\/testine-intercambiabili\/\" \/>\n<meta property=\"og:site_name\" content=\"Automatic Spraygun - spraycolor\" \/>\n<meta property=\"article:modified_time\" content=\"2021-01-28T10:02:19+00:00\" \/>\n<meta property=\"og:image\" content=\"https:\/\/www.spraycolor.com\/spraygun\/wp-content\/uploads\/testine-ok-2000.jpg\" \/>\n\t<meta property=\"og:image:width\" content=\"2100\" \/>\n\t<meta property=\"og:image:height\" content=\"1402\" \/>\n\t<meta property=\"og:image:type\" content=\"image\/jpeg\" \/>\n<meta name=\"twitter:card\" content=\"summary_large_image\" \/>\n<meta name=\"twitter:label1\" content=\"Dur\u00e9e de lecture estim\u00e9e\" \/>\n\t<meta name=\"twitter:data1\" content=\"2 minutes\" \/>\n<script type=\"application\/ld+json\" class=\"yoast-schema-graph\">{\"@context\":\"https:\/\/schema.org\",\"@graph\":[{\"@type\":\"WebPage\",\"@id\":\"https:\/\/www.spraycolor.com\/spraygun\/fr\/testine-intercambiabili\/\",\"url\":\"https:\/\/www.spraycolor.com\/spraygun\/fr\/testine-intercambiabili\/\",\"name\":\"T\u00eates interchangeables - Automatic Spraygun - spraycolor\",\"isPartOf\":{\"@id\":\"https:\/\/www.spraycolor.com\/spraygun\/#website\"},\"primaryImageOfPage\":{\"@id\":\"https:\/\/www.spraycolor.com\/spraygun\/fr\/testine-intercambiabili\/#primaryimage\"},\"image\":{\"@id\":\"https:\/\/www.spraycolor.com\/spraygun\/fr\/testine-intercambiabili\/#primaryimage\"},\"thumbnailUrl\":\"https:\/\/www.spraycolor.com\/spraygun\/wp-content\/uploads\/testine-ok-2000.jpg\",\"datePublished\":\"2020-11-02T12:22:44+00:00\",\"dateModified\":\"2021-01-28T10:02:19+00:00\",\"breadcrumb\":{\"@id\":\"https:\/\/www.spraycolor.com\/spraygun\/fr\/testine-intercambiabili\/#breadcrumb\"},\"inLanguage\":\"fr-FR\",\"potentialAction\":[{\"@type\":\"ReadAction\",\"target\":[\"https:\/\/www.spraycolor.com\/spraygun\/fr\/testine-intercambiabili\/\"]}]},{\"@type\":\"ImageObject\",\"inLanguage\":\"fr-FR\",\"@id\":\"https:\/\/www.spraycolor.com\/spraygun\/fr\/testine-intercambiabili\/#primaryimage\",\"url\":\"https:\/\/www.spraycolor.com\/spraygun\/wp-content\/uploads\/testine-ok-2000.jpg\",\"contentUrl\":\"https:\/\/www.spraycolor.com\/spraygun\/wp-content\/uploads\/testine-ok-2000.jpg\",\"width\":2100,\"height\":1402},{\"@type\":\"BreadcrumbList\",\"@id\":\"https:\/\/www.spraycolor.com\/spraygun\/fr\/testine-intercambiabili\/#breadcrumb\",\"itemListElement\":[{\"@type\":\"ListItem\",\"position\":1,\"name\":\"Home\",\"item\":\"https:\/\/www.spraycolor.com\/spraygun\/fr\/\"},{\"@type\":\"ListItem\",\"position\":2,\"name\":\"T\u00eates interchangeables\"}]},{\"@type\":\"WebSite\",\"@id\":\"https:\/\/www.spraycolor.com\/spraygun\/#website\",\"url\":\"https:\/\/www.spraycolor.com\/spraygun\/\",\"name\":\"Automatic Spraygun - spraycolor\",\"description\":\"Pistole per verniciatura industriale\",\"publisher\":{\"@id\":\"https:\/\/www.spraycolor.com\/spraygun\/#organization\"},\"potentialAction\":[{\"@type\":\"SearchAction\",\"target\":{\"@type\":\"EntryPoint\",\"urlTemplate\":\"https:\/\/www.spraycolor.com\/spraygun\/?s={search_term_string}\"},\"query-input\":{\"@type\":\"PropertyValueSpecification\",\"valueRequired\":true,\"valueName\":\"search_term_string\"}}],\"inLanguage\":\"fr-FR\"},{\"@type\":\"Organization\",\"@id\":\"https:\/\/www.spraycolor.com\/spraygun\/#organization\",\"name\":\"Spraycolor\",\"url\":\"https:\/\/www.spraycolor.com\/spraygun\/\",\"logo\":{\"@type\":\"ImageObject\",\"inLanguage\":\"fr-FR\",\"@id\":\"https:\/\/www.spraycolor.com\/spraygun\/#\/schema\/logo\/image\/\",\"url\":\"https:\/\/www.spraycolor.com\/spraygun\/wp-content\/uploads\/2020\/10\/Logo_bianco400.png\",\"contentUrl\":\"https:\/\/www.spraycolor.com\/spraygun\/wp-content\/uploads\/2020\/10\/Logo_bianco400.png\",\"width\":400,\"height\":67,\"caption\":\"Spraycolor\"},\"image\":{\"@id\":\"https:\/\/www.spraycolor.com\/spraygun\/#\/schema\/logo\/image\/\"},\"sameAs\":[\"https:\/\/www.linkedin.com\/company\/spraycolor\/\"]}]}<\/script>\n<!-- \/ Yoast SEO plugin. -->","yoast_head_json":{"title":"T\u00eates interchangeables - Automatic Spraygun - spraycolor","robots":{"index":"index","follow":"follow","max-snippet":"max-snippet:-1","max-image-preview":"max-image-preview:large","max-video-preview":"max-video-preview:-1"},"canonical":"https:\/\/www.spraycolor.com\/spraygun\/fr\/testine-intercambiabili\/","og_locale":"fr_FR","og_type":"article","og_title":"T\u00eates interchangeables - Automatic Spraygun - spraycolor","og_description":"[vc_row css_animation=\u00a0\u00bb\u00a0\u00bb row_type=\u00a0\u00bbrow\u00a0\u00bb use_row_as_full_screen_section=\u00a0\u00bbno\u00a0\u00bb type=\u00a0\u00bbgrid\u00a0\u00bb angled_section=\u00a0\u00bbno\u00a0\u00bb text_align=\u00a0\u00bbleft\u00a0\u00bb background_image_as_pattern=\u00a0\u00bbwithout_pattern\u00a0\u00bb z_index=\u00a0\u00bb\u00a0\u00bb padding_top=\u00a0\u00bb50&Prime; padding_bottom=\u00a0\u00bb50&Prime;][vc_column width=\u00a0\u00bb1\/2&Prime;][vc_column_text]La vaste gamme de t\u00eates d\u2019atomisation interchangeables avec tous les mod\u00e8les de notre production, \u00e0 l\u2019exception de MT, est \u00e0 m\u00eame de satisfaire toute demande d\u2019usinage de la Client\u00e8le. Chaque t\u00eate de la marque\u00a0spraycolor\u00ae\u00a0peut...","og_url":"https:\/\/www.spraycolor.com\/spraygun\/fr\/testine-intercambiabili\/","og_site_name":"Automatic Spraygun - spraycolor","article_modified_time":"2021-01-28T10:02:19+00:00","og_image":[{"width":2100,"height":1402,"url":"https:\/\/www.spraycolor.com\/spraygun\/wp-content\/uploads\/testine-ok-2000.jpg","type":"image\/jpeg"}],"twitter_card":"summary_large_image","twitter_misc":{"Dur\u00e9e de lecture estim\u00e9e":"2 minutes"},"schema":{"@context":"https:\/\/schema.org","@graph":[{"@type":"WebPage","@id":"https:\/\/www.spraycolor.com\/spraygun\/fr\/testine-intercambiabili\/","url":"https:\/\/www.spraycolor.com\/spraygun\/fr\/testine-intercambiabili\/","name":"T\u00eates interchangeables - Automatic Spraygun - spraycolor","isPartOf":{"@id":"https:\/\/www.spraycolor.com\/spraygun\/#website"},"primaryImageOfPage":{"@id":"https:\/\/www.spraycolor.com\/spraygun\/fr\/testine-intercambiabili\/#primaryimage"},"image":{"@id":"https:\/\/www.spraycolor.com\/spraygun\/fr\/testine-intercambiabili\/#primaryimage"},"thumbnailUrl":"https:\/\/www.spraycolor.com\/spraygun\/wp-content\/uploads\/testine-ok-2000.jpg","datePublished":"2020-11-02T12:22:44+00:00","dateModified":"2021-01-28T10:02:19+00:00","breadcrumb":{"@id":"https:\/\/www.spraycolor.com\/spraygun\/fr\/testine-intercambiabili\/#breadcrumb"},"inLanguage":"fr-FR","potentialAction":[{"@type":"ReadAction","target":["https:\/\/www.spraycolor.com\/spraygun\/fr\/testine-intercambiabili\/"]}]},{"@type":"ImageObject","inLanguage":"fr-FR","@id":"https:\/\/www.spraycolor.com\/spraygun\/fr\/testine-intercambiabili\/#primaryimage","url":"https:\/\/www.spraycolor.com\/spraygun\/wp-content\/uploads\/testine-ok-2000.jpg","contentUrl":"https:\/\/www.spraycolor.com\/spraygun\/wp-content\/uploads\/testine-ok-2000.jpg","width":2100,"height":1402},{"@type":"BreadcrumbList","@id":"https:\/\/www.spraycolor.com\/spraygun\/fr\/testine-intercambiabili\/#breadcrumb","itemListElement":[{"@type":"ListItem","position":1,"name":"Home","item":"https:\/\/www.spraycolor.com\/spraygun\/fr\/"},{"@type":"ListItem","position":2,"name":"T\u00eates interchangeables"}]},{"@type":"WebSite","@id":"https:\/\/www.spraycolor.com\/spraygun\/#website","url":"https:\/\/www.spraycolor.com\/spraygun\/","name":"Automatic Spraygun - spraycolor","description":"Pistole per verniciatura industriale","publisher":{"@id":"https:\/\/www.spraycolor.com\/spraygun\/#organization"},"potentialAction":[{"@type":"SearchAction","target":{"@type":"EntryPoint","urlTemplate":"https:\/\/www.spraycolor.com\/spraygun\/?s={search_term_string}"},"query-input":{"@type":"PropertyValueSpecification","valueRequired":true,"valueName":"search_term_string"}}],"inLanguage":"fr-FR"},{"@type":"Organization","@id":"https:\/\/www.spraycolor.com\/spraygun\/#organization","name":"Spraycolor","url":"https:\/\/www.spraycolor.com\/spraygun\/","logo":{"@type":"ImageObject","inLanguage":"fr-FR","@id":"https:\/\/www.spraycolor.com\/spraygun\/#\/schema\/logo\/image\/","url":"https:\/\/www.spraycolor.com\/spraygun\/wp-content\/uploads\/2020\/10\/Logo_bianco400.png","contentUrl":"https:\/\/www.spraycolor.com\/spraygun\/wp-content\/uploads\/2020\/10\/Logo_bianco400.png","width":400,"height":67,"caption":"Spraycolor"},"image":{"@id":"https:\/\/www.spraycolor.com\/spraygun\/#\/schema\/logo\/image\/"},"sameAs":["https:\/\/www.linkedin.com\/company\/spraycolor\/"]}]}},"_links":{"self":[{"href":"https:\/\/www.spraycolor.com\/spraygun\/fr\/wp-json\/wp\/v2\/pages\/16947","targetHints":{"allow":["GET"]}}],"collection":[{"href":"https:\/\/www.spraycolor.com\/spraygun\/fr\/wp-json\/wp\/v2\/pages"}],"about":[{"href":"https:\/\/www.spraycolor.com\/spraygun\/fr\/wp-json\/wp\/v2\/types\/page"}],"author":[{"embeddable":true,"href":"https:\/\/www.spraycolor.com\/spraygun\/fr\/wp-json\/wp\/v2\/users\/1"}],"replies":[{"embeddable":true,"href":"https:\/\/www.spraycolor.com\/spraygun\/fr\/wp-json\/wp\/v2\/comments?post=16947"}],"version-history":[{"count":6,"href":"https:\/\/www.spraycolor.com\/spraygun\/fr\/wp-json\/wp\/v2\/pages\/16947\/revisions"}],"predecessor-version":[{"id":17522,"href":"https:\/\/www.spraycolor.com\/spraygun\/fr\/wp-json\/wp\/v2\/pages\/16947\/revisions\/17522"}],"wp:featuredmedia":[{"embeddable":true,"href":"https:\/\/www.spraycolor.com\/spraygun\/fr\/wp-json\/wp\/v2\/media\/16949"}],"wp:attachment":[{"href":"https:\/\/www.spraycolor.com\/spraygun\/fr\/wp-json\/wp\/v2\/media?parent=16947"}],"curies":[{"name":"wp","href":"https:\/\/api.w.org\/{rel}","templated":true}]}}