{"id":16669,"date":"2020-11-02T10:59:08","date_gmt":"2020-11-02T09:59:08","guid":{"rendered":"https:\/\/www.spraycolor.com\/spraygun\/lvlp-3c\/"},"modified":"2020-11-30T18:09:45","modified_gmt":"2020-11-30T17:09:45","slug":"lvlp-3c","status":"publish","type":"page","link":"https:\/\/www.spraycolor.com\/spraygun\/fr\/lvlp-3c\/","title":{"rendered":"3C LVLP Spray gun"},"content":{"rendered":"<div class=\"wpb-content-wrapper\"><p>[vc_row css_animation=\u00a0\u00bb\u00a0\u00bb row_type=\u00a0\u00bbrow\u00a0\u00bb use_row_as_full_screen_section=\u00a0\u00bbno\u00a0\u00bb type=\u00a0\u00bbgrid\u00a0\u00bb angled_section=\u00a0\u00bbno\u00a0\u00bb text_align=\u00a0\u00bbleft\u00a0\u00bb background_image_as_pattern=\u00a0\u00bbwithout_pattern\u00a0\u00bb z_index=\u00a0\u00bb\u00a0\u00bb padding_top=\u00a0\u00bb50&Prime; padding_bottom=\u00a0\u00bb50&Prime;][vc_column width=\u00a0\u00bb2\/3&Prime;][vc_column_text]<strong><em>spraycolor<\/em>\u00ae 3C<\/strong>\u00a0 LVLP<\/p>\n<p>Con\u00e7ue pour le client qui n\u00e9cessite un grand \u00e9clectisme au stade de pulv\u00e9risation en alternant des produits chimiques tr\u00e8s liquides et des r\u00e9sines tr\u00e8s \u00e9paisses.<br \/>\nLe seul au monde BR\u00c9VET\u00c9 avec 3 r\u00e9gulateurs d\u2019\u00e9coulement.<br \/>\nCette innovation extraordinaire offre la possibilit\u00e9 d\u2019engendrer gr\u00e2ce \u00e0 un r\u00e9gulateur BOOST de l\u2019air suppl\u00e9mentaire en mesure de pulv\u00e9riser m\u00eame les r\u00e9sines les plus \u00e9paisses avec de tr\u00e8s bons r\u00e9sultats.<br \/>\nLa CERTIFICATION UNI EN 13966 atteste que gr\u00e2ce \u00e0 3C il y aura la simplicit\u00e9 de pulv\u00e9riser de l\u2019eau jusqu\u2019\u00e0 la colle en obtenant des r\u00e9sultats de transfert jamais vus avant.<br \/>\n3C est n\u00e9 simplement des r\u00eaves des clients les plus exigeants.<\/p>\n<p><strong>Diam\u00e8tres disponibles: \u00d8 0.8 \u2013 1.0 \u2013 1.2 \u2013 1.5 \u2013 1.7 \u2013 1.9 \u2013 2.2 \u2013 2.5<\/strong><br \/>\n<strong>T\u00eates disponibles: L \u2013 S \u2013 (P \u2013 pour diam\u00e8tres sup\u00e9rieurs 1.5)<\/strong>[\/vc_column_text][vc_separator type=\u00a0\u00bbnormal\u00a0\u00bb][vc_single_image image=\u00a0\u00bb16858&Prime; img_size=\u00a0\u00bbfull\u00a0\u00bb qode_css_animation=\u00a0\u00bb\u00a0\u00bb][\/vc_column][vc_column width=\u00a0\u00bb1\/3&Prime;][vc_column_text]<\/p>\n<div class=\"span1-3 module_cont module_nor.mal_padding module_text_area\">\n<h3 class=\"headInModule\">5 \u00e9l\u00e9ments essentiels<\/h3>\n<div class=\"module_content\">1. Certifi\u00e9 UNI EN 13966<br \/>\n2. BR\u00c9VET\u00c9 3 r\u00e9gulateurs<br \/>\n3. Seul au monde avec fonction BOOST<br \/>\n4. Transfert \u00e9lev\u00e9 sur la surface de peinture.<br \/>\n5. \u00c9clectique, indiqu\u00e9 pour tout produit chimique<\/div>\n<\/div>\n<p>[\/vc_column_text][\/vc_column][\/vc_row][vc_row css_animation=\u00a0\u00bb\u00a0\u00bb row_type=\u00a0\u00bbrow\u00a0\u00bb use_row_as_full_screen_section=\u00a0\u00bbno\u00a0\u00bb type=\u00a0\u00bbfull_width\u00a0\u00bb angled_section=\u00a0\u00bbno\u00a0\u00bb text_align=\u00a0\u00bbleft\u00a0\u00bb background_image_as_pattern=\u00a0\u00bbwithout_pattern\u00a0\u00bb][vc_column][vc_gallery type=\u00a0\u00bbimage_grid\u00a0\u00bb images=\u00a0\u00bb16670,16682,16683&Prime; img_size=\u00a0\u00bb800&#215;800&Prime; onclick=\u00a0\u00bb\u00a0\u00bb css_animation=\u00a0\u00bbfadeIn\u00a0\u00bb column_number=\u00a0\u00bb3&Prime; grayscale=\u00a0\u00bbno\u00a0\u00bb images_space=\u00a0\u00bbgallery_without_space\u00a0\u00bb][\/vc_column][\/vc_row][vc_row css_animation=\u00a0\u00bb\u00a0\u00bb row_type=\u00a0\u00bbrow\u00a0\u00bb use_row_as_full_screen_section=\u00a0\u00bbno\u00a0\u00bb type=\u00a0\u00bbgrid\u00a0\u00bb angled_section=\u00a0\u00bbno\u00a0\u00bb text_align=\u00a0\u00bbleft\u00a0\u00bb background_image_as_pattern=\u00a0\u00bbwithout_pattern\u00a0\u00bb z_index=\u00a0\u00bb\u00a0\u00bb padding_top=\u00a0\u00bb50&Prime; padding_bottom=\u00a0\u00bb50&Prime;][vc_column width=\u00a0\u00bb1\/3&Prime;][vc_column_text el_class=\u00a0\u00bbcaratteristiche\u00a0\u00bb]<\/p>\n<h2 class=\"headInModule\">Caract\u00e9ristiques techniques<\/h2>\n<ul class=\"list_type1\">\n<li>pression air commande: CYL 3.5 bar max 4.0 bar<\/li>\n<li>pression d&rsquo;admission peinture: 1 bar<\/li>\n<li>Pression de pulv\u00e9risation: ATO 2 bar max 2.2 bar<\/li>\n<li>Poids: 1050 gr<\/li>\n<li>Consommation: 160 l\/min<\/li>\n<li>Id\u00e9al pour produits avec densit\u00e9 basse, moyenne, \u00e9lev\u00e9e<\/li>\n<li>connexions pour air et peinture: G \u00bc\u201d<\/li>\n<li>fixation \u00e0 l&rsquo;appareil: 2 trous \u00d8 10<\/li>\n<\/ul>\n<p>[\/vc_column_text][vc_separator type=\u00a0\u00bbtransparent\u00a0\u00bb][\/vc_column][vc_column width=\u00a0\u00bb1\/3&Prime;][vc_column_text el_class=\u00a0\u00bbconfezione\u00a0\u00bb]<\/p>\n<h2 class=\"headInModule\">emballage comprend<\/h2>\n<ul class=\"\">\n<li>bouchon 1\/4&Prime;<\/li>\n<li>fiche de contr\u00f4le reportant le num\u00e9ro de s\u00e9rie (utile pour le support technique)<\/li>\n<li>manuel d&rsquo;utilisation et d&rsquo;entretien<\/li>\n<\/ul>\n<p>[\/vc_column_text][vc_separator type=\u00a0\u00bbtransparent\u00a0\u00bb up=\u00a0\u00bb5&Prime; down=\u00a0\u00bb5&Prime;][\/vc_column][vc_column width=\u00a0\u00bb1\/3&Prime;]<a  itemprop=\"url\" href=\"https:\/\/www.spraycolor.com\/spraygun\/wp-content\/uploads\/3c-data-sheet.pdf\" target=\"_blank\"  class=\"qbutton  big_large_full_width default\" style=\"\">Fiche technique<\/a>[vc_separator type=\u00a0\u00bbtransparent\u00a0\u00bb up=\u00a0\u00bb5&Prime; down=\u00a0\u00bb5&Prime;]<a  itemprop=\"url\" href=\"https:\/\/www.spraycolor.com\/spraygun\/wp-content\/uploads\/Manuale-uso3C_ita_ing-bassa.pdf\" target=\"_blank\"  class=\"qbutton  big_large_full_width default\" style=\"\">Manuel de service et utiliser<\/a>[vc_separator type=\u00a0\u00bbtransparent\u00a0\u00bb up=\u00a0\u00bb5&Prime; down=\u00a0\u00bb5&Prime;]<a  itemprop=\"url\" href=\"https:\/\/www.spraycolor.com\/spraygun\/wp-content\/uploads\/2-certificate-small-3C-18-bar-different-settings.pdf\" target=\"_blank\"  class=\"qbutton  big_large_full_width default\" style=\"\">Certificat<\/a>[\/vc_column][\/vc_row][vc_row css_animation=\u00a0\u00bb\u00a0\u00bb row_type=\u00a0\u00bbrow\u00a0\u00bb use_row_as_full_screen_section=\u00a0\u00bbno\u00a0\u00bb type=\u00a0\u00bbgrid\u00a0\u00bb angled_section=\u00a0\u00bbno\u00a0\u00bb text_align=\u00a0\u00bbleft\u00a0\u00bb background_image_as_pattern=\u00a0\u00bbwithout_pattern\u00a0\u00bb z_index=\u00a0\u00bb\u00a0\u00bb][vc_column][vc_video link=\u00a0\u00bbhttps:\/\/vimeo.com\/213369144&Prime;][\/vc_column][\/vc_row][vc_row css_animation=\u00a0\u00bb\u00a0\u00bb row_type=\u00a0\u00bbrow\u00a0\u00bb use_row_as_full_screen_section=\u00a0\u00bbno\u00a0\u00bb type=\u00a0\u00bbfull_width\u00a0\u00bb angled_section=\u00a0\u00bbno\u00a0\u00bb text_align=\u00a0\u00bbleft\u00a0\u00bb background_image_as_pattern=\u00a0\u00bbwithout_pattern\u00a0\u00bb][vc_column][vc_empty_space][\/vc_column][\/vc_row]<\/p>\n<\/div>","protected":false},"excerpt":{"rendered":"<p>[vc_row css_animation=\u00a0\u00bb\u00a0\u00bb row_type=\u00a0\u00bbrow\u00a0\u00bb use_row_as_full_screen_section=\u00a0\u00bbno\u00a0\u00bb type=\u00a0\u00bbgrid\u00a0\u00bb angled_section=\u00a0\u00bbno\u00a0\u00bb text_align=\u00a0\u00bbleft\u00a0\u00bb background_image_as_pattern=\u00a0\u00bbwithout_pattern\u00a0\u00bb z_index=\u00a0\u00bb\u00a0\u00bb padding_top=\u00a0\u00bb50&Prime; padding_bottom=\u00a0\u00bb50&Prime;][vc_column width=\u00a0\u00bb2\/3&Prime;][vc_column_text]spraycolor\u00ae 3C\u00a0 LVLP Con\u00e7ue pour le client qui n\u00e9cessite un grand \u00e9clectisme au stade de pulv\u00e9risation en alternant des produits chimiques tr\u00e8s liquides et des r\u00e9sines tr\u00e8s \u00e9paisses. Le seul au monde BR\u00c9VET\u00c9 avec&#8230;<\/p>\n","protected":false},"author":1,"featured_media":16670,"parent":0,"menu_order":33,"comment_status":"closed","ping_status":"closed","template":"full_width.php","meta":{"footnotes":""},"class_list":["post-16669","page","type-page","status-publish","has-post-thumbnail","hentry"],"yoast_head":"<!-- This site is optimized with the Yoast SEO plugin v26.5 - https:\/\/yoast.com\/wordpress\/plugins\/seo\/ -->\n<title>3C LVLP Spray gun - Automatic Spraygun - spraycolor<\/title>\n<meta name=\"robots\" content=\"index, follow, max-snippet:-1, max-image-preview:large, max-video-preview:-1\" \/>\n<link rel=\"canonical\" href=\"https:\/\/www.spraycolor.com\/spraygun\/fr\/lvlp-3c\/\" \/>\n<meta property=\"og:locale\" content=\"fr_FR\" \/>\n<meta property=\"og:type\" content=\"article\" \/>\n<meta property=\"og:title\" content=\"3C LVLP Spray gun - Automatic Spraygun - spraycolor\" \/>\n<meta property=\"og:description\" content=\"[vc_row css_animation=\u00a0\u00bb\u00a0\u00bb row_type=\u00a0\u00bbrow\u00a0\u00bb use_row_as_full_screen_section=\u00a0\u00bbno\u00a0\u00bb type=\u00a0\u00bbgrid\u00a0\u00bb angled_section=\u00a0\u00bbno\u00a0\u00bb text_align=\u00a0\u00bbleft\u00a0\u00bb background_image_as_pattern=\u00a0\u00bbwithout_pattern\u00a0\u00bb z_index=\u00a0\u00bb\u00a0\u00bb padding_top=\u00a0\u00bb50&Prime; padding_bottom=\u00a0\u00bb50&Prime;][vc_column width=\u00a0\u00bb2\/3&Prime;][vc_column_text]spraycolor\u00ae 3C\u00a0 LVLP Con\u00e7ue pour le client qui n\u00e9cessite un grand \u00e9clectisme au stade de pulv\u00e9risation en alternant des produits chimiques tr\u00e8s liquides et des r\u00e9sines tr\u00e8s \u00e9paisses. Le seul au monde BR\u00c9VET\u00c9 avec...\" \/>\n<meta property=\"og:url\" content=\"https:\/\/www.spraycolor.com\/spraygun\/fr\/lvlp-3c\/\" \/>\n<meta property=\"og:site_name\" content=\"Automatic Spraygun - spraycolor\" \/>\n<meta property=\"article:modified_time\" content=\"2020-11-30T17:09:45+00:00\" \/>\n<meta property=\"og:image\" content=\"https:\/\/www.spraycolor.com\/spraygun\/wp-content\/uploads\/2020\/11\/IMG_6026.jpg\" \/>\n\t<meta property=\"og:image:width\" content=\"1200\" \/>\n\t<meta property=\"og:image:height\" content=\"800\" \/>\n\t<meta property=\"og:image:type\" content=\"image\/jpeg\" \/>\n<meta name=\"twitter:card\" content=\"summary_large_image\" \/>\n<meta name=\"twitter:label1\" content=\"Dur\u00e9e de lecture estim\u00e9e\" \/>\n\t<meta name=\"twitter:data1\" content=\"3 minutes\" \/>\n<script type=\"application\/ld+json\" class=\"yoast-schema-graph\">{\"@context\":\"https:\/\/schema.org\",\"@graph\":[{\"@type\":\"WebPage\",\"@id\":\"https:\/\/www.spraycolor.com\/spraygun\/fr\/lvlp-3c\/\",\"url\":\"https:\/\/www.spraycolor.com\/spraygun\/fr\/lvlp-3c\/\",\"name\":\"3C LVLP Spray gun - Automatic Spraygun - spraycolor\",\"isPartOf\":{\"@id\":\"https:\/\/www.spraycolor.com\/spraygun\/#website\"},\"primaryImageOfPage\":{\"@id\":\"https:\/\/www.spraycolor.com\/spraygun\/fr\/lvlp-3c\/#primaryimage\"},\"image\":{\"@id\":\"https:\/\/www.spraycolor.com\/spraygun\/fr\/lvlp-3c\/#primaryimage\"},\"thumbnailUrl\":\"https:\/\/www.spraycolor.com\/spraygun\/wp-content\/uploads\/2020\/11\/IMG_6026.jpg\",\"datePublished\":\"2020-11-02T09:59:08+00:00\",\"dateModified\":\"2020-11-30T17:09:45+00:00\",\"breadcrumb\":{\"@id\":\"https:\/\/www.spraycolor.com\/spraygun\/fr\/lvlp-3c\/#breadcrumb\"},\"inLanguage\":\"fr-FR\",\"potentialAction\":[{\"@type\":\"ReadAction\",\"target\":[\"https:\/\/www.spraycolor.com\/spraygun\/fr\/lvlp-3c\/\"]}]},{\"@type\":\"ImageObject\",\"inLanguage\":\"fr-FR\",\"@id\":\"https:\/\/www.spraycolor.com\/spraygun\/fr\/lvlp-3c\/#primaryimage\",\"url\":\"https:\/\/www.spraycolor.com\/spraygun\/wp-content\/uploads\/2020\/11\/IMG_6026.jpg\",\"contentUrl\":\"https:\/\/www.spraycolor.com\/spraygun\/wp-content\/uploads\/2020\/11\/IMG_6026.jpg\",\"width\":1200,\"height\":800},{\"@type\":\"BreadcrumbList\",\"@id\":\"https:\/\/www.spraycolor.com\/spraygun\/fr\/lvlp-3c\/#breadcrumb\",\"itemListElement\":[{\"@type\":\"ListItem\",\"position\":1,\"name\":\"Home\",\"item\":\"https:\/\/www.spraycolor.com\/spraygun\/fr\/\"},{\"@type\":\"ListItem\",\"position\":2,\"name\":\"3C LVLP Spray gun\"}]},{\"@type\":\"WebSite\",\"@id\":\"https:\/\/www.spraycolor.com\/spraygun\/#website\",\"url\":\"https:\/\/www.spraycolor.com\/spraygun\/\",\"name\":\"Automatic Spraygun - spraycolor\",\"description\":\"Pistole per verniciatura industriale\",\"publisher\":{\"@id\":\"https:\/\/www.spraycolor.com\/spraygun\/#organization\"},\"potentialAction\":[{\"@type\":\"SearchAction\",\"target\":{\"@type\":\"EntryPoint\",\"urlTemplate\":\"https:\/\/www.spraycolor.com\/spraygun\/?s={search_term_string}\"},\"query-input\":{\"@type\":\"PropertyValueSpecification\",\"valueRequired\":true,\"valueName\":\"search_term_string\"}}],\"inLanguage\":\"fr-FR\"},{\"@type\":\"Organization\",\"@id\":\"https:\/\/www.spraycolor.com\/spraygun\/#organization\",\"name\":\"Spraycolor\",\"url\":\"https:\/\/www.spraycolor.com\/spraygun\/\",\"logo\":{\"@type\":\"ImageObject\",\"inLanguage\":\"fr-FR\",\"@id\":\"https:\/\/www.spraycolor.com\/spraygun\/#\/schema\/logo\/image\/\",\"url\":\"https:\/\/www.spraycolor.com\/spraygun\/wp-content\/uploads\/2020\/10\/Logo_bianco400.png\",\"contentUrl\":\"https:\/\/www.spraycolor.com\/spraygun\/wp-content\/uploads\/2020\/10\/Logo_bianco400.png\",\"width\":400,\"height\":67,\"caption\":\"Spraycolor\"},\"image\":{\"@id\":\"https:\/\/www.spraycolor.com\/spraygun\/#\/schema\/logo\/image\/\"},\"sameAs\":[\"https:\/\/www.linkedin.com\/company\/spraycolor\/\"]}]}<\/script>\n<!-- \/ Yoast SEO plugin. -->","yoast_head_json":{"title":"3C LVLP Spray gun - Automatic Spraygun - spraycolor","robots":{"index":"index","follow":"follow","max-snippet":"max-snippet:-1","max-image-preview":"max-image-preview:large","max-video-preview":"max-video-preview:-1"},"canonical":"https:\/\/www.spraycolor.com\/spraygun\/fr\/lvlp-3c\/","og_locale":"fr_FR","og_type":"article","og_title":"3C LVLP Spray gun - Automatic Spraygun - spraycolor","og_description":"[vc_row css_animation=\u00a0\u00bb\u00a0\u00bb row_type=\u00a0\u00bbrow\u00a0\u00bb use_row_as_full_screen_section=\u00a0\u00bbno\u00a0\u00bb type=\u00a0\u00bbgrid\u00a0\u00bb angled_section=\u00a0\u00bbno\u00a0\u00bb text_align=\u00a0\u00bbleft\u00a0\u00bb background_image_as_pattern=\u00a0\u00bbwithout_pattern\u00a0\u00bb z_index=\u00a0\u00bb\u00a0\u00bb padding_top=\u00a0\u00bb50&Prime; padding_bottom=\u00a0\u00bb50&Prime;][vc_column width=\u00a0\u00bb2\/3&Prime;][vc_column_text]spraycolor\u00ae 3C\u00a0 LVLP Con\u00e7ue pour le client qui n\u00e9cessite un grand \u00e9clectisme au stade de pulv\u00e9risation en alternant des produits chimiques tr\u00e8s liquides et des r\u00e9sines tr\u00e8s \u00e9paisses. Le seul au monde BR\u00c9VET\u00c9 avec...","og_url":"https:\/\/www.spraycolor.com\/spraygun\/fr\/lvlp-3c\/","og_site_name":"Automatic Spraygun - spraycolor","article_modified_time":"2020-11-30T17:09:45+00:00","og_image":[{"width":1200,"height":800,"url":"https:\/\/www.spraycolor.com\/spraygun\/wp-content\/uploads\/2020\/11\/IMG_6026.jpg","type":"image\/jpeg"}],"twitter_card":"summary_large_image","twitter_misc":{"Dur\u00e9e de lecture estim\u00e9e":"3 minutes"},"schema":{"@context":"https:\/\/schema.org","@graph":[{"@type":"WebPage","@id":"https:\/\/www.spraycolor.com\/spraygun\/fr\/lvlp-3c\/","url":"https:\/\/www.spraycolor.com\/spraygun\/fr\/lvlp-3c\/","name":"3C LVLP Spray gun - Automatic Spraygun - spraycolor","isPartOf":{"@id":"https:\/\/www.spraycolor.com\/spraygun\/#website"},"primaryImageOfPage":{"@id":"https:\/\/www.spraycolor.com\/spraygun\/fr\/lvlp-3c\/#primaryimage"},"image":{"@id":"https:\/\/www.spraycolor.com\/spraygun\/fr\/lvlp-3c\/#primaryimage"},"thumbnailUrl":"https:\/\/www.spraycolor.com\/spraygun\/wp-content\/uploads\/2020\/11\/IMG_6026.jpg","datePublished":"2020-11-02T09:59:08+00:00","dateModified":"2020-11-30T17:09:45+00:00","breadcrumb":{"@id":"https:\/\/www.spraycolor.com\/spraygun\/fr\/lvlp-3c\/#breadcrumb"},"inLanguage":"fr-FR","potentialAction":[{"@type":"ReadAction","target":["https:\/\/www.spraycolor.com\/spraygun\/fr\/lvlp-3c\/"]}]},{"@type":"ImageObject","inLanguage":"fr-FR","@id":"https:\/\/www.spraycolor.com\/spraygun\/fr\/lvlp-3c\/#primaryimage","url":"https:\/\/www.spraycolor.com\/spraygun\/wp-content\/uploads\/2020\/11\/IMG_6026.jpg","contentUrl":"https:\/\/www.spraycolor.com\/spraygun\/wp-content\/uploads\/2020\/11\/IMG_6026.jpg","width":1200,"height":800},{"@type":"BreadcrumbList","@id":"https:\/\/www.spraycolor.com\/spraygun\/fr\/lvlp-3c\/#breadcrumb","itemListElement":[{"@type":"ListItem","position":1,"name":"Home","item":"https:\/\/www.spraycolor.com\/spraygun\/fr\/"},{"@type":"ListItem","position":2,"name":"3C LVLP Spray gun"}]},{"@type":"WebSite","@id":"https:\/\/www.spraycolor.com\/spraygun\/#website","url":"https:\/\/www.spraycolor.com\/spraygun\/","name":"Automatic Spraygun - spraycolor","description":"Pistole per verniciatura industriale","publisher":{"@id":"https:\/\/www.spraycolor.com\/spraygun\/#organization"},"potentialAction":[{"@type":"SearchAction","target":{"@type":"EntryPoint","urlTemplate":"https:\/\/www.spraycolor.com\/spraygun\/?s={search_term_string}"},"query-input":{"@type":"PropertyValueSpecification","valueRequired":true,"valueName":"search_term_string"}}],"inLanguage":"fr-FR"},{"@type":"Organization","@id":"https:\/\/www.spraycolor.com\/spraygun\/#organization","name":"Spraycolor","url":"https:\/\/www.spraycolor.com\/spraygun\/","logo":{"@type":"ImageObject","inLanguage":"fr-FR","@id":"https:\/\/www.spraycolor.com\/spraygun\/#\/schema\/logo\/image\/","url":"https:\/\/www.spraycolor.com\/spraygun\/wp-content\/uploads\/2020\/10\/Logo_bianco400.png","contentUrl":"https:\/\/www.spraycolor.com\/spraygun\/wp-content\/uploads\/2020\/10\/Logo_bianco400.png","width":400,"height":67,"caption":"Spraycolor"},"image":{"@id":"https:\/\/www.spraycolor.com\/spraygun\/#\/schema\/logo\/image\/"},"sameAs":["https:\/\/www.linkedin.com\/company\/spraycolor\/"]}]}},"_links":{"self":[{"href":"https:\/\/www.spraycolor.com\/spraygun\/fr\/wp-json\/wp\/v2\/pages\/16669","targetHints":{"allow":["GET"]}}],"collection":[{"href":"https:\/\/www.spraycolor.com\/spraygun\/fr\/wp-json\/wp\/v2\/pages"}],"about":[{"href":"https:\/\/www.spraycolor.com\/spraygun\/fr\/wp-json\/wp\/v2\/types\/page"}],"author":[{"embeddable":true,"href":"https:\/\/www.spraycolor.com\/spraygun\/fr\/wp-json\/wp\/v2\/users\/1"}],"replies":[{"embeddable":true,"href":"https:\/\/www.spraycolor.com\/spraygun\/fr\/wp-json\/wp\/v2\/comments?post=16669"}],"version-history":[{"count":4,"href":"https:\/\/www.spraycolor.com\/spraygun\/fr\/wp-json\/wp\/v2\/pages\/16669\/revisions"}],"predecessor-version":[{"id":17174,"href":"https:\/\/www.spraycolor.com\/spraygun\/fr\/wp-json\/wp\/v2\/pages\/16669\/revisions\/17174"}],"wp:featuredmedia":[{"embeddable":true,"href":"https:\/\/www.spraycolor.com\/spraygun\/fr\/wp-json\/wp\/v2\/media\/16670"}],"wp:attachment":[{"href":"https:\/\/www.spraycolor.com\/spraygun\/fr\/wp-json\/wp\/v2\/media?parent=16669"}],"curies":[{"name":"wp","href":"https:\/\/api.w.org\/{rel}","templated":true}]}}