{"id":16618,"date":"2020-10-30T18:56:15","date_gmt":"2020-10-30T17:56:15","guid":{"rendered":"https:\/\/www.spraycolor.com\/spraygun\/mt-model\/"},"modified":"2023-05-11T21:39:17","modified_gmt":"2023-05-11T19:39:17","slug":"mt-model","status":"publish","type":"page","link":"https:\/\/www.spraycolor.com\/spraygun\/fr\/mt-model\/","title":{"rendered":"MT model"},"content":{"rendered":"<div class=\"wpb-content-wrapper\"><p>[vc_row css_animation=\u00a0\u00bb\u00a0\u00bb row_type=\u00a0\u00bbrow\u00a0\u00bb use_row_as_full_screen_section=\u00a0\u00bbno\u00a0\u00bb type=\u00a0\u00bbgrid\u00a0\u00bb angled_section=\u00a0\u00bbno\u00a0\u00bb text_align=\u00a0\u00bbleft\u00a0\u00bb background_image_as_pattern=\u00a0\u00bbwithout_pattern\u00a0\u00bb z_index=\u00a0\u00bb\u00a0\u00bb padding_top=\u00a0\u00bb50&Prime; padding_bottom=\u00a0\u00bb50&Prime;][vc_column width=\u00a0\u00bb2\/3&Prime;][vc_column_text]Le <strong>mod\u00e8le spraycolor\u00ae MT<\/strong> repr\u00e9sente le top de la technologie du \u201cmade in Italy\u201d; il se distingue des autres productions surtout en ce qui concerne le syst\u00e8me de pulv\u00e9risation par technologie softpressure\u00ae; une autre caract\u00e9ristique distinctive est la simplicit\u00e9 d\u2019entretien, qui peut \u00eatre effectu\u00e9 par le Client directement sur l\u2019installation sans recourir \u00e0 l\u2019aide de personnel sp\u00e9cialis\u00e9.<\/p>\n<p><strong>MT est le premier pistolet qui se place dans une tranche d\u2019utilisation innovante \u00e0 grande efficacit\u00e9 \u00e0 m\u00eame d\u2019offrir un finissage exceptionnel conjoint \u00e0 des consommations en vernis consid\u00e9rablement r\u00e9duites \u00e9gales \u00e0 un HVLP.<\/strong><\/p>\n<p>En utilisant le brevet magnetic technology, il est \u00e0 m\u00eame d\u2019offrir une couverture excellente sans pr\u00e9c\u00e9dents travaillant des pressions de pulv\u00e9risation inf\u00e9rieures r\u00e9sultant en une cons\u00e9quente \u00e9conomie en vernis. En effet, le flux en sortie est adress\u00e9 par le biais du gicleur sp\u00e9cial de notre brevet \u00e0 m\u00eame d\u2019orienter chaque individuelle particule de produit par la m\u00eame polarit\u00e9[\/vc_column_text][vc_separator type=\u00a0\u00bbnormal\u00a0\u00bb][vc_single_image image=\u00a0\u00bb16858&Prime; img_size=\u00a0\u00bbfull\u00a0\u00bb qode_css_animation=\u00a0\u00bb\u00a0\u00bb][vc_column_text el_class=\u00a0\u00bbplus\u00a0\u00bb]<\/p>\n<div class=\"span1-3 module_cont module_nor.mal_padding module_custom_list\">\n<p class=\"headInModule\"><strong>Diam\u00e8tres disponibles:<\/strong> \u00d8 0.8 \u2013 1.0 &#8211; 1.2 &#8211; 1.5<br \/>\n<strong>T\u00eates disponibles:<\/strong> J<\/p>\n<\/div>\n<p>[\/vc_column_text][\/vc_column][vc_column width=\u00a0\u00bb1\/3&Prime;][vc_column_text]<\/p>\n<h2 class=\"headInModule\">5 \u00e9l\u00e9ments essentiels<\/h2>\n<div class=\"module_content\">1 Certifi\u00e9 DIN EN 13966-1<br \/>\n2 Entretien facile<br \/>\n3 Peinture d\u00e9licate (id\u00e9al pour articles de basse \u00e9paisseur)<br \/>\n4 Overspray r\u00e9duit<br \/>\n5 Efficacit\u00e9 de transfert \u00e9lev\u00e9e<\/div>\n<p>[\/vc_column_text][\/vc_column][\/vc_row][vc_row css_animation=\u00a0\u00bb\u00a0\u00bb row_type=\u00a0\u00bbrow\u00a0\u00bb use_row_as_full_screen_section=\u00a0\u00bbno\u00a0\u00bb type=\u00a0\u00bbfull_width\u00a0\u00bb angled_section=\u00a0\u00bbno\u00a0\u00bb text_align=\u00a0\u00bbleft\u00a0\u00bb background_image_as_pattern=\u00a0\u00bbwithout_pattern\u00a0\u00bb][vc_column][vc_gallery type=\u00a0\u00bbimage_grid\u00a0\u00bb images=\u00a0\u00bb16619,16633,16634&Prime; img_size=\u00a0\u00bb1000&#215;800&Prime; onclick=\u00a0\u00bb\u00a0\u00bb css_animation=\u00a0\u00bbfadeIn\u00a0\u00bb column_number=\u00a0\u00bb3&Prime; grayscale=\u00a0\u00bbno\u00a0\u00bb images_space=\u00a0\u00bbgallery_without_space\u00a0\u00bb][\/vc_column][\/vc_row][vc_row css_animation=\u00a0\u00bb\u00a0\u00bb row_type=\u00a0\u00bbrow\u00a0\u00bb use_row_as_full_screen_section=\u00a0\u00bbno\u00a0\u00bb type=\u00a0\u00bbgrid\u00a0\u00bb angled_section=\u00a0\u00bbno\u00a0\u00bb text_align=\u00a0\u00bbleft\u00a0\u00bb background_image_as_pattern=\u00a0\u00bbwithout_pattern\u00a0\u00bb z_index=\u00a0\u00bb\u00a0\u00bb padding_top=\u00a0\u00bb50&Prime; padding_bottom=\u00a0\u00bb50&Prime;][vc_column width=\u00a0\u00bb1\/3&Prime;][vc_column_text el_class=\u00a0\u00bbplus\u00a0\u00bb]<\/p>\n<div class=\"span1-3 module_cont module_nor.mal_padding module_custom_list\">\n<h2 class=\"headInModule\">START 1.6 BAR<\/h2>\n<ul class=\"list_type1\">\n<li>pression inf\u00e9rieure<\/li>\n<li>consommation d&rsquo;air inf\u00e9rieure<\/li>\n<li>diminution de overspray<\/li>\n<li>30% d\u2019\u00e9conomie air<\/li>\n<li>30% d\u2019\u00e9conomie \u00e8nergie<\/li>\n<li>\u00e9conomie vernis<\/li>\n<\/ul>\n<\/div>\n<div class=\"span1-3 module_cont module_none_padding module_custom_list\"><\/div>\n<p>[\/vc_column_text][vc_separator type=\u00a0\u00bbtransparent\u00a0\u00bb][\/vc_column][vc_column width=\u00a0\u00bb1\/3&Prime;][vc_column_text el_class=\u00a0\u00bbcaratteristiche\u00a0\u00bb]<\/p>\n<h2 class=\"headInModule\">Caract\u00e9ristiques Techniques<\/h2>\n<ul class=\"list_type1\">\n<li>pression air commande: CYL 3.5 bar max 4.0 bar<\/li>\n<li>pression d&rsquo;admission peinture: 1 bar<\/li>\n<li>Pression de pulv\u00e9risation: ATO 1,6 max 2,5 bar<\/li>\n<li>Poids: 1100 gr<\/li>\n<li>Consommation: 180 l\/min<\/li>\n<li>Id\u00e9al pour produits avec densit\u00e9 basse<\/li>\n<li>connexions pour air et peinture: G \u00bc\u201d<\/li>\n<li>fixation \u00e0 l&rsquo;appareil: 1 trou \u00d8 10<\/li>\n<\/ul>\n<p>[\/vc_column_text][vc_separator type=\u00a0\u00bbtransparent\u00a0\u00bb][\/vc_column][vc_column width=\u00a0\u00bb1\/3&Prime;][vc_column_text el_class=\u00a0\u00bbconfezione\u00a0\u00bb]<\/p>\n<h2 class=\"headInModule\">emballage comprend<\/h2>\n<ul class=\"\">\n<li>fiche de contr\u00f4le reportant le num\u00e9ro de s\u00e9rie (utile pour le support technique)<\/li>\n<li>manuel d&rsquo;utilisation et d&rsquo;entretien<\/li>\n<li>cl\u00e9 Allen 3mm.<\/li>\n<li>2 bouchons 1\/4\u201d<\/li>\n<li>Extracteur d&rsquo;aiguille<\/li>\n<\/ul>\n<p>[\/vc_column_text][vc_separator type=\u00a0\u00bbtransparent\u00a0\u00bb up=\u00a0\u00bb5&Prime; down=\u00a0\u00bb5&Prime;]<a  itemprop=\"url\" href=\"https:\/\/www.spraycolor.com\/spraygun\/wp-content\/uploads\/MT-data-sheet.pdf\" target=\"_blank\"  class=\"qbutton  big_large_full_width default\" style=\"\">Fiche technique<\/a>[vc_separator type=\u00a0\u00bbtransparent\u00a0\u00bb up=\u00a0\u00bb5&Prime; down=\u00a0\u00bb5&Prime;]<a  itemprop=\"url\" href=\"https:\/\/www.spraycolor.com\/spraygun\/wp-content\/uploads\/Manuale-uso_MT.pdf\" target=\"_blank\"  class=\"qbutton  big_large_full_width default\" style=\"\">Manuel de service et utiliser<\/a>[vc_separator type=\u00a0\u00bbtransparent\u00a0\u00bb up=\u00a0\u00bb5&Prime; down=\u00a0\u00bb5&Prime;]<a  itemprop=\"url\" href=\"https:\/\/www.spraycolor.com\/spraygun\/wp-content\/uploads\/5-certificate-small-MT-18-bar.pdf\" target=\"_blank\"  class=\"qbutton  big_large_full_width default\" style=\"\">Certificat<\/a>[vc_separator type=\u00a0\u00bbtransparent\u00a0\u00bb][\/vc_column][\/vc_row][vc_row css_animation=\u00a0\u00bb\u00a0\u00bb row_type=\u00a0\u00bbrow\u00a0\u00bb use_row_as_full_screen_section=\u00a0\u00bbno\u00a0\u00bb type=\u00a0\u00bbfull_width\u00a0\u00bb angled_section=\u00a0\u00bbno\u00a0\u00bb text_align=\u00a0\u00bbleft\u00a0\u00bb background_image_as_pattern=\u00a0\u00bbwithout_pattern\u00a0\u00bb z_index=\u00a0\u00bb\u00a0\u00bb][vc_column][vc_column_text css=\u00a0\u00bb.vc_custom_1606755122255{padding-top: 50px !important;padding-bottom: 50px !important;background-color: #515151 !important;}\u00a0\u00bb]<\/p>\n<h4 style=\"text-align: center;\">LE MOD\u00c8LE SPRAYCOLOR MT PR\u00c9SENTE LE TOP DE LA TECHNOLOGIE DU \u00ab\u00a0MADE IN ITALY\u00a0\u00bb.<\/h4>\n<h1 style=\"text-align: center;\">R\u00e9duit la consommation de vernis en maintenant inalt\u00e9r\u00e9 le standard de finissage \u00e9lev\u00e9<\/h1>\n<p>[\/vc_column_text][\/vc_column][\/vc_row][vc_row css_animation=\u00a0\u00bb\u00a0\u00bb row_type=\u00a0\u00bbrow\u00a0\u00bb use_row_as_full_screen_section=\u00a0\u00bbno\u00a0\u00bb type=\u00a0\u00bbgrid\u00a0\u00bb angled_section=\u00a0\u00bbno\u00a0\u00bb text_align=\u00a0\u00bbleft\u00a0\u00bb background_image_as_pattern=\u00a0\u00bbwithout_pattern\u00a0\u00bb z_index=\u00a0\u00bb\u00a0\u00bb padding_top=\u00a0\u00bb50&Prime; padding_bottom=\u00a0\u00bb50&Prime;][vc_column width=\u00a0\u00bb1\/3&Prime;][vc_column_text el_class=\u00a0\u00bbplus .white\u00a0\u00bb css=\u00a0\u00bb.vc_custom_1606755709952{padding-top: 20% !important;padding-right: 30px !important;padding-bottom: 20% !important;padding-left: 30px !important;background-color: #bbe246 !important;}\u00a0\u00bb]<\/p>\n<h2 class=\"shortcode_accordion_item_title expanded_no\" style=\"text-align: center;\" data-count=\"1\">Economise le vernis<\/h2>\n<div class=\"shortcode_accordion_item_body\">\n<div class=\"ip\" style=\"text-align: center;\">Par une pression d\u2019usinage \u00e9gale \u00e0 1,6 bar, Spraycolor MT r\u00e9duit la consommation de vernis en maintenant inalt\u00e9r\u00e9 le standard de finissage \u00e9lev\u00e9 requis par l\u2019usinage.<\/div>\n<\/div>\n<p>[\/vc_column_text][vc_separator type=\u00a0\u00bbtransparent\u00a0\u00bb][\/vc_column][vc_column width=\u00a0\u00bb1\/3&Prime;][vc_column_text el_class=\u00a0\u00bbplus .white\u00a0\u00bb css=\u00a0\u00bb.vc_custom_1606755702276{padding-top: 20% !important;padding-right: 30px !important;padding-bottom: 20% !important;padding-left: 30px !important;background-color: #bbe246 !important;}\u00a0\u00bb]<\/p>\n<h2 class=\"shortcode_accordion_item_title expanded_no\" style=\"text-align: center;\" data-count=\"2\">Abat Over-spray<\/h2>\n<div class=\"shortcode_accordion_item_body\">\n<div class=\"ip\" style=\"text-align: center;\">MT, avec environ 165 litres\/min d&rsquo;air utilis\u00e9, dans sa cat\u00e9gorie est le pistolet aux consommations les plus basses: jusqu\u2019\u00e0 30% d\u2019\u00e9conomie par rapport \u00e0 la norme, r\u00e9duisant donc amplement l&rsquo;over spray \u00e0 d\u00e9purer en sortie de la cabine de vernissage.<\/div>\n<\/div>\n<p>[\/vc_column_text][vc_separator type=\u00a0\u00bbtransparent\u00a0\u00bb][\/vc_column][vc_column width=\u00a0\u00bb1\/3&Prime;][vc_column_text el_class=\u00a0\u00bbplus .white\u00a0\u00bb css=\u00a0\u00bb.vc_custom_1606755738014{padding-top: 20% !important;padding-right: 30px !important;padding-bottom: 20% !important;padding-left: 30px !important;background-color: #bbe246 !important;}\u00a0\u00bb]<\/p>\n<h2 class=\"shortcode_accordion_item_title expanded_no\" style=\"text-align: center;\" data-count=\"3\">R\u00e9duit la consommation d\u2019\u00e9nergie \u00e9lectrique<\/h2>\n<div class=\"shortcode_accordion_item_body\" style=\"text-align: center;\">\n<div class=\"ip\">MT, travaillant \u00e0 plein r\u00e9gime avec une pression tellement basse, requiert moins d\u2019air comprim\u00e9, donc une \u00e9conomie nette sur l&rsquo;\u00e9nergie \u00e9lectrique n\u00e9cessaire pour la produire.<\/div>\n<\/div>\n<p>[\/vc_column_text][vc_separator type=\u00a0\u00bbtransparent\u00a0\u00bb][\/vc_column][\/vc_row][vc_row css_animation=\u00a0\u00bb\u00a0\u00bb row_type=\u00a0\u00bbrow\u00a0\u00bb use_row_as_full_screen_section=\u00a0\u00bbno\u00a0\u00bb type=\u00a0\u00bbgrid\u00a0\u00bb angled_section=\u00a0\u00bbno\u00a0\u00bb text_align=\u00a0\u00bbleft\u00a0\u00bb background_image_as_pattern=\u00a0\u00bbwithout_pattern\u00a0\u00bb z_index=\u00a0\u00bb\u00a0\u00bb][vc_column width=\u00a0\u00bb1\/2&Prime;][vc_video link=\u00a0\u00bbhttps:\/\/vimeo.com\/32132803&Prime;][\/vc_column][vc_column width=\u00a0\u00bb1\/2&Prime;][vc_video link=\u00a0\u00bbhttps:\/\/vimeo.com\/213370359&Prime;][\/vc_column][\/vc_row][vc_row css_animation=\u00a0\u00bb\u00a0\u00bb row_type=\u00a0\u00bbrow\u00a0\u00bb use_row_as_full_screen_section=\u00a0\u00bbno\u00a0\u00bb type=\u00a0\u00bbfull_width\u00a0\u00bb angled_section=\u00a0\u00bbno\u00a0\u00bb text_align=\u00a0\u00bbleft\u00a0\u00bb background_image_as_pattern=\u00a0\u00bbwithout_pattern\u00a0\u00bb][vc_column][vc_empty_space][\/vc_column][\/vc_row]<\/p>\n<\/div>","protected":false},"excerpt":{"rendered":"<p>[vc_row css_animation=\u00a0\u00bb\u00a0\u00bb row_type=\u00a0\u00bbrow\u00a0\u00bb use_row_as_full_screen_section=\u00a0\u00bbno\u00a0\u00bb type=\u00a0\u00bbgrid\u00a0\u00bb angled_section=\u00a0\u00bbno\u00a0\u00bb text_align=\u00a0\u00bbleft\u00a0\u00bb background_image_as_pattern=\u00a0\u00bbwithout_pattern\u00a0\u00bb z_index=\u00a0\u00bb\u00a0\u00bb padding_top=\u00a0\u00bb50&Prime; padding_bottom=\u00a0\u00bb50&Prime;][vc_column width=\u00a0\u00bb2\/3&Prime;][vc_column_text]Le mod\u00e8le spraycolor\u00ae MT repr\u00e9sente le top de la technologie du \u201cmade in Italy\u201d; il se distingue des autres productions surtout en ce qui concerne le syst\u00e8me de pulv\u00e9risation par technologie softpressure\u00ae; une autre&#8230;<\/p>\n","protected":false},"author":1,"featured_media":16619,"parent":0,"menu_order":195,"comment_status":"closed","ping_status":"closed","template":"full_width.php","meta":{"footnotes":""},"class_list":["post-16618","page","type-page","status-publish","has-post-thumbnail","hentry"],"yoast_head":"<!-- This site is optimized with the Yoast SEO plugin v26.5 - https:\/\/yoast.com\/wordpress\/plugins\/seo\/ -->\n<title>MT model - Automatic Spraygun - spraycolor<\/title>\n<meta name=\"robots\" content=\"index, follow, max-snippet:-1, max-image-preview:large, max-video-preview:-1\" \/>\n<link rel=\"canonical\" href=\"https:\/\/www.spraycolor.com\/spraygun\/fr\/mt-model\/\" \/>\n<meta property=\"og:locale\" content=\"fr_FR\" \/>\n<meta property=\"og:type\" content=\"article\" \/>\n<meta property=\"og:title\" content=\"MT model - Automatic Spraygun - spraycolor\" \/>\n<meta property=\"og:description\" content=\"[vc_row css_animation=\u00a0\u00bb\u00a0\u00bb row_type=\u00a0\u00bbrow\u00a0\u00bb use_row_as_full_screen_section=\u00a0\u00bbno\u00a0\u00bb type=\u00a0\u00bbgrid\u00a0\u00bb angled_section=\u00a0\u00bbno\u00a0\u00bb text_align=\u00a0\u00bbleft\u00a0\u00bb background_image_as_pattern=\u00a0\u00bbwithout_pattern\u00a0\u00bb z_index=\u00a0\u00bb\u00a0\u00bb padding_top=\u00a0\u00bb50&Prime; padding_bottom=\u00a0\u00bb50&Prime;][vc_column width=\u00a0\u00bb2\/3&Prime;][vc_column_text]Le mod\u00e8le spraycolor\u00ae MT repr\u00e9sente le top de la technologie du \u201cmade in Italy\u201d; il se distingue des autres productions surtout en ce qui concerne le syst\u00e8me de pulv\u00e9risation par technologie softpressure\u00ae; une autre...\" \/>\n<meta property=\"og:url\" content=\"https:\/\/www.spraycolor.com\/spraygun\/fr\/mt-model\/\" \/>\n<meta property=\"og:site_name\" content=\"Automatic Spraygun - spraycolor\" \/>\n<meta property=\"article:modified_time\" content=\"2023-05-11T19:39:17+00:00\" \/>\n<meta property=\"og:image\" content=\"https:\/\/www.spraycolor.com\/spraygun\/wp-content\/uploads\/2020\/10\/Sprycolor_IMG_3918-1.jpg\" \/>\n\t<meta property=\"og:image:width\" content=\"2048\" \/>\n\t<meta property=\"og:image:height\" content=\"1370\" \/>\n\t<meta property=\"og:image:type\" content=\"image\/jpeg\" \/>\n<meta name=\"twitter:card\" content=\"summary_large_image\" \/>\n<meta name=\"twitter:label1\" content=\"Dur\u00e9e de lecture estim\u00e9e\" \/>\n\t<meta name=\"twitter:data1\" content=\"4 minutes\" \/>\n<script type=\"application\/ld+json\" class=\"yoast-schema-graph\">{\"@context\":\"https:\/\/schema.org\",\"@graph\":[{\"@type\":\"WebPage\",\"@id\":\"https:\/\/www.spraycolor.com\/spraygun\/fr\/mt-model\/\",\"url\":\"https:\/\/www.spraycolor.com\/spraygun\/fr\/mt-model\/\",\"name\":\"MT model - Automatic Spraygun - spraycolor\",\"isPartOf\":{\"@id\":\"https:\/\/www.spraycolor.com\/spraygun\/#website\"},\"primaryImageOfPage\":{\"@id\":\"https:\/\/www.spraycolor.com\/spraygun\/fr\/mt-model\/#primaryimage\"},\"image\":{\"@id\":\"https:\/\/www.spraycolor.com\/spraygun\/fr\/mt-model\/#primaryimage\"},\"thumbnailUrl\":\"https:\/\/www.spraycolor.com\/spraygun\/wp-content\/uploads\/2020\/10\/Sprycolor_IMG_3918-1.jpg\",\"datePublished\":\"2020-10-30T17:56:15+00:00\",\"dateModified\":\"2023-05-11T19:39:17+00:00\",\"breadcrumb\":{\"@id\":\"https:\/\/www.spraycolor.com\/spraygun\/fr\/mt-model\/#breadcrumb\"},\"inLanguage\":\"fr-FR\",\"potentialAction\":[{\"@type\":\"ReadAction\",\"target\":[\"https:\/\/www.spraycolor.com\/spraygun\/fr\/mt-model\/\"]}]},{\"@type\":\"ImageObject\",\"inLanguage\":\"fr-FR\",\"@id\":\"https:\/\/www.spraycolor.com\/spraygun\/fr\/mt-model\/#primaryimage\",\"url\":\"https:\/\/www.spraycolor.com\/spraygun\/wp-content\/uploads\/2020\/10\/Sprycolor_IMG_3918-1.jpg\",\"contentUrl\":\"https:\/\/www.spraycolor.com\/spraygun\/wp-content\/uploads\/2020\/10\/Sprycolor_IMG_3918-1.jpg\",\"width\":2048,\"height\":1370},{\"@type\":\"BreadcrumbList\",\"@id\":\"https:\/\/www.spraycolor.com\/spraygun\/fr\/mt-model\/#breadcrumb\",\"itemListElement\":[{\"@type\":\"ListItem\",\"position\":1,\"name\":\"Home\",\"item\":\"https:\/\/www.spraycolor.com\/spraygun\/fr\/\"},{\"@type\":\"ListItem\",\"position\":2,\"name\":\"MT model\"}]},{\"@type\":\"WebSite\",\"@id\":\"https:\/\/www.spraycolor.com\/spraygun\/#website\",\"url\":\"https:\/\/www.spraycolor.com\/spraygun\/\",\"name\":\"Automatic Spraygun - spraycolor\",\"description\":\"Pistole per verniciatura industriale\",\"publisher\":{\"@id\":\"https:\/\/www.spraycolor.com\/spraygun\/#organization\"},\"potentialAction\":[{\"@type\":\"SearchAction\",\"target\":{\"@type\":\"EntryPoint\",\"urlTemplate\":\"https:\/\/www.spraycolor.com\/spraygun\/?s={search_term_string}\"},\"query-input\":{\"@type\":\"PropertyValueSpecification\",\"valueRequired\":true,\"valueName\":\"search_term_string\"}}],\"inLanguage\":\"fr-FR\"},{\"@type\":\"Organization\",\"@id\":\"https:\/\/www.spraycolor.com\/spraygun\/#organization\",\"name\":\"Spraycolor\",\"url\":\"https:\/\/www.spraycolor.com\/spraygun\/\",\"logo\":{\"@type\":\"ImageObject\",\"inLanguage\":\"fr-FR\",\"@id\":\"https:\/\/www.spraycolor.com\/spraygun\/#\/schema\/logo\/image\/\",\"url\":\"https:\/\/www.spraycolor.com\/spraygun\/wp-content\/uploads\/2020\/10\/Logo_bianco400.png\",\"contentUrl\":\"https:\/\/www.spraycolor.com\/spraygun\/wp-content\/uploads\/2020\/10\/Logo_bianco400.png\",\"width\":400,\"height\":67,\"caption\":\"Spraycolor\"},\"image\":{\"@id\":\"https:\/\/www.spraycolor.com\/spraygun\/#\/schema\/logo\/image\/\"},\"sameAs\":[\"https:\/\/www.linkedin.com\/company\/spraycolor\/\"]}]}<\/script>\n<!-- \/ Yoast SEO plugin. -->","yoast_head_json":{"title":"MT model - Automatic Spraygun - spraycolor","robots":{"index":"index","follow":"follow","max-snippet":"max-snippet:-1","max-image-preview":"max-image-preview:large","max-video-preview":"max-video-preview:-1"},"canonical":"https:\/\/www.spraycolor.com\/spraygun\/fr\/mt-model\/","og_locale":"fr_FR","og_type":"article","og_title":"MT model - Automatic Spraygun - spraycolor","og_description":"[vc_row css_animation=\u00a0\u00bb\u00a0\u00bb row_type=\u00a0\u00bbrow\u00a0\u00bb use_row_as_full_screen_section=\u00a0\u00bbno\u00a0\u00bb type=\u00a0\u00bbgrid\u00a0\u00bb angled_section=\u00a0\u00bbno\u00a0\u00bb text_align=\u00a0\u00bbleft\u00a0\u00bb background_image_as_pattern=\u00a0\u00bbwithout_pattern\u00a0\u00bb z_index=\u00a0\u00bb\u00a0\u00bb padding_top=\u00a0\u00bb50&Prime; padding_bottom=\u00a0\u00bb50&Prime;][vc_column width=\u00a0\u00bb2\/3&Prime;][vc_column_text]Le mod\u00e8le spraycolor\u00ae MT repr\u00e9sente le top de la technologie du \u201cmade in Italy\u201d; il se distingue des autres productions surtout en ce qui concerne le syst\u00e8me de pulv\u00e9risation par technologie softpressure\u00ae; une autre...","og_url":"https:\/\/www.spraycolor.com\/spraygun\/fr\/mt-model\/","og_site_name":"Automatic Spraygun - spraycolor","article_modified_time":"2023-05-11T19:39:17+00:00","og_image":[{"width":2048,"height":1370,"url":"https:\/\/www.spraycolor.com\/spraygun\/wp-content\/uploads\/2020\/10\/Sprycolor_IMG_3918-1.jpg","type":"image\/jpeg"}],"twitter_card":"summary_large_image","twitter_misc":{"Dur\u00e9e de lecture estim\u00e9e":"4 minutes"},"schema":{"@context":"https:\/\/schema.org","@graph":[{"@type":"WebPage","@id":"https:\/\/www.spraycolor.com\/spraygun\/fr\/mt-model\/","url":"https:\/\/www.spraycolor.com\/spraygun\/fr\/mt-model\/","name":"MT model - Automatic Spraygun - spraycolor","isPartOf":{"@id":"https:\/\/www.spraycolor.com\/spraygun\/#website"},"primaryImageOfPage":{"@id":"https:\/\/www.spraycolor.com\/spraygun\/fr\/mt-model\/#primaryimage"},"image":{"@id":"https:\/\/www.spraycolor.com\/spraygun\/fr\/mt-model\/#primaryimage"},"thumbnailUrl":"https:\/\/www.spraycolor.com\/spraygun\/wp-content\/uploads\/2020\/10\/Sprycolor_IMG_3918-1.jpg","datePublished":"2020-10-30T17:56:15+00:00","dateModified":"2023-05-11T19:39:17+00:00","breadcrumb":{"@id":"https:\/\/www.spraycolor.com\/spraygun\/fr\/mt-model\/#breadcrumb"},"inLanguage":"fr-FR","potentialAction":[{"@type":"ReadAction","target":["https:\/\/www.spraycolor.com\/spraygun\/fr\/mt-model\/"]}]},{"@type":"ImageObject","inLanguage":"fr-FR","@id":"https:\/\/www.spraycolor.com\/spraygun\/fr\/mt-model\/#primaryimage","url":"https:\/\/www.spraycolor.com\/spraygun\/wp-content\/uploads\/2020\/10\/Sprycolor_IMG_3918-1.jpg","contentUrl":"https:\/\/www.spraycolor.com\/spraygun\/wp-content\/uploads\/2020\/10\/Sprycolor_IMG_3918-1.jpg","width":2048,"height":1370},{"@type":"BreadcrumbList","@id":"https:\/\/www.spraycolor.com\/spraygun\/fr\/mt-model\/#breadcrumb","itemListElement":[{"@type":"ListItem","position":1,"name":"Home","item":"https:\/\/www.spraycolor.com\/spraygun\/fr\/"},{"@type":"ListItem","position":2,"name":"MT model"}]},{"@type":"WebSite","@id":"https:\/\/www.spraycolor.com\/spraygun\/#website","url":"https:\/\/www.spraycolor.com\/spraygun\/","name":"Automatic Spraygun - spraycolor","description":"Pistole per verniciatura industriale","publisher":{"@id":"https:\/\/www.spraycolor.com\/spraygun\/#organization"},"potentialAction":[{"@type":"SearchAction","target":{"@type":"EntryPoint","urlTemplate":"https:\/\/www.spraycolor.com\/spraygun\/?s={search_term_string}"},"query-input":{"@type":"PropertyValueSpecification","valueRequired":true,"valueName":"search_term_string"}}],"inLanguage":"fr-FR"},{"@type":"Organization","@id":"https:\/\/www.spraycolor.com\/spraygun\/#organization","name":"Spraycolor","url":"https:\/\/www.spraycolor.com\/spraygun\/","logo":{"@type":"ImageObject","inLanguage":"fr-FR","@id":"https:\/\/www.spraycolor.com\/spraygun\/#\/schema\/logo\/image\/","url":"https:\/\/www.spraycolor.com\/spraygun\/wp-content\/uploads\/2020\/10\/Logo_bianco400.png","contentUrl":"https:\/\/www.spraycolor.com\/spraygun\/wp-content\/uploads\/2020\/10\/Logo_bianco400.png","width":400,"height":67,"caption":"Spraycolor"},"image":{"@id":"https:\/\/www.spraycolor.com\/spraygun\/#\/schema\/logo\/image\/"},"sameAs":["https:\/\/www.linkedin.com\/company\/spraycolor\/"]}]}},"_links":{"self":[{"href":"https:\/\/www.spraycolor.com\/spraygun\/fr\/wp-json\/wp\/v2\/pages\/16618","targetHints":{"allow":["GET"]}}],"collection":[{"href":"https:\/\/www.spraycolor.com\/spraygun\/fr\/wp-json\/wp\/v2\/pages"}],"about":[{"href":"https:\/\/www.spraycolor.com\/spraygun\/fr\/wp-json\/wp\/v2\/types\/page"}],"author":[{"embeddable":true,"href":"https:\/\/www.spraycolor.com\/spraygun\/fr\/wp-json\/wp\/v2\/users\/1"}],"replies":[{"embeddable":true,"href":"https:\/\/www.spraycolor.com\/spraygun\/fr\/wp-json\/wp\/v2\/comments?post=16618"}],"version-history":[{"count":8,"href":"https:\/\/www.spraycolor.com\/spraygun\/fr\/wp-json\/wp\/v2\/pages\/16618\/revisions"}],"predecessor-version":[{"id":18289,"href":"https:\/\/www.spraycolor.com\/spraygun\/fr\/wp-json\/wp\/v2\/pages\/16618\/revisions\/18289"}],"wp:featuredmedia":[{"embeddable":true,"href":"https:\/\/www.spraycolor.com\/spraygun\/fr\/wp-json\/wp\/v2\/media\/16619"}],"wp:attachment":[{"href":"https:\/\/www.spraycolor.com\/spraygun\/fr\/wp-json\/wp\/v2\/media?parent=16618"}],"curies":[{"name":"wp","href":"https:\/\/api.w.org\/{rel}","templated":true}]}}