{"id":16460,"date":"2014-04-30T15:47:48","date_gmt":"2014-04-30T15:47:48","guid":{"rendered":"https:\/\/www.spraycolor.com\/spraygun\/home\/"},"modified":"2020-11-26T17:06:23","modified_gmt":"2020-11-26T16:06:23","slug":"home","status":"publish","type":"page","link":"https:\/\/www.spraycolor.com\/spraygun\/fr\/","title":{"rendered":"Spraycolor\u00ae pistolets-pulv\u00e9risateurs automatiques"},"content":{"rendered":"<div class=\"wpb-content-wrapper\"><p>[vc_row css_animation=\u00a0\u00bb\u00a0\u00bb row_type=\u00a0\u00bbrow\u00a0\u00bb use_row_as_full_screen_section=\u00a0\u00bbno\u00a0\u00bb type=\u00a0\u00bbfull_width\u00a0\u00bb angled_section=\u00a0\u00bbno\u00a0\u00bb text_align=\u00a0\u00bbleft\u00a0\u00bb background_image_as_pattern=\u00a0\u00bbwithout_pattern\u00a0\u00bb z_index=\u00a0\u00bb\u00a0\u00bb padding_top=\u00a0\u00bb50&Prime; padding_bottom=\u00a0\u00bb50&Prime;][vc_column width=\u00a0\u00bb2\/3&Prime;][vc_column_text]Nous sommes sp\u00e9cialis\u00e9s dans le projet et la construction de pistolets-pulv\u00e9risateurs automatiques pour le vernissage dans les diff\u00e9rentes technologies y compris la basse pression ( HVLP ), SOFTPRESSURE\u00ae que nous avons brevet\u00e9.<\/p>\n<p>La gamme comprend aussi tous les accessoires et les d\u00e9tails d\u00e9di\u00e9s au pistolet, tels que les aiguilles, les gicleurs, les t\u00eates interchangeables de divers mod\u00e8les, les r\u00e9gulateurs de port\u00e9e, les r\u00e9gulateurs de vernis ainsi que toutes les pi\u00e8ces de rechange de mani\u00e8re \u00e0 assurer au client tout genre d\u2019usinage.<\/p>\n<p>Gr\u00e2ce \u00e0 notre longue exp\u00e9rience, notre production s\u2019adapte \u00e0 tout type d\u2019installation ou de cabine de vernissage en a\u00e9rosol garantissant les meilleurs r\u00e9sultats ainsi qu\u2019une fiabilit\u00e9 optimale due aux d\u00e9tails de nouvelle conception, tels que les aiguilles, la tige, le gicleur et la t\u00eate aux rev\u00eatements protecteurs contre l\u2019usure au titane.<\/p>\n<p>Les pistolets-pulv\u00e9risateurs tels que XSD, le pistolet r\u00e9cent MT ou les pr\u00eat-\u00e0-monter plus PVD ont fait et sont en train de faire l\u2019histoire du finissage des cuirs en mettant ses propres mod\u00e8les au haut de gamme quant \u00e0 leur prestation.<br \/>\nLes leitmotivs de l\u2019entreprise sont et seront toujours la fiabilit\u00e9, la prestation et la simplicit\u00e9 d\u2019entretien ; ce n\u2019est pas un hasard si sur une des brochure de notre entreprise on lit :<\/p>\n<h3>\u201cwe invent the future\u201d.<\/h3>\n<p>[\/vc_column_text][vc_single_image image=\u00a0\u00bb16043&Prime; img_size=\u00a0\u00bbfull\u00a0\u00bb alignment=\u00a0\u00bbcenter\u00a0\u00bb qode_css_animation=\u00a0\u00bb\u00a0\u00bb][\/vc_column][vc_column width=\u00a0\u00bb1\/3&Prime;][vc_column_text]<\/p>\n<h2 class=\"headInModule\">Pourquoi choisir SPRAYCOLOR<\/h2>\n<h3>La qualit\u00e9 du rev\u00eatement<\/h3>\n<p>Une longue exp\u00e9rience a vu notre production de s&rsquo;adapter \u00e0 n&rsquo;importe quel type de plante ou cabine de peinture par pulv\u00e9risation assurant les meilleurs r\u00e9sultats.<\/p>\n<h3>Vie des composants<\/h3>\n<p>Merci aux anti-usure des rev\u00eatements protecteurs de titane, de fusils SPRAYCOLOR sont synonymes de fiabilit\u00e9 et d&rsquo;\u00e9conomie.<\/p>\n<h3>R\u00e9duit la consommation<\/h3>\n<p>r\u00e9duit la consommation de vernis en maintenant inalt\u00e9r\u00e9 le standard de finissage[\/vc_column_text][\/vc_column][\/vc_row]<\/p>\n<\/div>","protected":false},"excerpt":{"rendered":"<p>[vc_row css_animation=\u00a0\u00bb\u00a0\u00bb row_type=\u00a0\u00bbrow\u00a0\u00bb use_row_as_full_screen_section=\u00a0\u00bbno\u00a0\u00bb type=\u00a0\u00bbfull_width\u00a0\u00bb angled_section=\u00a0\u00bbno\u00a0\u00bb text_align=\u00a0\u00bbleft\u00a0\u00bb background_image_as_pattern=\u00a0\u00bbwithout_pattern\u00a0\u00bb z_index=\u00a0\u00bb\u00a0\u00bb padding_top=\u00a0\u00bb50&Prime; padding_bottom=\u00a0\u00bb50&Prime;][vc_column width=\u00a0\u00bb2\/3&Prime;][vc_column_text]Nous sommes sp\u00e9cialis\u00e9s dans le projet et la construction de pistolets-pulv\u00e9risateurs automatiques pour le vernissage dans les diff\u00e9rentes technologies y compris la basse pression ( HVLP ), SOFTPRESSURE\u00ae que nous avons brevet\u00e9. La gamme&#8230;<\/p>\n","protected":false},"author":1,"featured_media":0,"parent":0,"menu_order":239,"comment_status":"closed","ping_status":"closed","template":"full_width.php","meta":{"footnotes":""},"class_list":["post-16460","page","type-page","status-publish","hentry"],"yoast_head":"<!-- This site is optimized with the Yoast SEO plugin v26.5 - https:\/\/yoast.com\/wordpress\/plugins\/seo\/ -->\n<title>Spraycolor\u00ae pistolets-pulv\u00e9risateurs automatiques - Automatic Spraygun - spraycolor<\/title>\n<meta name=\"robots\" content=\"index, follow, max-snippet:-1, max-image-preview:large, max-video-preview:-1\" \/>\n<link rel=\"canonical\" href=\"https:\/\/www.spraycolor.com\/spraygun\/fr\/\" \/>\n<meta property=\"og:locale\" content=\"fr_FR\" \/>\n<meta property=\"og:type\" content=\"article\" \/>\n<meta property=\"og:title\" content=\"Spraycolor\u00ae pistolets-pulv\u00e9risateurs automatiques - Automatic Spraygun - spraycolor\" \/>\n<meta property=\"og:description\" content=\"[vc_row css_animation=\u00a0\u00bb\u00a0\u00bb row_type=\u00a0\u00bbrow\u00a0\u00bb use_row_as_full_screen_section=\u00a0\u00bbno\u00a0\u00bb type=\u00a0\u00bbfull_width\u00a0\u00bb angled_section=\u00a0\u00bbno\u00a0\u00bb text_align=\u00a0\u00bbleft\u00a0\u00bb background_image_as_pattern=\u00a0\u00bbwithout_pattern\u00a0\u00bb z_index=\u00a0\u00bb\u00a0\u00bb padding_top=\u00a0\u00bb50&Prime; padding_bottom=\u00a0\u00bb50&Prime;][vc_column width=\u00a0\u00bb2\/3&Prime;][vc_column_text]Nous sommes sp\u00e9cialis\u00e9s dans le projet et la construction de pistolets-pulv\u00e9risateurs automatiques pour le vernissage dans les diff\u00e9rentes technologies y compris la basse pression ( HVLP ), SOFTPRESSURE\u00ae que nous avons brevet\u00e9. La gamme...\" \/>\n<meta property=\"og:url\" content=\"https:\/\/www.spraycolor.com\/spraygun\/fr\/\" \/>\n<meta property=\"og:site_name\" content=\"Automatic Spraygun - spraycolor\" \/>\n<meta property=\"article:modified_time\" content=\"2020-11-26T16:06:23+00:00\" \/>\n<meta name=\"twitter:card\" content=\"summary_large_image\" \/>\n<meta name=\"twitter:label1\" content=\"Dur\u00e9e de lecture estim\u00e9e\" \/>\n\t<meta name=\"twitter:data1\" content=\"2 minutes\" \/>\n<script type=\"application\/ld+json\" class=\"yoast-schema-graph\">{\"@context\":\"https:\/\/schema.org\",\"@graph\":[{\"@type\":\"WebPage\",\"@id\":\"https:\/\/www.spraycolor.com\/spraygun\/fr\/\",\"url\":\"https:\/\/www.spraycolor.com\/spraygun\/fr\/\",\"name\":\"Spraycolor\u00ae pistolets-pulv\u00e9risateurs automatiques - Automatic Spraygun - spraycolor\",\"isPartOf\":{\"@id\":\"https:\/\/www.spraycolor.com\/spraygun\/#website\"},\"datePublished\":\"2014-04-30T15:47:48+00:00\",\"dateModified\":\"2020-11-26T16:06:23+00:00\",\"breadcrumb\":{\"@id\":\"https:\/\/www.spraycolor.com\/spraygun\/fr\/#breadcrumb\"},\"inLanguage\":\"fr-FR\",\"potentialAction\":[{\"@type\":\"ReadAction\",\"target\":[\"https:\/\/www.spraycolor.com\/spraygun\/fr\/\"]}]},{\"@type\":\"BreadcrumbList\",\"@id\":\"https:\/\/www.spraycolor.com\/spraygun\/fr\/#breadcrumb\",\"itemListElement\":[{\"@type\":\"ListItem\",\"position\":1,\"name\":\"Home\",\"item\":\"https:\/\/www.spraycolor.com\/spraygun\/fr\/\"},{\"@type\":\"ListItem\",\"position\":2,\"name\":\"Spraycolor\u00ae pistolets-pulv\u00e9risateurs automatiques\"}]},{\"@type\":\"WebSite\",\"@id\":\"https:\/\/www.spraycolor.com\/spraygun\/#website\",\"url\":\"https:\/\/www.spraycolor.com\/spraygun\/\",\"name\":\"Automatic Spraygun - spraycolor\",\"description\":\"Pistole per verniciatura industriale\",\"publisher\":{\"@id\":\"https:\/\/www.spraycolor.com\/spraygun\/#organization\"},\"potentialAction\":[{\"@type\":\"SearchAction\",\"target\":{\"@type\":\"EntryPoint\",\"urlTemplate\":\"https:\/\/www.spraycolor.com\/spraygun\/?s={search_term_string}\"},\"query-input\":{\"@type\":\"PropertyValueSpecification\",\"valueRequired\":true,\"valueName\":\"search_term_string\"}}],\"inLanguage\":\"fr-FR\"},{\"@type\":\"Organization\",\"@id\":\"https:\/\/www.spraycolor.com\/spraygun\/#organization\",\"name\":\"Spraycolor\",\"url\":\"https:\/\/www.spraycolor.com\/spraygun\/\",\"logo\":{\"@type\":\"ImageObject\",\"inLanguage\":\"fr-FR\",\"@id\":\"https:\/\/www.spraycolor.com\/spraygun\/#\/schema\/logo\/image\/\",\"url\":\"https:\/\/www.spraycolor.com\/spraygun\/wp-content\/uploads\/2020\/10\/Logo_bianco400.png\",\"contentUrl\":\"https:\/\/www.spraycolor.com\/spraygun\/wp-content\/uploads\/2020\/10\/Logo_bianco400.png\",\"width\":400,\"height\":67,\"caption\":\"Spraycolor\"},\"image\":{\"@id\":\"https:\/\/www.spraycolor.com\/spraygun\/#\/schema\/logo\/image\/\"},\"sameAs\":[\"https:\/\/www.linkedin.com\/company\/spraycolor\/\"]}]}<\/script>\n<!-- \/ Yoast SEO plugin. -->","yoast_head_json":{"title":"Spraycolor\u00ae pistolets-pulv\u00e9risateurs automatiques - Automatic Spraygun - spraycolor","robots":{"index":"index","follow":"follow","max-snippet":"max-snippet:-1","max-image-preview":"max-image-preview:large","max-video-preview":"max-video-preview:-1"},"canonical":"https:\/\/www.spraycolor.com\/spraygun\/fr\/","og_locale":"fr_FR","og_type":"article","og_title":"Spraycolor\u00ae pistolets-pulv\u00e9risateurs automatiques - Automatic Spraygun - spraycolor","og_description":"[vc_row css_animation=\u00a0\u00bb\u00a0\u00bb row_type=\u00a0\u00bbrow\u00a0\u00bb use_row_as_full_screen_section=\u00a0\u00bbno\u00a0\u00bb type=\u00a0\u00bbfull_width\u00a0\u00bb angled_section=\u00a0\u00bbno\u00a0\u00bb text_align=\u00a0\u00bbleft\u00a0\u00bb background_image_as_pattern=\u00a0\u00bbwithout_pattern\u00a0\u00bb z_index=\u00a0\u00bb\u00a0\u00bb padding_top=\u00a0\u00bb50&Prime; padding_bottom=\u00a0\u00bb50&Prime;][vc_column width=\u00a0\u00bb2\/3&Prime;][vc_column_text]Nous sommes sp\u00e9cialis\u00e9s dans le projet et la construction de pistolets-pulv\u00e9risateurs automatiques pour le vernissage dans les diff\u00e9rentes technologies y compris la basse pression ( HVLP ), SOFTPRESSURE\u00ae que nous avons brevet\u00e9. La gamme...","og_url":"https:\/\/www.spraycolor.com\/spraygun\/fr\/","og_site_name":"Automatic Spraygun - spraycolor","article_modified_time":"2020-11-26T16:06:23+00:00","twitter_card":"summary_large_image","twitter_misc":{"Dur\u00e9e de lecture estim\u00e9e":"2 minutes"},"schema":{"@context":"https:\/\/schema.org","@graph":[{"@type":"WebPage","@id":"https:\/\/www.spraycolor.com\/spraygun\/fr\/","url":"https:\/\/www.spraycolor.com\/spraygun\/fr\/","name":"Spraycolor\u00ae pistolets-pulv\u00e9risateurs automatiques - Automatic Spraygun - spraycolor","isPartOf":{"@id":"https:\/\/www.spraycolor.com\/spraygun\/#website"},"datePublished":"2014-04-30T15:47:48+00:00","dateModified":"2020-11-26T16:06:23+00:00","breadcrumb":{"@id":"https:\/\/www.spraycolor.com\/spraygun\/fr\/#breadcrumb"},"inLanguage":"fr-FR","potentialAction":[{"@type":"ReadAction","target":["https:\/\/www.spraycolor.com\/spraygun\/fr\/"]}]},{"@type":"BreadcrumbList","@id":"https:\/\/www.spraycolor.com\/spraygun\/fr\/#breadcrumb","itemListElement":[{"@type":"ListItem","position":1,"name":"Home","item":"https:\/\/www.spraycolor.com\/spraygun\/fr\/"},{"@type":"ListItem","position":2,"name":"Spraycolor\u00ae pistolets-pulv\u00e9risateurs automatiques"}]},{"@type":"WebSite","@id":"https:\/\/www.spraycolor.com\/spraygun\/#website","url":"https:\/\/www.spraycolor.com\/spraygun\/","name":"Automatic Spraygun - spraycolor","description":"Pistole per verniciatura industriale","publisher":{"@id":"https:\/\/www.spraycolor.com\/spraygun\/#organization"},"potentialAction":[{"@type":"SearchAction","target":{"@type":"EntryPoint","urlTemplate":"https:\/\/www.spraycolor.com\/spraygun\/?s={search_term_string}"},"query-input":{"@type":"PropertyValueSpecification","valueRequired":true,"valueName":"search_term_string"}}],"inLanguage":"fr-FR"},{"@type":"Organization","@id":"https:\/\/www.spraycolor.com\/spraygun\/#organization","name":"Spraycolor","url":"https:\/\/www.spraycolor.com\/spraygun\/","logo":{"@type":"ImageObject","inLanguage":"fr-FR","@id":"https:\/\/www.spraycolor.com\/spraygun\/#\/schema\/logo\/image\/","url":"https:\/\/www.spraycolor.com\/spraygun\/wp-content\/uploads\/2020\/10\/Logo_bianco400.png","contentUrl":"https:\/\/www.spraycolor.com\/spraygun\/wp-content\/uploads\/2020\/10\/Logo_bianco400.png","width":400,"height":67,"caption":"Spraycolor"},"image":{"@id":"https:\/\/www.spraycolor.com\/spraygun\/#\/schema\/logo\/image\/"},"sameAs":["https:\/\/www.linkedin.com\/company\/spraycolor\/"]}]}},"_links":{"self":[{"href":"https:\/\/www.spraycolor.com\/spraygun\/fr\/wp-json\/wp\/v2\/pages\/16460","targetHints":{"allow":["GET"]}}],"collection":[{"href":"https:\/\/www.spraycolor.com\/spraygun\/fr\/wp-json\/wp\/v2\/pages"}],"about":[{"href":"https:\/\/www.spraycolor.com\/spraygun\/fr\/wp-json\/wp\/v2\/types\/page"}],"author":[{"embeddable":true,"href":"https:\/\/www.spraycolor.com\/spraygun\/fr\/wp-json\/wp\/v2\/users\/1"}],"replies":[{"embeddable":true,"href":"https:\/\/www.spraycolor.com\/spraygun\/fr\/wp-json\/wp\/v2\/comments?post=16460"}],"version-history":[{"count":4,"href":"https:\/\/www.spraycolor.com\/spraygun\/fr\/wp-json\/wp\/v2\/pages\/16460\/revisions"}],"predecessor-version":[{"id":17147,"href":"https:\/\/www.spraycolor.com\/spraygun\/fr\/wp-json\/wp\/v2\/pages\/16460\/revisions\/17147"}],"wp:attachment":[{"href":"https:\/\/www.spraycolor.com\/spraygun\/fr\/wp-json\/wp\/v2\/media?parent=16460"}],"curies":[{"name":"wp","href":"https:\/\/api.w.org\/{rel}","templated":true}]}}