{"id":16953,"date":"2020-11-02T13:22:44","date_gmt":"2020-11-02T12:22:44","guid":{"rendered":"https:\/\/www.spraycolor.com\/spraygun\/testine-intercambiabili\/"},"modified":"2021-01-28T11:02:27","modified_gmt":"2021-01-28T10:02:27","slug":"cabezales-de-atomizacion-intercambiables","status":"publish","type":"page","link":"https:\/\/www.spraycolor.com\/spraygun\/es\/cabezales-de-atomizacion-intercambiables\/","title":{"rendered":"Cabezales de atomizaci\u00f3n intercambiables"},"content":{"rendered":"<div class=\"wpb-content-wrapper\"><p>[vc_row css_animation=\u00bb\u00bb row_type=\u00bbrow\u00bb use_row_as_full_screen_section=\u00bbno\u00bb type=\u00bbgrid\u00bb angled_section=\u00bbno\u00bb text_align=\u00bbleft\u00bb background_image_as_pattern=\u00bbwithout_pattern\u00bb z_index=\u00bb\u00bb padding_top=\u00bb50&#8243; padding_bottom=\u00bb50&#8243;][vc_column width=\u00bb1\/2&#8243;][vc_column_text]La amplia gama de cabezales de atomizaci\u00f3n intercambiables con todos los modelos de nuestra producci\u00f3n, excepto el MT, puede satisfacer cualquier pedido de elaboraci\u00f3n del cliente.<\/p>\n<p>Todos los cabezales de la marca\u00a0<em><strong>spraycolor\u00ae<\/strong><\/em>\u00a0tienen la ventaja de ser completamente elaborados como piezas \u00fanicas, realizados con una geometr\u00eda de los orificios de alta precisi\u00f3n, diferenci\u00e1ndose de los otros cabezales del mercado realizados con moldes, cuyas prestaciones resultan t\u00e9cnicamente inferiores.<br \/>\nTodos los componentes de nuestra producci\u00f3n como tambi\u00e9n los accesorios se realizan como piezas \u00fanicas, lo que los hace particulares y fiables en el tiempo, se distinguen por la nobleza de los materiales y la tecnolog\u00eda de los procesos de producci\u00f3n.[\/vc_column_text][vc_separator type=\u00bbtransparent\u00bb][\/vc_column][vc_column width=\u00bb1\/2&#8243;][vc_column_text css=\u00bb.vc_custom_1607703702286{margin-right: 5px !important;margin-left: 5px !important;padding-top: 20px !important;padding-right: 20px !important;padding-bottom: 20px !important;padding-left: 20px !important;background-color: #232323 !important;}\u00bb]<\/p>\n<h2 style=\"text-align: center;\">tipos<\/h2>\n<p>[\/vc_column_text]<div class=\"qode-accordion-holder clearfix qode-toggle qode-initial \">\n\t<h4 class=\"clearfix qode-title-holder\">\n<span class=\"qode-tab-title\">\n\t    <span class=\"qode-tab-title-inner\">\n        S    <\/span>\n<\/span>\n<span class=\"qode-accordion-mark\">\n    <span class=\"qode-accordion-mark-icon\">\n        <span class=\"icon_plus\"><\/span>\n        <span class=\"icon_minus-06\"><\/span>\n    <\/span>\n<\/span>\n<\/h4>\n<div  class=\"qode-accordion-content \" >\n    <div class=\"qode-accordion-content-inner\">\n        [vc_column_text]Modelos de pistolas compatibles : XSD, VS03, 3C<br \/>\nTipo de acabado : <span style=\"color: #99cc00;\"><strong>O O O O O<\/strong><\/span><br \/>\nEficiencia de transferencia. : <span style=\"color: #99cc00;\"><strong>O O O<\/strong><\/span><strong> O O<\/strong><br \/>\nForma del abanico : Plano[\/vc_column_text][vc_gallery type=\u00bbimage_grid\u00bb images=\u00bb16409,17512&#8243; img_size=\u00bbmedium\u00bb column_number=\u00bb2&#8243; grayscale=\u00bbno\u00bb images_space=\u00bbgallery_with_space\u00bb]    <\/div>\n<\/div><h4 class=\"clearfix qode-title-holder\">\n<span class=\"qode-tab-title\">\n\t    <span class=\"qode-tab-title-inner\">\n        F    <\/span>\n<\/span>\n<span class=\"qode-accordion-mark\">\n    <span class=\"qode-accordion-mark-icon\">\n        <span class=\"icon_plus\"><\/span>\n        <span class=\"icon_minus-06\"><\/span>\n    <\/span>\n<\/span>\n<\/h4>\n<div  class=\"qode-accordion-content \" >\n    <div class=\"qode-accordion-content-inner\">\n        [vc_column_text]- Modelos de pistolas compatibles : SC, XSD,3C<br \/>\n&#8211; Tipo de acabado : <span style=\"color: #99cc00;\"><strong>O O O O <\/strong><\/span><strong>O<\/strong><br \/>\n&#8211; Eficiencia de transferencia. : <span style=\"color: #99cc00;\"><strong>O O O<\/strong><\/span><strong> O O<\/strong><br \/>\n&#8211; Forma del abanico : Plano[\/vc_column_text][vc_gallery type=\u00bbimage_grid\u00bb images=\u00bb16410,17510&#8243; img_size=\u00bbmedium\u00bb column_number=\u00bb2&#8243; grayscale=\u00bbno\u00bb images_space=\u00bbgallery_with_space\u00bb]    <\/div>\n<\/div><h4 class=\"clearfix qode-title-holder\">\n<span class=\"qode-tab-title\">\n\t    <span class=\"qode-tab-title-inner\">\n        VX    <\/span>\n<\/span>\n<span class=\"qode-accordion-mark\">\n    <span class=\"qode-accordion-mark-icon\">\n        <span class=\"icon_plus\"><\/span>\n        <span class=\"icon_minus-06\"><\/span>\n    <\/span>\n<\/span>\n<\/h4>\n<div  class=\"qode-accordion-content \" >\n    <div class=\"qode-accordion-content-inner\">\n        [vc_column_text]Modelos de pistolas compatibles : VS03, XSD, 3C<br \/>\nTipo de acabado : <span style=\"color: #99cc00;\"><strong>O O O <\/strong><\/span><strong>O O<\/strong><br \/>\nEficiencia de transferencia. : <span style=\"color: #99cc00;\"><strong>O O O O <\/strong><\/span><strong>O<\/strong><br \/>\nForma del abanico : Plano[\/vc_column_text][vc_gallery type=\u00bbimage_grid\u00bb images=\u00bb16411,17513&#8243; img_size=\u00bbmedium\u00bb column_number=\u00bb2&#8243; grayscale=\u00bbno\u00bb images_space=\u00bbgallery_with_space\u00bb]    <\/div>\n<\/div><h4 class=\"clearfix qode-title-holder\">\n<span class=\"qode-tab-title\">\n\t    <span class=\"qode-tab-title-inner\">\n        J    <\/span>\n<\/span>\n<span class=\"qode-accordion-mark\">\n    <span class=\"qode-accordion-mark-icon\">\n        <span class=\"icon_plus\"><\/span>\n        <span class=\"icon_minus-06\"><\/span>\n    <\/span>\n<\/span>\n<\/h4>\n<div  class=\"qode-accordion-content \" >\n    <div class=\"qode-accordion-content-inner\">\n        [vc_column_text]Modelos de pistolas compatibles : MT<br \/>\nTipo de acabado : <span style=\"color: #99cc00;\"><strong>O O O O O<\/strong><\/span><br \/>\nEficiencia de transferencia. : <span style=\"color: #99cc00;\"><strong>O O O <\/strong><\/span><strong>O O<\/strong><br \/>\nForma del abanico : Plano[\/vc_column_text][vc_gallery type=\u00bbimage_grid\u00bb images=\u00bb16412,17511&#8243; img_size=\u00bbmedium\u00bb column_number=\u00bb2&#8243; grayscale=\u00bbno\u00bb images_space=\u00bbgallery_with_space\u00bb]    <\/div>\n<\/div><h4 class=\"clearfix qode-title-holder\">\n<span class=\"qode-tab-title\">\n\t    <span class=\"qode-tab-title-inner\">\n        ECOLOGY    <\/span>\n<\/span>\n<span class=\"qode-accordion-mark\">\n    <span class=\"qode-accordion-mark-icon\">\n        <span class=\"icon_plus\"><\/span>\n        <span class=\"icon_minus-06\"><\/span>\n    <\/span>\n<\/span>\n<\/h4>\n<div  class=\"qode-accordion-content \" >\n    <div class=\"qode-accordion-content-inner\">\n        [vc_column_text]Modelos de pistolas compatibles : VSE<br \/>\nTipo de acabado : <span style=\"color: #99cc00;\"><strong>O O O <\/strong><\/span><strong>O O<\/strong><br \/>\nEficiencia de transferencia. : <span style=\"color: #99cc00;\"><strong>O O O O O<\/strong><\/span><br \/>\nForma del abanico : Plano[\/vc_column_text][vc_gallery type=\u00bbimage_grid\u00bb images=\u00bb16413,17514&#8243; img_size=\u00bbmedium\u00bb column_number=\u00bb2&#8243; grayscale=\u00bbno\u00bb images_space=\u00bbgallery_with_space\u00bb]    <\/div>\n<\/div><h4 class=\"clearfix qode-title-holder\">\n<span class=\"qode-tab-title\">\n\t    <span class=\"qode-tab-title-inner\">\n        ECOLOGY M    <\/span>\n<\/span>\n<span class=\"qode-accordion-mark\">\n    <span class=\"qode-accordion-mark-icon\">\n        <span class=\"icon_plus\"><\/span>\n        <span class=\"icon_minus-06\"><\/span>\n    <\/span>\n<\/span>\n<\/h4>\n<div  class=\"qode-accordion-content \" >\n    <div class=\"qode-accordion-content-inner\">\n        [vc_column_text]Modelos de pistolas compatibles : VSE<br \/>\nTipo de acabado : <span style=\"color: #99cc00;\"><strong>O O O O <\/strong><\/span><strong>O<\/strong><br \/>\nEficiencia de transferencia. : <span style=\"color: #99cc00;\"><strong>O O O O O<\/strong><\/span><br \/>\nForma del abanico : Plano[\/vc_column_text][vc_gallery type=\u00bbimage_grid\u00bb images=\u00bb16414,17515&#8243; img_size=\u00bbmedium\u00bb column_number=\u00bb2&#8243; grayscale=\u00bbno\u00bb images_space=\u00bbgallery_with_space\u00bb]    <\/div>\n<\/div><h4 class=\"clearfix qode-title-holder\">\n<span class=\"qode-tab-title\">\n\t    <span class=\"qode-tab-title-inner\">\n        FF    <\/span>\n<\/span>\n<span class=\"qode-accordion-mark\">\n    <span class=\"qode-accordion-mark-icon\">\n        <span class=\"icon_plus\"><\/span>\n        <span class=\"icon_minus-06\"><\/span>\n    <\/span>\n<\/span>\n<\/h4>\n<div  class=\"qode-accordion-content \" >\n    <div class=\"qode-accordion-content-inner\">\n        [vc_column_text]Modelos de pistolas compatibles : VSE<br \/>\nTipo de acabado : <span style=\"color: #99cc00;\"><strong>O O O O O<\/strong><\/span><br \/>\nEficiencia de transferencia. : <span style=\"color: #99cc00;\"><strong>O O O O <\/strong><\/span><strong>O<\/strong><br \/>\nForma del abanico : Plano[\/vc_column_text][vc_gallery type=\u00bbimage_grid\u00bb images=\u00bb16415,17516&#8243; img_size=\u00bbmedium\u00bb column_number=\u00bb2&#8243; grayscale=\u00bbno\u00bb images_space=\u00bbgallery_with_space\u00bb]    <\/div>\n<\/div><h4 class=\"clearfix qode-title-holder\">\n<span class=\"qode-tab-title\">\n\t    <span class=\"qode-tab-title-inner\">\n        P - Di\u00e1metros &gt;1.5mm    <\/span>\n<\/span>\n<span class=\"qode-accordion-mark\">\n    <span class=\"qode-accordion-mark-icon\">\n        <span class=\"icon_plus\"><\/span>\n        <span class=\"icon_minus-06\"><\/span>\n    <\/span>\n<\/span>\n<\/h4>\n<div  class=\"qode-accordion-content \" >\n    <div class=\"qode-accordion-content-inner\">\n        [vc_column_text]Modelos de pistolas compatibles : SC, XSD, 3C, VS03<br \/>\nTipo de acabado : <span style=\"color: #99cc00;\"><strong>O O <\/strong><\/span><strong>O O O<\/strong><br \/>\nEficiencia de transferencia. : <span style=\"color: #99cc00;\"><strong>O O O O O<\/strong><\/span><br \/>\nForma del abanico : Plano[\/vc_column_text][vc_gallery type=\u00bbimage_grid\u00bb images=\u00bb16421,17517&#8243; img_size=\u00bbmedium\u00bb column_number=\u00bb2&#8243; grayscale=\u00bbno\u00bb images_space=\u00bbgallery_with_space\u00bb]    <\/div>\n<\/div><h4 class=\"clearfix qode-title-holder\">\n<span class=\"qode-tab-title\">\n\t    <span class=\"qode-tab-title-inner\">\n        A    <\/span>\n<\/span>\n<span class=\"qode-accordion-mark\">\n    <span class=\"qode-accordion-mark-icon\">\n        <span class=\"icon_plus\"><\/span>\n        <span class=\"icon_minus-06\"><\/span>\n    <\/span>\n<\/span>\n<\/h4>\n<div  class=\"qode-accordion-content \" >\n    <div class=\"qode-accordion-content-inner\">\n        [vc_column_text]Modelos de pistolas compatibles : SC,XSD,3C<br \/>\nTipo de acabado :<span style=\"color: #99cc00;\"><strong>O O O <\/strong><\/span><strong>O O<\/strong><br \/>\nEficiencia de transferencia. :<span style=\"color: #99cc00;\"><strong>O O O O <\/strong><\/span><strong>O<\/strong><br \/>\nForma del abanico : Plano[\/vc_column_text][vc_single_image image=\u00bb16954&#8243; img_size=\u00bbmedium\u00bb qode_css_animation=\u00bb\u00bb]    <\/div>\n<\/div><h4 class=\"clearfix qode-title-holder\">\n<span class=\"qode-tab-title\">\n\t    <span class=\"qode-tab-title-inner\">\n        GC    <\/span>\n<\/span>\n<span class=\"qode-accordion-mark\">\n    <span class=\"qode-accordion-mark-icon\">\n        <span class=\"icon_plus\"><\/span>\n        <span class=\"icon_minus-06\"><\/span>\n    <\/span>\n<\/span>\n<\/h4>\n<div  class=\"qode-accordion-content \" >\n    <div class=\"qode-accordion-content-inner\">\n        [vc_column_text]Modelos de pistolas compatibles : SC, XSD, 3C, VS03<br \/>\nTipo de acabado : <span style=\"color: #99cc00;\"><strong>O O <\/strong><\/span><strong>O O O<\/strong><br \/>\nEficiencia de transferencia. : <span style=\"color: #99cc00;\"><strong>O O O O O<\/strong><\/span><br \/>\nForma del abanico : Redondo[\/vc_column_text][vc_single_image image=\u00bb16416&#8243; img_size=\u00bbmedium\u00bb qode_css_animation=\u00bb\u00bb]    <\/div>\n<\/div><\/div>[\/vc_column][\/vc_row][vc_row css_animation=\u00bb\u00bb row_type=\u00bbrow\u00bb use_row_as_full_screen_section=\u00bbno\u00bb type=\u00bbfull_width\u00bb angled_section=\u00bbno\u00bb text_align=\u00bbleft\u00bb background_image_as_pattern=\u00bbwithout_pattern\u00bb][vc_column][vc_empty_space][\/vc_column][\/vc_row]<\/p>\n<\/div>","protected":false},"excerpt":{"rendered":"<p>[vc_row css_animation=\u00bb\u00bb row_type=\u00bbrow\u00bb use_row_as_full_screen_section=\u00bbno\u00bb type=\u00bbgrid\u00bb angled_section=\u00bbno\u00bb text_align=\u00bbleft\u00bb background_image_as_pattern=\u00bbwithout_pattern\u00bb z_index=\u00bb\u00bb padding_top=\u00bb50&#8243; padding_bottom=\u00bb50&#8243;][vc_column width=\u00bb1\/2&#8243;][vc_column_text]La amplia gama de cabezales de atomizaci\u00f3n intercambiables con todos los modelos de nuestra producci\u00f3n, excepto el MT, puede satisfacer cualquier pedido de elaboraci\u00f3n del cliente. Todos los cabezales de la marca\u00a0spraycolor\u00ae\u00a0tienen la ventaja&#8230;<\/p>\n","protected":false},"author":1,"featured_media":16955,"parent":0,"menu_order":213,"comment_status":"closed","ping_status":"closed","template":"","meta":{"footnotes":""},"class_list":["post-16953","page","type-page","status-publish","has-post-thumbnail","hentry"],"yoast_head":"<!-- This site is optimized with the Yoast SEO plugin v26.5 - https:\/\/yoast.com\/wordpress\/plugins\/seo\/ -->\n<title>Cabezales de atomizaci\u00f3n intercambiables - Automatic Spraygun - spraycolor<\/title>\n<meta name=\"robots\" content=\"index, follow, max-snippet:-1, max-image-preview:large, max-video-preview:-1\" \/>\n<link rel=\"canonical\" href=\"https:\/\/www.spraycolor.com\/spraygun\/es\/cabezales-de-atomizacion-intercambiables\/\" \/>\n<meta property=\"og:locale\" content=\"es_ES\" \/>\n<meta property=\"og:type\" content=\"article\" \/>\n<meta property=\"og:title\" content=\"Cabezales de atomizaci\u00f3n intercambiables - Automatic Spraygun - spraycolor\" \/>\n<meta property=\"og:description\" content=\"[vc_row css_animation=\u00bb\u00bb row_type=\u00bbrow\u00bb use_row_as_full_screen_section=\u00bbno\u00bb type=\u00bbgrid\u00bb angled_section=\u00bbno\u00bb text_align=\u00bbleft\u00bb background_image_as_pattern=\u00bbwithout_pattern\u00bb z_index=\u00bb\u00bb padding_top=\u00bb50&#8243; padding_bottom=\u00bb50&#8243;][vc_column width=\u00bb1\/2&#8243;][vc_column_text]La amplia gama de cabezales de atomizaci\u00f3n intercambiables con todos los modelos de nuestra producci\u00f3n, excepto el MT, puede satisfacer cualquier pedido de elaboraci\u00f3n del cliente. Todos los cabezales de la marca\u00a0spraycolor\u00ae\u00a0tienen la ventaja...\" \/>\n<meta property=\"og:url\" content=\"https:\/\/www.spraycolor.com\/spraygun\/es\/cabezales-de-atomizacion-intercambiables\/\" \/>\n<meta property=\"og:site_name\" content=\"Automatic Spraygun - spraycolor\" \/>\n<meta property=\"article:modified_time\" content=\"2021-01-28T10:02:27+00:00\" \/>\n<meta property=\"og:image\" content=\"https:\/\/www.spraycolor.com\/spraygun\/wp-content\/uploads\/testine-ok-2000.jpg\" \/>\n\t<meta property=\"og:image:width\" content=\"2100\" \/>\n\t<meta property=\"og:image:height\" content=\"1402\" \/>\n\t<meta property=\"og:image:type\" content=\"image\/jpeg\" \/>\n<meta name=\"twitter:card\" content=\"summary_large_image\" \/>\n<meta name=\"twitter:label1\" content=\"Tiempo de lectura\" \/>\n\t<meta name=\"twitter:data1\" content=\"3 minutos\" \/>\n<script type=\"application\/ld+json\" class=\"yoast-schema-graph\">{\"@context\":\"https:\/\/schema.org\",\"@graph\":[{\"@type\":\"WebPage\",\"@id\":\"https:\/\/www.spraycolor.com\/spraygun\/es\/cabezales-de-atomizacion-intercambiables\/\",\"url\":\"https:\/\/www.spraycolor.com\/spraygun\/es\/cabezales-de-atomizacion-intercambiables\/\",\"name\":\"Cabezales de atomizaci\u00f3n intercambiables - Automatic Spraygun - spraycolor\",\"isPartOf\":{\"@id\":\"https:\/\/www.spraycolor.com\/spraygun\/#website\"},\"primaryImageOfPage\":{\"@id\":\"https:\/\/www.spraycolor.com\/spraygun\/es\/cabezales-de-atomizacion-intercambiables\/#primaryimage\"},\"image\":{\"@id\":\"https:\/\/www.spraycolor.com\/spraygun\/es\/cabezales-de-atomizacion-intercambiables\/#primaryimage\"},\"thumbnailUrl\":\"https:\/\/www.spraycolor.com\/spraygun\/wp-content\/uploads\/testine-ok-2000.jpg\",\"datePublished\":\"2020-11-02T12:22:44+00:00\",\"dateModified\":\"2021-01-28T10:02:27+00:00\",\"breadcrumb\":{\"@id\":\"https:\/\/www.spraycolor.com\/spraygun\/es\/cabezales-de-atomizacion-intercambiables\/#breadcrumb\"},\"inLanguage\":\"es\",\"potentialAction\":[{\"@type\":\"ReadAction\",\"target\":[\"https:\/\/www.spraycolor.com\/spraygun\/es\/cabezales-de-atomizacion-intercambiables\/\"]}]},{\"@type\":\"ImageObject\",\"inLanguage\":\"es\",\"@id\":\"https:\/\/www.spraycolor.com\/spraygun\/es\/cabezales-de-atomizacion-intercambiables\/#primaryimage\",\"url\":\"https:\/\/www.spraycolor.com\/spraygun\/wp-content\/uploads\/testine-ok-2000.jpg\",\"contentUrl\":\"https:\/\/www.spraycolor.com\/spraygun\/wp-content\/uploads\/testine-ok-2000.jpg\",\"width\":2100,\"height\":1402},{\"@type\":\"BreadcrumbList\",\"@id\":\"https:\/\/www.spraycolor.com\/spraygun\/es\/cabezales-de-atomizacion-intercambiables\/#breadcrumb\",\"itemListElement\":[{\"@type\":\"ListItem\",\"position\":1,\"name\":\"Home\",\"item\":\"https:\/\/www.spraycolor.com\/spraygun\/es\/\"},{\"@type\":\"ListItem\",\"position\":2,\"name\":\"Cabezales de atomizaci\u00f3n intercambiables\"}]},{\"@type\":\"WebSite\",\"@id\":\"https:\/\/www.spraycolor.com\/spraygun\/#website\",\"url\":\"https:\/\/www.spraycolor.com\/spraygun\/\",\"name\":\"Automatic Spraygun - spraycolor\",\"description\":\"Pistole per verniciatura industriale\",\"publisher\":{\"@id\":\"https:\/\/www.spraycolor.com\/spraygun\/#organization\"},\"potentialAction\":[{\"@type\":\"SearchAction\",\"target\":{\"@type\":\"EntryPoint\",\"urlTemplate\":\"https:\/\/www.spraycolor.com\/spraygun\/?s={search_term_string}\"},\"query-input\":{\"@type\":\"PropertyValueSpecification\",\"valueRequired\":true,\"valueName\":\"search_term_string\"}}],\"inLanguage\":\"es\"},{\"@type\":\"Organization\",\"@id\":\"https:\/\/www.spraycolor.com\/spraygun\/#organization\",\"name\":\"Spraycolor\",\"url\":\"https:\/\/www.spraycolor.com\/spraygun\/\",\"logo\":{\"@type\":\"ImageObject\",\"inLanguage\":\"es\",\"@id\":\"https:\/\/www.spraycolor.com\/spraygun\/#\/schema\/logo\/image\/\",\"url\":\"https:\/\/www.spraycolor.com\/spraygun\/wp-content\/uploads\/2020\/10\/Logo_bianco400.png\",\"contentUrl\":\"https:\/\/www.spraycolor.com\/spraygun\/wp-content\/uploads\/2020\/10\/Logo_bianco400.png\",\"width\":400,\"height\":67,\"caption\":\"Spraycolor\"},\"image\":{\"@id\":\"https:\/\/www.spraycolor.com\/spraygun\/#\/schema\/logo\/image\/\"},\"sameAs\":[\"https:\/\/www.linkedin.com\/company\/spraycolor\/\"]}]}<\/script>\n<!-- \/ Yoast SEO plugin. -->","yoast_head_json":{"title":"Cabezales de atomizaci\u00f3n intercambiables - Automatic Spraygun - spraycolor","robots":{"index":"index","follow":"follow","max-snippet":"max-snippet:-1","max-image-preview":"max-image-preview:large","max-video-preview":"max-video-preview:-1"},"canonical":"https:\/\/www.spraycolor.com\/spraygun\/es\/cabezales-de-atomizacion-intercambiables\/","og_locale":"es_ES","og_type":"article","og_title":"Cabezales de atomizaci\u00f3n intercambiables - Automatic Spraygun - spraycolor","og_description":"[vc_row css_animation=\u00bb\u00bb row_type=\u00bbrow\u00bb use_row_as_full_screen_section=\u00bbno\u00bb type=\u00bbgrid\u00bb angled_section=\u00bbno\u00bb text_align=\u00bbleft\u00bb background_image_as_pattern=\u00bbwithout_pattern\u00bb z_index=\u00bb\u00bb padding_top=\u00bb50&#8243; padding_bottom=\u00bb50&#8243;][vc_column width=\u00bb1\/2&#8243;][vc_column_text]La amplia gama de cabezales de atomizaci\u00f3n intercambiables con todos los modelos de nuestra producci\u00f3n, excepto el MT, puede satisfacer cualquier pedido de elaboraci\u00f3n del cliente. Todos los cabezales de la marca\u00a0spraycolor\u00ae\u00a0tienen la ventaja...","og_url":"https:\/\/www.spraycolor.com\/spraygun\/es\/cabezales-de-atomizacion-intercambiables\/","og_site_name":"Automatic Spraygun - spraycolor","article_modified_time":"2021-01-28T10:02:27+00:00","og_image":[{"width":2100,"height":1402,"url":"https:\/\/www.spraycolor.com\/spraygun\/wp-content\/uploads\/testine-ok-2000.jpg","type":"image\/jpeg"}],"twitter_card":"summary_large_image","twitter_misc":{"Tiempo de lectura":"3 minutos"},"schema":{"@context":"https:\/\/schema.org","@graph":[{"@type":"WebPage","@id":"https:\/\/www.spraycolor.com\/spraygun\/es\/cabezales-de-atomizacion-intercambiables\/","url":"https:\/\/www.spraycolor.com\/spraygun\/es\/cabezales-de-atomizacion-intercambiables\/","name":"Cabezales de atomizaci\u00f3n intercambiables - Automatic Spraygun - spraycolor","isPartOf":{"@id":"https:\/\/www.spraycolor.com\/spraygun\/#website"},"primaryImageOfPage":{"@id":"https:\/\/www.spraycolor.com\/spraygun\/es\/cabezales-de-atomizacion-intercambiables\/#primaryimage"},"image":{"@id":"https:\/\/www.spraycolor.com\/spraygun\/es\/cabezales-de-atomizacion-intercambiables\/#primaryimage"},"thumbnailUrl":"https:\/\/www.spraycolor.com\/spraygun\/wp-content\/uploads\/testine-ok-2000.jpg","datePublished":"2020-11-02T12:22:44+00:00","dateModified":"2021-01-28T10:02:27+00:00","breadcrumb":{"@id":"https:\/\/www.spraycolor.com\/spraygun\/es\/cabezales-de-atomizacion-intercambiables\/#breadcrumb"},"inLanguage":"es","potentialAction":[{"@type":"ReadAction","target":["https:\/\/www.spraycolor.com\/spraygun\/es\/cabezales-de-atomizacion-intercambiables\/"]}]},{"@type":"ImageObject","inLanguage":"es","@id":"https:\/\/www.spraycolor.com\/spraygun\/es\/cabezales-de-atomizacion-intercambiables\/#primaryimage","url":"https:\/\/www.spraycolor.com\/spraygun\/wp-content\/uploads\/testine-ok-2000.jpg","contentUrl":"https:\/\/www.spraycolor.com\/spraygun\/wp-content\/uploads\/testine-ok-2000.jpg","width":2100,"height":1402},{"@type":"BreadcrumbList","@id":"https:\/\/www.spraycolor.com\/spraygun\/es\/cabezales-de-atomizacion-intercambiables\/#breadcrumb","itemListElement":[{"@type":"ListItem","position":1,"name":"Home","item":"https:\/\/www.spraycolor.com\/spraygun\/es\/"},{"@type":"ListItem","position":2,"name":"Cabezales de atomizaci\u00f3n intercambiables"}]},{"@type":"WebSite","@id":"https:\/\/www.spraycolor.com\/spraygun\/#website","url":"https:\/\/www.spraycolor.com\/spraygun\/","name":"Automatic Spraygun - spraycolor","description":"Pistole per verniciatura industriale","publisher":{"@id":"https:\/\/www.spraycolor.com\/spraygun\/#organization"},"potentialAction":[{"@type":"SearchAction","target":{"@type":"EntryPoint","urlTemplate":"https:\/\/www.spraycolor.com\/spraygun\/?s={search_term_string}"},"query-input":{"@type":"PropertyValueSpecification","valueRequired":true,"valueName":"search_term_string"}}],"inLanguage":"es"},{"@type":"Organization","@id":"https:\/\/www.spraycolor.com\/spraygun\/#organization","name":"Spraycolor","url":"https:\/\/www.spraycolor.com\/spraygun\/","logo":{"@type":"ImageObject","inLanguage":"es","@id":"https:\/\/www.spraycolor.com\/spraygun\/#\/schema\/logo\/image\/","url":"https:\/\/www.spraycolor.com\/spraygun\/wp-content\/uploads\/2020\/10\/Logo_bianco400.png","contentUrl":"https:\/\/www.spraycolor.com\/spraygun\/wp-content\/uploads\/2020\/10\/Logo_bianco400.png","width":400,"height":67,"caption":"Spraycolor"},"image":{"@id":"https:\/\/www.spraycolor.com\/spraygun\/#\/schema\/logo\/image\/"},"sameAs":["https:\/\/www.linkedin.com\/company\/spraycolor\/"]}]}},"_links":{"self":[{"href":"https:\/\/www.spraycolor.com\/spraygun\/es\/wp-json\/wp\/v2\/pages\/16953","targetHints":{"allow":["GET"]}}],"collection":[{"href":"https:\/\/www.spraycolor.com\/spraygun\/es\/wp-json\/wp\/v2\/pages"}],"about":[{"href":"https:\/\/www.spraycolor.com\/spraygun\/es\/wp-json\/wp\/v2\/types\/page"}],"author":[{"embeddable":true,"href":"https:\/\/www.spraycolor.com\/spraygun\/es\/wp-json\/wp\/v2\/users\/1"}],"replies":[{"embeddable":true,"href":"https:\/\/www.spraycolor.com\/spraygun\/es\/wp-json\/wp\/v2\/comments?post=16953"}],"version-history":[{"count":5,"href":"https:\/\/www.spraycolor.com\/spraygun\/es\/wp-json\/wp\/v2\/pages\/16953\/revisions"}],"predecessor-version":[{"id":17524,"href":"https:\/\/www.spraycolor.com\/spraygun\/es\/wp-json\/wp\/v2\/pages\/16953\/revisions\/17524"}],"wp:featuredmedia":[{"embeddable":true,"href":"https:\/\/www.spraycolor.com\/spraygun\/es\/wp-json\/wp\/v2\/media\/16955"}],"wp:attachment":[{"href":"https:\/\/www.spraycolor.com\/spraygun\/es\/wp-json\/wp\/v2\/media?parent=16953"}],"curies":[{"name":"wp","href":"https:\/\/api.w.org\/{rel}","templated":true}]}}