{"id":16781,"date":"2020-11-02T11:47:06","date_gmt":"2020-11-02T10:47:06","guid":{"rendered":"https:\/\/www.spraycolor.com\/spraygun\/hvlp-vs03\/"},"modified":"2023-05-11T21:43:17","modified_gmt":"2023-05-11T19:43:17","slug":"hvlp-vs03","status":"publish","type":"page","link":"https:\/\/www.spraycolor.com\/spraygun\/es\/hvlp-vs03\/","title":{"rendered":"VS03 HVLP spray gun"},"content":{"rendered":"<div class=\"wpb-content-wrapper\"><p>[vc_row css_animation=\u00bb\u00bb row_type=\u00bbrow\u00bb use_row_as_full_screen_section=\u00bbno\u00bb type=\u00bbgrid\u00bb angled_section=\u00bbno\u00bb text_align=\u00bbleft\u00bb background_image_as_pattern=\u00bbwithout_pattern\u00bb z_index=\u00bb\u00bb padding_top=\u00bb50&#8243; padding_bottom=\u00bb50&#8243;][vc_column width=\u00bb2\/3&#8243;][vc_column_text]Este nuevo tipo de pistola para pintar nace para satisfacer las exigencias de alta productividad del cliente sin tener que renunciar al m\u00e1ximo de las prestaciones en la fase de acabado.<\/p>\n<p>De hecho, en el pasado reciente, los viejos sistemas HVLP nunca han podido brindar las mismas prestaciones de acabado con respecto a los modelos que usaban presiones est\u00e1ndar.<\/p>\n<p>Ahora, con VS03 todo es posible, la misma combina una pulverizaci\u00f3n de baja presi\u00f3n de tipo EXTRA LARGE con un dise\u00f1o y una compactibilidad incomparables, facilitando la instalaci\u00f3n del producto en cualquier sistema sin tener que efectuar ninguna modificaci\u00f3n.<\/p>\n<p>La certificaci\u00f3n DIN EN-UNI 13966 confirma que VS03 permite MAXIMIZAR la TRANSFERENCIA del producto qu\u00edmico sin generar el m\u00ednimo desperdicio en el ambiente logrando un grado de acabado nunca visto en el pasado.<\/p>\n<p><strong>VS03 es simplemente otro gran paso adelante hacia el futuro de la pintura moderna.<\/strong><\/p>\n<p>Di\u00e1metros disponibles: \u00d8 0.8 \u2013 1.0 \u2013 1.2 \u2013 1.5 (otros di\u00e1metros a pedido)<br \/>\nCabezales disponibles: V \u2013 VX \u2013 S[\/vc_column_text][vc_separator type=\u00bbnormal\u00bb][vc_single_image image=\u00bb16882&#8243; img_size=\u00bbfull\u00bb qode_css_animation=\u00bb\u00bb][\/vc_column][vc_column width=\u00bb1\/3&#8243;][vc_column_text]<\/p>\n<h3 class=\"headInModule\">5 caracter\u00edsticas importantes<\/h3>\n<div class=\"module_content\">1- certificada norma UNI<br \/>\n2- abanico pulverizaci\u00f3n dimensiones XL<br \/>\n3- dise\u00f1o compacto<br \/>\n4- alt\u00edsima transferencia del producto qu\u00edmico<br \/>\n5- mejor acabado posible para una HVLP<\/div>\n<p>[\/vc_column_text][\/vc_column][\/vc_row][vc_row css_animation=\u00bb\u00bb row_type=\u00bbrow\u00bb use_row_as_full_screen_section=\u00bbno\u00bb type=\u00bbfull_width\u00bb angled_section=\u00bbno\u00bb text_align=\u00bbleft\u00bb background_image_as_pattern=\u00bbwithout_pattern\u00bb][vc_column][vc_gallery type=\u00bbimage_grid\u00bb images=\u00bb16782,18269,16802,16801&#8243; img_size=\u00bb700&#215;500&#8243; onclick=\u00bb\u00bb css_animation=\u00bbfadeIn\u00bb column_number=\u00bb4&#8243; grayscale=\u00bbno\u00bb images_space=\u00bbgallery_without_space\u00bb][\/vc_column][\/vc_row][vc_row css_animation=\u00bb\u00bb row_type=\u00bbrow\u00bb use_row_as_full_screen_section=\u00bbno\u00bb type=\u00bbgrid\u00bb angled_section=\u00bbno\u00bb text_align=\u00bbleft\u00bb background_image_as_pattern=\u00bbwithout_pattern\u00bb z_index=\u00bb\u00bb padding_top=\u00bb50&#8243; padding_bottom=\u00bb50&#8243;][vc_column width=\u00bb1\/3&#8243;][vc_column_text el_class=\u00bbcaratteristiche\u00bb]<\/p>\n<h2 class=\"headInModule\">Caracter\u00edsticas T\u00e9cnicas<\/h2>\n<ul class=\"list_type1\">\n<li>presi\u00f3n aire mando: CYL 3.5 bar m\u00e1x. 4.0 bar<\/li>\n<li>presi\u00f3n entrada pintura: 1 bar<\/li>\n<li>Presi\u00f3n atomizaci\u00f3n: ATO 1,8 &#8211; 2.4 bar<\/li>\n<li>Peso: 780 g<\/li>\n<li>Consumo: 220 l\/min<\/li>\n<li>Ideal para productos con densidad: baja, media, alta<\/li>\n<li>conexiones para aire y pintura: G \u00bc\u201d<\/li>\n<li>fijaci\u00f3n a la m\u00e1quina: 3 orificios \u00d8 10<\/li>\n<\/ul>\n<p>[\/vc_column_text][vc_separator type=\u00bbtransparent\u00bb][\/vc_column][vc_column width=\u00bb1\/3&#8243;][vc_column_text el_class=\u00bbconfezione\u00bb]<\/p>\n<div class=\"span1-3 module_cont module_nor.mal_padding module_custom_list\">\n<h2 class=\"headInModule\">El embalaje contiene<\/h2>\n<ul class=\"\">\n<li>Soporte fijaci\u00f3n m\u00e1quina<\/li>\n<li>ficha de prueba con el n\u00famero de serie (necesaria para el soporte t\u00e9cnico)<\/li>\n<li>manual de uso y mantenimiento<\/li>\n<\/ul>\n<\/div>\n<p>[\/vc_column_text][vc_separator type=\u00bbtransparent\u00bb up=\u00bb5&#8243; down=\u00bb5&#8243;][\/vc_column][vc_column width=\u00bb1\/3&#8243;]<a  itemprop=\"url\" href=\"https:\/\/www.spraycolor.com\/spraygun\/wp-content\/uploads\/VS03-eng.pdf\" target=\"_blank\"  class=\"qbutton  big_large_full_width default\" style=\"\">Ficha t\u00e9cnica<\/a>[vc_separator type=\u00bbtransparent\u00bb up=\u00bb5&#8243; down=\u00bb5&#8243;]<a  itemprop=\"url\" href=\"https:\/\/www.spraycolor.com\/spraygun\/wp-content\/uploads\/Manuale-uso_VS03.pdf\" target=\"_blank\"  class=\"qbutton  big_large_full_width default\" style=\"\">manual de instrucciones<\/a>[vc_separator type=\u00bbtransparent\u00bb up=\u00bb5&#8243; down=\u00bb5&#8243;]<a  itemprop=\"url\" href=\"https:\/\/www.spraycolor.com\/spraygun\/wp-content\/uploads\/7-certificate-small-VS03-20-bar.pdf\" target=\"_blank\"  class=\"qbutton  big_large_full_width default\" style=\"\">certificaci\u00f3n<\/a>[\/vc_column][\/vc_row][vc_row css_animation=\u00bb\u00bb row_type=\u00bbrow\u00bb use_row_as_full_screen_section=\u00bbno\u00bb type=\u00bbgrid\u00bb angled_section=\u00bbno\u00bb text_align=\u00bbleft\u00bb background_image_as_pattern=\u00bbwithout_pattern\u00bb z_index=\u00bb\u00bb][vc_column][vc_video link=\u00bbhttps:\/\/vimeo.com\/213369576&#8243;][\/vc_column][\/vc_row][vc_row css_animation=\u00bb\u00bb row_type=\u00bbrow\u00bb use_row_as_full_screen_section=\u00bbno\u00bb type=\u00bbfull_width\u00bb angled_section=\u00bbno\u00bb text_align=\u00bbleft\u00bb background_image_as_pattern=\u00bbwithout_pattern\u00bb][vc_column][vc_empty_space][\/vc_column][\/vc_row]<\/p>\n<\/div>","protected":false},"excerpt":{"rendered":"<p>[vc_row css_animation=\u00bb\u00bb row_type=\u00bbrow\u00bb use_row_as_full_screen_section=\u00bbno\u00bb type=\u00bbgrid\u00bb angled_section=\u00bbno\u00bb text_align=\u00bbleft\u00bb background_image_as_pattern=\u00bbwithout_pattern\u00bb z_index=\u00bb\u00bb padding_top=\u00bb50&#8243; padding_bottom=\u00bb50&#8243;][vc_column width=\u00bb2\/3&#8243;][vc_column_text]Este nuevo tipo de pistola para pintar nace para satisfacer las exigencias de alta productividad del cliente sin tener que renunciar al m\u00e1ximo de las prestaciones en la fase de acabado. De hecho, en&#8230;<\/p>\n","protected":false},"author":1,"featured_media":16782,"parent":0,"menu_order":224,"comment_status":"closed","ping_status":"closed","template":"full_width.php","meta":{"footnotes":""},"class_list":["post-16781","page","type-page","status-publish","has-post-thumbnail","hentry"],"yoast_head":"<!-- This site is optimized with the Yoast SEO plugin v26.5 - https:\/\/yoast.com\/wordpress\/plugins\/seo\/ -->\n<title>VS03 HVLP spray gun - Automatic Spraygun - spraycolor<\/title>\n<meta name=\"robots\" content=\"index, follow, max-snippet:-1, max-image-preview:large, max-video-preview:-1\" \/>\n<link rel=\"canonical\" href=\"https:\/\/www.spraycolor.com\/spraygun\/es\/hvlp-vs03\/\" \/>\n<meta property=\"og:locale\" content=\"es_ES\" \/>\n<meta property=\"og:type\" content=\"article\" \/>\n<meta property=\"og:title\" content=\"VS03 HVLP spray gun - Automatic Spraygun - spraycolor\" \/>\n<meta property=\"og:description\" content=\"[vc_row css_animation=\u00bb\u00bb row_type=\u00bbrow\u00bb use_row_as_full_screen_section=\u00bbno\u00bb type=\u00bbgrid\u00bb angled_section=\u00bbno\u00bb text_align=\u00bbleft\u00bb background_image_as_pattern=\u00bbwithout_pattern\u00bb z_index=\u00bb\u00bb padding_top=\u00bb50&#8243; padding_bottom=\u00bb50&#8243;][vc_column width=\u00bb2\/3&#8243;][vc_column_text]Este nuevo tipo de pistola para pintar nace para satisfacer las exigencias de alta productividad del cliente sin tener que renunciar al m\u00e1ximo de las prestaciones en la fase de acabado. De hecho, en...\" \/>\n<meta property=\"og:url\" content=\"https:\/\/www.spraycolor.com\/spraygun\/es\/hvlp-vs03\/\" \/>\n<meta property=\"og:site_name\" content=\"Automatic Spraygun - spraycolor\" \/>\n<meta property=\"article:modified_time\" content=\"2023-05-11T19:43:17+00:00\" \/>\n<meta property=\"og:image\" content=\"https:\/\/www.spraycolor.com\/spraygun\/wp-content\/uploads\/2020\/11\/flyer-VS03.jpg\" \/>\n\t<meta property=\"og:image:width\" content=\"2048\" \/>\n\t<meta property=\"og:image:height\" content=\"1366\" \/>\n\t<meta property=\"og:image:type\" content=\"image\/jpeg\" \/>\n<meta name=\"twitter:card\" content=\"summary_large_image\" \/>\n<meta name=\"twitter:label1\" content=\"Tiempo de lectura\" \/>\n\t<meta name=\"twitter:data1\" content=\"2 minutos\" \/>\n<script type=\"application\/ld+json\" class=\"yoast-schema-graph\">{\"@context\":\"https:\/\/schema.org\",\"@graph\":[{\"@type\":\"WebPage\",\"@id\":\"https:\/\/www.spraycolor.com\/spraygun\/es\/hvlp-vs03\/\",\"url\":\"https:\/\/www.spraycolor.com\/spraygun\/es\/hvlp-vs03\/\",\"name\":\"VS03 HVLP spray gun - Automatic Spraygun - spraycolor\",\"isPartOf\":{\"@id\":\"https:\/\/www.spraycolor.com\/spraygun\/#website\"},\"primaryImageOfPage\":{\"@id\":\"https:\/\/www.spraycolor.com\/spraygun\/es\/hvlp-vs03\/#primaryimage\"},\"image\":{\"@id\":\"https:\/\/www.spraycolor.com\/spraygun\/es\/hvlp-vs03\/#primaryimage\"},\"thumbnailUrl\":\"https:\/\/www.spraycolor.com\/spraygun\/wp-content\/uploads\/2020\/11\/flyer-VS03.jpg\",\"datePublished\":\"2020-11-02T10:47:06+00:00\",\"dateModified\":\"2023-05-11T19:43:17+00:00\",\"breadcrumb\":{\"@id\":\"https:\/\/www.spraycolor.com\/spraygun\/es\/hvlp-vs03\/#breadcrumb\"},\"inLanguage\":\"es\",\"potentialAction\":[{\"@type\":\"ReadAction\",\"target\":[\"https:\/\/www.spraycolor.com\/spraygun\/es\/hvlp-vs03\/\"]}]},{\"@type\":\"ImageObject\",\"inLanguage\":\"es\",\"@id\":\"https:\/\/www.spraycolor.com\/spraygun\/es\/hvlp-vs03\/#primaryimage\",\"url\":\"https:\/\/www.spraycolor.com\/spraygun\/wp-content\/uploads\/2020\/11\/flyer-VS03.jpg\",\"contentUrl\":\"https:\/\/www.spraycolor.com\/spraygun\/wp-content\/uploads\/2020\/11\/flyer-VS03.jpg\",\"width\":2048,\"height\":1366},{\"@type\":\"BreadcrumbList\",\"@id\":\"https:\/\/www.spraycolor.com\/spraygun\/es\/hvlp-vs03\/#breadcrumb\",\"itemListElement\":[{\"@type\":\"ListItem\",\"position\":1,\"name\":\"Home\",\"item\":\"https:\/\/www.spraycolor.com\/spraygun\/es\/\"},{\"@type\":\"ListItem\",\"position\":2,\"name\":\"VS03 HVLP spray gun\"}]},{\"@type\":\"WebSite\",\"@id\":\"https:\/\/www.spraycolor.com\/spraygun\/#website\",\"url\":\"https:\/\/www.spraycolor.com\/spraygun\/\",\"name\":\"Automatic Spraygun - spraycolor\",\"description\":\"Pistole per verniciatura industriale\",\"publisher\":{\"@id\":\"https:\/\/www.spraycolor.com\/spraygun\/#organization\"},\"potentialAction\":[{\"@type\":\"SearchAction\",\"target\":{\"@type\":\"EntryPoint\",\"urlTemplate\":\"https:\/\/www.spraycolor.com\/spraygun\/?s={search_term_string}\"},\"query-input\":{\"@type\":\"PropertyValueSpecification\",\"valueRequired\":true,\"valueName\":\"search_term_string\"}}],\"inLanguage\":\"es\"},{\"@type\":\"Organization\",\"@id\":\"https:\/\/www.spraycolor.com\/spraygun\/#organization\",\"name\":\"Spraycolor\",\"url\":\"https:\/\/www.spraycolor.com\/spraygun\/\",\"logo\":{\"@type\":\"ImageObject\",\"inLanguage\":\"es\",\"@id\":\"https:\/\/www.spraycolor.com\/spraygun\/#\/schema\/logo\/image\/\",\"url\":\"https:\/\/www.spraycolor.com\/spraygun\/wp-content\/uploads\/2020\/10\/Logo_bianco400.png\",\"contentUrl\":\"https:\/\/www.spraycolor.com\/spraygun\/wp-content\/uploads\/2020\/10\/Logo_bianco400.png\",\"width\":400,\"height\":67,\"caption\":\"Spraycolor\"},\"image\":{\"@id\":\"https:\/\/www.spraycolor.com\/spraygun\/#\/schema\/logo\/image\/\"},\"sameAs\":[\"https:\/\/www.linkedin.com\/company\/spraycolor\/\"]}]}<\/script>\n<!-- \/ Yoast SEO plugin. -->","yoast_head_json":{"title":"VS03 HVLP spray gun - Automatic Spraygun - spraycolor","robots":{"index":"index","follow":"follow","max-snippet":"max-snippet:-1","max-image-preview":"max-image-preview:large","max-video-preview":"max-video-preview:-1"},"canonical":"https:\/\/www.spraycolor.com\/spraygun\/es\/hvlp-vs03\/","og_locale":"es_ES","og_type":"article","og_title":"VS03 HVLP spray gun - Automatic Spraygun - spraycolor","og_description":"[vc_row css_animation=\u00bb\u00bb row_type=\u00bbrow\u00bb use_row_as_full_screen_section=\u00bbno\u00bb type=\u00bbgrid\u00bb angled_section=\u00bbno\u00bb text_align=\u00bbleft\u00bb background_image_as_pattern=\u00bbwithout_pattern\u00bb z_index=\u00bb\u00bb padding_top=\u00bb50&#8243; padding_bottom=\u00bb50&#8243;][vc_column width=\u00bb2\/3&#8243;][vc_column_text]Este nuevo tipo de pistola para pintar nace para satisfacer las exigencias de alta productividad del cliente sin tener que renunciar al m\u00e1ximo de las prestaciones en la fase de acabado. De hecho, en...","og_url":"https:\/\/www.spraycolor.com\/spraygun\/es\/hvlp-vs03\/","og_site_name":"Automatic Spraygun - spraycolor","article_modified_time":"2023-05-11T19:43:17+00:00","og_image":[{"width":2048,"height":1366,"url":"https:\/\/www.spraycolor.com\/spraygun\/wp-content\/uploads\/2020\/11\/flyer-VS03.jpg","type":"image\/jpeg"}],"twitter_card":"summary_large_image","twitter_misc":{"Tiempo de lectura":"2 minutos"},"schema":{"@context":"https:\/\/schema.org","@graph":[{"@type":"WebPage","@id":"https:\/\/www.spraycolor.com\/spraygun\/es\/hvlp-vs03\/","url":"https:\/\/www.spraycolor.com\/spraygun\/es\/hvlp-vs03\/","name":"VS03 HVLP spray gun - Automatic Spraygun - spraycolor","isPartOf":{"@id":"https:\/\/www.spraycolor.com\/spraygun\/#website"},"primaryImageOfPage":{"@id":"https:\/\/www.spraycolor.com\/spraygun\/es\/hvlp-vs03\/#primaryimage"},"image":{"@id":"https:\/\/www.spraycolor.com\/spraygun\/es\/hvlp-vs03\/#primaryimage"},"thumbnailUrl":"https:\/\/www.spraycolor.com\/spraygun\/wp-content\/uploads\/2020\/11\/flyer-VS03.jpg","datePublished":"2020-11-02T10:47:06+00:00","dateModified":"2023-05-11T19:43:17+00:00","breadcrumb":{"@id":"https:\/\/www.spraycolor.com\/spraygun\/es\/hvlp-vs03\/#breadcrumb"},"inLanguage":"es","potentialAction":[{"@type":"ReadAction","target":["https:\/\/www.spraycolor.com\/spraygun\/es\/hvlp-vs03\/"]}]},{"@type":"ImageObject","inLanguage":"es","@id":"https:\/\/www.spraycolor.com\/spraygun\/es\/hvlp-vs03\/#primaryimage","url":"https:\/\/www.spraycolor.com\/spraygun\/wp-content\/uploads\/2020\/11\/flyer-VS03.jpg","contentUrl":"https:\/\/www.spraycolor.com\/spraygun\/wp-content\/uploads\/2020\/11\/flyer-VS03.jpg","width":2048,"height":1366},{"@type":"BreadcrumbList","@id":"https:\/\/www.spraycolor.com\/spraygun\/es\/hvlp-vs03\/#breadcrumb","itemListElement":[{"@type":"ListItem","position":1,"name":"Home","item":"https:\/\/www.spraycolor.com\/spraygun\/es\/"},{"@type":"ListItem","position":2,"name":"VS03 HVLP spray gun"}]},{"@type":"WebSite","@id":"https:\/\/www.spraycolor.com\/spraygun\/#website","url":"https:\/\/www.spraycolor.com\/spraygun\/","name":"Automatic Spraygun - spraycolor","description":"Pistole per verniciatura industriale","publisher":{"@id":"https:\/\/www.spraycolor.com\/spraygun\/#organization"},"potentialAction":[{"@type":"SearchAction","target":{"@type":"EntryPoint","urlTemplate":"https:\/\/www.spraycolor.com\/spraygun\/?s={search_term_string}"},"query-input":{"@type":"PropertyValueSpecification","valueRequired":true,"valueName":"search_term_string"}}],"inLanguage":"es"},{"@type":"Organization","@id":"https:\/\/www.spraycolor.com\/spraygun\/#organization","name":"Spraycolor","url":"https:\/\/www.spraycolor.com\/spraygun\/","logo":{"@type":"ImageObject","inLanguage":"es","@id":"https:\/\/www.spraycolor.com\/spraygun\/#\/schema\/logo\/image\/","url":"https:\/\/www.spraycolor.com\/spraygun\/wp-content\/uploads\/2020\/10\/Logo_bianco400.png","contentUrl":"https:\/\/www.spraycolor.com\/spraygun\/wp-content\/uploads\/2020\/10\/Logo_bianco400.png","width":400,"height":67,"caption":"Spraycolor"},"image":{"@id":"https:\/\/www.spraycolor.com\/spraygun\/#\/schema\/logo\/image\/"},"sameAs":["https:\/\/www.linkedin.com\/company\/spraycolor\/"]}]}},"_links":{"self":[{"href":"https:\/\/www.spraycolor.com\/spraygun\/es\/wp-json\/wp\/v2\/pages\/16781","targetHints":{"allow":["GET"]}}],"collection":[{"href":"https:\/\/www.spraycolor.com\/spraygun\/es\/wp-json\/wp\/v2\/pages"}],"about":[{"href":"https:\/\/www.spraycolor.com\/spraygun\/es\/wp-json\/wp\/v2\/types\/page"}],"author":[{"embeddable":true,"href":"https:\/\/www.spraycolor.com\/spraygun\/es\/wp-json\/wp\/v2\/users\/1"}],"replies":[{"embeddable":true,"href":"https:\/\/www.spraycolor.com\/spraygun\/es\/wp-json\/wp\/v2\/comments?post=16781"}],"version-history":[{"count":8,"href":"https:\/\/www.spraycolor.com\/spraygun\/es\/wp-json\/wp\/v2\/pages\/16781\/revisions"}],"predecessor-version":[{"id":18302,"href":"https:\/\/www.spraycolor.com\/spraygun\/es\/wp-json\/wp\/v2\/pages\/16781\/revisions\/18302"}],"wp:featuredmedia":[{"embeddable":true,"href":"https:\/\/www.spraycolor.com\/spraygun\/es\/wp-json\/wp\/v2\/media\/16782"}],"wp:attachment":[{"href":"https:\/\/www.spraycolor.com\/spraygun\/es\/wp-json\/wp\/v2\/media?parent=16781"}],"curies":[{"name":"wp","href":"https:\/\/api.w.org\/{rel}","templated":true}]}}