{"id":16622,"date":"2020-10-30T18:56:15","date_gmt":"2020-10-30T17:56:15","guid":{"rendered":"https:\/\/www.spraycolor.com\/spraygun\/mt-model\/"},"modified":"2023-05-11T21:39:57","modified_gmt":"2023-05-11T19:39:57","slug":"mt-model","status":"publish","type":"page","link":"https:\/\/www.spraycolor.com\/spraygun\/es\/mt-model\/","title":{"rendered":"MT model"},"content":{"rendered":"<div class=\"wpb-content-wrapper\"><p>[vc_row css_animation=\u00bb\u00bb row_type=\u00bbrow\u00bb use_row_as_full_screen_section=\u00bbno\u00bb type=\u00bbgrid\u00bb angled_section=\u00bbno\u00bb text_align=\u00bbleft\u00bb background_image_as_pattern=\u00bbwithout_pattern\u00bb z_index=\u00bb\u00bb padding_top=\u00bb50&#8243; padding_bottom=\u00bb50&#8243;][vc_column width=\u00bb2\/3&#8243;][vc_column_text]El modelo\u00a0<strong><em>spraycolor\u00ae MT<\/em><\/strong> representa lo m\u00e1ximo de la tecnolog\u00eda \u201cmade in italy\u201d, se distingue de los dem\u00e1s productos principalmente por el sistema de pulverizaci\u00f3n con tecnolog\u00eda softpressure\u00ae, otra caracter\u00edstica que la distingue es la simplicidad de manutenci\u00f3n, realizada por el cliente directamente en la planta sin la ayuda de personal especializado.<\/p>\n<h4>MT es la primera pistola pulverizadora a la que se ha asignado una funci\u00f3n innovadora de alta eficiencia capaz de ofrecer un acabado excepcional adem\u00e1s de consumos de pintura notablemente reducidos como un HVLP.<\/h4>\n<p>Con el uso de la patente magnetic technology puede ofrecer una excelente cobertura sin precedentes trabajando con presiones de pulverizaci\u00f3n inferiores con el consiguiente ahorro de pintura. De hecho, el flujo de salida se dirige a trav\u00e9s de una boquilla especial patentada por esta empresa<strong>\u00a0que puede orientar con la misma polaridad todas las part\u00edculas del producto.<\/strong>[\/vc_column_text][vc_separator type=\u00bbnormal\u00bb][vc_single_image image=\u00bb16880&#8243; img_size=\u00bbfull\u00bb qode_css_animation=\u00bb\u00bb][\/vc_column][vc_column width=\u00bb1\/3&#8243;][vc_column_text]<\/p>\n<div class=\"span1-3 module_cont module_nor.mal_padding module_text_area\">\n<h2 class=\"headInModule\">5 caracter\u00edsticas importantes<\/h2>\n<div class=\"module_content\">1 Certificada DIN EN 13966-1<br \/>\n2 F\u00e1cil mantenimiento<br \/>\n3 Pintura delicada (ideal para art\u00edculos de bajo espesor)<br \/>\n4 Sobrepulverizaci\u00f3n reducida<br \/>\n5 Alta eficiencia de transferencia<\/div>\n<\/div>\n<p>[\/vc_column_text][\/vc_column][\/vc_row][vc_row css_animation=\u00bb\u00bb row_type=\u00bbrow\u00bb use_row_as_full_screen_section=\u00bbno\u00bb type=\u00bbfull_width\u00bb angled_section=\u00bbno\u00bb text_align=\u00bbleft\u00bb background_image_as_pattern=\u00bbwithout_pattern\u00bb][vc_column][vc_gallery type=\u00bbimage_grid\u00bb images=\u00bb16623,16641,16642&#8243; img_size=\u00bb1000&#215;800&#8243; onclick=\u00bb\u00bb css_animation=\u00bbfadeIn\u00bb column_number=\u00bb3&#8243; grayscale=\u00bbno\u00bb images_space=\u00bbgallery_without_space\u00bb][\/vc_column][\/vc_row][vc_row css_animation=\u00bb\u00bb row_type=\u00bbrow\u00bb use_row_as_full_screen_section=\u00bbno\u00bb type=\u00bbgrid\u00bb angled_section=\u00bbno\u00bb text_align=\u00bbleft\u00bb background_image_as_pattern=\u00bbwithout_pattern\u00bb z_index=\u00bb\u00bb padding_top=\u00bb50&#8243; padding_bottom=\u00bb50&#8243;][vc_column width=\u00bb1\/3&#8243;][vc_column_text el_class=\u00bbplus\u00bb]<\/p>\n<div class=\"span1-3 module_cont module_nor.mal_padding module_custom_list\">\n<h2 class=\"headInModule\">START 1.6 BAR<\/h2>\n<ul class=\"list_type1\">\n<li>menor presi\u00f3n<\/li>\n<li>menor consumo de aire<\/li>\n<li>disminuci\u00f3n de niebla de pulverizaci\u00f3n<\/li>\n<li>ahorro del 30%<\/li>\n<li>aire<\/li>\n<li>energia<\/li>\n<li>pintura<\/li>\n<\/ul>\n<\/div>\n<p>[\/vc_column_text][vc_separator type=\u00bbtransparent\u00bb][\/vc_column][vc_column width=\u00bb1\/3&#8243;][vc_column_text el_class=\u00bbcaratteristiche\u00bb]<\/p>\n<h2 class=\"headInModule\">Caracter\u00edsticas T\u00e9cnicas<\/h2>\n<ul class=\"list_type1\">\n<li>presi\u00f3n aire mando: CYL 3.5 bar m\u00e1x. 4.0 bar<\/li>\n<li>presi\u00f3n entrada pintura: 1 bar<\/li>\n<li>Presi\u00f3n atomizaci\u00f3n: ATO 1,6 m\u00e1x. 2,5 bar<\/li>\n<li>Peso: 1100 gr<\/li>\n<li>Consumo: 180 l\/min<\/li>\n<li>Ideal para productos con densidad: baja<\/li>\n<li>conexiones para aire y pintura: G \u00bc\u201d<\/li>\n<li>fijaci\u00f3n a la m\u00e1quina: 1 orificio \u00d8 10<\/li>\n<\/ul>\n<p>[\/vc_column_text][vc_separator type=\u00bbtransparent\u00bb][vc_column_text el_class=\u00bbplus\u00bb]<\/p>\n<div class=\"span1-3 module_cont module_nor.mal_padding module_custom_list\">\n<p class=\"headInModule\"><strong>Di\u00e1metros disponibles: \u00d8 0.8 \u2013 1.0 &#8211; 1.2 &#8211; 1.5<\/strong><br \/>\n<strong>Cabezales disponibles: J<\/strong><\/p>\n<\/div>\n<p>[\/vc_column_text][\/vc_column][vc_column width=\u00bb1\/3&#8243;][vc_column_text el_class=\u00bbconfezione\u00bb]<\/p>\n<h2 class=\"headInModule\">El embalaje contiene<\/h2>\n<ul class=\"\">\n<li>ficha de prueba con el n\u00famero de serie (necesaria para el soporte t\u00e9cnico)<\/li>\n<li>manual de uso y mantenimiento<\/li>\n<li>llave allen de 3mm<\/li>\n<li>2 tapones 1\/4\u201d<\/li>\n<li>Extractor aguja<\/li>\n<\/ul>\n<p>[\/vc_column_text][vc_separator type=\u00bbtransparent\u00bb up=\u00bb5&#8243; down=\u00bb5&#8243;]<a  itemprop=\"url\" href=\"https:\/\/www.spraycolor.com\/spraygun\/wp-content\/uploads\/MT-data-sheet.pdf\" target=\"_blank\"  class=\"qbutton  big_large_full_width default\" style=\"\">Ficha t\u00e9cnica<\/a>[vc_separator type=\u00bbtransparent\u00bb up=\u00bb5&#8243; down=\u00bb5&#8243;]<a  itemprop=\"url\" href=\"https:\/\/www.spraycolor.com\/spraygun\/wp-content\/uploads\/Manuale-uso_MT.pdf\" target=\"_blank\"  class=\"qbutton  big_large_full_width default\" style=\"\">manual de instrucciones<\/a>[vc_separator type=\u00bbtransparent\u00bb up=\u00bb5&#8243; down=\u00bb5&#8243;]<a  itemprop=\"url\" href=\"https:\/\/www.spraycolor.com\/spraygun\/wp-content\/uploads\/5-certificate-small-MT-18-bar.pdf\" target=\"_blank\"  class=\"qbutton  big_large_full_width default\" style=\"\">certificaci\u00f3n<\/a>[vc_separator type=\u00bbtransparent\u00bb][\/vc_column][\/vc_row][vc_row css_animation=\u00bb\u00bb row_type=\u00bbrow\u00bb use_row_as_full_screen_section=\u00bbno\u00bb type=\u00bbfull_width\u00bb angled_section=\u00bbno\u00bb text_align=\u00bbleft\u00bb background_image_as_pattern=\u00bbwithout_pattern\u00bb z_index=\u00bb\u00bb][vc_column][vc_column_text css=\u00bb.vc_custom_1607701684925{padding-top: 50px !important;padding-bottom: 50px !important;background-color: #515151 !important;}\u00bb]<\/p>\n<h4 style=\"text-align: center;\">spraycolor MT: top della tecnologia \u00abmade in italy\u00bb<\/h4>\n<h1 style=\"text-align: center;\">La primera pistola magn\u00e9tica \u00abque cuida el medio ambiente\u00bb<\/h1>\n<p>[\/vc_column_text][\/vc_column][\/vc_row][vc_row css_animation=\u00bb\u00bb row_type=\u00bbrow\u00bb use_row_as_full_screen_section=\u00bbno\u00bb type=\u00bbgrid\u00bb angled_section=\u00bbno\u00bb text_align=\u00bbleft\u00bb background_image_as_pattern=\u00bbwithout_pattern\u00bb z_index=\u00bb\u00bb padding_top=\u00bb50&#8243; padding_bottom=\u00bb50&#8243;][vc_column width=\u00bb1\/3&#8243;][vc_column_text el_class=\u00bbplus .white\u00bb css=\u00bb.vc_custom_1607701747024{padding-top: 20% !important;padding-right: 30px !important;padding-bottom: 20% !important;padding-left: 30px !important;background-color: #bbe246 !important;}\u00bb]<\/p>\n<h2 class=\"shortcode_accordion_item_title expanded_no\" style=\"text-align: center;\" data-count=\"1\">Ahorra pintura<\/h2>\n<div class=\"shortcode_accordion_item_body\">\n<div class=\"ip\" style=\"text-align: center;\">Con una presi\u00f3n de elaboraci\u00f3n de 1,6 bar, Spraycolor MT reduce el consumo de pintura manteniendo inalterado el elevado est\u00e1ndar de acabado exigido por la elaboraci\u00f3n.<\/div>\n<\/div>\n<p>[\/vc_column_text][vc_separator type=\u00bbtransparent\u00bb][\/vc_column][vc_column width=\u00bb1\/3&#8243;][vc_column_text el_class=\u00bbplus .white\u00bb css=\u00bb.vc_custom_1607701774396{padding-top: 20% !important;padding-right: 30px !important;padding-bottom: 20% !important;padding-left: 30px !important;background-color: #bbe246 !important;}\u00bb]<\/p>\n<h2 class=\"shortcode_accordion_item_title expanded_no\" style=\"text-align: center;\" data-count=\"2\">Elimina la Niebla de Pulverizaci\u00f3n<\/h2>\n<div class=\"shortcode_accordion_item_body\">\n<div class=\"ip\" style=\"text-align: center;\">MT, con aprox. 165 litros\/min de aire usado, en su categor\u00eda es la pistola con el consumo m\u00e1s bajo: hasta un 30% de ahorro en relaci\u00f3n a la norma, reduciendo dr\u00e1sticamente la niebla de pulverizaci\u00f3n para depurar en la salida de la cabina de pintura.<\/div>\n<\/div>\n<p>[\/vc_column_text][vc_separator type=\u00bbtransparent\u00bb][\/vc_column][vc_column width=\u00bb1\/3&#8243;][vc_column_text el_class=\u00bbplus .white\u00bb css=\u00bb.vc_custom_1607701805357{padding-top: 20% !important;padding-right: 30px !important;padding-bottom: 20% !important;padding-left: 30px !important;background-color: #bbe246 !important;}\u00bb]<\/p>\n<h2 class=\"shortcode_accordion_item_title expanded_no\" style=\"text-align: center;\" data-count=\"3\">Reduce el consumo de energ\u00eda el\u00e9ctrica<\/h2>\n<div class=\"shortcode_accordion_item_body\">\n<div class=\"ip\" style=\"text-align: center;\">MT, al trabajar a pleno ritmo con una presi\u00f3n tan baja, se requiere menos aire comprimido, dando por resultado un ahorro neto de energ\u00eda el\u00e9ctrica necesaria para producirla<\/div>\n<\/div>\n<p>[\/vc_column_text][vc_separator type=\u00bbtransparent\u00bb][\/vc_column][\/vc_row][vc_row css_animation=\u00bb\u00bb row_type=\u00bbrow\u00bb use_row_as_full_screen_section=\u00bbno\u00bb type=\u00bbgrid\u00bb angled_section=\u00bbno\u00bb text_align=\u00bbleft\u00bb background_image_as_pattern=\u00bbwithout_pattern\u00bb z_index=\u00bb\u00bb][vc_column width=\u00bb1\/2&#8243;][vc_video link=\u00bbhttps:\/\/vimeo.com\/32132803&#8243;][\/vc_column][vc_column width=\u00bb1\/2&#8243;][vc_video link=\u00bbhttps:\/\/vimeo.com\/213370359&#8243;][\/vc_column][\/vc_row][vc_row css_animation=\u00bb\u00bb row_type=\u00bbrow\u00bb use_row_as_full_screen_section=\u00bbno\u00bb type=\u00bbfull_width\u00bb angled_section=\u00bbno\u00bb text_align=\u00bbleft\u00bb background_image_as_pattern=\u00bbwithout_pattern\u00bb][vc_column][vc_empty_space][\/vc_column][\/vc_row]<\/p>\n<\/div>","protected":false},"excerpt":{"rendered":"<p>[vc_row css_animation=\u00bb\u00bb row_type=\u00bbrow\u00bb use_row_as_full_screen_section=\u00bbno\u00bb type=\u00bbgrid\u00bb angled_section=\u00bbno\u00bb text_align=\u00bbleft\u00bb background_image_as_pattern=\u00bbwithout_pattern\u00bb z_index=\u00bb\u00bb padding_top=\u00bb50&#8243; padding_bottom=\u00bb50&#8243;][vc_column width=\u00bb2\/3&#8243;][vc_column_text]El modelo\u00a0spraycolor\u00ae MT representa lo m\u00e1ximo de la tecnolog\u00eda \u201cmade in italy\u201d, se distingue de los dem\u00e1s productos principalmente por el sistema de pulverizaci\u00f3n con tecnolog\u00eda softpressure\u00ae, otra caracter\u00edstica que la distingue es la&#8230;<\/p>\n","protected":false},"author":1,"featured_media":16623,"parent":0,"menu_order":195,"comment_status":"closed","ping_status":"closed","template":"full_width.php","meta":{"footnotes":""},"class_list":["post-16622","page","type-page","status-publish","has-post-thumbnail","hentry"],"yoast_head":"<!-- This site is optimized with the Yoast SEO plugin v26.5 - https:\/\/yoast.com\/wordpress\/plugins\/seo\/ -->\n<title>MT model - Automatic Spraygun - spraycolor<\/title>\n<meta name=\"robots\" content=\"index, follow, max-snippet:-1, max-image-preview:large, max-video-preview:-1\" \/>\n<link rel=\"canonical\" href=\"https:\/\/www.spraycolor.com\/spraygun\/es\/mt-model\/\" \/>\n<meta property=\"og:locale\" content=\"es_ES\" \/>\n<meta property=\"og:type\" content=\"article\" \/>\n<meta property=\"og:title\" content=\"MT model - Automatic Spraygun - spraycolor\" \/>\n<meta property=\"og:description\" content=\"[vc_row css_animation=\u00bb\u00bb row_type=\u00bbrow\u00bb use_row_as_full_screen_section=\u00bbno\u00bb type=\u00bbgrid\u00bb angled_section=\u00bbno\u00bb text_align=\u00bbleft\u00bb background_image_as_pattern=\u00bbwithout_pattern\u00bb z_index=\u00bb\u00bb padding_top=\u00bb50&#8243; padding_bottom=\u00bb50&#8243;][vc_column width=\u00bb2\/3&#8243;][vc_column_text]El modelo\u00a0spraycolor\u00ae MT representa lo m\u00e1ximo de la tecnolog\u00eda \u201cmade in italy\u201d, se distingue de los dem\u00e1s productos principalmente por el sistema de pulverizaci\u00f3n con tecnolog\u00eda softpressure\u00ae, otra caracter\u00edstica que la distingue es la...\" \/>\n<meta property=\"og:url\" content=\"https:\/\/www.spraycolor.com\/spraygun\/es\/mt-model\/\" \/>\n<meta property=\"og:site_name\" content=\"Automatic Spraygun - spraycolor\" \/>\n<meta property=\"article:modified_time\" content=\"2023-05-11T19:39:57+00:00\" \/>\n<meta property=\"og:image\" content=\"https:\/\/www.spraycolor.com\/spraygun\/wp-content\/uploads\/2020\/10\/Sprycolor_IMG_3918-1.jpg\" \/>\n\t<meta property=\"og:image:width\" content=\"2048\" \/>\n\t<meta property=\"og:image:height\" content=\"1370\" \/>\n\t<meta property=\"og:image:type\" content=\"image\/jpeg\" \/>\n<meta name=\"twitter:card\" content=\"summary_large_image\" \/>\n<meta name=\"twitter:label1\" content=\"Tiempo de lectura\" \/>\n\t<meta name=\"twitter:data1\" content=\"4 minutos\" \/>\n<script type=\"application\/ld+json\" class=\"yoast-schema-graph\">{\"@context\":\"https:\/\/schema.org\",\"@graph\":[{\"@type\":\"WebPage\",\"@id\":\"https:\/\/www.spraycolor.com\/spraygun\/es\/mt-model\/\",\"url\":\"https:\/\/www.spraycolor.com\/spraygun\/es\/mt-model\/\",\"name\":\"MT model - Automatic Spraygun - spraycolor\",\"isPartOf\":{\"@id\":\"https:\/\/www.spraycolor.com\/spraygun\/#website\"},\"primaryImageOfPage\":{\"@id\":\"https:\/\/www.spraycolor.com\/spraygun\/es\/mt-model\/#primaryimage\"},\"image\":{\"@id\":\"https:\/\/www.spraycolor.com\/spraygun\/es\/mt-model\/#primaryimage\"},\"thumbnailUrl\":\"https:\/\/www.spraycolor.com\/spraygun\/wp-content\/uploads\/2020\/10\/Sprycolor_IMG_3918-1.jpg\",\"datePublished\":\"2020-10-30T17:56:15+00:00\",\"dateModified\":\"2023-05-11T19:39:57+00:00\",\"breadcrumb\":{\"@id\":\"https:\/\/www.spraycolor.com\/spraygun\/es\/mt-model\/#breadcrumb\"},\"inLanguage\":\"es\",\"potentialAction\":[{\"@type\":\"ReadAction\",\"target\":[\"https:\/\/www.spraycolor.com\/spraygun\/es\/mt-model\/\"]}]},{\"@type\":\"ImageObject\",\"inLanguage\":\"es\",\"@id\":\"https:\/\/www.spraycolor.com\/spraygun\/es\/mt-model\/#primaryimage\",\"url\":\"https:\/\/www.spraycolor.com\/spraygun\/wp-content\/uploads\/2020\/10\/Sprycolor_IMG_3918-1.jpg\",\"contentUrl\":\"https:\/\/www.spraycolor.com\/spraygun\/wp-content\/uploads\/2020\/10\/Sprycolor_IMG_3918-1.jpg\",\"width\":2048,\"height\":1370},{\"@type\":\"BreadcrumbList\",\"@id\":\"https:\/\/www.spraycolor.com\/spraygun\/es\/mt-model\/#breadcrumb\",\"itemListElement\":[{\"@type\":\"ListItem\",\"position\":1,\"name\":\"Home\",\"item\":\"https:\/\/www.spraycolor.com\/spraygun\/es\/\"},{\"@type\":\"ListItem\",\"position\":2,\"name\":\"MT model\"}]},{\"@type\":\"WebSite\",\"@id\":\"https:\/\/www.spraycolor.com\/spraygun\/#website\",\"url\":\"https:\/\/www.spraycolor.com\/spraygun\/\",\"name\":\"Automatic Spraygun - spraycolor\",\"description\":\"Pistole per verniciatura industriale\",\"publisher\":{\"@id\":\"https:\/\/www.spraycolor.com\/spraygun\/#organization\"},\"potentialAction\":[{\"@type\":\"SearchAction\",\"target\":{\"@type\":\"EntryPoint\",\"urlTemplate\":\"https:\/\/www.spraycolor.com\/spraygun\/?s={search_term_string}\"},\"query-input\":{\"@type\":\"PropertyValueSpecification\",\"valueRequired\":true,\"valueName\":\"search_term_string\"}}],\"inLanguage\":\"es\"},{\"@type\":\"Organization\",\"@id\":\"https:\/\/www.spraycolor.com\/spraygun\/#organization\",\"name\":\"Spraycolor\",\"url\":\"https:\/\/www.spraycolor.com\/spraygun\/\",\"logo\":{\"@type\":\"ImageObject\",\"inLanguage\":\"es\",\"@id\":\"https:\/\/www.spraycolor.com\/spraygun\/#\/schema\/logo\/image\/\",\"url\":\"https:\/\/www.spraycolor.com\/spraygun\/wp-content\/uploads\/2020\/10\/Logo_bianco400.png\",\"contentUrl\":\"https:\/\/www.spraycolor.com\/spraygun\/wp-content\/uploads\/2020\/10\/Logo_bianco400.png\",\"width\":400,\"height\":67,\"caption\":\"Spraycolor\"},\"image\":{\"@id\":\"https:\/\/www.spraycolor.com\/spraygun\/#\/schema\/logo\/image\/\"},\"sameAs\":[\"https:\/\/www.linkedin.com\/company\/spraycolor\/\"]}]}<\/script>\n<!-- \/ Yoast SEO plugin. -->","yoast_head_json":{"title":"MT model - Automatic Spraygun - spraycolor","robots":{"index":"index","follow":"follow","max-snippet":"max-snippet:-1","max-image-preview":"max-image-preview:large","max-video-preview":"max-video-preview:-1"},"canonical":"https:\/\/www.spraycolor.com\/spraygun\/es\/mt-model\/","og_locale":"es_ES","og_type":"article","og_title":"MT model - Automatic Spraygun - spraycolor","og_description":"[vc_row css_animation=\u00bb\u00bb row_type=\u00bbrow\u00bb use_row_as_full_screen_section=\u00bbno\u00bb type=\u00bbgrid\u00bb angled_section=\u00bbno\u00bb text_align=\u00bbleft\u00bb background_image_as_pattern=\u00bbwithout_pattern\u00bb z_index=\u00bb\u00bb padding_top=\u00bb50&#8243; padding_bottom=\u00bb50&#8243;][vc_column width=\u00bb2\/3&#8243;][vc_column_text]El modelo\u00a0spraycolor\u00ae MT representa lo m\u00e1ximo de la tecnolog\u00eda \u201cmade in italy\u201d, se distingue de los dem\u00e1s productos principalmente por el sistema de pulverizaci\u00f3n con tecnolog\u00eda softpressure\u00ae, otra caracter\u00edstica que la distingue es la...","og_url":"https:\/\/www.spraycolor.com\/spraygun\/es\/mt-model\/","og_site_name":"Automatic Spraygun - spraycolor","article_modified_time":"2023-05-11T19:39:57+00:00","og_image":[{"width":2048,"height":1370,"url":"https:\/\/www.spraycolor.com\/spraygun\/wp-content\/uploads\/2020\/10\/Sprycolor_IMG_3918-1.jpg","type":"image\/jpeg"}],"twitter_card":"summary_large_image","twitter_misc":{"Tiempo de lectura":"4 minutos"},"schema":{"@context":"https:\/\/schema.org","@graph":[{"@type":"WebPage","@id":"https:\/\/www.spraycolor.com\/spraygun\/es\/mt-model\/","url":"https:\/\/www.spraycolor.com\/spraygun\/es\/mt-model\/","name":"MT model - Automatic Spraygun - spraycolor","isPartOf":{"@id":"https:\/\/www.spraycolor.com\/spraygun\/#website"},"primaryImageOfPage":{"@id":"https:\/\/www.spraycolor.com\/spraygun\/es\/mt-model\/#primaryimage"},"image":{"@id":"https:\/\/www.spraycolor.com\/spraygun\/es\/mt-model\/#primaryimage"},"thumbnailUrl":"https:\/\/www.spraycolor.com\/spraygun\/wp-content\/uploads\/2020\/10\/Sprycolor_IMG_3918-1.jpg","datePublished":"2020-10-30T17:56:15+00:00","dateModified":"2023-05-11T19:39:57+00:00","breadcrumb":{"@id":"https:\/\/www.spraycolor.com\/spraygun\/es\/mt-model\/#breadcrumb"},"inLanguage":"es","potentialAction":[{"@type":"ReadAction","target":["https:\/\/www.spraycolor.com\/spraygun\/es\/mt-model\/"]}]},{"@type":"ImageObject","inLanguage":"es","@id":"https:\/\/www.spraycolor.com\/spraygun\/es\/mt-model\/#primaryimage","url":"https:\/\/www.spraycolor.com\/spraygun\/wp-content\/uploads\/2020\/10\/Sprycolor_IMG_3918-1.jpg","contentUrl":"https:\/\/www.spraycolor.com\/spraygun\/wp-content\/uploads\/2020\/10\/Sprycolor_IMG_3918-1.jpg","width":2048,"height":1370},{"@type":"BreadcrumbList","@id":"https:\/\/www.spraycolor.com\/spraygun\/es\/mt-model\/#breadcrumb","itemListElement":[{"@type":"ListItem","position":1,"name":"Home","item":"https:\/\/www.spraycolor.com\/spraygun\/es\/"},{"@type":"ListItem","position":2,"name":"MT model"}]},{"@type":"WebSite","@id":"https:\/\/www.spraycolor.com\/spraygun\/#website","url":"https:\/\/www.spraycolor.com\/spraygun\/","name":"Automatic Spraygun - spraycolor","description":"Pistole per verniciatura industriale","publisher":{"@id":"https:\/\/www.spraycolor.com\/spraygun\/#organization"},"potentialAction":[{"@type":"SearchAction","target":{"@type":"EntryPoint","urlTemplate":"https:\/\/www.spraycolor.com\/spraygun\/?s={search_term_string}"},"query-input":{"@type":"PropertyValueSpecification","valueRequired":true,"valueName":"search_term_string"}}],"inLanguage":"es"},{"@type":"Organization","@id":"https:\/\/www.spraycolor.com\/spraygun\/#organization","name":"Spraycolor","url":"https:\/\/www.spraycolor.com\/spraygun\/","logo":{"@type":"ImageObject","inLanguage":"es","@id":"https:\/\/www.spraycolor.com\/spraygun\/#\/schema\/logo\/image\/","url":"https:\/\/www.spraycolor.com\/spraygun\/wp-content\/uploads\/2020\/10\/Logo_bianco400.png","contentUrl":"https:\/\/www.spraycolor.com\/spraygun\/wp-content\/uploads\/2020\/10\/Logo_bianco400.png","width":400,"height":67,"caption":"Spraycolor"},"image":{"@id":"https:\/\/www.spraycolor.com\/spraygun\/#\/schema\/logo\/image\/"},"sameAs":["https:\/\/www.linkedin.com\/company\/spraycolor\/"]}]}},"_links":{"self":[{"href":"https:\/\/www.spraycolor.com\/spraygun\/es\/wp-json\/wp\/v2\/pages\/16622","targetHints":{"allow":["GET"]}}],"collection":[{"href":"https:\/\/www.spraycolor.com\/spraygun\/es\/wp-json\/wp\/v2\/pages"}],"about":[{"href":"https:\/\/www.spraycolor.com\/spraygun\/es\/wp-json\/wp\/v2\/types\/page"}],"author":[{"embeddable":true,"href":"https:\/\/www.spraycolor.com\/spraygun\/es\/wp-json\/wp\/v2\/users\/1"}],"replies":[{"embeddable":true,"href":"https:\/\/www.spraycolor.com\/spraygun\/es\/wp-json\/wp\/v2\/comments?post=16622"}],"version-history":[{"count":8,"href":"https:\/\/www.spraycolor.com\/spraygun\/es\/wp-json\/wp\/v2\/pages\/16622\/revisions"}],"predecessor-version":[{"id":18293,"href":"https:\/\/www.spraycolor.com\/spraygun\/es\/wp-json\/wp\/v2\/pages\/16622\/revisions\/18293"}],"wp:featuredmedia":[{"embeddable":true,"href":"https:\/\/www.spraycolor.com\/spraygun\/es\/wp-json\/wp\/v2\/media\/16623"}],"wp:attachment":[{"href":"https:\/\/www.spraycolor.com\/spraygun\/es\/wp-json\/wp\/v2\/media?parent=16622"}],"curies":[{"name":"wp","href":"https:\/\/api.w.org\/{rel}","templated":true}]}}