{"id":16533,"date":"2020-10-29T16:29:37","date_gmt":"2020-10-29T15:29:37","guid":{"rendered":"https:\/\/www.spraycolor.com\/spraygun\/xsd-softpressure\/"},"modified":"2021-01-27T16:58:29","modified_gmt":"2021-01-27T15:58:29","slug":"xsd-softpressure","status":"publish","type":"page","link":"https:\/\/www.spraycolor.com\/spraygun\/es\/xsd-softpressure\/","title":{"rendered":"XSD softpressure\u00ae"},"content":{"rendered":"<div class=\"wpb-content-wrapper\"><p>[vc_row css_animation=\u00bb\u00bb row_type=\u00bbrow\u00bb use_row_as_full_screen_section=\u00bbno\u00bb type=\u00bbgrid\u00bb angled_section=\u00bbno\u00bb text_align=\u00bbleft\u00bb background_image_as_pattern=\u00bbwithout_pattern\u00bb z_index=\u00bb\u00bb padding_top=\u00bb50&#8243; padding_bottom=\u00bb50&#8243;][vc_column width=\u00bb2\/3&#8243;][vc_column_text]Es la\u00a0<strong>evoluci\u00f3n t\u00e9cnica<\/strong>\u00a0de la pistola pulverizadora autom\u00e1tica\u00a0<strong>spraycolor \u00ae SC.<br \/>\n<\/strong>Este modelo soluciona definitivamente el problema de la corrosi\u00f3n en los puntos cr\u00edticos de la estructura de aluminio.<\/p>\n<h3>softpressure\u00ae<\/h3>\n<p>Softpressure\u00ae es la nueva geometr\u00eda de los canales de distribuci\u00f3n del aire capaz de garantizar una presi\u00f3n delicada y uniforme en la c\u00e1mara de acumulaci\u00f3n.<br \/>\nEsta tecnolog\u00eda proporciona importantes ventajas como la posibilidad de utilizar presiones de aire de atomizaci\u00f3n m\u00e1s moderadas lo que permite una mezcla de aire-pintura m\u00e1s homog\u00e9nea, por lo tanto los acabados en el producto final resultan mejores, eliminando las zonas de excesiva carga de pintura y el fen\u00f3meno del goteo.<\/p>\n<h3>kit aguja-boquilla plus\u00a0(patentado)<\/h3>\n<p>El XSD est\u00e1 dotado de serie con el kit PLUS: revestido con nitruro de titanio que garantiza una resistencia al desgaste notablemente superior con respecto a cualquier pistola pulverizadora tradicional, limitando de este modo la sustituci\u00f3n de los componentes y las frecuentes manutenciones.<\/p>\n<p><strong>Di\u00e1metros disponibles: \u00d8 0.8 \u2013 1.0 \u2013 1.2 \u2013 1.5<\/strong><br \/>\n<strong>Cabezales disponibles: F \u2013 S<\/strong>[\/vc_column_text][vc_separator type=\u00bbnormal\u00bb][vc_single_image image=\u00bb16879&#8243; img_size=\u00bbfull\u00bb qode_css_animation=\u00bb\u00bb][\/vc_column][vc_column width=\u00bb1\/3&#8243;][vc_column_text]<\/p>\n<h2 class=\"headInModule\">5 caracter\u00edsticas importantes<\/h2>\n<div class=\"module_content\">1 Certificada DIN EN 13966-1<br \/>\n2 Componente color 100 % inoxidable<br \/>\n3 Sobrepulverizaci\u00f3n reducida<br \/>\n4 Alto acabado con la tecnolog\u00eda softpressure\u00ae<br \/>\n5 Alta fiabilidad<\/div>\n<p>[\/vc_column_text][\/vc_column][\/vc_row][vc_row css_animation=\u00bb\u00bb row_type=\u00bbrow\u00bb use_row_as_full_screen_section=\u00bbno\u00bb type=\u00bbfull_width\u00bb angled_section=\u00bbno\u00bb text_align=\u00bbleft\u00bb background_image_as_pattern=\u00bbwithout_pattern\u00bb][vc_column][vc_gallery type=\u00bbimage_grid\u00bb images=\u00bb16557,16534,16556&#8243; img_size=\u00bb900&#215;600&#8243; onclick=\u00bb\u00bb css_animation=\u00bbfadeIn\u00bb column_number=\u00bb3&#8243; grayscale=\u00bbno\u00bb images_space=\u00bbgallery_without_space\u00bb][\/vc_column][\/vc_row][vc_row css_animation=\u00bb\u00bb row_type=\u00bbrow\u00bb use_row_as_full_screen_section=\u00bbno\u00bb type=\u00bbgrid\u00bb angled_section=\u00bbno\u00bb text_align=\u00bbleft\u00bb background_image_as_pattern=\u00bbwithout_pattern\u00bb z_index=\u00bb\u00bb padding_top=\u00bb50&#8243; padding_bottom=\u00bb50&#8243;][vc_column width=\u00bb2\/3&#8243;][vc_column_text el_class=\u00bbcaratteristiche\u00bb]<\/p>\n<h1 class=\"headInModule\">Nueva geometr\u00eda de los canales<\/h1>\n<p class=\"headInModule\">Detalles de la distribuci\u00f3n del aire, capaz de garantizar una presi\u00f3n delicada y uniforme en la c\u00e1mara de acumulaci\u00f3n.<\/p>\n<p>[\/vc_column_text][vc_separator type=\u00bbtransparent\u00bb up=\u00bb5&#8243; down=\u00bb5&#8243;][vc_single_image image=\u00bb16560&#8243; img_size=\u00bbfull\u00bb qode_css_animation=\u00bb\u00bb][vc_separator type=\u00bbtransparent\u00bb up=\u00bb5&#8243; down=\u00bb5&#8243;][\/vc_column][vc_column width=\u00bb1\/3&#8243;][vc_separator type=\u00bbtransparent\u00bb][vc_column_text el_class=\u00bbconfezione\u00bb]<\/p>\n<h2 class=\"headInModule\">Caracter\u00edsticas T\u00e9cnicas<\/h2>\n<ul class=\"list_type1\">\n<li>presi\u00f3n aire mando: CYL 3.5 bar m\u00e1x. 4.0 bar<\/li>\n<li>presi\u00f3n entrada pintura: 1 bar<\/li>\n<li>Presi\u00f3n atomizaci\u00f3n: ATO 2 m\u00e1x. 3 bar<\/li>\n<li>Peso: 1290 g<\/li>\n<li>Consumo: 220 l\/min<\/li>\n<li>Ideal para productos con densidad: baja, media.<\/li>\n<li>conexiones para aire y pintura: G \u00bc\u201d<\/li>\n<li>fijaci\u00f3n a la m\u00e1quina: 2 orificios \u00d8 10<\/li>\n<\/ul>\n<p>[\/vc_column_text][vc_separator type=\u00bbtransparent\u00bb up=\u00bb5&#8243; down=\u00bb5&#8243;]<a  itemprop=\"url\" href=\"https:\/\/www.spraycolor.com\/spraygun\/wp-content\/uploads\/xsd_ENG.pdf\" target=\"_blank\"  class=\"qbutton  big_large_full_width default\" style=\"\">Ficha t\u00e9cnica<\/a>[vc_separator type=\u00bbtransparent\u00bb up=\u00bb5&#8243; down=\u00bb5&#8243;]<a  itemprop=\"url\" href=\"https:\/\/www.spraycolor.com\/spraygun\/wp-content\/uploads\/Manuale-uso_XSD-1.pdf\" target=\"_blank\"  class=\"qbutton  big_large_full_width default\" style=\"\">manual de instrucciones<\/a>[vc_separator type=\u00bbtransparent\u00bb up=\u00bb5&#8243; down=\u00bb5&#8243;]<a  itemprop=\"url\" href=\"https:\/\/www.spraycolor.com\/spraygun\/wp-content\/uploads\/9-certificate-small-XSD-20-bar-1.pdf\" target=\"_blank\"  class=\"qbutton  big_large_full_width default\" style=\"\">certificado<\/a>[\/vc_column][\/vc_row][vc_row css_animation=\u00bb\u00bb row_type=\u00bbrow\u00bb use_row_as_full_screen_section=\u00bbno\u00bb type=\u00bbgrid\u00bb angled_section=\u00bbno\u00bb text_align=\u00bbleft\u00bb background_image_as_pattern=\u00bbwithout_pattern\u00bb z_index=\u00bb\u00bb padding_top=\u00bb50&#8243; padding_bottom=\u00bb50&#8243; css=\u00bb.vc_custom_1603986205051{border-top-width: 1px !important;border-bottom-width: 1px !important;border-top-color: #303030 !important;border-top-style: solid !important;border-bottom-color: #303030 !important;border-bottom-style: solid !important;}\u00bb][vc_column width=\u00bb1\/2&#8243;][vc_column_text el_class=\u00bbplus\u00bb]<\/p>\n<h2 class=\"headInModule\">Innovaciones<\/h2>\n<ol class=\"ordered\">\n<li>fijaci\u00f3n del niple de entrada pigmento INOX<\/li>\n<li>fijaci\u00f3n de la corona sujeta cabezal INOX<\/li>\n<li>rosca y alojamiento de la boquilla INOX<\/li>\n<\/ol>\n<p>[\/vc_column_text][vc_separator type=\u00bbtransparent\u00bb][vc_column_text el_class=\u00bbplus\u00bb]<\/p>\n<h2 class=\"headInModule\">El embalaje contiene<\/h2>\n<ul class=\"\">\n<li>ficha de prueba con el n\u00famero de serie (necesaria para el soporte t\u00e9cnico)<\/li>\n<li>manual de uso y mantenimiento<\/li>\n<\/ul>\n<p>[\/vc_column_text][vc_separator type=\u00bbtransparent\u00bb][\/vc_column][vc_column width=\u00bb1\/2&#8243;][vc_single_image image=\u00bb16559&#8243; img_size=\u00bbfull\u00bb qode_css_animation=\u00bb\u00bb][vc_column_text]<\/p>\n<p class=\"headInModule\">soluciona definitivamente el problema de la corrosi\u00f3n en los puntos cr\u00edticos de la estructura de aluminio<\/p>\n<p>[\/vc_column_text][vc_separator type=\u00bbtransparent\u00bb][\/vc_column][\/vc_row][vc_row css_animation=\u00bb\u00bb row_type=\u00bbrow\u00bb use_row_as_full_screen_section=\u00bbno\u00bb type=\u00bbfull_width\u00bb angled_section=\u00bbno\u00bb text_align=\u00bbleft\u00bb background_image_as_pattern=\u00bbwithout_pattern\u00bb][vc_column][vc_empty_space][\/vc_column][\/vc_row][vc_row css_animation=\u00bb\u00bb row_type=\u00bbrow\u00bb use_row_as_full_screen_section=\u00bbno\u00bb type=\u00bbgrid\u00bb angled_section=\u00bbno\u00bb text_align=\u00bbleft\u00bb background_image_as_pattern=\u00bbwithout_pattern\u00bb z_index=\u00bb\u00bb][vc_column][vc_video link=\u00bbhttps:\/\/vimeo.com\/213368824&#8243;][\/vc_column][\/vc_row][vc_row css_animation=\u00bb\u00bb row_type=\u00bbrow\u00bb use_row_as_full_screen_section=\u00bbno\u00bb type=\u00bbfull_width\u00bb angled_section=\u00bbno\u00bb text_align=\u00bbleft\u00bb background_image_as_pattern=\u00bbwithout_pattern\u00bb][vc_column][vc_empty_space][\/vc_column][\/vc_row]<\/p>\n<\/div>","protected":false},"excerpt":{"rendered":"<p>[vc_row css_animation=\u00bb\u00bb row_type=\u00bbrow\u00bb use_row_as_full_screen_section=\u00bbno\u00bb type=\u00bbgrid\u00bb angled_section=\u00bbno\u00bb text_align=\u00bbleft\u00bb background_image_as_pattern=\u00bbwithout_pattern\u00bb z_index=\u00bb\u00bb padding_top=\u00bb50&#8243; padding_bottom=\u00bb50&#8243;][vc_column width=\u00bb2\/3&#8243;][vc_column_text]Es la\u00a0evoluci\u00f3n t\u00e9cnica\u00a0de la pistola pulverizadora autom\u00e1tica\u00a0spraycolor \u00ae SC. Este modelo soluciona definitivamente el problema de la corrosi\u00f3n en los puntos cr\u00edticos de la estructura de aluminio. softpressure\u00ae Softpressure\u00ae es la nueva geometr\u00eda de&#8230;<\/p>\n","protected":false},"author":1,"featured_media":16535,"parent":0,"menu_order":219,"comment_status":"closed","ping_status":"closed","template":"full_width.php","meta":{"footnotes":""},"class_list":["post-16533","page","type-page","status-publish","has-post-thumbnail","hentry"],"yoast_head":"<!-- This site is optimized with the Yoast SEO plugin v26.5 - https:\/\/yoast.com\/wordpress\/plugins\/seo\/ -->\n<title>XSD softpressure\u00ae - Automatic Spraygun - spraycolor<\/title>\n<meta name=\"robots\" content=\"index, follow, max-snippet:-1, max-image-preview:large, max-video-preview:-1\" \/>\n<link rel=\"canonical\" href=\"https:\/\/www.spraycolor.com\/spraygun\/es\/xsd-softpressure\/\" \/>\n<meta property=\"og:locale\" content=\"es_ES\" \/>\n<meta property=\"og:type\" content=\"article\" \/>\n<meta property=\"og:title\" content=\"XSD softpressure\u00ae - Automatic Spraygun - spraycolor\" \/>\n<meta property=\"og:description\" content=\"[vc_row css_animation=\u00bb\u00bb row_type=\u00bbrow\u00bb use_row_as_full_screen_section=\u00bbno\u00bb type=\u00bbgrid\u00bb angled_section=\u00bbno\u00bb text_align=\u00bbleft\u00bb background_image_as_pattern=\u00bbwithout_pattern\u00bb z_index=\u00bb\u00bb padding_top=\u00bb50&#8243; padding_bottom=\u00bb50&#8243;][vc_column width=\u00bb2\/3&#8243;][vc_column_text]Es la\u00a0evoluci\u00f3n t\u00e9cnica\u00a0de la pistola pulverizadora autom\u00e1tica\u00a0spraycolor \u00ae SC. Este modelo soluciona definitivamente el problema de la corrosi\u00f3n en los puntos cr\u00edticos de la estructura de aluminio. softpressure\u00ae Softpressure\u00ae es la nueva geometr\u00eda de...\" \/>\n<meta property=\"og:url\" content=\"https:\/\/www.spraycolor.com\/spraygun\/es\/xsd-softpressure\/\" \/>\n<meta property=\"og:site_name\" content=\"Automatic Spraygun - spraycolor\" \/>\n<meta property=\"article:modified_time\" content=\"2021-01-27T15:58:29+00:00\" \/>\n<meta property=\"og:image\" content=\"https:\/\/www.spraycolor.com\/spraygun\/wp-content\/uploads\/2020\/10\/Sprycolor_IMG_3922.jpg\" \/>\n\t<meta property=\"og:image:width\" content=\"2048\" \/>\n\t<meta property=\"og:image:height\" content=\"1361\" \/>\n\t<meta property=\"og:image:type\" content=\"image\/jpeg\" \/>\n<meta name=\"twitter:card\" content=\"summary_large_image\" \/>\n<meta name=\"twitter:label1\" content=\"Tiempo de lectura\" \/>\n\t<meta name=\"twitter:data1\" content=\"3 minutos\" \/>\n<script type=\"application\/ld+json\" class=\"yoast-schema-graph\">{\"@context\":\"https:\/\/schema.org\",\"@graph\":[{\"@type\":\"WebPage\",\"@id\":\"https:\/\/www.spraycolor.com\/spraygun\/es\/xsd-softpressure\/\",\"url\":\"https:\/\/www.spraycolor.com\/spraygun\/es\/xsd-softpressure\/\",\"name\":\"XSD softpressure\u00ae - Automatic Spraygun - spraycolor\",\"isPartOf\":{\"@id\":\"https:\/\/www.spraycolor.com\/spraygun\/#website\"},\"primaryImageOfPage\":{\"@id\":\"https:\/\/www.spraycolor.com\/spraygun\/es\/xsd-softpressure\/#primaryimage\"},\"image\":{\"@id\":\"https:\/\/www.spraycolor.com\/spraygun\/es\/xsd-softpressure\/#primaryimage\"},\"thumbnailUrl\":\"https:\/\/www.spraycolor.com\/spraygun\/wp-content\/uploads\/2020\/10\/Sprycolor_IMG_3922.jpg\",\"datePublished\":\"2020-10-29T15:29:37+00:00\",\"dateModified\":\"2021-01-27T15:58:29+00:00\",\"breadcrumb\":{\"@id\":\"https:\/\/www.spraycolor.com\/spraygun\/es\/xsd-softpressure\/#breadcrumb\"},\"inLanguage\":\"es\",\"potentialAction\":[{\"@type\":\"ReadAction\",\"target\":[\"https:\/\/www.spraycolor.com\/spraygun\/es\/xsd-softpressure\/\"]}]},{\"@type\":\"ImageObject\",\"inLanguage\":\"es\",\"@id\":\"https:\/\/www.spraycolor.com\/spraygun\/es\/xsd-softpressure\/#primaryimage\",\"url\":\"https:\/\/www.spraycolor.com\/spraygun\/wp-content\/uploads\/2020\/10\/Sprycolor_IMG_3922.jpg\",\"contentUrl\":\"https:\/\/www.spraycolor.com\/spraygun\/wp-content\/uploads\/2020\/10\/Sprycolor_IMG_3922.jpg\",\"width\":2048,\"height\":1361},{\"@type\":\"BreadcrumbList\",\"@id\":\"https:\/\/www.spraycolor.com\/spraygun\/es\/xsd-softpressure\/#breadcrumb\",\"itemListElement\":[{\"@type\":\"ListItem\",\"position\":1,\"name\":\"Home\",\"item\":\"https:\/\/www.spraycolor.com\/spraygun\/es\/\"},{\"@type\":\"ListItem\",\"position\":2,\"name\":\"XSD softpressure\u00ae\"}]},{\"@type\":\"WebSite\",\"@id\":\"https:\/\/www.spraycolor.com\/spraygun\/#website\",\"url\":\"https:\/\/www.spraycolor.com\/spraygun\/\",\"name\":\"Automatic Spraygun - spraycolor\",\"description\":\"Pistole per verniciatura industriale\",\"publisher\":{\"@id\":\"https:\/\/www.spraycolor.com\/spraygun\/#organization\"},\"potentialAction\":[{\"@type\":\"SearchAction\",\"target\":{\"@type\":\"EntryPoint\",\"urlTemplate\":\"https:\/\/www.spraycolor.com\/spraygun\/?s={search_term_string}\"},\"query-input\":{\"@type\":\"PropertyValueSpecification\",\"valueRequired\":true,\"valueName\":\"search_term_string\"}}],\"inLanguage\":\"es\"},{\"@type\":\"Organization\",\"@id\":\"https:\/\/www.spraycolor.com\/spraygun\/#organization\",\"name\":\"Spraycolor\",\"url\":\"https:\/\/www.spraycolor.com\/spraygun\/\",\"logo\":{\"@type\":\"ImageObject\",\"inLanguage\":\"es\",\"@id\":\"https:\/\/www.spraycolor.com\/spraygun\/#\/schema\/logo\/image\/\",\"url\":\"https:\/\/www.spraycolor.com\/spraygun\/wp-content\/uploads\/2020\/10\/Logo_bianco400.png\",\"contentUrl\":\"https:\/\/www.spraycolor.com\/spraygun\/wp-content\/uploads\/2020\/10\/Logo_bianco400.png\",\"width\":400,\"height\":67,\"caption\":\"Spraycolor\"},\"image\":{\"@id\":\"https:\/\/www.spraycolor.com\/spraygun\/#\/schema\/logo\/image\/\"},\"sameAs\":[\"https:\/\/www.linkedin.com\/company\/spraycolor\/\"]}]}<\/script>\n<!-- \/ Yoast SEO plugin. -->","yoast_head_json":{"title":"XSD softpressure\u00ae - Automatic Spraygun - spraycolor","robots":{"index":"index","follow":"follow","max-snippet":"max-snippet:-1","max-image-preview":"max-image-preview:large","max-video-preview":"max-video-preview:-1"},"canonical":"https:\/\/www.spraycolor.com\/spraygun\/es\/xsd-softpressure\/","og_locale":"es_ES","og_type":"article","og_title":"XSD softpressure\u00ae - Automatic Spraygun - spraycolor","og_description":"[vc_row css_animation=\u00bb\u00bb row_type=\u00bbrow\u00bb use_row_as_full_screen_section=\u00bbno\u00bb type=\u00bbgrid\u00bb angled_section=\u00bbno\u00bb text_align=\u00bbleft\u00bb background_image_as_pattern=\u00bbwithout_pattern\u00bb z_index=\u00bb\u00bb padding_top=\u00bb50&#8243; padding_bottom=\u00bb50&#8243;][vc_column width=\u00bb2\/3&#8243;][vc_column_text]Es la\u00a0evoluci\u00f3n t\u00e9cnica\u00a0de la pistola pulverizadora autom\u00e1tica\u00a0spraycolor \u00ae SC. Este modelo soluciona definitivamente el problema de la corrosi\u00f3n en los puntos cr\u00edticos de la estructura de aluminio. softpressure\u00ae Softpressure\u00ae es la nueva geometr\u00eda de...","og_url":"https:\/\/www.spraycolor.com\/spraygun\/es\/xsd-softpressure\/","og_site_name":"Automatic Spraygun - spraycolor","article_modified_time":"2021-01-27T15:58:29+00:00","og_image":[{"width":2048,"height":1361,"url":"https:\/\/www.spraycolor.com\/spraygun\/wp-content\/uploads\/2020\/10\/Sprycolor_IMG_3922.jpg","type":"image\/jpeg"}],"twitter_card":"summary_large_image","twitter_misc":{"Tiempo de lectura":"3 minutos"},"schema":{"@context":"https:\/\/schema.org","@graph":[{"@type":"WebPage","@id":"https:\/\/www.spraycolor.com\/spraygun\/es\/xsd-softpressure\/","url":"https:\/\/www.spraycolor.com\/spraygun\/es\/xsd-softpressure\/","name":"XSD softpressure\u00ae - Automatic Spraygun - spraycolor","isPartOf":{"@id":"https:\/\/www.spraycolor.com\/spraygun\/#website"},"primaryImageOfPage":{"@id":"https:\/\/www.spraycolor.com\/spraygun\/es\/xsd-softpressure\/#primaryimage"},"image":{"@id":"https:\/\/www.spraycolor.com\/spraygun\/es\/xsd-softpressure\/#primaryimage"},"thumbnailUrl":"https:\/\/www.spraycolor.com\/spraygun\/wp-content\/uploads\/2020\/10\/Sprycolor_IMG_3922.jpg","datePublished":"2020-10-29T15:29:37+00:00","dateModified":"2021-01-27T15:58:29+00:00","breadcrumb":{"@id":"https:\/\/www.spraycolor.com\/spraygun\/es\/xsd-softpressure\/#breadcrumb"},"inLanguage":"es","potentialAction":[{"@type":"ReadAction","target":["https:\/\/www.spraycolor.com\/spraygun\/es\/xsd-softpressure\/"]}]},{"@type":"ImageObject","inLanguage":"es","@id":"https:\/\/www.spraycolor.com\/spraygun\/es\/xsd-softpressure\/#primaryimage","url":"https:\/\/www.spraycolor.com\/spraygun\/wp-content\/uploads\/2020\/10\/Sprycolor_IMG_3922.jpg","contentUrl":"https:\/\/www.spraycolor.com\/spraygun\/wp-content\/uploads\/2020\/10\/Sprycolor_IMG_3922.jpg","width":2048,"height":1361},{"@type":"BreadcrumbList","@id":"https:\/\/www.spraycolor.com\/spraygun\/es\/xsd-softpressure\/#breadcrumb","itemListElement":[{"@type":"ListItem","position":1,"name":"Home","item":"https:\/\/www.spraycolor.com\/spraygun\/es\/"},{"@type":"ListItem","position":2,"name":"XSD softpressure\u00ae"}]},{"@type":"WebSite","@id":"https:\/\/www.spraycolor.com\/spraygun\/#website","url":"https:\/\/www.spraycolor.com\/spraygun\/","name":"Automatic Spraygun - spraycolor","description":"Pistole per verniciatura industriale","publisher":{"@id":"https:\/\/www.spraycolor.com\/spraygun\/#organization"},"potentialAction":[{"@type":"SearchAction","target":{"@type":"EntryPoint","urlTemplate":"https:\/\/www.spraycolor.com\/spraygun\/?s={search_term_string}"},"query-input":{"@type":"PropertyValueSpecification","valueRequired":true,"valueName":"search_term_string"}}],"inLanguage":"es"},{"@type":"Organization","@id":"https:\/\/www.spraycolor.com\/spraygun\/#organization","name":"Spraycolor","url":"https:\/\/www.spraycolor.com\/spraygun\/","logo":{"@type":"ImageObject","inLanguage":"es","@id":"https:\/\/www.spraycolor.com\/spraygun\/#\/schema\/logo\/image\/","url":"https:\/\/www.spraycolor.com\/spraygun\/wp-content\/uploads\/2020\/10\/Logo_bianco400.png","contentUrl":"https:\/\/www.spraycolor.com\/spraygun\/wp-content\/uploads\/2020\/10\/Logo_bianco400.png","width":400,"height":67,"caption":"Spraycolor"},"image":{"@id":"https:\/\/www.spraycolor.com\/spraygun\/#\/schema\/logo\/image\/"},"sameAs":["https:\/\/www.linkedin.com\/company\/spraycolor\/"]}]}},"_links":{"self":[{"href":"https:\/\/www.spraycolor.com\/spraygun\/es\/wp-json\/wp\/v2\/pages\/16533","targetHints":{"allow":["GET"]}}],"collection":[{"href":"https:\/\/www.spraycolor.com\/spraygun\/es\/wp-json\/wp\/v2\/pages"}],"about":[{"href":"https:\/\/www.spraycolor.com\/spraygun\/es\/wp-json\/wp\/v2\/types\/page"}],"author":[{"embeddable":true,"href":"https:\/\/www.spraycolor.com\/spraygun\/es\/wp-json\/wp\/v2\/users\/1"}],"replies":[{"embeddable":true,"href":"https:\/\/www.spraycolor.com\/spraygun\/es\/wp-json\/wp\/v2\/comments?post=16533"}],"version-history":[{"count":5,"href":"https:\/\/www.spraycolor.com\/spraygun\/es\/wp-json\/wp\/v2\/pages\/16533\/revisions"}],"predecessor-version":[{"id":17502,"href":"https:\/\/www.spraycolor.com\/spraygun\/es\/wp-json\/wp\/v2\/pages\/16533\/revisions\/17502"}],"wp:featuredmedia":[{"embeddable":true,"href":"https:\/\/www.spraycolor.com\/spraygun\/es\/wp-json\/wp\/v2\/media\/16535"}],"wp:attachment":[{"href":"https:\/\/www.spraycolor.com\/spraygun\/es\/wp-json\/wp\/v2\/media?parent=16533"}],"curies":[{"name":"wp","href":"https:\/\/api.w.org\/{rel}","templated":true}]}}