{"id":16485,"date":"2020-10-29T14:50:13","date_gmt":"2020-10-29T13:50:13","guid":{"rendered":"https:\/\/www.spraycolor.com\/spraygun\/spray-gun-sc-spraycolor\/"},"modified":"2021-01-27T17:01:55","modified_gmt":"2021-01-27T16:01:55","slug":"spray-gun-sc-spraycolor","status":"publish","type":"page","link":"https:\/\/www.spraycolor.com\/spraygun\/es\/spray-gun-sc-spraycolor\/","title":{"rendered":"SC standardpressure"},"content":{"rendered":"<div class=\"wpb-content-wrapper\"><p>[vc_row css_animation=\u00bb\u00bb row_type=\u00bbrow\u00bb use_row_as_full_screen_section=\u00bbno\u00bb type=\u00bbgrid\u00bb angled_section=\u00bbno\u00bb text_align=\u00bbleft\u00bb background_image_as_pattern=\u00bbwithout_pattern\u00bb z_index=\u00bb\u00bb padding_top=\u00bb50&#8243; padding_bottom=\u00bb50&#8243;][vc_column width=\u00bb2\/3&#8243;][vc_column_text]Pistola autom\u00e1tica de fabricaci\u00f3n simple y f\u00e1cil uso, permite obtener \u00f3ptimos resultados en los diferentes tipos de pintura con pigmentos, resinas, lacas en soluci\u00f3n acuosa o solvente.<\/p>\n<p>La pulverizaci\u00f3n se realiza de media presi\u00f3n (de 3\u00f74 kg\/cm\u00b2) logrando el justo equilibrio entre homogeneidad en la transferencia de la pintura y control de la niebla de pulverizaci\u00f3n en la cabina de pintura. El valor de este modelo es la facilidad de regulaci\u00f3n, que se efect\u00faa en pocos minutos.<\/p>\n<p>El suministro est\u00e1ndar incluye siempre el kit aguja-cabezal-boquilla que se sustituyen sin la ayuda de herramientas especiales.<br \/>\n<strong>Di\u00e1metros disponibles: \u00d8 0.8 \u2013 1.0 \u2013 1.2 \u2013 1.5 \u2013 1.7 \u2013 1.9 \u2013 2.2 \u2013 2.5<\/strong><br \/>\n<strong>Cabezales disponibles: F (P \u2013 para di\u00e1metros superiores 1.5)<\/strong>[\/vc_column_text][vc_separator type=\u00bbnormal\u00bb][vc_single_image image=\u00bb16878&#8243; img_size=\u00bbfull\u00bb qode_css_animation=\u00bb\u00bb][\/vc_column][vc_column width=\u00bb1\/3&#8243;][vc_column_text]<\/p>\n<h2 class=\"headInModule\">5 caracter\u00edsticas importantes<\/h2>\n<div class=\"module_content\">1. Econ\u00f3mica<br \/>\n2. Juntas PTFE<br \/>\n3. Mulles de acero inoxidable<br \/>\n4. Vers\u00e1til<br \/>\n5. Alta fiabilidad<\/div>\n<p>[\/vc_column_text][\/vc_column][\/vc_row][vc_row css_animation=\u00bb\u00bb row_type=\u00bbrow\u00bb use_row_as_full_screen_section=\u00bbno\u00bb type=\u00bbfull_width\u00bb angled_section=\u00bbno\u00bb text_align=\u00bbleft\u00bb background_image_as_pattern=\u00bbwithout_pattern\u00bb][vc_column][vc_gallery type=\u00bbimage_grid\u00bb images=\u00bb16499,16486,16500&#8243; img_size=\u00bb900&#215;600&#8243; onclick=\u00bb\u00bb css_animation=\u00bbfadeIn\u00bb column_number=\u00bb3&#8243; grayscale=\u00bbno\u00bb images_space=\u00bbgallery_without_space\u00bb][\/vc_column][\/vc_row][vc_row css_animation=\u00bb\u00bb row_type=\u00bbrow\u00bb use_row_as_full_screen_section=\u00bbno\u00bb type=\u00bbgrid\u00bb angled_section=\u00bbno\u00bb text_align=\u00bbleft\u00bb background_image_as_pattern=\u00bbwithout_pattern\u00bb z_index=\u00bb\u00bb padding_top=\u00bb50&#8243; padding_bottom=\u00bb50&#8243;][vc_column width=\u00bb1\/3&#8243;][vc_column_text el_class=\u00bbplus\u00bb]<\/p>\n<h2 class=\"headInModule\">F\u00e1cil<\/h2>\n<ol class=\"ordered\">\n<li>f\u00e1cil uso<\/li>\n<li>facilidad de regulaci\u00f3n<\/li>\n<li>facilidad de mantenimiento<\/li>\n<\/ol>\n<p>[\/vc_column_text][vc_separator type=\u00bbtransparent\u00bb][\/vc_column][vc_column width=\u00bb1\/3&#8243;][vc_column_text el_class=\u00bbcaratteristiche\u00bb]<\/p>\n<h2 class=\"headInModule\">Caracter\u00edsticas T\u00e9cnicas<\/h2>\n<ul class=\"list_type1\">\n<li>presi\u00f3n aire mando: CYL 3.5 bar m\u00e1x. 4.0 bar<\/li>\n<li>presi\u00f3n entrada pintura: 1 bar<\/li>\n<li>Presi\u00f3n atomizaci\u00f3n: ATO 3 bar m\u00e1x. 4 bar<\/li>\n<li>Peso: 1010 gr<\/li>\n<li>Consumo: 250 l\/min<\/li>\n<li>Ideal para productos con densidad: baja, media, alta<\/li>\n<li>conexiones para aire y pintura: G \u00bc\u201d<\/li>\n<li>fijaci\u00f3n a la m\u00e1quina: 2 orificios \u00d8 10<\/li>\n<\/ul>\n<p>[\/vc_column_text][\/vc_column][vc_column width=\u00bb1\/3&#8243;][vc_column_text el_class=\u00bbconfezione\u00bb]<\/p>\n<h2 class=\"headInModule\">El embalaje contiene<\/h2>\n<ul class=\"\">\n<li>ficha de prueba con el n\u00famero de serie (necesaria para el soporte t\u00e9cnico)<\/li>\n<li>manual de uso y mantenimiento<\/li>\n<\/ul>\n<p>[\/vc_column_text][vc_separator type=\u00bbtransparent\u00bb up=\u00bb5&#8243; down=\u00bb5&#8243;]<a  itemprop=\"url\" href=\"https:\/\/www.spraycolor.com\/spraygun\/wp-content\/uploads\/SC_eng.pdf\" target=\"_blank\"  class=\"qbutton  big_large_full_width default\" style=\"\">Ficha t\u00e9cnica<\/a>[vc_separator type=\u00bbtransparent\u00bb up=\u00bb5&#8243; down=\u00bb5&#8243;]<a  itemprop=\"url\" href=\"https:\/\/www.spraycolor.com\/spraygun\/wp-content\/uploads\/Manuale-uso_SC.pdf\" target=\"_blank\"  class=\"qbutton  big_large_full_width default\" style=\"\">Manual de instrucciones<\/a>[\/vc_column][\/vc_row][vc_row css_animation=\u00bb\u00bb row_type=\u00bbrow\u00bb use_row_as_full_screen_section=\u00bbno\u00bb type=\u00bbgrid\u00bb angled_section=\u00bbno\u00bb text_align=\u00bbleft\u00bb background_image_as_pattern=\u00bbwithout_pattern\u00bb z_index=\u00bb\u00bb][vc_column][vc_video link=\u00bbhttps:\/\/vimeo.com\/213368360&#8243;][\/vc_column][\/vc_row][vc_row css_animation=\u00bb\u00bb row_type=\u00bbrow\u00bb use_row_as_full_screen_section=\u00bbno\u00bb type=\u00bbfull_width\u00bb angled_section=\u00bbno\u00bb text_align=\u00bbleft\u00bb background_image_as_pattern=\u00bbwithout_pattern\u00bb][vc_column][vc_empty_space][\/vc_column][\/vc_row]<\/p>\n<\/div>","protected":false},"excerpt":{"rendered":"<p>[vc_row css_animation=\u00bb\u00bb row_type=\u00bbrow\u00bb use_row_as_full_screen_section=\u00bbno\u00bb type=\u00bbgrid\u00bb angled_section=\u00bbno\u00bb text_align=\u00bbleft\u00bb background_image_as_pattern=\u00bbwithout_pattern\u00bb z_index=\u00bb\u00bb padding_top=\u00bb50&#8243; padding_bottom=\u00bb50&#8243;][vc_column width=\u00bb2\/3&#8243;][vc_column_text]Pistola autom\u00e1tica de fabricaci\u00f3n simple y f\u00e1cil uso, permite obtener \u00f3ptimos resultados en los diferentes tipos de pintura con pigmentos, resinas, lacas en soluci\u00f3n acuosa o solvente. La pulverizaci\u00f3n se realiza de media presi\u00f3n&#8230;<\/p>\n","protected":false},"author":1,"featured_media":16487,"parent":0,"menu_order":39,"comment_status":"closed","ping_status":"closed","template":"full_width.php","meta":{"footnotes":""},"class_list":["post-16485","page","type-page","status-publish","has-post-thumbnail","hentry"],"yoast_head":"<!-- This site is optimized with the Yoast SEO plugin v26.5 - https:\/\/yoast.com\/wordpress\/plugins\/seo\/ -->\n<title>SC standardpressure - Automatic Spraygun - spraycolor<\/title>\n<meta name=\"robots\" content=\"index, follow, max-snippet:-1, max-image-preview:large, max-video-preview:-1\" \/>\n<link rel=\"canonical\" href=\"https:\/\/www.spraycolor.com\/spraygun\/es\/spray-gun-sc-spraycolor\/\" \/>\n<meta property=\"og:locale\" content=\"es_ES\" \/>\n<meta property=\"og:type\" content=\"article\" \/>\n<meta property=\"og:title\" content=\"SC standardpressure - Automatic Spraygun - spraycolor\" \/>\n<meta property=\"og:description\" content=\"[vc_row css_animation=\u00bb\u00bb row_type=\u00bbrow\u00bb use_row_as_full_screen_section=\u00bbno\u00bb type=\u00bbgrid\u00bb angled_section=\u00bbno\u00bb text_align=\u00bbleft\u00bb background_image_as_pattern=\u00bbwithout_pattern\u00bb z_index=\u00bb\u00bb padding_top=\u00bb50&#8243; padding_bottom=\u00bb50&#8243;][vc_column width=\u00bb2\/3&#8243;][vc_column_text]Pistola autom\u00e1tica de fabricaci\u00f3n simple y f\u00e1cil uso, permite obtener \u00f3ptimos resultados en los diferentes tipos de pintura con pigmentos, resinas, lacas en soluci\u00f3n acuosa o solvente. La pulverizaci\u00f3n se realiza de media presi\u00f3n...\" \/>\n<meta property=\"og:url\" content=\"https:\/\/www.spraycolor.com\/spraygun\/es\/spray-gun-sc-spraycolor\/\" \/>\n<meta property=\"og:site_name\" content=\"Automatic Spraygun - spraycolor\" \/>\n<meta property=\"article:modified_time\" content=\"2021-01-27T16:01:55+00:00\" \/>\n<meta property=\"og:image\" content=\"https:\/\/www.spraycolor.com\/spraygun\/wp-content\/uploads\/2020\/10\/Sprycolor_IMG_3921.jpg\" \/>\n\t<meta property=\"og:image:width\" content=\"2048\" \/>\n\t<meta property=\"og:image:height\" content=\"1369\" \/>\n\t<meta property=\"og:image:type\" content=\"image\/jpeg\" \/>\n<meta name=\"twitter:card\" content=\"summary_large_image\" \/>\n<meta name=\"twitter:label1\" content=\"Tiempo de lectura\" \/>\n\t<meta name=\"twitter:data1\" content=\"2 minutos\" \/>\n<script type=\"application\/ld+json\" class=\"yoast-schema-graph\">{\"@context\":\"https:\/\/schema.org\",\"@graph\":[{\"@type\":\"WebPage\",\"@id\":\"https:\/\/www.spraycolor.com\/spraygun\/es\/spray-gun-sc-spraycolor\/\",\"url\":\"https:\/\/www.spraycolor.com\/spraygun\/es\/spray-gun-sc-spraycolor\/\",\"name\":\"SC standardpressure - Automatic Spraygun - spraycolor\",\"isPartOf\":{\"@id\":\"https:\/\/www.spraycolor.com\/spraygun\/#website\"},\"primaryImageOfPage\":{\"@id\":\"https:\/\/www.spraycolor.com\/spraygun\/es\/spray-gun-sc-spraycolor\/#primaryimage\"},\"image\":{\"@id\":\"https:\/\/www.spraycolor.com\/spraygun\/es\/spray-gun-sc-spraycolor\/#primaryimage\"},\"thumbnailUrl\":\"https:\/\/www.spraycolor.com\/spraygun\/wp-content\/uploads\/2020\/10\/Sprycolor_IMG_3921.jpg\",\"datePublished\":\"2020-10-29T13:50:13+00:00\",\"dateModified\":\"2021-01-27T16:01:55+00:00\",\"breadcrumb\":{\"@id\":\"https:\/\/www.spraycolor.com\/spraygun\/es\/spray-gun-sc-spraycolor\/#breadcrumb\"},\"inLanguage\":\"es\",\"potentialAction\":[{\"@type\":\"ReadAction\",\"target\":[\"https:\/\/www.spraycolor.com\/spraygun\/es\/spray-gun-sc-spraycolor\/\"]}]},{\"@type\":\"ImageObject\",\"inLanguage\":\"es\",\"@id\":\"https:\/\/www.spraycolor.com\/spraygun\/es\/spray-gun-sc-spraycolor\/#primaryimage\",\"url\":\"https:\/\/www.spraycolor.com\/spraygun\/wp-content\/uploads\/2020\/10\/Sprycolor_IMG_3921.jpg\",\"contentUrl\":\"https:\/\/www.spraycolor.com\/spraygun\/wp-content\/uploads\/2020\/10\/Sprycolor_IMG_3921.jpg\",\"width\":2048,\"height\":1369},{\"@type\":\"BreadcrumbList\",\"@id\":\"https:\/\/www.spraycolor.com\/spraygun\/es\/spray-gun-sc-spraycolor\/#breadcrumb\",\"itemListElement\":[{\"@type\":\"ListItem\",\"position\":1,\"name\":\"Home\",\"item\":\"https:\/\/www.spraycolor.com\/spraygun\/es\/\"},{\"@type\":\"ListItem\",\"position\":2,\"name\":\"SC standardpressure\"}]},{\"@type\":\"WebSite\",\"@id\":\"https:\/\/www.spraycolor.com\/spraygun\/#website\",\"url\":\"https:\/\/www.spraycolor.com\/spraygun\/\",\"name\":\"Automatic Spraygun - spraycolor\",\"description\":\"Pistole per verniciatura industriale\",\"publisher\":{\"@id\":\"https:\/\/www.spraycolor.com\/spraygun\/#organization\"},\"potentialAction\":[{\"@type\":\"SearchAction\",\"target\":{\"@type\":\"EntryPoint\",\"urlTemplate\":\"https:\/\/www.spraycolor.com\/spraygun\/?s={search_term_string}\"},\"query-input\":{\"@type\":\"PropertyValueSpecification\",\"valueRequired\":true,\"valueName\":\"search_term_string\"}}],\"inLanguage\":\"es\"},{\"@type\":\"Organization\",\"@id\":\"https:\/\/www.spraycolor.com\/spraygun\/#organization\",\"name\":\"Spraycolor\",\"url\":\"https:\/\/www.spraycolor.com\/spraygun\/\",\"logo\":{\"@type\":\"ImageObject\",\"inLanguage\":\"es\",\"@id\":\"https:\/\/www.spraycolor.com\/spraygun\/#\/schema\/logo\/image\/\",\"url\":\"https:\/\/www.spraycolor.com\/spraygun\/wp-content\/uploads\/2020\/10\/Logo_bianco400.png\",\"contentUrl\":\"https:\/\/www.spraycolor.com\/spraygun\/wp-content\/uploads\/2020\/10\/Logo_bianco400.png\",\"width\":400,\"height\":67,\"caption\":\"Spraycolor\"},\"image\":{\"@id\":\"https:\/\/www.spraycolor.com\/spraygun\/#\/schema\/logo\/image\/\"},\"sameAs\":[\"https:\/\/www.linkedin.com\/company\/spraycolor\/\"]}]}<\/script>\n<!-- \/ Yoast SEO plugin. -->","yoast_head_json":{"title":"SC standardpressure - Automatic Spraygun - spraycolor","robots":{"index":"index","follow":"follow","max-snippet":"max-snippet:-1","max-image-preview":"max-image-preview:large","max-video-preview":"max-video-preview:-1"},"canonical":"https:\/\/www.spraycolor.com\/spraygun\/es\/spray-gun-sc-spraycolor\/","og_locale":"es_ES","og_type":"article","og_title":"SC standardpressure - Automatic Spraygun - spraycolor","og_description":"[vc_row css_animation=\u00bb\u00bb row_type=\u00bbrow\u00bb use_row_as_full_screen_section=\u00bbno\u00bb type=\u00bbgrid\u00bb angled_section=\u00bbno\u00bb text_align=\u00bbleft\u00bb background_image_as_pattern=\u00bbwithout_pattern\u00bb z_index=\u00bb\u00bb padding_top=\u00bb50&#8243; padding_bottom=\u00bb50&#8243;][vc_column width=\u00bb2\/3&#8243;][vc_column_text]Pistola autom\u00e1tica de fabricaci\u00f3n simple y f\u00e1cil uso, permite obtener \u00f3ptimos resultados en los diferentes tipos de pintura con pigmentos, resinas, lacas en soluci\u00f3n acuosa o solvente. La pulverizaci\u00f3n se realiza de media presi\u00f3n...","og_url":"https:\/\/www.spraycolor.com\/spraygun\/es\/spray-gun-sc-spraycolor\/","og_site_name":"Automatic Spraygun - spraycolor","article_modified_time":"2021-01-27T16:01:55+00:00","og_image":[{"width":2048,"height":1369,"url":"https:\/\/www.spraycolor.com\/spraygun\/wp-content\/uploads\/2020\/10\/Sprycolor_IMG_3921.jpg","type":"image\/jpeg"}],"twitter_card":"summary_large_image","twitter_misc":{"Tiempo de lectura":"2 minutos"},"schema":{"@context":"https:\/\/schema.org","@graph":[{"@type":"WebPage","@id":"https:\/\/www.spraycolor.com\/spraygun\/es\/spray-gun-sc-spraycolor\/","url":"https:\/\/www.spraycolor.com\/spraygun\/es\/spray-gun-sc-spraycolor\/","name":"SC standardpressure - Automatic Spraygun - spraycolor","isPartOf":{"@id":"https:\/\/www.spraycolor.com\/spraygun\/#website"},"primaryImageOfPage":{"@id":"https:\/\/www.spraycolor.com\/spraygun\/es\/spray-gun-sc-spraycolor\/#primaryimage"},"image":{"@id":"https:\/\/www.spraycolor.com\/spraygun\/es\/spray-gun-sc-spraycolor\/#primaryimage"},"thumbnailUrl":"https:\/\/www.spraycolor.com\/spraygun\/wp-content\/uploads\/2020\/10\/Sprycolor_IMG_3921.jpg","datePublished":"2020-10-29T13:50:13+00:00","dateModified":"2021-01-27T16:01:55+00:00","breadcrumb":{"@id":"https:\/\/www.spraycolor.com\/spraygun\/es\/spray-gun-sc-spraycolor\/#breadcrumb"},"inLanguage":"es","potentialAction":[{"@type":"ReadAction","target":["https:\/\/www.spraycolor.com\/spraygun\/es\/spray-gun-sc-spraycolor\/"]}]},{"@type":"ImageObject","inLanguage":"es","@id":"https:\/\/www.spraycolor.com\/spraygun\/es\/spray-gun-sc-spraycolor\/#primaryimage","url":"https:\/\/www.spraycolor.com\/spraygun\/wp-content\/uploads\/2020\/10\/Sprycolor_IMG_3921.jpg","contentUrl":"https:\/\/www.spraycolor.com\/spraygun\/wp-content\/uploads\/2020\/10\/Sprycolor_IMG_3921.jpg","width":2048,"height":1369},{"@type":"BreadcrumbList","@id":"https:\/\/www.spraycolor.com\/spraygun\/es\/spray-gun-sc-spraycolor\/#breadcrumb","itemListElement":[{"@type":"ListItem","position":1,"name":"Home","item":"https:\/\/www.spraycolor.com\/spraygun\/es\/"},{"@type":"ListItem","position":2,"name":"SC standardpressure"}]},{"@type":"WebSite","@id":"https:\/\/www.spraycolor.com\/spraygun\/#website","url":"https:\/\/www.spraycolor.com\/spraygun\/","name":"Automatic Spraygun - spraycolor","description":"Pistole per verniciatura industriale","publisher":{"@id":"https:\/\/www.spraycolor.com\/spraygun\/#organization"},"potentialAction":[{"@type":"SearchAction","target":{"@type":"EntryPoint","urlTemplate":"https:\/\/www.spraycolor.com\/spraygun\/?s={search_term_string}"},"query-input":{"@type":"PropertyValueSpecification","valueRequired":true,"valueName":"search_term_string"}}],"inLanguage":"es"},{"@type":"Organization","@id":"https:\/\/www.spraycolor.com\/spraygun\/#organization","name":"Spraycolor","url":"https:\/\/www.spraycolor.com\/spraygun\/","logo":{"@type":"ImageObject","inLanguage":"es","@id":"https:\/\/www.spraycolor.com\/spraygun\/#\/schema\/logo\/image\/","url":"https:\/\/www.spraycolor.com\/spraygun\/wp-content\/uploads\/2020\/10\/Logo_bianco400.png","contentUrl":"https:\/\/www.spraycolor.com\/spraygun\/wp-content\/uploads\/2020\/10\/Logo_bianco400.png","width":400,"height":67,"caption":"Spraycolor"},"image":{"@id":"https:\/\/www.spraycolor.com\/spraygun\/#\/schema\/logo\/image\/"},"sameAs":["https:\/\/www.linkedin.com\/company\/spraycolor\/"]}]}},"_links":{"self":[{"href":"https:\/\/www.spraycolor.com\/spraygun\/es\/wp-json\/wp\/v2\/pages\/16485","targetHints":{"allow":["GET"]}}],"collection":[{"href":"https:\/\/www.spraycolor.com\/spraygun\/es\/wp-json\/wp\/v2\/pages"}],"about":[{"href":"https:\/\/www.spraycolor.com\/spraygun\/es\/wp-json\/wp\/v2\/types\/page"}],"author":[{"embeddable":true,"href":"https:\/\/www.spraycolor.com\/spraygun\/es\/wp-json\/wp\/v2\/users\/1"}],"replies":[{"embeddable":true,"href":"https:\/\/www.spraycolor.com\/spraygun\/es\/wp-json\/wp\/v2\/comments?post=16485"}],"version-history":[{"count":6,"href":"https:\/\/www.spraycolor.com\/spraygun\/es\/wp-json\/wp\/v2\/pages\/16485\/revisions"}],"predecessor-version":[{"id":17503,"href":"https:\/\/www.spraycolor.com\/spraygun\/es\/wp-json\/wp\/v2\/pages\/16485\/revisions\/17503"}],"wp:featuredmedia":[{"embeddable":true,"href":"https:\/\/www.spraycolor.com\/spraygun\/es\/wp-json\/wp\/v2\/media\/16487"}],"wp:attachment":[{"href":"https:\/\/www.spraycolor.com\/spraygun\/es\/wp-json\/wp\/v2\/media?parent=16485"}],"curies":[{"name":"wp","href":"https:\/\/api.w.org\/{rel}","templated":true}]}}